{"id":3726,"date":"2021-07-11T17:26:18","date_gmt":"2021-07-11T15:26:18","guid":{"rendered":"https:\/\/skelsupplements.nl\/datenschutzerklaerung\/"},"modified":"2021-07-11T17:26:26","modified_gmt":"2021-07-11T15:26:26","slug":"datenschutzerklaerung","status":"publish","type":"page","link":"https:\/\/skelsupplements.nl\/de\/datenschutzerklaerung\/","title":{"rendered":"Datenschutzerkl\u00e4rung"},"content":{"rendered":"\t\t<div data-elementor-type=\"wp-post\" data-elementor-id=\"3726\" class=\"elementor elementor-3726 elementor-1694\" data-elementor-post-type=\"page\">\n\t\t\t\t\t\t<section class=\"elementor-section elementor-top-section elementor-element elementor-element-073012a elementor-section-stretched elementor-section-boxed elementor-section-height-default elementor-section-height-default\" data-id=\"073012a\" data-element_type=\"section\" data-e-type=\"section\" data-settings=\"{&quot;stretch_section&quot;:&quot;section-stretched&quot;,&quot;background_background&quot;:&quot;classic&quot;}\">\n\t\t\t\t\t\t<div class=\"elementor-container elementor-column-gap-extended\">\n\t\t\t\t\t<div class=\"elementor-column elementor-col-100 elementor-top-column elementor-element elementor-element-b33df8d\" data-id=\"b33df8d\" data-element_type=\"column\" data-e-type=\"column\">\n\t\t\t<div class=\"elementor-widget-wrap elementor-element-populated\">\n\t\t\t\t\t\t<div class=\"elementor-element elementor-element-eaac391 elementor-widget elementor-widget-heading\" data-id=\"eaac391\" data-element_type=\"widget\" data-e-type=\"widget\" data-widget_type=\"heading.default\">\n\t\t\t\t<div class=\"elementor-widget-container\">\n\t\t\t\t\t<h1 class=\"elementor-heading-title elementor-size-large\">Datenschutzerkl\u00e4rung Skel Supplements<\/h1>\t\t\t\t<\/div>\n\t\t\t\t<\/div>\n\t\t\t\t\t<\/div>\n\t\t<\/div>\n\t\t\t\t\t<\/div>\n\t\t<\/section>\n\t\t\t\t<section class=\"elementor-section elementor-top-section elementor-element elementor-element-2de4f4f elementor-section-stretched elementor-section-boxed elementor-section-height-default elementor-section-height-default\" data-id=\"2de4f4f\" data-element_type=\"section\" data-e-type=\"section\" data-settings=\"{&quot;stretch_section&quot;:&quot;section-stretched&quot;,&quot;background_background&quot;:&quot;classic&quot;}\">\n\t\t\t\t\t\t<div class=\"elementor-container elementor-column-gap-extended\">\n\t\t\t\t\t<div class=\"elementor-column elementor-col-100 elementor-top-column elementor-element elementor-element-08df4fa\" data-id=\"08df4fa\" data-element_type=\"column\" data-e-type=\"column\">\n\t\t\t<div class=\"elementor-widget-wrap elementor-element-populated\">\n\t\t\t\t\t\t<div class=\"elementor-element elementor-element-a9aadaa elementor-widget elementor-widget-breadcrumbs\" data-id=\"a9aadaa\" data-element_type=\"widget\" data-e-type=\"widget\" data-widget_type=\"breadcrumbs.default\">\n\t\t\t\t<div class=\"elementor-widget-container\">\n\t\t\t\t\t<p id=\"breadcrumbs\"><span><span><a href=\"https:\/\/skelsupplements.nl\/de\/\">Home<\/a><\/span><\/span><\/p>\t\t\t\t<\/div>\n\t\t\t\t<\/div>\n\t\t\t\t<div class=\"elementor-element elementor-element-981c7a5 elementor-widget elementor-widget-spacer\" data-id=\"981c7a5\" data-element_type=\"widget\" data-e-type=\"widget\" data-widget_type=\"spacer.default\">\n\t\t\t\t<div class=\"elementor-widget-container\">\n\t\t\t\t\t\t\t<div class=\"elementor-spacer\">\n\t\t\t<div class=\"elementor-spacer-inner\"><\/div>\n\t\t<\/div>\n\t\t\t\t\t\t<\/div>\n\t\t\t\t<\/div>\n\t\t\t\t\t<\/div>\n\t\t<\/div>\n\t\t\t\t\t<\/div>\n\t\t<\/section>\n\t\t\t\t<section class=\"elementor-section elementor-top-section elementor-element elementor-element-6503adf elementor-section-stretched elementor-section-boxed elementor-section-height-default elementor-section-height-default\" data-id=\"6503adf\" data-element_type=\"section\" data-e-type=\"section\" data-settings=\"{&quot;stretch_section&quot;:&quot;section-stretched&quot;,&quot;background_background&quot;:&quot;classic&quot;}\">\n\t\t\t\t\t\t<div class=\"elementor-container elementor-column-gap-extended\">\n\t\t\t\t\t<div class=\"elementor-column elementor-col-100 elementor-top-column elementor-element elementor-element-94133c2\" data-id=\"94133c2\" data-element_type=\"column\" data-e-type=\"column\" data-settings=\"{&quot;animation&quot;:&quot;none&quot;}\">\n\t\t\t<div class=\"elementor-widget-wrap elementor-element-populated\">\n\t\t\t\t\t\t<div class=\"elementor-element elementor-element-5afcd70 elementor-widget elementor-widget-text-editor\" data-id=\"5afcd70\" data-element_type=\"widget\" data-e-type=\"widget\" data-widget_type=\"text-editor.default\">\n\t\t\t\t<div class=\"elementor-widget-container\">\n\t\t\t\t\t\t\t\t\t<p><span style=\"font-weight: 400;\">SKEL Supplements BV<\/span> befindet sich<br \/>Zilverhoek 7 4651SP STEENBERGEN, ist f\u00fcr die Verarbeitung personenbezogener Daten gem\u00e4\u00df dieser Datenschutzerkl\u00e4rung verantwortlich. <\/p>\n<p><span style=\"font-weight: 400;\"><strong>Kontaktdetails<\/strong> : <\/span><\/p>\n<p>SKEL Supplements BV <br \/>Silberwinkel 7 <br \/>4651SP STEENBERGEN <\/p>\n<p><span style=\"font-weight: 400;\">+31 167 745075<br \/><\/span> https:\/\/skelsupplements.nl <\/p>\n<p><span style=\"font-weight: 400;\">Den Datenschutzbeauftragten von SKEL Supplements BV erreichen Sie unter info@skelsupplements.nl <\/span><\/p>\n<\/p>\n<h3>Personenbezogene Daten, die wir verarbeiten <\/h3>\n<p><span style=\"font-weight: 400;\">SKEL Supplements BV verarbeitet Ihre personenbezogenen Daten, weil Sie unsere Dienste nutzen und\/oder uns diese selbst zur Verf\u00fcgung stellen. Nachfolgend finden Sie eine \u00dcbersicht \u00fcber die von uns verarbeiteten personenbezogenen Daten: <\/span><\/p>\n<p><span style=\"font-weight: 400;\">&#8211; Vor-und Nachname <\/span><\/p>\n<p><span style=\"font-weight: 400;\">&#8211; Sex <\/span><\/p>\n<p><span style=\"font-weight: 400;\">&#8211; Adressdaten <\/span><\/p>\n<p><span style=\"font-weight: 400;\">&#8211; Telefonnummer <\/span><\/p>\n<p><span style=\"font-weight: 400;\">&#8211; E-Mail-Addresse <\/span><\/p>\n<p><span style=\"font-weight: 400;\">&#8211; IP Adresse <\/span><\/p>\n<p><span style=\"font-weight: 400;\">&#8211; Sonstige personenbezogene Daten, die Sie aktiv angeben, beispielsweise durch die Erstellung eines Profils auf dieser Website, im Schriftverkehr und telefonisch <\/span><\/p>\n<p><span style=\"font-weight: 400;\">&#8211; Informationen \u00fcber Ihre Aktivit\u00e4ten auf unserer Website <\/span><\/p>\n<p><span style=\"font-weight: 400;\">&#8211; Daten \u00fcber Ihr Surfverhalten auf verschiedenen Websites (z. B. weil dieses Unternehmen Teil eines Werbenetzwerks ist) <\/span><\/p>\n<p><span style=\"font-weight: 400;\">&#8211; Kontonummer <\/span><\/p>\n<\/p>\n<h3>Besondere und\/oder sensible personenbezogene Daten, die wir verarbeiten <\/h3>\n<p><span style=\"font-weight: 400;\">SKEL Supplements BV verarbeitet keine besonderen und\/oder sensiblen personenbezogenen Daten \u00fcber Sie. Unsere Website und\/oder unser Dienst beabsichtigt nicht, Daten \u00fcber Website-Besucher zu sammeln, die j\u00fcnger als 16 Jahre sind. Es sei denn, sie haben die Erlaubnis der Eltern oder Erziehungsberechtigten. Wir k\u00f6nnen jedoch nicht \u00fcberpr\u00fcfen, ob ein Besucher \u00e4lter als 16 Jahre ist. Wir raten Eltern daher, sich an den Online-Aktivit\u00e4ten ihrer Kinder zu beteiligen, um zu verhindern, dass <\/span><\/p>\n<p><span style=\"font-weight: 400;\">dass Daten \u00fcber Kinder ohne Zustimmung der Eltern erhoben werden. Wenn Sie \u00fcberzeugt sind, dass wir ohne diese Erlaubnis personenbezogene Daten eines Minderj\u00e4hrigen gesammelt haben, kontaktieren Sie uns bitte unter info@skelsupplements.nl und wir werden diese Daten l\u00f6schen.<\/span><\/p>\n<\/p>\n<h3>Zu welchem Zweck und auf welcher Grundlage verarbeiten wir personenbezogene Datenpersoonsgegevens <\/h3>\n<p><span style=\"font-weight: 400;\">SKEL Supplements BV verarbeitet Ihre personenbezogenen Daten zu folgenden Zwecken: <\/span><\/p>\n<p><span style=\"font-weight: 400;\">&#8211; Abwicklung Ihrer Zahlung <\/span><\/p>\n<p><span style=\"font-weight: 400;\">&#8211; Zusendung unseres Newsletters und\/oder unserer Werbebrosch\u00fcre <\/span><\/p>\n<p><span style=\"font-weight: 400;\">&#8211; Um Sie anrufen oder Ihnen eine E-Mail senden zu k\u00f6nnen, wenn dies zur Erbringung unserer Dienstleistungen erforderlich ist &#8211; Um Sie \u00fcber \u00c4nderungen unserer Dienstleistungen und Produkte zu informieren <\/span><\/p>\n<p><span style=\"font-weight: 400;\">&#8211; Bieten Sie die M\u00f6glichkeit, ein Konto zu erstellen <\/span><\/p>\n<p><span style=\"font-weight: 400;\">&#8211; Um Ihnen Waren und Dienstleistungen zu liefern <\/span><\/p>\n<p><span style=\"font-weight: 400;\">&#8211; SKEL Supplements BV analysiert Ihr Verhalten auf der Website, um die Website zu verbessern und das Angebot an Produkten und Dienstleistungen an Ihre Vorlieben anzupassen. <\/span><\/p>\n<p><span style=\"font-weight: 400;\">&#8211; SKEL Supplements BV \u00fcberwacht Ihr Surfverhalten auf verschiedenen Websites, mit denen wir unsere Produkte und Dienstleistungen an Ihre Bed\u00fcrfnisse anpassen. <\/span><\/p>\n<p><span style=\"font-weight: 400;\">&#8211; SKEL Supplements BV verarbeitet auch personenbezogene Daten, wenn wir dazu gesetzlich verpflichtet sind, beispielsweise Daten, die wir f\u00fcr unsere Steuererkl\u00e4rung ben\u00f6tigen. <\/span><\/p>\n<\/p>\n<h3>Weitergabe personenbezogener Daten an Dritte <\/h3>\n<p><span style=\"font-weight: 400;\">SKEL Supplements BV verkauft Ihre Daten nicht an Dritte und stellt sie nur zur Verf\u00fcgung, wenn dies f\u00fcr die Erf\u00fcllung unserer Vereinbarung mit Ihnen oder zur Erf\u00fcllung einer gesetzlichen Verpflichtung erforderlich ist. Wir schlie\u00dfen einen Verarbeitungsvertrag mit Unternehmen ab, die Ihre Daten in unserem Auftrag verarbeiten, um das gleiche Ma\u00df an Sicherheit und Vertraulichkeit Ihrer Daten zu gew\u00e4hrleisten. test bleibt f\u00fcr diese Verarbeitungsvorg\u00e4nge verantwortlich. <\/span><\/p>\n<\/p>\n<h3>Weitergabe personenbezogener Daten an Dritte <\/h3>\n<p><span style=\"font-weight: 400;\">SKEL Supplements BV liefert nur an Dritte und nur dann, wenn dies f\u00fcr die Ausf\u00fchrung unserer Vereinbarung mit Ihnen oder zur Erf\u00fcllung einer gesetzlichen Verpflichtung erforderlich ist. <\/span><\/p>\n<\/p>\n<h3>Cookies oder \u00e4hnliche Techniken, die wir verwenden <\/h3>\n<p><span style=\"font-weight: 400;\">SKEL Supplements BV verwendet funktionale, analytische und Tracking-Cookies. Ein Cookie ist eine kleine Textdatei, die beim ersten Besuch dieser Website im Browser Ihres Computers, Tablets oder Smartphones gespeichert wird. test verwendet Cookies mit rein technischer Funktionalit\u00e4t. Diese stellen sicher, dass die Website ordnungsgem\u00e4\u00df funktioniert und beispielsweise Ihre bevorzugten Einstellungen gespeichert werden. Diese Cookies werden auch verwendet, um die Website ordnungsgem\u00e4\u00df funktionieren zu lassen und zu optimieren. Dar\u00fcber hinaus platzieren wir Cookies, die Ihr Surfverhalten verfolgen, damit wir ma\u00dfgeschneiderte Inhalte und Werbung anbieten k\u00f6nnen. <\/span><\/p>\n<p><span style=\"font-weight: 400;\">Bei Ihrem ersten Besuch auf unserer Website haben wir Sie bereits \u00fcber diese Cookies informiert und um Erlaubnis gebeten, diese zu platzieren. Sie k\u00f6nnen Cookies ablehnen, indem Sie Ihren Internetbrowser so einstellen, dass er keine Cookies mehr speichert. Dar\u00fcber hinaus k\u00f6nnen Sie auch alle zuvor gespeicherten Informationen \u00fcber die Einstellungen Ihres Browsers l\u00f6schen. <\/span><\/p>\n<p><span style=\"font-weight: 400;\">Eine Erkl\u00e4rung finden Sie unter:<a href=\"https:\/\/veiliginternetten.nl\/themes\/situatie\/cookies-wat-zijn-het-en-wat-doe-ik-ermee\/\" target=\"_blank\" rel=\"noopener\"> https:\/\/veiliginternetten.nl\/themes\/zaken\/cookies-wat-zijn-het-en-wat-doe-ik-ermee\/<\/a><\/span><\/p>\n<h3>Daten anzeigen, \u00e4ndern oder l\u00f6schen <\/h3>\n<p><span style=\"font-weight: 400;\">Sie haben das Recht, Ihre personenbezogenen Daten einzusehen, zu korrigieren oder zu l\u00f6schen. Dies k\u00f6nnen Sie selbst \u00fcber die pers\u00f6nlichen Einstellungen Ihres Kontos tun. Dar\u00fcber hinaus haben Sie das Recht, Ihre Einwilligung zur Datenverarbeitung zu widerrufen oder der Verarbeitung Ihrer personenbezogenen Daten durch unser Unternehmen zu widersprechen und Sie haben das Recht auf Daten\u00fcbertragbarkeit. Das bedeutet, dass Sie eine Anfrage an uns richten k\u00f6nnen, um die personenbezogenen Daten, die wir \u00fcber Sie in einer Computerdatei haben, an Sie oder eine andere von Ihnen genannte Organisation zu senden. <\/span><\/p>\n<p><span style=\"font-weight: 400;\">Wenn Sie von Ihrem Widerspruchsrecht und\/oder Recht auf Daten\u00fcbertragbarkeit Gebrauch machen m\u00f6chten oder andere Fragen\/Anmerkungen zur Datenverarbeitung haben, senden Sie bitte eine konkrete Anfrage an info@skelsupplements.nl. <\/span><\/p>\n<p><span style=\"font-weight: 400;\">Um sicherzustellen, dass der Antrag auf Zugang von Ihnen gestellt wurde, bitten wir Sie, dem Antrag eine Kopie Ihres Identit\u00e4tsnachweises beizuf\u00fcgen. Machen Sie in dieser Kopie Ihr Passfoto, MRZ (maschinenlesbare Zone, der Nummernstreifen am unteren Rand des Passes), Passnummer und B\u00fcrgerservicenummer (BSN) schwarz. Dies dient dem Schutz Ihrer Privatsph\u00e4re. SKEL Supplements BV wird Ihre Anfrage so schnell wie m\u00f6glich beantworten, auf jeden Fall jedoch innerhalb von vier Wochen. SKEL Supplements BV weist auch darauf hin, dass Sie die M\u00f6glichkeit haben, eine Beschwerde bei der nationalen Aufsichtsbeh\u00f6rde, der niederl\u00e4ndischen Datenschutzbeh\u00f6rde, einzureichen. Sie k\u00f6nnen dies \u00fcber den folgenden Link tun: https:\/\/autoriteitpersoonsgegevens.nl\/nl\/contact-met-de-autoriteit-persoonsgegevens\/tip-ons <\/p>\n<p><\/span><\/p>\n<h3>Wie wir personenbezogene Daten sch\u00fctzen <\/h3>\n<p><span style=\"font-weight: 400;\">SKEL Supplements BV nimmt den Schutz Ihrer Daten ernst und ergreift geeignete Ma\u00dfnahmen, um Missbrauch, Verlust, unbefugten Zugriff, ungewollte Offenlegung und unbefugte \u00c4nderung zu verhindern. Wenn Sie den Eindruck haben, dass Ihre Daten nicht ordnungsgem\u00e4\u00df gesichert sind oder Hinweise auf Missbrauch vorliegen, wenden Sie sich bitte an unseren Kundenservice oder \u00fcber info@skelsupplements.nl<\/span><\/p>\n\t\t\t\t\t\t\t\t<\/div>\n\t\t\t\t<\/div>\n\t\t\t\t<div class=\"elementor-element elementor-element-b7afba5 elementor-widget elementor-widget-spacer\" data-id=\"b7afba5\" data-element_type=\"widget\" data-e-type=\"widget\" data-widget_type=\"spacer.default\">\n\t\t\t\t<div class=\"elementor-widget-container\">\n\t\t\t\t\t\t\t<div class=\"elementor-spacer\">\n\t\t\t<div class=\"elementor-spacer-inner\"><\/div>\n\t\t<\/div>\n\t\t\t\t\t\t<\/div>\n\t\t\t\t<\/div>\n\t\t\t\t\t<\/div>\n\t\t<\/div>\n\t\t\t\t\t<\/div>\n\t\t<\/section>\n\t\t\t\t<\/div>\n\t\t","protected":false},"excerpt":{"rendered":"<p>Datenschutzerkl\u00e4rung Skel Supplements SKEL Supplements BV befindet sichZilverhoek 7 4651SP STEENBERGEN, ist f\u00fcr die Verarbeitung personenbezogener Daten gem\u00e4\u00df dieser Datenschutzerkl\u00e4rung verantwortlich. Kontaktdetails : SKEL Supplements BV Silberwinkel 7 4651SP STEENBERGEN&#8230;<\/p>\n","protected":false},"author":1,"featured_media":0,"parent":0,"menu_order":0,"comment_status":"closed","ping_status":"closed","template":"","meta":{"footnotes":""},"class_list":["post-3726","page","type-page","status-publish"],"yoast_head":"<!-- This site is optimized with the Yoast SEO plugin v27.4 - https:\/\/yoast.com\/product\/yoast-seo-wordpress\/ -->\n<title>Datenschutzerkl\u00e4rung \/ Richtlinie von Skel Supplements<\/title>\n<meta name=\"description\" content=\"Datenschutzerkl\u00e4rung. Alle Informationen zum Umgang mit personenbezogenen Daten finden Sie hier in unserer Datenschutzerkl\u00e4rung.\" \/>\n<meta name=\"robots\" content=\"index, follow, max-snippet:-1, max-image-preview:large, max-video-preview:-1\" \/>\n<link rel=\"canonical\" href=\"https:\/\/skelsupplements.nl\/de\/datenschutzerklaerung\/\" \/>\n<meta property=\"og:locale\" content=\"de_DE\" \/>\n<meta property=\"og:type\" content=\"article\" \/>\n<meta property=\"og:title\" content=\"Datenschutzerkl\u00e4rung \/ Richtlinie von Skel Supplements\" \/>\n<meta property=\"og:description\" content=\"Datenschutzerkl\u00e4rung. Alle Informationen zum Umgang mit personenbezogenen Daten finden Sie hier in unserer Datenschutzerkl\u00e4rung.\" \/>\n<meta property=\"og:url\" content=\"https:\/\/skelsupplements.nl\/de\/datenschutzerklaerung\/\" \/>\n<meta property=\"og:site_name\" content=\"SKEL Supplements\" \/>\n<meta property=\"article:modified_time\" content=\"2021-07-11T15:26:26+00:00\" \/>\n<meta name=\"twitter:card\" content=\"summary_large_image\" \/>\n<meta name=\"twitter:label1\" content=\"Gesch\u00e4tzte Lesezeit\" \/>\n\t<meta name=\"twitter:data1\" content=\"5\u00a0Minuten\" \/>\n<script type=\"application\/ld+json\" class=\"yoast-schema-graph\">{\"@context\":\"https:\\\/\\\/schema.org\",\"@graph\":[{\"@type\":\"WebPage\",\"@id\":\"https:\\\/\\\/skelsupplements.nl\\\/de\\\/datenschutzerklaerung\\\/\",\"url\":\"https:\\\/\\\/skelsupplements.nl\\\/de\\\/datenschutzerklaerung\\\/\",\"name\":\"Datenschutzerkl\u00e4rung \\\/ Richtlinie von Skel Supplements\",\"isPartOf\":{\"@id\":\"https:\\\/\\\/skelsupplements.nl\\\/de\\\/#website\"},\"datePublished\":\"2021-07-11T15:26:18+00:00\",\"dateModified\":\"2021-07-11T15:26:26+00:00\",\"description\":\"Datenschutzerkl\u00e4rung. Alle Informationen zum Umgang mit personenbezogenen Daten finden Sie hier in unserer Datenschutzerkl\u00e4rung.\",\"breadcrumb\":{\"@id\":\"https:\\\/\\\/skelsupplements.nl\\\/de\\\/datenschutzerklaerung\\\/#breadcrumb\"},\"inLanguage\":\"de\",\"potentialAction\":[{\"@type\":\"ReadAction\",\"target\":[\"https:\\\/\\\/skelsupplements.nl\\\/de\\\/datenschutzerklaerung\\\/\"]}]},{\"@type\":\"BreadcrumbList\",\"@id\":\"https:\\\/\\\/skelsupplements.nl\\\/de\\\/datenschutzerklaerung\\\/#breadcrumb\",\"itemListElement\":[{\"@type\":\"ListItem\",\"position\":1,\"name\":\"Home\",\"item\":\"https:\\\/\\\/skelsupplements.nl\\\/de\\\/\"},{\"@type\":\"ListItem\",\"position\":2,\"name\":\"Datenschutzerkl\u00e4rung\"}]},{\"@type\":\"WebSite\",\"@id\":\"https:\\\/\\\/skelsupplements.nl\\\/de\\\/#website\",\"url\":\"https:\\\/\\\/skelsupplements.nl\\\/de\\\/\",\"name\":\"SKEL Supplements | Private label supplementen producent\",\"description\":\"Verpakken van supplementen\",\"publisher\":{\"@id\":\"https:\\\/\\\/skelsupplements.nl\\\/de\\\/#organization\"},\"potentialAction\":[{\"@type\":\"SearchAction\",\"target\":{\"@type\":\"EntryPoint\",\"urlTemplate\":\"https:\\\/\\\/skelsupplements.nl\\\/de\\\/?s={search_term_string}\"},\"query-input\":{\"@type\":\"PropertyValueSpecification\",\"valueRequired\":true,\"valueName\":\"search_term_string\"}}],\"inLanguage\":\"de\"},{\"@type\":\"Organization\",\"@id\":\"https:\\\/\\\/skelsupplements.nl\\\/de\\\/#organization\",\"name\":\"SKEL Supplements\",\"url\":\"https:\\\/\\\/skelsupplements.nl\\\/de\\\/\",\"logo\":{\"@type\":\"ImageObject\",\"inLanguage\":\"de\",\"@id\":\"https:\\\/\\\/skelsupplements.nl\\\/de\\\/#\\\/schema\\\/logo\\\/image\\\/\",\"url\":\"\",\"contentUrl\":\"\",\"caption\":\"SKEL Supplements\"},\"image\":{\"@id\":\"https:\\\/\\\/skelsupplements.nl\\\/de\\\/#\\\/schema\\\/logo\\\/image\\\/\"}}]}<\/script>\n<!-- \/ Yoast SEO plugin. -->","yoast_head_json":{"title":"Datenschutzerkl\u00e4rung \/ Richtlinie von Skel Supplements","description":"Datenschutzerkl\u00e4rung. Alle Informationen zum Umgang mit personenbezogenen Daten finden Sie hier in unserer Datenschutzerkl\u00e4rung.","robots":{"index":"index","follow":"follow","max-snippet":"max-snippet:-1","max-image-preview":"max-image-preview:large","max-video-preview":"max-video-preview:-1"},"canonical":"https:\/\/skelsupplements.nl\/de\/datenschutzerklaerung\/","og_locale":"de_DE","og_type":"article","og_title":"Datenschutzerkl\u00e4rung \/ Richtlinie von Skel Supplements","og_description":"Datenschutzerkl\u00e4rung. Alle Informationen zum Umgang mit personenbezogenen Daten finden Sie hier in unserer Datenschutzerkl\u00e4rung.","og_url":"https:\/\/skelsupplements.nl\/de\/datenschutzerklaerung\/","og_site_name":"SKEL Supplements","article_modified_time":"2021-07-11T15:26:26+00:00","twitter_card":"summary_large_image","twitter_misc":{"Gesch\u00e4tzte Lesezeit":"5\u00a0Minuten"},"schema":{"@context":"https:\/\/schema.org","@graph":[{"@type":"WebPage","@id":"https:\/\/skelsupplements.nl\/de\/datenschutzerklaerung\/","url":"https:\/\/skelsupplements.nl\/de\/datenschutzerklaerung\/","name":"Datenschutzerkl\u00e4rung \/ Richtlinie von Skel Supplements","isPartOf":{"@id":"https:\/\/skelsupplements.nl\/de\/#website"},"datePublished":"2021-07-11T15:26:18+00:00","dateModified":"2021-07-11T15:26:26+00:00","description":"Datenschutzerkl\u00e4rung. Alle Informationen zum Umgang mit personenbezogenen Daten finden Sie hier in unserer Datenschutzerkl\u00e4rung.","breadcrumb":{"@id":"https:\/\/skelsupplements.nl\/de\/datenschutzerklaerung\/#breadcrumb"},"inLanguage":"de","potentialAction":[{"@type":"ReadAction","target":["https:\/\/skelsupplements.nl\/de\/datenschutzerklaerung\/"]}]},{"@type":"BreadcrumbList","@id":"https:\/\/skelsupplements.nl\/de\/datenschutzerklaerung\/#breadcrumb","itemListElement":[{"@type":"ListItem","position":1,"name":"Home","item":"https:\/\/skelsupplements.nl\/de\/"},{"@type":"ListItem","position":2,"name":"Datenschutzerkl\u00e4rung"}]},{"@type":"WebSite","@id":"https:\/\/skelsupplements.nl\/de\/#website","url":"https:\/\/skelsupplements.nl\/de\/","name":"SKEL Supplements | Private label supplementen producent","description":"Verpakken van supplementen","publisher":{"@id":"https:\/\/skelsupplements.nl\/de\/#organization"},"potentialAction":[{"@type":"SearchAction","target":{"@type":"EntryPoint","urlTemplate":"https:\/\/skelsupplements.nl\/de\/?s={search_term_string}"},"query-input":{"@type":"PropertyValueSpecification","valueRequired":true,"valueName":"search_term_string"}}],"inLanguage":"de"},{"@type":"Organization","@id":"https:\/\/skelsupplements.nl\/de\/#organization","name":"SKEL Supplements","url":"https:\/\/skelsupplements.nl\/de\/","logo":{"@type":"ImageObject","inLanguage":"de","@id":"https:\/\/skelsupplements.nl\/de\/#\/schema\/logo\/image\/","url":"","contentUrl":"","caption":"SKEL Supplements"},"image":{"@id":"https:\/\/skelsupplements.nl\/de\/#\/schema\/logo\/image\/"}}]}},"_links":{"self":[{"href":"https:\/\/skelsupplements.nl\/de\/wp-json\/wp\/v2\/pages\/3726","targetHints":{"allow":["GET"]}}],"collection":[{"href":"https:\/\/skelsupplements.nl\/de\/wp-json\/wp\/v2\/pages"}],"about":[{"href":"https:\/\/skelsupplements.nl\/de\/wp-json\/wp\/v2\/types\/page"}],"author":[{"embeddable":true,"href":"https:\/\/skelsupplements.nl\/de\/wp-json\/wp\/v2\/users\/1"}],"replies":[{"embeddable":true,"href":"https:\/\/skelsupplements.nl\/de\/wp-json\/wp\/v2\/comments?post=3726"}],"version-history":[{"count":0,"href":"https:\/\/skelsupplements.nl\/de\/wp-json\/wp\/v2\/pages\/3726\/revisions"}],"wp:attachment":[{"href":"https:\/\/skelsupplements.nl\/de\/wp-json\/wp\/v2\/media?parent=3726"}],"curies":[{"name":"wp","href":"https:\/\/api.w.org\/{rel}","templated":true}]}}