{"id":3744,"date":"2021-07-11T17:26:55","date_gmt":"2021-07-11T15:26:55","guid":{"rendered":"https:\/\/skelsupplements.nl\/qualitaet\/"},"modified":"2024-11-15T13:48:57","modified_gmt":"2024-11-15T12:48:57","slug":"qualitaet","status":"publish","type":"page","link":"https:\/\/skelsupplements.nl\/de\/qualitaet\/","title":{"rendered":"Qualit\u00e4t"},"content":{"rendered":"\t\t<div data-elementor-type=\"wp-post\" data-elementor-id=\"3744\" class=\"elementor elementor-3744 elementor-2100\" data-elementor-post-type=\"page\">\n\t\t\t\t\t\t<section class=\"elementor-section elementor-top-section elementor-element elementor-element-248924e2 elementor-section-full_width elementor-section-height-min-height elementor-section-stretched elementor-section-height-default elementor-section-items-middle\" data-id=\"248924e2\" data-element_type=\"section\" data-e-type=\"section\" data-settings=\"{&quot;stretch_section&quot;:&quot;section-stretched&quot;,&quot;background_background&quot;:&quot;classic&quot;,&quot;background_motion_fx_motion_fx_scrolling&quot;:&quot;yes&quot;,&quot;background_motion_fx_translateY_effect&quot;:&quot;yes&quot;,&quot;background_motion_fx_translateY_direction&quot;:&quot;negative&quot;,&quot;background_motion_fx_translateY_speed&quot;:{&quot;unit&quot;:&quot;px&quot;,&quot;size&quot;:4,&quot;sizes&quot;:[]},&quot;background_motion_fx_translateY_affectedRange&quot;:{&quot;unit&quot;:&quot;%&quot;,&quot;size&quot;:&quot;&quot;,&quot;sizes&quot;:{&quot;start&quot;:0,&quot;end&quot;:100}},&quot;background_motion_fx_devices&quot;:[&quot;desktop&quot;,&quot;tablet&quot;,&quot;mobile&quot;]}\">\n\t\t\t\t\t\t<div class=\"elementor-container elementor-column-gap-default\">\n\t\t\t\t\t<div class=\"elementor-column elementor-col-100 elementor-top-column elementor-element elementor-element-5cc3a36e\" data-id=\"5cc3a36e\" data-element_type=\"column\" data-e-type=\"column\">\n\t\t\t<div class=\"elementor-widget-wrap\">\n\t\t\t\t\t\t\t<\/div>\n\t\t<\/div>\n\t\t\t\t\t<\/div>\n\t\t<\/section>\n\t\t\t\t<section class=\"elementor-section elementor-top-section elementor-element elementor-element-073012a elementor-section-stretched elementor-section-boxed elementor-section-height-default elementor-section-height-default\" data-id=\"073012a\" data-element_type=\"section\" data-e-type=\"section\" data-settings=\"{&quot;stretch_section&quot;:&quot;section-stretched&quot;,&quot;background_background&quot;:&quot;classic&quot;}\">\n\t\t\t\t\t\t<div class=\"elementor-container elementor-column-gap-extended\">\n\t\t\t\t\t<div class=\"elementor-column elementor-col-100 elementor-top-column elementor-element elementor-element-b33df8d\" data-id=\"b33df8d\" data-element_type=\"column\" data-e-type=\"column\">\n\t\t\t<div class=\"elementor-widget-wrap elementor-element-populated\">\n\t\t\t\t\t\t<div class=\"elementor-element elementor-element-eaac391 elementor-widget elementor-widget-heading\" data-id=\"eaac391\" data-element_type=\"widget\" data-e-type=\"widget\" data-widget_type=\"heading.default\">\n\t\t\t\t<div class=\"elementor-widget-container\">\n\t\t\t\t\t<h1 class=\"elementor-heading-title elementor-size-large\">Hochwertige Nahrungserg\u00e4nzungsmittel<\/h1>\t\t\t\t<\/div>\n\t\t\t\t<\/div>\n\t\t\t\t\t<\/div>\n\t\t<\/div>\n\t\t\t\t\t<\/div>\n\t\t<\/section>\n\t\t\t\t<section class=\"elementor-section elementor-top-section elementor-element elementor-element-2de4f4f elementor-section-stretched elementor-section-boxed elementor-section-height-default elementor-section-height-default\" data-id=\"2de4f4f\" data-element_type=\"section\" data-e-type=\"section\" data-settings=\"{&quot;stretch_section&quot;:&quot;section-stretched&quot;,&quot;background_background&quot;:&quot;classic&quot;}\">\n\t\t\t\t\t\t<div class=\"elementor-container elementor-column-gap-extended\">\n\t\t\t\t\t<div class=\"elementor-column elementor-col-100 elementor-top-column elementor-element elementor-element-08df4fa\" data-id=\"08df4fa\" data-element_type=\"column\" data-e-type=\"column\">\n\t\t\t<div class=\"elementor-widget-wrap elementor-element-populated\">\n\t\t\t\t\t\t<div class=\"elementor-element elementor-element-a9aadaa elementor-widget elementor-widget-breadcrumbs\" data-id=\"a9aadaa\" data-element_type=\"widget\" data-e-type=\"widget\" data-widget_type=\"breadcrumbs.default\">\n\t\t\t\t<div class=\"elementor-widget-container\">\n\t\t\t\t\t<p id=\"breadcrumbs\"><span><span><a href=\"https:\/\/skelsupplements.nl\/de\/\">Home<\/a><\/span><\/span><\/p>\t\t\t\t<\/div>\n\t\t\t\t<\/div>\n\t\t\t\t<div class=\"elementor-element elementor-element-981c7a5 elementor-widget elementor-widget-spacer\" data-id=\"981c7a5\" data-element_type=\"widget\" data-e-type=\"widget\" data-widget_type=\"spacer.default\">\n\t\t\t\t<div class=\"elementor-widget-container\">\n\t\t\t\t\t\t\t<div class=\"elementor-spacer\">\n\t\t\t<div class=\"elementor-spacer-inner\"><\/div>\n\t\t<\/div>\n\t\t\t\t\t\t<\/div>\n\t\t\t\t<\/div>\n\t\t\t\t\t<\/div>\n\t\t<\/div>\n\t\t\t\t\t<\/div>\n\t\t<\/section>\n\t\t\t\t<section class=\"elementor-section elementor-top-section elementor-element elementor-element-6503adf elementor-section-stretched elementor-section-boxed elementor-section-height-default elementor-section-height-default\" data-id=\"6503adf\" data-element_type=\"section\" data-e-type=\"section\" data-settings=\"{&quot;stretch_section&quot;:&quot;section-stretched&quot;,&quot;background_background&quot;:&quot;classic&quot;}\">\n\t\t\t\t\t\t<div class=\"elementor-container elementor-column-gap-extended\">\n\t\t\t\t\t<div class=\"elementor-column elementor-col-100 elementor-top-column elementor-element elementor-element-94133c2\" data-id=\"94133c2\" data-element_type=\"column\" data-e-type=\"column\" data-settings=\"{&quot;animation&quot;:&quot;none&quot;}\">\n\t\t\t<div class=\"elementor-widget-wrap elementor-element-populated\">\n\t\t\t\t\t\t<div class=\"elementor-element elementor-element-5afcd70 elementor-widget elementor-widget-text-editor\" data-id=\"5afcd70\" data-element_type=\"widget\" data-e-type=\"widget\" data-widget_type=\"text-editor.default\">\n\t\t\t\t<div class=\"elementor-widget-container\">\n\t\t\t\t\t\t\t\t\t<p><span style=\"font-weight: 400;\">Mit dem gemeinsamen Wissen im nat\u00fcrlichen Inhaltsstoffen aus der langj\u00e4hrigen Erfahrung unserer Unternehmen garantieren wir eine kompetente Beratung von der Produktentwicklung \u00fcber das Endprodukt bis zur Verpackung gem\u00e4\u00df europ\u00e4ischer Gesetzgebung und Vorschriften. Wir sind nach FSSC 22000 zertifiziert und erf\u00fcllen alle Anforderungen an die Lebensmittelsicherheit in unserer modernen Produktionsst\u00e4tte in Simpelveld. Au\u00dferdem sind wir Mitglied des NPN-Fachverbands f\u00fcr Hersteller, Rohstofflieferanten, Gro\u00dfh\u00e4ndler, Importeure und Vertreiber von Nahrungserg\u00e4nzungsmitteln und setzen uns f\u00fcr eine gute Information \u00fcber Nahrungserg\u00e4nzungsmittel ein. F\u00fcr weitere Informationen klicken Sie bitte auf die untenstehenden Links (Bild).<\/span><\/p><p>Um den Bed\u00fcrfnissen einer breiten Palette gesundheitsbewusster Verbraucher gerecht zu werden, tragen unsere Kapseln umfangreiche Zertifizierungen wie vegan, halal und KO koscher. Dar\u00fcber hinaus enthalten unsere Kapseln keine Konservierungsstoffe und sind frei von Gentechnik, Allergenen, Gluten, Zucker und St\u00e4rke. Auf Wunsch kann jede gew\u00fcnschte Zertifizierung f\u00fcr Ihr Endprodukt angefordert werden.<\/p><p><span style=\"font-weight: 400;\">Unsere europ\u00e4ischen Lieferanten unterliegen einer strengen Lieferantenauswahl. T\u00e4gliche Kontrollen des Wareneingangs und Warenausgangs sind Voraussetzung f\u00fcr eine optimale Qualit\u00e4t unserer Rohstoffe und Endprodukte. <\/span><span style=\"font-weight: 400;\">Wir arbeiten eng mit verschiedenen Labors zusammen und analysieren gemeinsam mit unseren Lieferanten Rohstoffe und Fertigprodukte. Auf Wunsch liefern wir Analysezertifikate und sind bei Eigenmarkenproduktionen Teil Ihrer Akte. Wir garantieren den Datenschutz durch eine Vertraulichkeitserkl\u00e4rung und eine Co-Produktions-Vereinbarung.<\/span><\/p><p><em><span style=\"font-weight: 400;\"><strong>Das Streben nach der optimalen biologischen Zusammensetzung Ihrer Rezeptur auf Basis bester Zutaten hat f\u00fcr uns oberste Priorit\u00e4t.<\/strong>\u00a0<\/span><span style=\"font-weight: 400;\">Wir stellen uns gerne mit Ihnen der Herausforderung, ein m\u00f6glichst nat\u00fcrliches Endprodukt zu erzielen!\u00a0<\/span><\/em><\/p>\t\t\t\t\t\t\t\t<\/div>\n\t\t\t\t<\/div>\n\t\t\t\t\t<\/div>\n\t\t<\/div>\n\t\t\t\t\t<\/div>\n\t\t<\/section>\n\t\t\t\t<section class=\"elementor-section elementor-top-section elementor-element elementor-element-41003965 elementor-section-boxed elementor-section-height-default elementor-section-height-default\" data-id=\"41003965\" data-element_type=\"section\" data-e-type=\"section\">\n\t\t\t\t\t\t<div class=\"elementor-container elementor-column-gap-default\">\n\t\t\t\t\t<div class=\"elementor-column elementor-col-33 elementor-top-column elementor-element elementor-element-746f558\" data-id=\"746f558\" data-element_type=\"column\" data-e-type=\"column\">\n\t\t\t<div class=\"elementor-widget-wrap elementor-element-populated\">\n\t\t\t\t\t\t<div class=\"elementor-element elementor-element-7731b92c elementor-widget elementor-widget-image\" data-id=\"7731b92c\" data-element_type=\"widget\" data-e-type=\"widget\" data-widget_type=\"image.default\">\n\t\t\t\t<div class=\"elementor-widget-container\">\n\t\t\t\t\t\t\t\t\t\t\t\t\t\t\t\t<a href=\"https:\/\/skelsupplements.nl\/wp-content\/uploads\/2024\/11\/FSSC22000-certificate-SKEL-Supplements.pdf\" target=\"_blank\">\n\t\t\t\t\t\t\t<img fetchpriority=\"high\" decoding=\"async\" width=\"1024\" height=\"508\" src=\"https:\/\/skelsupplements.nl\/wp-content\/uploads\/2024\/11\/Logo-fssc-2000-1024x508.jpg\" class=\"attachment-large size-large wp-image-6752\" alt=\"\" srcset=\"https:\/\/skelsupplements.nl\/wp-content\/uploads\/2024\/11\/Logo-fssc-2000-1024x508.jpg 1024w, https:\/\/skelsupplements.nl\/wp-content\/uploads\/2024\/11\/Logo-fssc-2000-300x149.jpg 300w, https:\/\/skelsupplements.nl\/wp-content\/uploads\/2024\/11\/Logo-fssc-2000-768x381.jpg 768w, https:\/\/skelsupplements.nl\/wp-content\/uploads\/2024\/11\/Logo-fssc-2000-1536x762.jpg 1536w, https:\/\/skelsupplements.nl\/wp-content\/uploads\/2024\/11\/Logo-fssc-2000.jpg 1548w\" sizes=\"(max-width: 1024px) 100vw, 1024px\" \/>\t\t\t\t\t\t\t\t<\/a>\n\t\t\t\t\t\t\t\t\t\t\t\t\t\t\t<\/div>\n\t\t\t\t<\/div>\n\t\t\t\t\t<\/div>\n\t\t<\/div>\n\t\t\t\t<div class=\"elementor-column elementor-col-33 elementor-top-column elementor-element elementor-element-135bc2d2\" data-id=\"135bc2d2\" data-element_type=\"column\" data-e-type=\"column\">\n\t\t\t<div class=\"elementor-widget-wrap elementor-element-populated\">\n\t\t\t\t\t\t<div class=\"elementor-element elementor-element-18f60c99 elementor-widget elementor-widget-image\" data-id=\"18f60c99\" data-element_type=\"widget\" data-e-type=\"widget\" data-widget_type=\"image.default\">\n\t\t\t\t<div class=\"elementor-widget-container\">\n\t\t\t\t\t\t\t\t\t\t\t\t\t\t\t\t<a href=\"https:\/\/www.npninfo.nl\/\" target=\"_blank\">\n\t\t\t\t\t\t\t<img decoding=\"async\" width=\"1024\" height=\"508\" src=\"https:\/\/skelsupplements.nl\/wp-content\/uploads\/2024\/11\/logo-NPN-1024x508.jpg\" class=\"attachment-large size-large wp-image-6756\" alt=\"\" srcset=\"https:\/\/skelsupplements.nl\/wp-content\/uploads\/2024\/11\/logo-NPN-1024x508.jpg 1024w, https:\/\/skelsupplements.nl\/wp-content\/uploads\/2024\/11\/logo-NPN-300x149.jpg 300w, https:\/\/skelsupplements.nl\/wp-content\/uploads\/2024\/11\/logo-NPN-768x381.jpg 768w, https:\/\/skelsupplements.nl\/wp-content\/uploads\/2024\/11\/logo-NPN-1536x762.jpg 1536w, https:\/\/skelsupplements.nl\/wp-content\/uploads\/2024\/11\/logo-NPN.jpg 1548w\" sizes=\"(max-width: 1024px) 100vw, 1024px\" \/>\t\t\t\t\t\t\t\t<\/a>\n\t\t\t\t\t\t\t\t\t\t\t\t\t\t\t<\/div>\n\t\t\t\t<\/div>\n\t\t\t\t\t<\/div>\n\t\t<\/div>\n\t\t\t\t<div class=\"elementor-column elementor-col-33 elementor-top-column elementor-element elementor-element-7e9f7d9b\" data-id=\"7e9f7d9b\" data-element_type=\"column\" data-e-type=\"column\">\n\t\t\t<div class=\"elementor-widget-wrap elementor-element-populated\">\n\t\t\t\t\t\t<div class=\"elementor-element elementor-element-42b74762 elementor-widget elementor-widget-image\" data-id=\"42b74762\" data-element_type=\"widget\" data-e-type=\"widget\" data-widget_type=\"image.default\">\n\t\t\t\t<div class=\"elementor-widget-container\">\n\t\t\t\t\t\t\t\t\t\t\t\t\t\t\t\t<a href=\"https:\/\/www.ivg-info.nl\/\" target=\"_blank\">\n\t\t\t\t\t\t\t<img decoding=\"async\" width=\"1024\" height=\"508\" src=\"https:\/\/skelsupplements.nl\/wp-content\/uploads\/2024\/11\/logo-IVG-1024x508.jpg\" class=\"attachment-large size-large wp-image-6760\" alt=\"\" srcset=\"https:\/\/skelsupplements.nl\/wp-content\/uploads\/2024\/11\/logo-IVG-1024x508.jpg 1024w, https:\/\/skelsupplements.nl\/wp-content\/uploads\/2024\/11\/logo-IVG-300x149.jpg 300w, https:\/\/skelsupplements.nl\/wp-content\/uploads\/2024\/11\/logo-IVG-768x381.jpg 768w, https:\/\/skelsupplements.nl\/wp-content\/uploads\/2024\/11\/logo-IVG-1536x762.jpg 1536w, https:\/\/skelsupplements.nl\/wp-content\/uploads\/2024\/11\/logo-IVG.jpg 1548w\" sizes=\"(max-width: 1024px) 100vw, 1024px\" \/>\t\t\t\t\t\t\t\t<\/a>\n\t\t\t\t\t\t\t\t\t\t\t\t\t\t\t<\/div>\n\t\t\t\t<\/div>\n\t\t\t\t\t<\/div>\n\t\t<\/div>\n\t\t\t\t\t<\/div>\n\t\t<\/section>\n\t\t\t\t<\/div>\n\t\t","protected":false},"excerpt":{"rendered":"<p>Hochwertige Nahrungserg\u00e4nzungsmittel Mit dem gemeinsamen Wissen im nat\u00fcrlichen Inhaltsstoffen aus der langj\u00e4hrigen Erfahrung unserer Unternehmen garantieren wir eine kompetente Beratung von der Produktentwicklung \u00fcber das Endprodukt bis zur Verpackung gem\u00e4\u00df&#8230;<\/p>\n","protected":false},"author":1,"featured_media":0,"parent":0,"menu_order":0,"comment_status":"closed","ping_status":"closed","template":"","meta":{"footnotes":""},"class_list":["post-3744","page","type-page","status-publish"],"yoast_head":"<!-- This site is optimized with the Yoast SEO plugin v27.4 - https:\/\/yoast.com\/product\/yoast-seo-wordpress\/ -->\n<title>Qualitativen Erg\u00e4nzungen und Methode von SKEL Supplements<\/title>\n<meta name=\"description\" content=\"Wir liefern nat\u00fcrliche, biologische und hochwertige Produkte mit minimaler Lieferzeit zum besten Preis-Leistungs-Verh\u00e4ltnis.\" \/>\n<meta name=\"robots\" content=\"index, follow, max-snippet:-1, max-image-preview:large, max-video-preview:-1\" \/>\n<link rel=\"canonical\" href=\"https:\/\/skelsupplements.nl\/de\/qualitaet\/\" \/>\n<meta property=\"og:locale\" content=\"de_DE\" \/>\n<meta property=\"og:type\" content=\"article\" \/>\n<meta property=\"og:title\" content=\"Qualitativen Erg\u00e4nzungen und Methode von SKEL Supplements\" \/>\n<meta property=\"og:description\" content=\"Wir liefern nat\u00fcrliche, biologische und hochwertige Produkte mit minimaler Lieferzeit zum besten Preis-Leistungs-Verh\u00e4ltnis.\" \/>\n<meta property=\"og:url\" content=\"https:\/\/skelsupplements.nl\/de\/qualitaet\/\" \/>\n<meta property=\"og:site_name\" content=\"SKEL Supplements\" \/>\n<meta property=\"article:modified_time\" content=\"2024-11-15T12:48:57+00:00\" \/>\n<meta property=\"og:image\" content=\"https:\/\/skelsupplements.nl\/wp-content\/uploads\/2024\/11\/Logo-fssc-2000.jpg\" \/>\n\t<meta property=\"og:image:width\" content=\"1548\" \/>\n\t<meta property=\"og:image:height\" content=\"768\" \/>\n\t<meta property=\"og:image:type\" content=\"image\/jpeg\" \/>\n<meta name=\"twitter:card\" content=\"summary_large_image\" \/>\n<meta name=\"twitter:label1\" content=\"Gesch\u00e4tzte Lesezeit\" \/>\n\t<meta name=\"twitter:data1\" content=\"2\u00a0Minuten\" \/>\n<script type=\"application\/ld+json\" class=\"yoast-schema-graph\">{\"@context\":\"https:\\\/\\\/schema.org\",\"@graph\":[{\"@type\":\"WebPage\",\"@id\":\"https:\\\/\\\/skelsupplements.nl\\\/de\\\/qualitaet\\\/\",\"url\":\"https:\\\/\\\/skelsupplements.nl\\\/de\\\/qualitaet\\\/\",\"name\":\"Qualitativen Erg\u00e4nzungen und Methode von SKEL Supplements\",\"isPartOf\":{\"@id\":\"https:\\\/\\\/skelsupplements.nl\\\/de\\\/#website\"},\"primaryImageOfPage\":{\"@id\":\"https:\\\/\\\/skelsupplements.nl\\\/de\\\/qualitaet\\\/#primaryimage\"},\"image\":{\"@id\":\"https:\\\/\\\/skelsupplements.nl\\\/de\\\/qualitaet\\\/#primaryimage\"},\"thumbnailUrl\":\"https:\\\/\\\/skelsupplements.nl\\\/wp-content\\\/uploads\\\/2024\\\/11\\\/Logo-fssc-2000-1024x508.jpg\",\"datePublished\":\"2021-07-11T15:26:55+00:00\",\"dateModified\":\"2024-11-15T12:48:57+00:00\",\"description\":\"Wir liefern nat\u00fcrliche, biologische und hochwertige Produkte mit minimaler Lieferzeit zum besten Preis-Leistungs-Verh\u00e4ltnis.\",\"breadcrumb\":{\"@id\":\"https:\\\/\\\/skelsupplements.nl\\\/de\\\/qualitaet\\\/#breadcrumb\"},\"inLanguage\":\"de\",\"potentialAction\":[{\"@type\":\"ReadAction\",\"target\":[\"https:\\\/\\\/skelsupplements.nl\\\/de\\\/qualitaet\\\/\"]}]},{\"@type\":\"ImageObject\",\"inLanguage\":\"de\",\"@id\":\"https:\\\/\\\/skelsupplements.nl\\\/de\\\/qualitaet\\\/#primaryimage\",\"url\":\"https:\\\/\\\/skelsupplements.nl\\\/wp-content\\\/uploads\\\/2024\\\/11\\\/Logo-fssc-2000-1024x508.jpg\",\"contentUrl\":\"https:\\\/\\\/skelsupplements.nl\\\/wp-content\\\/uploads\\\/2024\\\/11\\\/Logo-fssc-2000-1024x508.jpg\"},{\"@type\":\"BreadcrumbList\",\"@id\":\"https:\\\/\\\/skelsupplements.nl\\\/de\\\/qualitaet\\\/#breadcrumb\",\"itemListElement\":[{\"@type\":\"ListItem\",\"position\":1,\"name\":\"Home\",\"item\":\"https:\\\/\\\/skelsupplements.nl\\\/de\\\/\"},{\"@type\":\"ListItem\",\"position\":2,\"name\":\"Qualit\u00e4t\"}]},{\"@type\":\"WebSite\",\"@id\":\"https:\\\/\\\/skelsupplements.nl\\\/de\\\/#website\",\"url\":\"https:\\\/\\\/skelsupplements.nl\\\/de\\\/\",\"name\":\"SKEL Supplements | Private label supplementen producent\",\"description\":\"Verpakken van supplementen\",\"publisher\":{\"@id\":\"https:\\\/\\\/skelsupplements.nl\\\/de\\\/#organization\"},\"potentialAction\":[{\"@type\":\"SearchAction\",\"target\":{\"@type\":\"EntryPoint\",\"urlTemplate\":\"https:\\\/\\\/skelsupplements.nl\\\/de\\\/?s={search_term_string}\"},\"query-input\":{\"@type\":\"PropertyValueSpecification\",\"valueRequired\":true,\"valueName\":\"search_term_string\"}}],\"inLanguage\":\"de\"},{\"@type\":\"Organization\",\"@id\":\"https:\\\/\\\/skelsupplements.nl\\\/de\\\/#organization\",\"name\":\"SKEL Supplements\",\"url\":\"https:\\\/\\\/skelsupplements.nl\\\/de\\\/\",\"logo\":{\"@type\":\"ImageObject\",\"inLanguage\":\"de\",\"@id\":\"https:\\\/\\\/skelsupplements.nl\\\/de\\\/#\\\/schema\\\/logo\\\/image\\\/\",\"url\":\"\",\"contentUrl\":\"\",\"caption\":\"SKEL Supplements\"},\"image\":{\"@id\":\"https:\\\/\\\/skelsupplements.nl\\\/de\\\/#\\\/schema\\\/logo\\\/image\\\/\"}}]}<\/script>\n<!-- \/ Yoast SEO plugin. -->","yoast_head_json":{"title":"Qualitativen Erg\u00e4nzungen und Methode von SKEL Supplements","description":"Wir liefern nat\u00fcrliche, biologische und hochwertige Produkte mit minimaler Lieferzeit zum besten Preis-Leistungs-Verh\u00e4ltnis.","robots":{"index":"index","follow":"follow","max-snippet":"max-snippet:-1","max-image-preview":"max-image-preview:large","max-video-preview":"max-video-preview:-1"},"canonical":"https:\/\/skelsupplements.nl\/de\/qualitaet\/","og_locale":"de_DE","og_type":"article","og_title":"Qualitativen Erg\u00e4nzungen und Methode von SKEL Supplements","og_description":"Wir liefern nat\u00fcrliche, biologische und hochwertige Produkte mit minimaler Lieferzeit zum besten Preis-Leistungs-Verh\u00e4ltnis.","og_url":"https:\/\/skelsupplements.nl\/de\/qualitaet\/","og_site_name":"SKEL Supplements","article_modified_time":"2024-11-15T12:48:57+00:00","og_image":[{"width":1548,"height":768,"url":"https:\/\/skelsupplements.nl\/wp-content\/uploads\/2024\/11\/Logo-fssc-2000.jpg","type":"image\/jpeg"}],"twitter_card":"summary_large_image","twitter_misc":{"Gesch\u00e4tzte Lesezeit":"2\u00a0Minuten"},"schema":{"@context":"https:\/\/schema.org","@graph":[{"@type":"WebPage","@id":"https:\/\/skelsupplements.nl\/de\/qualitaet\/","url":"https:\/\/skelsupplements.nl\/de\/qualitaet\/","name":"Qualitativen Erg\u00e4nzungen und Methode von SKEL Supplements","isPartOf":{"@id":"https:\/\/skelsupplements.nl\/de\/#website"},"primaryImageOfPage":{"@id":"https:\/\/skelsupplements.nl\/de\/qualitaet\/#primaryimage"},"image":{"@id":"https:\/\/skelsupplements.nl\/de\/qualitaet\/#primaryimage"},"thumbnailUrl":"https:\/\/skelsupplements.nl\/wp-content\/uploads\/2024\/11\/Logo-fssc-2000-1024x508.jpg","datePublished":"2021-07-11T15:26:55+00:00","dateModified":"2024-11-15T12:48:57+00:00","description":"Wir liefern nat\u00fcrliche, biologische und hochwertige Produkte mit minimaler Lieferzeit zum besten Preis-Leistungs-Verh\u00e4ltnis.","breadcrumb":{"@id":"https:\/\/skelsupplements.nl\/de\/qualitaet\/#breadcrumb"},"inLanguage":"de","potentialAction":[{"@type":"ReadAction","target":["https:\/\/skelsupplements.nl\/de\/qualitaet\/"]}]},{"@type":"ImageObject","inLanguage":"de","@id":"https:\/\/skelsupplements.nl\/de\/qualitaet\/#primaryimage","url":"https:\/\/skelsupplements.nl\/wp-content\/uploads\/2024\/11\/Logo-fssc-2000-1024x508.jpg","contentUrl":"https:\/\/skelsupplements.nl\/wp-content\/uploads\/2024\/11\/Logo-fssc-2000-1024x508.jpg"},{"@type":"BreadcrumbList","@id":"https:\/\/skelsupplements.nl\/de\/qualitaet\/#breadcrumb","itemListElement":[{"@type":"ListItem","position":1,"name":"Home","item":"https:\/\/skelsupplements.nl\/de\/"},{"@type":"ListItem","position":2,"name":"Qualit\u00e4t"}]},{"@type":"WebSite","@id":"https:\/\/skelsupplements.nl\/de\/#website","url":"https:\/\/skelsupplements.nl\/de\/","name":"SKEL Supplements | Private label supplementen producent","description":"Verpakken van supplementen","publisher":{"@id":"https:\/\/skelsupplements.nl\/de\/#organization"},"potentialAction":[{"@type":"SearchAction","target":{"@type":"EntryPoint","urlTemplate":"https:\/\/skelsupplements.nl\/de\/?s={search_term_string}"},"query-input":{"@type":"PropertyValueSpecification","valueRequired":true,"valueName":"search_term_string"}}],"inLanguage":"de"},{"@type":"Organization","@id":"https:\/\/skelsupplements.nl\/de\/#organization","name":"SKEL Supplements","url":"https:\/\/skelsupplements.nl\/de\/","logo":{"@type":"ImageObject","inLanguage":"de","@id":"https:\/\/skelsupplements.nl\/de\/#\/schema\/logo\/image\/","url":"","contentUrl":"","caption":"SKEL Supplements"},"image":{"@id":"https:\/\/skelsupplements.nl\/de\/#\/schema\/logo\/image\/"}}]}},"_links":{"self":[{"href":"https:\/\/skelsupplements.nl\/de\/wp-json\/wp\/v2\/pages\/3744","targetHints":{"allow":["GET"]}}],"collection":[{"href":"https:\/\/skelsupplements.nl\/de\/wp-json\/wp\/v2\/pages"}],"about":[{"href":"https:\/\/skelsupplements.nl\/de\/wp-json\/wp\/v2\/types\/page"}],"author":[{"embeddable":true,"href":"https:\/\/skelsupplements.nl\/de\/wp-json\/wp\/v2\/users\/1"}],"replies":[{"embeddable":true,"href":"https:\/\/skelsupplements.nl\/de\/wp-json\/wp\/v2\/comments?post=3744"}],"version-history":[{"count":9,"href":"https:\/\/skelsupplements.nl\/de\/wp-json\/wp\/v2\/pages\/3744\/revisions"}],"predecessor-version":[{"id":6831,"href":"https:\/\/skelsupplements.nl\/de\/wp-json\/wp\/v2\/pages\/3744\/revisions\/6831"}],"wp:attachment":[{"href":"https:\/\/skelsupplements.nl\/de\/wp-json\/wp\/v2\/media?parent=3744"}],"curies":[{"name":"wp","href":"https:\/\/api.w.org\/{rel}","templated":true}]}}