{"id":3750,"date":"2021-07-11T17:26:57","date_gmt":"2021-07-11T15:26:57","guid":{"rendered":"https:\/\/skelsupplements.nl\/blase\/"},"modified":"2024-03-01T14:37:56","modified_gmt":"2024-03-01T13:37:56","slug":"blisterpackung","status":"publish","type":"page","link":"https:\/\/skelsupplements.nl\/de\/blisterpackung\/","title":{"rendered":"Blisterverpackung"},"content":{"rendered":"\t\t<div data-elementor-type=\"wp-post\" data-elementor-id=\"3750\" class=\"elementor elementor-3750 elementor-2111\" data-elementor-post-type=\"page\">\n\t\t\t\t\t\t<section class=\"elementor-section elementor-top-section elementor-element elementor-element-1f3cd521 elementor-section-full_width elementor-section-height-min-height elementor-section-stretched elementor-section-height-default elementor-section-items-middle\" data-id=\"1f3cd521\" data-element_type=\"section\" data-e-type=\"section\" data-settings=\"{&quot;stretch_section&quot;:&quot;section-stretched&quot;,&quot;background_background&quot;:&quot;classic&quot;,&quot;background_motion_fx_motion_fx_scrolling&quot;:&quot;yes&quot;,&quot;background_motion_fx_translateY_effect&quot;:&quot;yes&quot;,&quot;background_motion_fx_translateY_direction&quot;:&quot;negative&quot;,&quot;background_motion_fx_translateY_speed&quot;:{&quot;unit&quot;:&quot;px&quot;,&quot;size&quot;:4,&quot;sizes&quot;:[]},&quot;background_motion_fx_translateY_affectedRange&quot;:{&quot;unit&quot;:&quot;%&quot;,&quot;size&quot;:&quot;&quot;,&quot;sizes&quot;:{&quot;start&quot;:0,&quot;end&quot;:100}},&quot;background_motion_fx_devices&quot;:[&quot;desktop&quot;,&quot;tablet&quot;,&quot;mobile&quot;]}\">\n\t\t\t\t\t\t<div class=\"elementor-container elementor-column-gap-default\">\n\t\t\t\t\t<div class=\"elementor-column elementor-col-100 elementor-top-column elementor-element elementor-element-8fc5b54\" data-id=\"8fc5b54\" data-element_type=\"column\" data-e-type=\"column\">\n\t\t\t<div class=\"elementor-widget-wrap\">\n\t\t\t\t\t\t\t<\/div>\n\t\t<\/div>\n\t\t\t\t\t<\/div>\n\t\t<\/section>\n\t\t\t\t<section class=\"elementor-section elementor-top-section elementor-element elementor-element-073012a elementor-section-stretched elementor-section-boxed elementor-section-height-default elementor-section-height-default\" data-id=\"073012a\" data-element_type=\"section\" data-e-type=\"section\" data-settings=\"{&quot;stretch_section&quot;:&quot;section-stretched&quot;,&quot;background_background&quot;:&quot;classic&quot;}\">\n\t\t\t\t\t\t<div class=\"elementor-container elementor-column-gap-extended\">\n\t\t\t\t\t<div class=\"elementor-column elementor-col-100 elementor-top-column elementor-element elementor-element-b33df8d\" data-id=\"b33df8d\" data-element_type=\"column\" data-e-type=\"column\">\n\t\t\t<div class=\"elementor-widget-wrap elementor-element-populated\">\n\t\t\t\t\t\t<div class=\"elementor-element elementor-element-eaac391 elementor-widget elementor-widget-heading\" data-id=\"eaac391\" data-element_type=\"widget\" data-e-type=\"widget\" data-widget_type=\"heading.default\">\n\t\t\t\t<div class=\"elementor-widget-container\">\n\t\t\t\t\t<h1 class=\"elementor-heading-title elementor-size-large\">Blisterverpackung<\/h1>\t\t\t\t<\/div>\n\t\t\t\t<\/div>\n\t\t\t\t\t<\/div>\n\t\t<\/div>\n\t\t\t\t\t<\/div>\n\t\t<\/section>\n\t\t\t\t<section class=\"elementor-section elementor-top-section elementor-element elementor-element-2de4f4f elementor-section-stretched elementor-section-boxed elementor-section-height-default elementor-section-height-default\" data-id=\"2de4f4f\" data-element_type=\"section\" data-e-type=\"section\" data-settings=\"{&quot;stretch_section&quot;:&quot;section-stretched&quot;,&quot;background_background&quot;:&quot;classic&quot;}\">\n\t\t\t\t\t\t<div class=\"elementor-container elementor-column-gap-extended\">\n\t\t\t\t\t<div class=\"elementor-column elementor-col-100 elementor-top-column elementor-element elementor-element-08df4fa\" data-id=\"08df4fa\" data-element_type=\"column\" data-e-type=\"column\">\n\t\t\t<div class=\"elementor-widget-wrap elementor-element-populated\">\n\t\t\t\t\t\t<div class=\"elementor-element elementor-element-a9aadaa elementor-widget elementor-widget-breadcrumbs\" data-id=\"a9aadaa\" data-element_type=\"widget\" data-e-type=\"widget\" data-widget_type=\"breadcrumbs.default\">\n\t\t\t\t<div class=\"elementor-widget-container\">\n\t\t\t\t\t<p id=\"breadcrumbs\"><span><span><a href=\"https:\/\/skelsupplements.nl\/de\/\">Home<\/a><\/span><\/span><\/p>\t\t\t\t<\/div>\n\t\t\t\t<\/div>\n\t\t\t\t<div class=\"elementor-element elementor-element-981c7a5 elementor-widget elementor-widget-spacer\" data-id=\"981c7a5\" data-element_type=\"widget\" data-e-type=\"widget\" data-widget_type=\"spacer.default\">\n\t\t\t\t<div class=\"elementor-widget-container\">\n\t\t\t\t\t\t\t<div class=\"elementor-spacer\">\n\t\t\t<div class=\"elementor-spacer-inner\"><\/div>\n\t\t<\/div>\n\t\t\t\t\t\t<\/div>\n\t\t\t\t<\/div>\n\t\t\t\t\t<\/div>\n\t\t<\/div>\n\t\t\t\t\t<\/div>\n\t\t<\/section>\n\t\t\t\t<section class=\"elementor-section elementor-top-section elementor-element elementor-element-6503adf elementor-section-stretched elementor-section-boxed elementor-section-height-default elementor-section-height-default\" data-id=\"6503adf\" data-element_type=\"section\" data-e-type=\"section\" data-settings=\"{&quot;stretch_section&quot;:&quot;section-stretched&quot;,&quot;background_background&quot;:&quot;classic&quot;}\">\n\t\t\t\t\t\t<div class=\"elementor-container elementor-column-gap-extended\">\n\t\t\t\t\t<div class=\"elementor-column elementor-col-100 elementor-top-column elementor-element elementor-element-94133c2\" data-id=\"94133c2\" data-element_type=\"column\" data-e-type=\"column\" data-settings=\"{&quot;animation&quot;:&quot;none&quot;}\">\n\t\t\t<div class=\"elementor-widget-wrap elementor-element-populated\">\n\t\t\t\t\t\t<div class=\"elementor-element elementor-element-5afcd70 elementor-widget elementor-widget-text-editor\" data-id=\"5afcd70\" data-element_type=\"widget\" data-e-type=\"widget\" data-widget_type=\"text-editor.default\">\n\t\t\t\t<div class=\"elementor-widget-container\">\n\t\t\t\t\t\t\t\t\t<h2><img fetchpriority=\"high\" decoding=\"async\" class=\"alignright wp-image-2117\" src=\"https:\/\/skelsupplements.nl\/new\/wp-content\/uploads\/2021\/05\/blisteren.jpg\" alt=\"Blisterverpackung\" width=\"500\" height=\"348\" data-cmp-ab=\"2\" data-cmp-info=\"10\" srcset=\"https:\/\/skelsupplements.nl\/wp-content\/uploads\/2021\/05\/blisteren.jpg 800w, https:\/\/skelsupplements.nl\/wp-content\/uploads\/2021\/05\/blisteren-300x209.jpg 300w, https:\/\/skelsupplements.nl\/wp-content\/uploads\/2021\/05\/blisteren-768x534.jpg 768w, https:\/\/skelsupplements.nl\/wp-content\/uploads\/2021\/05\/blisteren-600x417.jpg 600w, https:\/\/skelsupplements.nl\/wp-content\/uploads\/2021\/05\/blisteren-200x139.jpg 200w\" sizes=\"(max-width: 500px) 100vw, 500px\" \/><\/h2>\n<p><span style=\"font-weight: 400;\">Halten Sie <strong>die Blisterpackung<\/strong>&nbsp;Ihrer Tabletten oder Kapseln f\u00fcr eine gute Idee? Blisterverpackungen bestehen aus zwei Materialschichten, zwischen denen sich vakuumgeformte &#8222;Bl\u00e4schen&#8220; bilden. Ihre Kapseln oder Tabletten werden in diesen Blisterpackungen verarbeitet. Dies ist in verschiedenen Gr\u00f6\u00dfen, Materialien und Farben m\u00f6glich. SKEL Supplements unterst\u00fctzt Sie gerne dabei. Wir beraten Sie auch bei der richtigen Methode f\u00fcr Ihr Nahrungserg\u00e4nzungsmittel, Tiersupplement oder Private Label.<\/span><\/p>\n<p><span style=\"font-weight: 400;\">Den gesamten Produktionsprozess auslagern? Auch dies ist bei SKEL Supplements m\u00f6glich. Wir verarbeiten Ihre Stoffe zu Pulvern oder Granulaten, verkapseln oder tablettieren sie und verarbeiten sie anschlie\u00dfend in a<strong> Blisterpackung<\/strong> . Egal ob es sich um eine gro\u00dfe oder kleine Auflage handelt. So k\u00f6nnen Sie sicher sein, dass alle Prozessschritte miteinander verbunden sind. Zum Beispiel vertragen sich einige Inhaltsstoffe von Nahrungserg\u00e4nzungsmitteln nicht mit bestimmten Materialien oder Verarbeitungstechniken.&nbsp;<\/span><\/p>\n<p><span style=\"font-weight: 400;\">Was sind die Vorteile einer Blasenbildung bei Ihren Nahrungserg\u00e4nzungsmitteln?<\/span><\/p>\n<h2>Vorteile der Blisterpackung<\/h2>\n<p><span style=\"font-weight: 400;\">Was sind die Vorteile von<strong> Blisterpackungen<\/strong> im Vergleich zu Tabletten oder Kapseln ohne Blisterverpackung? Sie k\u00f6nnen aus verschiedenen Gr\u00fcnden erw\u00e4gen, den zus\u00e4tzlichen Produktionsschritt, das Blistern, nach dem Verkapseln oder Tablettieren zu durchlaufen. Wir heben einige f\u00fcr Sie hervor.<\/span><\/p>\n<h3>&nbsp;<\/h3>\n<ul>\n<li aria-level=\"1\">\n<h3>Stapelbare Verpackung<\/h3>\n<\/li>\n<\/ul>\n<p><span style=\"font-weight: 400;\">Blisterverpackungen sind logistisch sehr praktisch. Tabletten oder Kapseln landen bald in gr\u00f6\u00dferen Gl\u00e4sern. Anders funktioniert das bei Blisterpackungen. Das Scannen und Stapeln von rechteckigen, flachen Kartons ist einfacher als bei runden, hohen T\u00f6pfen. Der Vertrieb dieser Boxen ist daher einfacher und kosteng\u00fcnstiger.<\/span><\/p>\n<ul>\n<li>\n<h3>Pa\u00dft durch den Briefkasten<\/h3>\n<\/li>\n<\/ul>\n<p><span style=\"font-weight: 400;\">Die flachen Blister haben noch einen weiteren gro\u00dfen Vorteil: Sie passen durch den Briefkasten. Dadurch wird der Versand von (tierischen) Nahrungserg\u00e4nzungsmitteln an Kunden g\u00fcnstiger und einfacher. Au\u00dferdem muss f\u00fcr den Empfang niemand zu Hause sein.<\/span><\/p>\n<ul>\n<li aria-level=\"1\">\n<h3>Einzigartiger Look<\/h3>\n<\/li>\n<\/ul>\n<p><span style=\"font-weight: 400;\">Das Aufblasen Ihrer Nahrungserg\u00e4nzungsmittel bringt auch kommerzielle Vorteile. Einige Unternehmen entscheiden sich f\u00fcr die Blisterverpackung wegen eines zuverl\u00e4ssigen, luxuri\u00f6sen Aussehens. Der Karton sieht daher ganz anders aus als beispielsweise ein Plastiktiegel mit Tabletten. Es bietet auch andere M\u00f6glichkeiten f\u00fcr das Branding, da Sie die gesamte Schachtel bedrucken k\u00f6nnen.&nbsp;<\/span><\/p>\n<ul>\n<li aria-level=\"1\">\n<h3>L\u00e4ngere Haltbarkeitsdauer<\/h3>\n<\/li>\n<\/ul>\n<p><span style=\"font-weight: 400;\">Der letzte, aber vielleicht wertvollste Vorteil liegt in der Vakuumverpackung. Durch verpackung im Blister von Kapseln oder Tabletten bleiben diese l\u00e4nger haltbar und lassen sich sehr leicht aus der Packung dr\u00fccken. Dieser zus\u00e4tzliche Produktionsschritt tr\u00e4gt dazu bei, in Zukunft Verschwendung zu vermeiden. Au\u00dferdem sch\u00fctzen Sie die Nahrungserg\u00e4nzungsmittel vor \u00e4u\u00dferen Einfl\u00fcssen, wie zum Beispiel Feuchtigkeit.<\/span><\/p>\n<h2>Blister mit verschiedenen Materialien<img decoding=\"async\" class=\"alignleft wp-image-2130\" src=\"https:\/\/skelsupplements.nl\/new\/wp-content\/uploads\/2021\/05\/blisterverpakking.jpg\" alt=\"Blisterpackung\" width=\"500\" height=\"750\" data-cmp-ab=\"2\" data-cmp-info=\"10\" srcset=\"https:\/\/skelsupplements.nl\/wp-content\/uploads\/2021\/05\/blisterverpakking.jpg 533w, https:\/\/skelsupplements.nl\/wp-content\/uploads\/2021\/05\/blisterverpakking-200x300.jpg 200w\" sizes=\"(max-width: 500px) 100vw, 500px\" \/><\/h2>\n<p><span style=\"font-weight: 400;\">Sie haben Ideen zu gew\u00fcnschten Blistermaterialien? SKEL Supplements bietet viele M\u00f6glichkeiten bei Materialien. Es gibt beispielsweise Blisterverpackungen aus PVC oder Aluminium oder einer Kombination aus beidem. Aber es gibt noch mehr M\u00f6glichkeiten. Lassen Sie uns wissen, was Sie bevorzugen und wir schauen gemeinsam, was m\u00f6glich ist.<\/span><\/p>\n<p><span style=\"font-weight: 400;\">Bitte beachten Sie, dass es nicht in allen F\u00e4llen m\u00f6glich ist, Aluminium f\u00fcr die Blisterverpackung zu verwenden. Die Wirkstoffe in bestimmten Blistertabletten k\u00f6nnen mit diesem Material unerw\u00fcnschte Reaktionen hervorrufen. Wir freuen uns, mit Ihnen dar\u00fcber nachzudenken.&nbsp;<\/span><\/p>\n<h2>Ihr bevorzugtes Format<\/h2>\n<p><span style=\"font-weight: 400;\">Bei SKEL Supplements versuchen wir immer, die Gr\u00f6\u00dfenanforderungen unserer Kunden zu erf\u00fcllen. Blister ist mit allen Kapsel- und Tablettengr\u00f6\u00dfen m\u00f6glich. Auch bei der Gestaltung des Blisters gibt es mehrere M\u00f6glichkeiten.&nbsp;<\/span><\/p>\n<h2>Blister eine kleinere Auflage?<\/h2>\n<p><span style=\"font-weight: 400;\">Es ist nicht immer m\u00f6glich, kleinere Auflagen zu verblistern. Der Produktionsprozess, die Kosten f\u00fcr die Einrichtung der Maschine und die Materialkosten lassen dies in manchen F\u00e4llen nicht zu. W\u00e4hrend eines <\/span><span style=\"font-weight: 400;\">unverbindliches Gespr\u00e4ch<\/span> <span style=\"font-weight: 400;\">besprechen wir gerne die M\u00f6glichkeiten.&nbsp;<\/span><\/p>\n<h2>Einkapseln, Tablettierung und Blisterverpackung<\/h2>\n<p><span style=\"font-weight: 400;\">SKEL Supplements nimmt Ihnen den gesamten Produktionsprozess ab: von der Granulierung bis zur Blisterverpackung. Dank unserer langj\u00e4hrigen Erfahrung wissen wir wovon wir sprechen. Nach dem <\/span><span style=\"font-weight: 400;\">einkapseln<\/span><span style=\"font-weight: 400;\"> und <\/span><span style=\"font-weight: 400;\">tablettierung<\/span><span style=\"font-weight: 400;\">, verpacken wir Ihre Nahrungserg\u00e4nzungsmittel nach Ihren W\u00fcnschen. Wir beraten Sie daher gerne zu den unterschiedlichen M\u00f6glichkeiten der Materialien und Herstellungstechniken f\u00fcr Ihre Nahrungserg\u00e4nzungsmittel. Wenn Ihnen eine Blisterverpackung eine gute Option erscheint, beraten wir Sie gerne weiter.<\/span><\/p>\n<h2>Blisterverpackungen mit Ihrem eigenen Logo herstellen<\/h2>\n<p><span style=\"font-weight: 400;\">Wird Ihr Pr\u00e4parat bald im Handel erh\u00e4ltlich sein oder werden Sie es \u00fcber Ihre eigene Website verkaufen? Was auch immer Ihre Pl\u00e4ne sind, Marketing und Branding sind notwendig. Was soll Ihre Blisterverpackung beim Kunden ausstrahlen? Wir bedrucken Blisterverpackungen ganz nach Ihren W\u00fcnschen. Wir verarbeiten zum Beispiel Ihr Logo, Hausfarben und Produktinformationen.<\/span><\/p>\n<p><span style=\"font-weight: 400;\">Sie sind neugierig auf die Blisterm\u00f6glichkeiten f\u00fcr Ihr Produkt, sind sich noch unsicher oder haben andere Fragen zum Thema Blister? SKEL Supplements denkt gerne mit. Kontaktieren <\/span><span style=\"font-weight: 400;\">Sie gerne<\/span> <span style=\"font-weight: 400;\">einen der unserer internen Spezialisten<\/span><\/p>\t\t\t\t\t\t\t\t<\/div>\n\t\t\t\t<\/div>\n\t\t\t\t<div class=\"elementor-element elementor-element-b7afba5 elementor-widget elementor-widget-spacer\" data-id=\"b7afba5\" data-element_type=\"widget\" data-e-type=\"widget\" data-widget_type=\"spacer.default\">\n\t\t\t\t<div class=\"elementor-widget-container\">\n\t\t\t\t\t\t\t<div class=\"elementor-spacer\">\n\t\t\t<div class=\"elementor-spacer-inner\"><\/div>\n\t\t<\/div>\n\t\t\t\t\t\t<\/div>\n\t\t\t\t<\/div>\n\t\t\t\t\t<\/div>\n\t\t<\/div>\n\t\t\t\t\t<\/div>\n\t\t<\/section>\n\t\t\t\t<\/div>\n\t\t","protected":false},"excerpt":{"rendered":"<p>Blisterverpackung Halten Sie die Blisterpackung&nbsp;Ihrer Tabletten oder Kapseln f\u00fcr eine gute Idee? Blisterverpackungen bestehen aus zwei Materialschichten, zwischen denen sich vakuumgeformte &#8222;Bl\u00e4schen&#8220; bilden. Ihre Kapseln oder Tabletten werden in diesen&#8230;<\/p>\n","protected":false},"author":1,"featured_media":3323,"parent":0,"menu_order":0,"comment_status":"closed","ping_status":"closed","template":"","meta":{"footnotes":""},"class_list":["post-3750","page","type-page","status-publish","has-post-thumbnail"],"yoast_head":"<!-- This site is optimized with the Yoast SEO plugin v27.4 - https:\/\/yoast.com\/product\/yoast-seo-wordpress\/ -->\n<title>Blisterverpackung bei Nahrungserg\u00e4nzungsmitteln<\/title>\n<meta name=\"description\" content=\"Blisterverpackung herstellen lassen | SKEL Supplements | Outsourcen Sie den gesamten Produktionsprozess | \u2705 Lange Haltbarkeit \u2705 Stapelbar \u2705 Briefkastengr\u00f6\u00dfe \u2705\" \/>\n<meta name=\"robots\" content=\"index, follow, max-snippet:-1, max-image-preview:large, max-video-preview:-1\" \/>\n<link rel=\"canonical\" href=\"https:\/\/skelsupplements.nl\/de\/blisterpackung\/\" \/>\n<meta property=\"og:locale\" content=\"de_DE\" \/>\n<meta property=\"og:type\" content=\"article\" \/>\n<meta property=\"og:title\" content=\"Blisterverpackung bei Nahrungserg\u00e4nzungsmitteln\" \/>\n<meta property=\"og:description\" content=\"Blisterverpackung herstellen lassen | SKEL Supplements | Outsourcen Sie den gesamten Produktionsprozess | \u2705 Lange Haltbarkeit \u2705 Stapelbar \u2705 Briefkastengr\u00f6\u00dfe \u2705\" \/>\n<meta property=\"og:url\" content=\"https:\/\/skelsupplements.nl\/de\/blisterpackung\/\" \/>\n<meta property=\"og:site_name\" content=\"SKEL Supplements\" \/>\n<meta property=\"article:modified_time\" content=\"2024-03-01T13:37:56+00:00\" \/>\n<meta property=\"og:image\" content=\"https:\/\/skelsupplements.nl\/wp-content\/uploads\/2021\/05\/blisteren.jpg\" \/>\n\t<meta property=\"og:image:width\" content=\"800\" \/>\n\t<meta property=\"og:image:height\" content=\"556\" \/>\n\t<meta property=\"og:image:type\" content=\"image\/jpeg\" \/>\n<meta name=\"twitter:card\" content=\"summary_large_image\" \/>\n<meta name=\"twitter:label1\" content=\"Gesch\u00e4tzte Lesezeit\" \/>\n\t<meta name=\"twitter:data1\" content=\"5\u00a0Minuten\" \/>\n<script type=\"application\/ld+json\" class=\"yoast-schema-graph\">{\"@context\":\"https:\\\/\\\/schema.org\",\"@graph\":[{\"@type\":\"WebPage\",\"@id\":\"https:\\\/\\\/skelsupplements.nl\\\/de\\\/blisterpackung\\\/\",\"url\":\"https:\\\/\\\/skelsupplements.nl\\\/de\\\/blisterpackung\\\/\",\"name\":\"Blisterverpackung bei Nahrungserg\u00e4nzungsmitteln\",\"isPartOf\":{\"@id\":\"https:\\\/\\\/skelsupplements.nl\\\/de\\\/#website\"},\"primaryImageOfPage\":{\"@id\":\"https:\\\/\\\/skelsupplements.nl\\\/de\\\/blisterpackung\\\/#primaryimage\"},\"image\":{\"@id\":\"https:\\\/\\\/skelsupplements.nl\\\/de\\\/blisterpackung\\\/#primaryimage\"},\"thumbnailUrl\":\"https:\\\/\\\/skelsupplements.nl\\\/wp-content\\\/uploads\\\/2021\\\/05\\\/blisteren.jpg\",\"datePublished\":\"2021-07-11T15:26:57+00:00\",\"dateModified\":\"2024-03-01T13:37:56+00:00\",\"description\":\"Blisterverpackung herstellen lassen | SKEL Supplements | Outsourcen Sie den gesamten Produktionsprozess | \u2705 Lange Haltbarkeit \u2705 Stapelbar \u2705 Briefkastengr\u00f6\u00dfe \u2705\",\"breadcrumb\":{\"@id\":\"https:\\\/\\\/skelsupplements.nl\\\/de\\\/blisterpackung\\\/#breadcrumb\"},\"inLanguage\":\"de\",\"potentialAction\":[{\"@type\":\"ReadAction\",\"target\":[\"https:\\\/\\\/skelsupplements.nl\\\/de\\\/blisterpackung\\\/\"]}]},{\"@type\":\"ImageObject\",\"inLanguage\":\"de\",\"@id\":\"https:\\\/\\\/skelsupplements.nl\\\/de\\\/blisterpackung\\\/#primaryimage\",\"url\":\"https:\\\/\\\/skelsupplements.nl\\\/wp-content\\\/uploads\\\/2021\\\/05\\\/blisteren.jpg\",\"contentUrl\":\"https:\\\/\\\/skelsupplements.nl\\\/wp-content\\\/uploads\\\/2021\\\/05\\\/blisteren.jpg\",\"width\":800,\"height\":556,\"caption\":\"Blase\"},{\"@type\":\"BreadcrumbList\",\"@id\":\"https:\\\/\\\/skelsupplements.nl\\\/de\\\/blisterpackung\\\/#breadcrumb\",\"itemListElement\":[{\"@type\":\"ListItem\",\"position\":1,\"name\":\"Home\",\"item\":\"https:\\\/\\\/skelsupplements.nl\\\/de\\\/\"},{\"@type\":\"ListItem\",\"position\":2,\"name\":\"Blisterverpackung\"}]},{\"@type\":\"WebSite\",\"@id\":\"https:\\\/\\\/skelsupplements.nl\\\/de\\\/#website\",\"url\":\"https:\\\/\\\/skelsupplements.nl\\\/de\\\/\",\"name\":\"SKEL Supplements | Private label supplementen producent\",\"description\":\"Verpakken van supplementen\",\"publisher\":{\"@id\":\"https:\\\/\\\/skelsupplements.nl\\\/de\\\/#organization\"},\"potentialAction\":[{\"@type\":\"SearchAction\",\"target\":{\"@type\":\"EntryPoint\",\"urlTemplate\":\"https:\\\/\\\/skelsupplements.nl\\\/de\\\/?s={search_term_string}\"},\"query-input\":{\"@type\":\"PropertyValueSpecification\",\"valueRequired\":true,\"valueName\":\"search_term_string\"}}],\"inLanguage\":\"de\"},{\"@type\":\"Organization\",\"@id\":\"https:\\\/\\\/skelsupplements.nl\\\/de\\\/#organization\",\"name\":\"SKEL Supplements\",\"url\":\"https:\\\/\\\/skelsupplements.nl\\\/de\\\/\",\"logo\":{\"@type\":\"ImageObject\",\"inLanguage\":\"de\",\"@id\":\"https:\\\/\\\/skelsupplements.nl\\\/de\\\/#\\\/schema\\\/logo\\\/image\\\/\",\"url\":\"\",\"contentUrl\":\"\",\"caption\":\"SKEL Supplements\"},\"image\":{\"@id\":\"https:\\\/\\\/skelsupplements.nl\\\/de\\\/#\\\/schema\\\/logo\\\/image\\\/\"}}]}<\/script>\n<!-- \/ Yoast SEO plugin. -->","yoast_head_json":{"title":"Blisterverpackung bei Nahrungserg\u00e4nzungsmitteln","description":"Blisterverpackung herstellen lassen | SKEL Supplements | Outsourcen Sie den gesamten Produktionsprozess | \u2705 Lange Haltbarkeit \u2705 Stapelbar \u2705 Briefkastengr\u00f6\u00dfe \u2705","robots":{"index":"index","follow":"follow","max-snippet":"max-snippet:-1","max-image-preview":"max-image-preview:large","max-video-preview":"max-video-preview:-1"},"canonical":"https:\/\/skelsupplements.nl\/de\/blisterpackung\/","og_locale":"de_DE","og_type":"article","og_title":"Blisterverpackung bei Nahrungserg\u00e4nzungsmitteln","og_description":"Blisterverpackung herstellen lassen | SKEL Supplements | Outsourcen Sie den gesamten Produktionsprozess | \u2705 Lange Haltbarkeit \u2705 Stapelbar \u2705 Briefkastengr\u00f6\u00dfe \u2705","og_url":"https:\/\/skelsupplements.nl\/de\/blisterpackung\/","og_site_name":"SKEL Supplements","article_modified_time":"2024-03-01T13:37:56+00:00","og_image":[{"width":800,"height":556,"url":"https:\/\/skelsupplements.nl\/wp-content\/uploads\/2021\/05\/blisteren.jpg","type":"image\/jpeg"}],"twitter_card":"summary_large_image","twitter_misc":{"Gesch\u00e4tzte Lesezeit":"5\u00a0Minuten"},"schema":{"@context":"https:\/\/schema.org","@graph":[{"@type":"WebPage","@id":"https:\/\/skelsupplements.nl\/de\/blisterpackung\/","url":"https:\/\/skelsupplements.nl\/de\/blisterpackung\/","name":"Blisterverpackung bei Nahrungserg\u00e4nzungsmitteln","isPartOf":{"@id":"https:\/\/skelsupplements.nl\/de\/#website"},"primaryImageOfPage":{"@id":"https:\/\/skelsupplements.nl\/de\/blisterpackung\/#primaryimage"},"image":{"@id":"https:\/\/skelsupplements.nl\/de\/blisterpackung\/#primaryimage"},"thumbnailUrl":"https:\/\/skelsupplements.nl\/wp-content\/uploads\/2021\/05\/blisteren.jpg","datePublished":"2021-07-11T15:26:57+00:00","dateModified":"2024-03-01T13:37:56+00:00","description":"Blisterverpackung herstellen lassen | SKEL Supplements | Outsourcen Sie den gesamten Produktionsprozess | \u2705 Lange Haltbarkeit \u2705 Stapelbar \u2705 Briefkastengr\u00f6\u00dfe \u2705","breadcrumb":{"@id":"https:\/\/skelsupplements.nl\/de\/blisterpackung\/#breadcrumb"},"inLanguage":"de","potentialAction":[{"@type":"ReadAction","target":["https:\/\/skelsupplements.nl\/de\/blisterpackung\/"]}]},{"@type":"ImageObject","inLanguage":"de","@id":"https:\/\/skelsupplements.nl\/de\/blisterpackung\/#primaryimage","url":"https:\/\/skelsupplements.nl\/wp-content\/uploads\/2021\/05\/blisteren.jpg","contentUrl":"https:\/\/skelsupplements.nl\/wp-content\/uploads\/2021\/05\/blisteren.jpg","width":800,"height":556,"caption":"Blase"},{"@type":"BreadcrumbList","@id":"https:\/\/skelsupplements.nl\/de\/blisterpackung\/#breadcrumb","itemListElement":[{"@type":"ListItem","position":1,"name":"Home","item":"https:\/\/skelsupplements.nl\/de\/"},{"@type":"ListItem","position":2,"name":"Blisterverpackung"}]},{"@type":"WebSite","@id":"https:\/\/skelsupplements.nl\/de\/#website","url":"https:\/\/skelsupplements.nl\/de\/","name":"SKEL Supplements | Private label supplementen producent","description":"Verpakken van supplementen","publisher":{"@id":"https:\/\/skelsupplements.nl\/de\/#organization"},"potentialAction":[{"@type":"SearchAction","target":{"@type":"EntryPoint","urlTemplate":"https:\/\/skelsupplements.nl\/de\/?s={search_term_string}"},"query-input":{"@type":"PropertyValueSpecification","valueRequired":true,"valueName":"search_term_string"}}],"inLanguage":"de"},{"@type":"Organization","@id":"https:\/\/skelsupplements.nl\/de\/#organization","name":"SKEL Supplements","url":"https:\/\/skelsupplements.nl\/de\/","logo":{"@type":"ImageObject","inLanguage":"de","@id":"https:\/\/skelsupplements.nl\/de\/#\/schema\/logo\/image\/","url":"","contentUrl":"","caption":"SKEL Supplements"},"image":{"@id":"https:\/\/skelsupplements.nl\/de\/#\/schema\/logo\/image\/"}}]}},"_links":{"self":[{"href":"https:\/\/skelsupplements.nl\/de\/wp-json\/wp\/v2\/pages\/3750","targetHints":{"allow":["GET"]}}],"collection":[{"href":"https:\/\/skelsupplements.nl\/de\/wp-json\/wp\/v2\/pages"}],"about":[{"href":"https:\/\/skelsupplements.nl\/de\/wp-json\/wp\/v2\/types\/page"}],"author":[{"embeddable":true,"href":"https:\/\/skelsupplements.nl\/de\/wp-json\/wp\/v2\/users\/1"}],"replies":[{"embeddable":true,"href":"https:\/\/skelsupplements.nl\/de\/wp-json\/wp\/v2\/comments?post=3750"}],"version-history":[{"count":0,"href":"https:\/\/skelsupplements.nl\/de\/wp-json\/wp\/v2\/pages\/3750\/revisions"}],"wp:featuredmedia":[{"embeddable":true,"href":"https:\/\/skelsupplements.nl\/de\/wp-json\/wp\/v2\/media\/3323"}],"wp:attachment":[{"href":"https:\/\/skelsupplements.nl\/de\/wp-json\/wp\/v2\/media?parent=3750"}],"curies":[{"name":"wp","href":"https:\/\/api.w.org\/{rel}","templated":true}]}}