{"id":3756,"date":"2021-07-11T17:26:58","date_gmt":"2021-07-11T15:26:58","guid":{"rendered":"https:\/\/skelsupplements.nl\/kapsel\/"},"modified":"2024-03-01T13:30:18","modified_gmt":"2024-03-01T12:30:18","slug":"kapsel","status":"publish","type":"page","link":"https:\/\/skelsupplements.nl\/de\/kapsel\/","title":{"rendered":"Kapseln"},"content":{"rendered":"\t\t<div data-elementor-type=\"wp-post\" data-elementor-id=\"3756\" class=\"elementor elementor-3756 elementor-2144\" data-elementor-post-type=\"page\">\n\t\t\t\t\t\t<section class=\"elementor-section elementor-top-section elementor-element elementor-element-2d545caf elementor-section-full_width elementor-section-height-min-height elementor-section-stretched elementor-section-height-default elementor-section-items-middle\" data-id=\"2d545caf\" data-element_type=\"section\" data-e-type=\"section\" data-settings=\"{&quot;stretch_section&quot;:&quot;section-stretched&quot;,&quot;background_background&quot;:&quot;classic&quot;,&quot;background_motion_fx_motion_fx_scrolling&quot;:&quot;yes&quot;,&quot;background_motion_fx_translateY_effect&quot;:&quot;yes&quot;,&quot;background_motion_fx_translateY_direction&quot;:&quot;negative&quot;,&quot;background_motion_fx_translateY_speed&quot;:{&quot;unit&quot;:&quot;px&quot;,&quot;size&quot;:4,&quot;sizes&quot;:[]},&quot;background_motion_fx_translateY_affectedRange&quot;:{&quot;unit&quot;:&quot;%&quot;,&quot;size&quot;:&quot;&quot;,&quot;sizes&quot;:{&quot;start&quot;:0,&quot;end&quot;:100}},&quot;background_motion_fx_devices&quot;:[&quot;desktop&quot;,&quot;tablet&quot;,&quot;mobile&quot;]}\">\n\t\t\t\t\t\t<div class=\"elementor-container elementor-column-gap-default\">\n\t\t\t\t\t<div class=\"elementor-column elementor-col-100 elementor-top-column elementor-element elementor-element-5169cb31\" data-id=\"5169cb31\" data-element_type=\"column\" data-e-type=\"column\">\n\t\t\t<div class=\"elementor-widget-wrap\">\n\t\t\t\t\t\t\t<\/div>\n\t\t<\/div>\n\t\t\t\t\t<\/div>\n\t\t<\/section>\n\t\t\t\t<section class=\"elementor-section elementor-top-section elementor-element elementor-element-073012a elementor-section-stretched elementor-section-boxed elementor-section-height-default elementor-section-height-default\" data-id=\"073012a\" data-element_type=\"section\" data-e-type=\"section\" data-settings=\"{&quot;stretch_section&quot;:&quot;section-stretched&quot;,&quot;background_background&quot;:&quot;classic&quot;}\">\n\t\t\t\t\t\t<div class=\"elementor-container elementor-column-gap-extended\">\n\t\t\t\t\t<div class=\"elementor-column elementor-col-100 elementor-top-column elementor-element elementor-element-b33df8d\" data-id=\"b33df8d\" data-element_type=\"column\" data-e-type=\"column\">\n\t\t\t<div class=\"elementor-widget-wrap elementor-element-populated\">\n\t\t\t\t\t\t<div class=\"elementor-element elementor-element-eaac391 elementor-widget elementor-widget-heading\" data-id=\"eaac391\" data-element_type=\"widget\" data-e-type=\"widget\" data-widget_type=\"heading.default\">\n\t\t\t\t<div class=\"elementor-widget-container\">\n\t\t\t\t\t<h1 class=\"elementor-heading-title elementor-size-large\">Kapseln<\/h1>\t\t\t\t<\/div>\n\t\t\t\t<\/div>\n\t\t\t\t\t<\/div>\n\t\t<\/div>\n\t\t\t\t\t<\/div>\n\t\t<\/section>\n\t\t\t\t<section class=\"elementor-section elementor-top-section elementor-element elementor-element-2de4f4f elementor-section-stretched elementor-section-boxed elementor-section-height-default elementor-section-height-default\" data-id=\"2de4f4f\" data-element_type=\"section\" data-e-type=\"section\" data-settings=\"{&quot;stretch_section&quot;:&quot;section-stretched&quot;,&quot;background_background&quot;:&quot;classic&quot;}\">\n\t\t\t\t\t\t<div class=\"elementor-container elementor-column-gap-extended\">\n\t\t\t\t\t<div class=\"elementor-column elementor-col-100 elementor-top-column elementor-element elementor-element-08df4fa\" data-id=\"08df4fa\" data-element_type=\"column\" data-e-type=\"column\">\n\t\t\t<div class=\"elementor-widget-wrap elementor-element-populated\">\n\t\t\t\t\t\t<div class=\"elementor-element elementor-element-a9aadaa elementor-widget elementor-widget-breadcrumbs\" data-id=\"a9aadaa\" data-element_type=\"widget\" data-e-type=\"widget\" data-widget_type=\"breadcrumbs.default\">\n\t\t\t\t<div class=\"elementor-widget-container\">\n\t\t\t\t\t<p id=\"breadcrumbs\"><span><span><a href=\"https:\/\/skelsupplements.nl\/de\/\">Home<\/a><\/span><\/span><\/p>\t\t\t\t<\/div>\n\t\t\t\t<\/div>\n\t\t\t\t\t<\/div>\n\t\t<\/div>\n\t\t\t\t\t<\/div>\n\t\t<\/section>\n\t\t\t\t<section class=\"elementor-section elementor-top-section elementor-element elementor-element-6503adf elementor-section-stretched elementor-section-boxed elementor-section-height-default elementor-section-height-default\" data-id=\"6503adf\" data-element_type=\"section\" data-e-type=\"section\" data-settings=\"{&quot;stretch_section&quot;:&quot;section-stretched&quot;,&quot;background_background&quot;:&quot;classic&quot;}\">\n\t\t\t\t\t\t<div class=\"elementor-container elementor-column-gap-extended\">\n\t\t\t\t\t<div class=\"elementor-column elementor-col-100 elementor-top-column elementor-element elementor-element-94133c2\" data-id=\"94133c2\" data-element_type=\"column\" data-e-type=\"column\" data-settings=\"{&quot;animation&quot;:&quot;none&quot;}\">\n\t\t\t<div class=\"elementor-widget-wrap elementor-element-populated\">\n\t\t\t\t\t\t<div class=\"elementor-element elementor-element-5afcd70 elementor-widget elementor-widget-text-editor\" data-id=\"5afcd70\" data-element_type=\"widget\" data-e-type=\"widget\" data-widget_type=\"text-editor.default\">\n\t\t\t\t<div class=\"elementor-widget-container\">\n\t\t\t\t\t\t\t\t\t<p><span style=\"font-weight: 400;\"><img fetchpriority=\"high\" decoding=\"async\" class=\"alignright wp-image-2154\" src=\"https:\/\/skelsupplements.nl\/new\/wp-content\/uploads\/2021\/05\/capsules-laten-maken.jpg\" alt=\"Kapseln herstellen lassen\" width=\"501\" height=\"403\" srcset=\"https:\/\/skelsupplements.nl\/wp-content\/uploads\/2021\/05\/capsules-laten-maken.jpg 800w, https:\/\/skelsupplements.nl\/wp-content\/uploads\/2021\/05\/capsules-laten-maken-300x242.jpg 300w, https:\/\/skelsupplements.nl\/wp-content\/uploads\/2021\/05\/capsules-laten-maken-768x618.jpg 768w, https:\/\/skelsupplements.nl\/wp-content\/uploads\/2021\/05\/capsules-laten-maken-600x483.jpg 600w, https:\/\/skelsupplements.nl\/wp-content\/uploads\/2021\/05\/capsules-laten-maken-200x161.jpg 200w\" sizes=\"(max-width: 501px) 100vw, 501px\" \/>Interessieren Sie sich f\u00fcr <strong>kapseln<\/strong> ? Bevor Sie eine Erg\u00e4nzung vermarkten, w\u00e4hlen Sie aus, wie Ihr Produkt verarbeitet werden soll. Sie m\u00f6chten unangenehme Geschm\u00e4cker isolieren oder die Wirkstoffaufnahme beeinflussen? Dann kann Kapseln eine gute Idee sein. Der \u00dcberzug der Kapsel l\u00f6st sich im Magen weniger schnell auf und erleichtert durch die glatte Struktur das Schlucken.<\/span><\/p>\n<h2><span style=\"font-weight: 400;\">Kapseln herstellen lassen<\/span><\/h2>\n<p><span style=\"font-weight: 400;\">W\u00fcrdest du<strong> kapseln herstellen lassen<\/strong> ? SKEL Supplements ist Ihr Produktions- und Verpackungspartner f\u00fcr Nahrungserg\u00e4nzungsmittel oder andere Produkte, die Sie in Kapselform vermarkten m\u00f6chten. Wir arbeiten mit Gelen, Pulvern und Granulaten f\u00fcr Mensch und Tier. Kapseln k\u00f6nnen mit verschiedenen Kapseltypen, in verschiedenen Materialien, Gr\u00f6\u00dfen und Farben hergestellt werden. Auch gezieltes Branding ist bei uns m\u00f6glich.<\/span><\/p>\n<p><span style=\"font-weight: 400;\">Bei SKEL Supplements sind wir bestrebt, unseren Kunden die hochwertigsten und sichersten Kapseln anzubieten. Sind Sie neugierig, was wir in diesem Bereich f\u00fcr Sie tun k\u00f6nnen? Dazu erz\u00e4hlen wir Ihnen gerne mehr.<\/span><\/p>\n<p><span style=\"font-weight: 400;\">&nbsp;<\/span><\/p>\n<h2>Unternehmen, das Sie an die erste Stelle setzt<\/h2>\n<p><span style=\"font-weight: 400;\">Ihre Anforderungen und W\u00fcnsche stehen bei uns an erster Stelle. Gerne denken wir \u00fcber die Kapseln m\u00f6glichkeiten mit und \u00fcbernehmen bei Bedarf den gesamten Produktionsprozess. Sie liefern uns Ihr Rezept, wir liefern dann die Kapseln.<\/span><\/p>\n<p><span style=\"font-weight: 400;\">SKEL Supplements bietet Ihnen mehrere Vorteile beim Verkapselungsprozess:<\/span><\/p>\n<ul>\n<li><span style=\"font-weight: 400;\"><span style=\"font-weight: 400;\">Wir arbeiten mit verschiedenen Labors zusammen, damit wir \u00fcber das richtige Wissen f\u00fcr die Analyse, Herstellung und Verkapselung Ihrer Nahrungserg\u00e4nzungsmittel verf\u00fcgen;<\/span><\/span><\/li>\n<li><span style=\"font-weight: 400;\"><span style=\"font-weight: 400;\">Dank unseres Wissens und unserer Erfahrung k\u00f6nnen wir Sie bez\u00fcglich des Verkapselungsprozesses und der Kapselart, die zu Ihrem gew\u00fcnschten Endprodukt passt, beraten;<\/span><\/span><\/li>\n<li><span style=\"font-weight: 400;\">Wir bieten verschiedene Branding-Optionen an. Auf Wunsch verarbeiten wir sogar Ihr Logo auf den Kapseln.<\/span><\/li>\n<\/ul>\n<p><b>&nbsp;<\/b><\/p>\n<h2>Herstellung von Kapseln mit hochwertigen Produktionsmethoden<\/h2>\n<p><span style=\"font-weight: 400;\">Neben Ihren W\u00fcnschen wird bei SKEL Supplements die Qualit\u00e4t der Kapseln gro\u00df geschrieben. W\u00e4hrend des Verkapselungsprozesses wird das fertige Produkt kontinuierlich \u00fcberpr\u00fcft, gegebenenfalls angepasst und die Ergebnisse der Proben protokolliert. Dies garantiert minimale Abweichungen im Gewicht und letztendlich in der Dosierung. Dadurch garantieren wir nicht nur eine hohe Kapselqualit\u00e4t, sondern auch eine optimale Dosierung f\u00fcr den Endverbraucher.<\/span><\/p>\n<p><span style=\"font-weight: 400;\">&nbsp;<\/span><\/p>\n<p><span style=\"font-weight: 400;\">Unsere Maschinen arbeiten mit unterschiedlichen Materialien. Wir empfehlen f\u00fcr jede Anwendung unterschiedliche Kapselmaterialien. Diese Empfehlung ist sehr konkret: Z\u00f6gern Sie nicht, uns zu kontaktieren. Sind Sie neugierig auf die verschiedenen Materialien, die wir liefern? Mehr dazu finden Sie unter der Rubrik \u201everschiedene Kapseltypen\u201c.<\/span><\/p>\n<p><span style=\"font-weight: 400;\">&nbsp;<\/span><\/p>\n<h2><img decoding=\"async\" class=\"alignleft wp-image-2160\" src=\"https:\/\/skelsupplements.nl\/new\/wp-content\/uploads\/2021\/05\/capsules-produceren-1.jpg\" alt=\"Kapseln herstellen\" width=\"380\" height=\"844\" srcset=\"https:\/\/skelsupplements.nl\/wp-content\/uploads\/2021\/05\/capsules-produceren-1.jpg 450w, https:\/\/skelsupplements.nl\/wp-content\/uploads\/2021\/05\/capsules-produceren-1-135x300.jpg 135w, https:\/\/skelsupplements.nl\/wp-content\/uploads\/2021\/05\/capsules-produceren-1-200x444.jpg 200w\" sizes=\"(max-width: 380px) 100vw, 380px\" \/>Verschiedene Arten von Kapseln<\/h2>\n<p><span style=\"font-weight: 400;\">Die Art der Kapsel h\u00e4ngt vom Material ab, aus dem sie besteht. Bei SKEL Supplements k\u00f6nnen wir Ihr Produkt in drei Kapseltypen verarbeiten: HGC-Kapseln, HPMC-Kapseln und Polymerkapseln.<\/span><\/p>\n<p><span style=\"font-weight: 400;\">&nbsp;<\/span><\/p>\n<ul>\n<li>\n<h3>HGC-Kapseln<\/h3>\n<\/li>\n<\/ul>\n<p><span style=\"font-weight: 400;\">Die Abk\u00fcrzung HGC steht eigentlich f\u00fcr<\/span><i><span style=\"font-weight: 400;\"> Hartgelatinekapseln.<\/span><\/i><span style=\"font-weight: 400;\"> Sie kennen diese Kapseln wahrscheinlich bereits. Es handelt sich um Hartkapseln auf Gelatinebasis, in denen oft Pulver abgemessen werden. HGC-Kapseln werden immer noch weltweit verwendet, insbesondere in der Pharmaindustrie. Diese Art von Kapseln ist aufgrund ihres tierischen Ursprungs inzwischen weniger interessant.<\/span><\/p>\n<p><b>&nbsp;<\/b><\/p>\n<ul>\n<li>\n<h3>HPMC-Kapseln<\/h3>\n<\/li>\n<\/ul>\n<p><span style=\"font-weight: 400;\">Wenn wir von HPMC-Kapseln sprechen, meinen wir eigentlich das Material HydroxyPropylMethylCellulose oder Hypromellose und es wird aus Holzzellstoff gewonnen. Es ist ein viskoelastisches Polymer, das neben Kapseln beispielsweise in Augentropfen verwendet wird. Tats\u00e4chlich ist es eine erfolgreiche Alternative zu tierischer Gelatine (HGC-Kapseln). Kurzum: unsere HPMC-Kapseln sind komplett vegan und au\u00dferdem Koser- und Halal-zertifiziert.<\/span><\/p>\n<p><b>&nbsp;<\/b><\/p>\n<ul>\n<li>\n<h3>Polymerkapseln<\/h3>\n<\/li>\n<\/ul>\n<p><span style=\"font-weight: 400;\">Neben den HGC- und HPMC-Kapseln bieten wir auch Kapseln aus anderen Polymeren an. Mit unserem Fachwissen beraten wir Sie gerne, welche Kapsel f\u00fcr Ihre Anwendung am besten geeignet ist.&nbsp;<\/span><\/p>\n<p><span style=\"font-weight: 400;\"><br><\/span><\/p>\n<p><span style=\"font-weight: 400;\"><br><\/span><\/p>\n<p><span style=\"font-weight: 400;\"><br><\/span><\/p>\n<p><span style=\"font-weight: 400;\">&nbsp;<\/span><\/p>\n<h2>Kapselgr\u00f6\u00dfen und -auflagen<\/h2>\n<p><span style=\"font-weight: 400;\">Nach der Bestimmung Ihres Kapselmaterials besprechen wir die Kapselgr\u00f6\u00dfe. Dies h\u00e4ngt weitgehend von der gew\u00fcnschten Dosierung und Dichte der Zutaten ab. Auch hierzu k\u00f6nnen wir Sie beraten. Die gebr\u00e4uchlichsten und gelieferten Gr\u00f6\u00dfen sind Gr\u00f6\u00dfe 000, Gr\u00f6\u00dfe 00, Gr\u00f6\u00dfe 0 und Gr\u00f6\u00dfe 1. Wenn Sie mit diesen Gr\u00f6\u00dfen nicht vertraut sind, lassen Sie sich von uns \u00fcber die Herstellung von <strong>Kapseln<\/strong> informieren und beraten..<\/span><\/p>\n<p><span style=\"font-weight: 400;\">&nbsp;<\/span><b><\/b><\/p>\n<h2>Lassen Sie Kapseln mit Ihrem eigenen Logo und Ihren eigenen Farben herstellen<\/h2>\n<p><span style=\"font-weight: 400;\">Schlie\u00dflich k\u00f6nnen Sie die Farben Ihrer Kapseln selbst bestimmen und sich so deutlich von der Konkurrenz abheben. Hier sind die M\u00f6glichkeiten endlos. Es ist sogar m\u00f6glich, die Kapseln mit Ihrem eigenen Text oder Logo zu versehen.&nbsp;<\/span><\/p>\n<p><span style=\"font-weight: 400;\">Haben Sie Fragen zu unseren Kapseloptionen oder m\u00f6chten Sie die Optionen besprechen? <\/span><span style=\"font-weight: 400;\">Sie k\u00f6nnen uns gerne kontaktieren.<\/span><\/p>\t\t\t\t\t\t\t\t<\/div>\n\t\t\t\t<\/div>\n\t\t\t\t\t<\/div>\n\t\t<\/div>\n\t\t\t\t\t<\/div>\n\t\t<\/section>\n\t\t\t\t<\/div>\n\t\t","protected":false},"excerpt":{"rendered":"<p>Kapseln Interessieren Sie sich f\u00fcr kapseln ? Bevor Sie eine Erg\u00e4nzung vermarkten, w\u00e4hlen Sie aus, wie Ihr Produkt verarbeitet werden soll. Sie m\u00f6chten unangenehme Geschm\u00e4cker isolieren oder die Wirkstoffaufnahme beeinflussen?&#8230;<\/p>\n","protected":false},"author":1,"featured_media":3329,"parent":0,"menu_order":0,"comment_status":"closed","ping_status":"closed","template":"","meta":{"footnotes":""},"class_list":["post-3756","page","type-page","status-publish","has-post-thumbnail"],"yoast_head":"<!-- This site is optimized with the Yoast SEO plugin v27.4 - https:\/\/yoast.com\/product\/yoast-seo-wordpress\/ -->\n<title>Einkapseln? SKEL Supplements hilft Ihnen gerne weiter.<\/title>\n<meta name=\"description\" content=\"SKEL Supplements | Entwicklung, Produktion und Verpackung | kapseln Nahrungserg\u00e4nzungsmittel \u2705 Eigenmarke \u2705 Verpackung \u2705 Vegan \u2705\" \/>\n<meta name=\"robots\" content=\"index, follow, max-snippet:-1, max-image-preview:large, max-video-preview:-1\" \/>\n<link rel=\"canonical\" href=\"https:\/\/skelsupplements.nl\/de\/kapsel\/\" \/>\n<meta property=\"og:locale\" content=\"de_DE\" \/>\n<meta property=\"og:type\" content=\"article\" \/>\n<meta property=\"og:title\" content=\"Einkapseln? SKEL Supplements hilft Ihnen gerne weiter.\" \/>\n<meta property=\"og:description\" content=\"SKEL Supplements | Entwicklung, Produktion und Verpackung | kapseln Nahrungserg\u00e4nzungsmittel \u2705 Eigenmarke \u2705 Verpackung \u2705 Vegan \u2705\" \/>\n<meta property=\"og:url\" content=\"https:\/\/skelsupplements.nl\/de\/kapsel\/\" \/>\n<meta property=\"og:site_name\" content=\"SKEL Supplements\" \/>\n<meta property=\"article:modified_time\" content=\"2024-03-01T12:30:18+00:00\" \/>\n<meta property=\"og:image\" content=\"https:\/\/skelsupplements.nl\/wp-content\/uploads\/2021\/05\/capsules-laten-maken.jpg\" \/>\n\t<meta property=\"og:image:width\" content=\"800\" \/>\n\t<meta property=\"og:image:height\" content=\"644\" \/>\n\t<meta property=\"og:image:type\" content=\"image\/jpeg\" \/>\n<meta name=\"twitter:card\" content=\"summary_large_image\" \/>\n<meta name=\"twitter:label1\" content=\"Gesch\u00e4tzte Lesezeit\" \/>\n\t<meta name=\"twitter:data1\" content=\"4\u00a0Minuten\" \/>\n<script type=\"application\/ld+json\" class=\"yoast-schema-graph\">{\"@context\":\"https:\\\/\\\/schema.org\",\"@graph\":[{\"@type\":\"WebPage\",\"@id\":\"https:\\\/\\\/skelsupplements.nl\\\/de\\\/kapsel\\\/\",\"url\":\"https:\\\/\\\/skelsupplements.nl\\\/de\\\/kapsel\\\/\",\"name\":\"Einkapseln? SKEL Supplements hilft Ihnen gerne weiter.\",\"isPartOf\":{\"@id\":\"https:\\\/\\\/skelsupplements.nl\\\/de\\\/#website\"},\"primaryImageOfPage\":{\"@id\":\"https:\\\/\\\/skelsupplements.nl\\\/de\\\/kapsel\\\/#primaryimage\"},\"image\":{\"@id\":\"https:\\\/\\\/skelsupplements.nl\\\/de\\\/kapsel\\\/#primaryimage\"},\"thumbnailUrl\":\"https:\\\/\\\/skelsupplements.nl\\\/wp-content\\\/uploads\\\/2021\\\/05\\\/capsules-laten-maken.jpg\",\"datePublished\":\"2021-07-11T15:26:58+00:00\",\"dateModified\":\"2024-03-01T12:30:18+00:00\",\"description\":\"SKEL Supplements | Entwicklung, Produktion und Verpackung | kapseln Nahrungserg\u00e4nzungsmittel \u2705 Eigenmarke \u2705 Verpackung \u2705 Vegan \u2705\",\"breadcrumb\":{\"@id\":\"https:\\\/\\\/skelsupplements.nl\\\/de\\\/kapsel\\\/#breadcrumb\"},\"inLanguage\":\"de\",\"potentialAction\":[{\"@type\":\"ReadAction\",\"target\":[\"https:\\\/\\\/skelsupplements.nl\\\/de\\\/kapsel\\\/\"]}]},{\"@type\":\"ImageObject\",\"inLanguage\":\"de\",\"@id\":\"https:\\\/\\\/skelsupplements.nl\\\/de\\\/kapsel\\\/#primaryimage\",\"url\":\"https:\\\/\\\/skelsupplements.nl\\\/wp-content\\\/uploads\\\/2021\\\/05\\\/capsules-laten-maken.jpg\",\"contentUrl\":\"https:\\\/\\\/skelsupplements.nl\\\/wp-content\\\/uploads\\\/2021\\\/05\\\/capsules-laten-maken.jpg\",\"width\":800,\"height\":644,\"caption\":\"Kapseln herstellen lassen\"},{\"@type\":\"BreadcrumbList\",\"@id\":\"https:\\\/\\\/skelsupplements.nl\\\/de\\\/kapsel\\\/#breadcrumb\",\"itemListElement\":[{\"@type\":\"ListItem\",\"position\":1,\"name\":\"Home\",\"item\":\"https:\\\/\\\/skelsupplements.nl\\\/de\\\/\"},{\"@type\":\"ListItem\",\"position\":2,\"name\":\"Kapseln\"}]},{\"@type\":\"WebSite\",\"@id\":\"https:\\\/\\\/skelsupplements.nl\\\/de\\\/#website\",\"url\":\"https:\\\/\\\/skelsupplements.nl\\\/de\\\/\",\"name\":\"SKEL Supplements | Private label supplementen producent\",\"description\":\"Verpakken van supplementen\",\"publisher\":{\"@id\":\"https:\\\/\\\/skelsupplements.nl\\\/de\\\/#organization\"},\"potentialAction\":[{\"@type\":\"SearchAction\",\"target\":{\"@type\":\"EntryPoint\",\"urlTemplate\":\"https:\\\/\\\/skelsupplements.nl\\\/de\\\/?s={search_term_string}\"},\"query-input\":{\"@type\":\"PropertyValueSpecification\",\"valueRequired\":true,\"valueName\":\"search_term_string\"}}],\"inLanguage\":\"de\"},{\"@type\":\"Organization\",\"@id\":\"https:\\\/\\\/skelsupplements.nl\\\/de\\\/#organization\",\"name\":\"SKEL Supplements\",\"url\":\"https:\\\/\\\/skelsupplements.nl\\\/de\\\/\",\"logo\":{\"@type\":\"ImageObject\",\"inLanguage\":\"de\",\"@id\":\"https:\\\/\\\/skelsupplements.nl\\\/de\\\/#\\\/schema\\\/logo\\\/image\\\/\",\"url\":\"\",\"contentUrl\":\"\",\"caption\":\"SKEL Supplements\"},\"image\":{\"@id\":\"https:\\\/\\\/skelsupplements.nl\\\/de\\\/#\\\/schema\\\/logo\\\/image\\\/\"}}]}<\/script>\n<!-- \/ Yoast SEO plugin. -->","yoast_head_json":{"title":"Einkapseln? SKEL Supplements hilft Ihnen gerne weiter.","description":"SKEL Supplements | Entwicklung, Produktion und Verpackung | kapseln Nahrungserg\u00e4nzungsmittel \u2705 Eigenmarke \u2705 Verpackung \u2705 Vegan \u2705","robots":{"index":"index","follow":"follow","max-snippet":"max-snippet:-1","max-image-preview":"max-image-preview:large","max-video-preview":"max-video-preview:-1"},"canonical":"https:\/\/skelsupplements.nl\/de\/kapsel\/","og_locale":"de_DE","og_type":"article","og_title":"Einkapseln? SKEL Supplements hilft Ihnen gerne weiter.","og_description":"SKEL Supplements | Entwicklung, Produktion und Verpackung | kapseln Nahrungserg\u00e4nzungsmittel \u2705 Eigenmarke \u2705 Verpackung \u2705 Vegan \u2705","og_url":"https:\/\/skelsupplements.nl\/de\/kapsel\/","og_site_name":"SKEL Supplements","article_modified_time":"2024-03-01T12:30:18+00:00","og_image":[{"width":800,"height":644,"url":"https:\/\/skelsupplements.nl\/wp-content\/uploads\/2021\/05\/capsules-laten-maken.jpg","type":"image\/jpeg"}],"twitter_card":"summary_large_image","twitter_misc":{"Gesch\u00e4tzte Lesezeit":"4\u00a0Minuten"},"schema":{"@context":"https:\/\/schema.org","@graph":[{"@type":"WebPage","@id":"https:\/\/skelsupplements.nl\/de\/kapsel\/","url":"https:\/\/skelsupplements.nl\/de\/kapsel\/","name":"Einkapseln? SKEL Supplements hilft Ihnen gerne weiter.","isPartOf":{"@id":"https:\/\/skelsupplements.nl\/de\/#website"},"primaryImageOfPage":{"@id":"https:\/\/skelsupplements.nl\/de\/kapsel\/#primaryimage"},"image":{"@id":"https:\/\/skelsupplements.nl\/de\/kapsel\/#primaryimage"},"thumbnailUrl":"https:\/\/skelsupplements.nl\/wp-content\/uploads\/2021\/05\/capsules-laten-maken.jpg","datePublished":"2021-07-11T15:26:58+00:00","dateModified":"2024-03-01T12:30:18+00:00","description":"SKEL Supplements | Entwicklung, Produktion und Verpackung | kapseln Nahrungserg\u00e4nzungsmittel \u2705 Eigenmarke \u2705 Verpackung \u2705 Vegan \u2705","breadcrumb":{"@id":"https:\/\/skelsupplements.nl\/de\/kapsel\/#breadcrumb"},"inLanguage":"de","potentialAction":[{"@type":"ReadAction","target":["https:\/\/skelsupplements.nl\/de\/kapsel\/"]}]},{"@type":"ImageObject","inLanguage":"de","@id":"https:\/\/skelsupplements.nl\/de\/kapsel\/#primaryimage","url":"https:\/\/skelsupplements.nl\/wp-content\/uploads\/2021\/05\/capsules-laten-maken.jpg","contentUrl":"https:\/\/skelsupplements.nl\/wp-content\/uploads\/2021\/05\/capsules-laten-maken.jpg","width":800,"height":644,"caption":"Kapseln herstellen lassen"},{"@type":"BreadcrumbList","@id":"https:\/\/skelsupplements.nl\/de\/kapsel\/#breadcrumb","itemListElement":[{"@type":"ListItem","position":1,"name":"Home","item":"https:\/\/skelsupplements.nl\/de\/"},{"@type":"ListItem","position":2,"name":"Kapseln"}]},{"@type":"WebSite","@id":"https:\/\/skelsupplements.nl\/de\/#website","url":"https:\/\/skelsupplements.nl\/de\/","name":"SKEL Supplements | Private label supplementen producent","description":"Verpakken van supplementen","publisher":{"@id":"https:\/\/skelsupplements.nl\/de\/#organization"},"potentialAction":[{"@type":"SearchAction","target":{"@type":"EntryPoint","urlTemplate":"https:\/\/skelsupplements.nl\/de\/?s={search_term_string}"},"query-input":{"@type":"PropertyValueSpecification","valueRequired":true,"valueName":"search_term_string"}}],"inLanguage":"de"},{"@type":"Organization","@id":"https:\/\/skelsupplements.nl\/de\/#organization","name":"SKEL Supplements","url":"https:\/\/skelsupplements.nl\/de\/","logo":{"@type":"ImageObject","inLanguage":"de","@id":"https:\/\/skelsupplements.nl\/de\/#\/schema\/logo\/image\/","url":"","contentUrl":"","caption":"SKEL Supplements"},"image":{"@id":"https:\/\/skelsupplements.nl\/de\/#\/schema\/logo\/image\/"}}]}},"_links":{"self":[{"href":"https:\/\/skelsupplements.nl\/de\/wp-json\/wp\/v2\/pages\/3756","targetHints":{"allow":["GET"]}}],"collection":[{"href":"https:\/\/skelsupplements.nl\/de\/wp-json\/wp\/v2\/pages"}],"about":[{"href":"https:\/\/skelsupplements.nl\/de\/wp-json\/wp\/v2\/types\/page"}],"author":[{"embeddable":true,"href":"https:\/\/skelsupplements.nl\/de\/wp-json\/wp\/v2\/users\/1"}],"replies":[{"embeddable":true,"href":"https:\/\/skelsupplements.nl\/de\/wp-json\/wp\/v2\/comments?post=3756"}],"version-history":[{"count":0,"href":"https:\/\/skelsupplements.nl\/de\/wp-json\/wp\/v2\/pages\/3756\/revisions"}],"wp:featuredmedia":[{"embeddable":true,"href":"https:\/\/skelsupplements.nl\/de\/wp-json\/wp\/v2\/media\/3329"}],"wp:attachment":[{"href":"https:\/\/skelsupplements.nl\/de\/wp-json\/wp\/v2\/media?parent=3756"}],"curies":[{"name":"wp","href":"https:\/\/api.w.org\/{rel}","templated":true}]}}