{"id":3765,"date":"2021-07-11T17:27:00","date_gmt":"2021-07-11T15:27:00","guid":{"rendered":"https:\/\/skelsupplements.nl\/tablettierung\/"},"modified":"2024-03-01T13:15:16","modified_gmt":"2024-03-01T12:15:16","slug":"tablettierung","status":"publish","type":"page","link":"https:\/\/skelsupplements.nl\/de\/tablettierung\/","title":{"rendered":"Herstellung von Tabletten"},"content":{"rendered":"\t\t<div data-elementor-type=\"wp-post\" data-elementor-id=\"3765\" class=\"elementor elementor-3765 elementor-2176\" data-elementor-post-type=\"page\">\n\t\t\t\t\t\t<section class=\"elementor-section elementor-top-section elementor-element elementor-element-789ea7d2 elementor-section-full_width elementor-section-height-min-height elementor-section-stretched elementor-section-height-default elementor-section-items-middle\" data-id=\"789ea7d2\" data-element_type=\"section\" data-e-type=\"section\" data-settings=\"{&quot;stretch_section&quot;:&quot;section-stretched&quot;,&quot;background_background&quot;:&quot;classic&quot;,&quot;background_motion_fx_motion_fx_scrolling&quot;:&quot;yes&quot;,&quot;background_motion_fx_translateY_effect&quot;:&quot;yes&quot;,&quot;background_motion_fx_translateY_direction&quot;:&quot;negative&quot;,&quot;background_motion_fx_translateY_speed&quot;:{&quot;unit&quot;:&quot;px&quot;,&quot;size&quot;:4,&quot;sizes&quot;:[]},&quot;background_motion_fx_translateY_affectedRange&quot;:{&quot;unit&quot;:&quot;%&quot;,&quot;size&quot;:&quot;&quot;,&quot;sizes&quot;:{&quot;start&quot;:0,&quot;end&quot;:100}},&quot;background_motion_fx_devices&quot;:[&quot;desktop&quot;,&quot;tablet&quot;,&quot;mobile&quot;]}\">\n\t\t\t\t\t\t<div class=\"elementor-container elementor-column-gap-default\">\n\t\t\t\t\t<div class=\"elementor-column elementor-col-100 elementor-top-column elementor-element elementor-element-4125df0b\" data-id=\"4125df0b\" data-element_type=\"column\" data-e-type=\"column\">\n\t\t\t<div class=\"elementor-widget-wrap\">\n\t\t\t\t\t\t\t<\/div>\n\t\t<\/div>\n\t\t\t\t\t<\/div>\n\t\t<\/section>\n\t\t\t\t<section class=\"elementor-section elementor-top-section elementor-element elementor-element-073012a elementor-section-stretched elementor-section-boxed elementor-section-height-default elementor-section-height-default\" data-id=\"073012a\" data-element_type=\"section\" data-e-type=\"section\" data-settings=\"{&quot;stretch_section&quot;:&quot;section-stretched&quot;,&quot;background_background&quot;:&quot;classic&quot;}\">\n\t\t\t\t\t\t<div class=\"elementor-container elementor-column-gap-extended\">\n\t\t\t\t\t<div class=\"elementor-column elementor-col-100 elementor-top-column elementor-element elementor-element-b33df8d\" data-id=\"b33df8d\" data-element_type=\"column\" data-e-type=\"column\">\n\t\t\t<div class=\"elementor-widget-wrap elementor-element-populated\">\n\t\t\t\t\t\t<div class=\"elementor-element elementor-element-eaac391 elementor-widget elementor-widget-heading\" data-id=\"eaac391\" data-element_type=\"widget\" data-e-type=\"widget\" data-widget_type=\"heading.default\">\n\t\t\t\t<div class=\"elementor-widget-container\">\n\t\t\t\t\t<h1 class=\"elementor-heading-title elementor-size-large\">Herstellung von Tabletten<\/h1>\t\t\t\t<\/div>\n\t\t\t\t<\/div>\n\t\t\t\t\t<\/div>\n\t\t<\/div>\n\t\t\t\t\t<\/div>\n\t\t<\/section>\n\t\t\t\t<section class=\"elementor-section elementor-top-section elementor-element elementor-element-2de4f4f elementor-section-stretched elementor-section-boxed elementor-section-height-default elementor-section-height-default\" data-id=\"2de4f4f\" data-element_type=\"section\" data-e-type=\"section\" data-settings=\"{&quot;stretch_section&quot;:&quot;section-stretched&quot;,&quot;background_background&quot;:&quot;classic&quot;}\">\n\t\t\t\t\t\t<div class=\"elementor-container elementor-column-gap-extended\">\n\t\t\t\t\t<div class=\"elementor-column elementor-col-100 elementor-top-column elementor-element elementor-element-08df4fa\" data-id=\"08df4fa\" data-element_type=\"column\" data-e-type=\"column\">\n\t\t\t<div class=\"elementor-widget-wrap elementor-element-populated\">\n\t\t\t\t\t\t<div class=\"elementor-element elementor-element-a9aadaa elementor-widget elementor-widget-breadcrumbs\" data-id=\"a9aadaa\" data-element_type=\"widget\" data-e-type=\"widget\" data-widget_type=\"breadcrumbs.default\">\n\t\t\t\t<div class=\"elementor-widget-container\">\n\t\t\t\t\t<p id=\"breadcrumbs\"><span><span><a href=\"https:\/\/skelsupplements.nl\/de\/\">Home<\/a><\/span><\/span><\/p>\t\t\t\t<\/div>\n\t\t\t\t<\/div>\n\t\t\t\t<div class=\"elementor-element elementor-element-981c7a5 elementor-widget elementor-widget-spacer\" data-id=\"981c7a5\" data-element_type=\"widget\" data-e-type=\"widget\" data-widget_type=\"spacer.default\">\n\t\t\t\t<div class=\"elementor-widget-container\">\n\t\t\t\t\t\t\t<div class=\"elementor-spacer\">\n\t\t\t<div class=\"elementor-spacer-inner\"><\/div>\n\t\t<\/div>\n\t\t\t\t\t\t<\/div>\n\t\t\t\t<\/div>\n\t\t\t\t\t<\/div>\n\t\t<\/div>\n\t\t\t\t\t<\/div>\n\t\t<\/section>\n\t\t\t\t<section class=\"elementor-section elementor-top-section elementor-element elementor-element-6503adf elementor-section-stretched elementor-section-boxed elementor-section-height-default elementor-section-height-default\" data-id=\"6503adf\" data-element_type=\"section\" data-e-type=\"section\" data-settings=\"{&quot;stretch_section&quot;:&quot;section-stretched&quot;,&quot;background_background&quot;:&quot;classic&quot;}\">\n\t\t\t\t\t\t<div class=\"elementor-container elementor-column-gap-extended\">\n\t\t\t\t\t<div class=\"elementor-column elementor-col-100 elementor-top-column elementor-element elementor-element-94133c2\" data-id=\"94133c2\" data-element_type=\"column\" data-e-type=\"column\" data-settings=\"{&quot;animation&quot;:&quot;none&quot;}\">\n\t\t\t<div class=\"elementor-widget-wrap elementor-element-populated\">\n\t\t\t\t\t\t<div class=\"elementor-element elementor-element-5afcd70 elementor-widget elementor-widget-text-editor\" data-id=\"5afcd70\" data-element_type=\"widget\" data-e-type=\"widget\" data-widget_type=\"text-editor.default\">\n\t\t\t\t<div class=\"elementor-widget-container\">\n\t\t\t\t\t\t\t\t\t<p><img fetchpriority=\"high\" decoding=\"async\" class=\"alignright wp-image-2178\" src=\"https:\/\/skelsupplements.nl\/new\/wp-content\/uploads\/2021\/05\/tabletteren.jpg\" alt=\"Tabletten herstellen\" width=\"600\" height=\"448\" srcset=\"https:\/\/skelsupplements.nl\/wp-content\/uploads\/2021\/05\/tabletteren.jpg 800w, https:\/\/skelsupplements.nl\/wp-content\/uploads\/2021\/05\/tabletteren-300x224.jpg 300w, https:\/\/skelsupplements.nl\/wp-content\/uploads\/2021\/05\/tabletteren-768x573.jpg 768w, https:\/\/skelsupplements.nl\/wp-content\/uploads\/2021\/05\/tabletteren-600x448.jpg 600w, https:\/\/skelsupplements.nl\/wp-content\/uploads\/2021\/05\/tabletteren-200x149.jpg 200w\" sizes=\"(max-width: 600px) 100vw, 600px\" \/><\/p><p><span style=\"font-weight: 400;\">W\u00fcrdest du <\/span><b>Nahrungserg\u00e4nzungsmittel wie Tabletten\u00a0<\/b><span style=\"font-weight: 400;\">produzieren? Die Herstellung von Tabletten ist m\u00f6glich mit <\/span><span style=\"font-weight: 400;\">SKEL Supplements ganz nach Ihren W\u00fcnschen. Die M\u00f6glichkeiten sind endlos: von leer <\/span><b>Tabletten <\/b><span style=\"font-weight: 400;\">auf unterschiedliche Formen und Durchmesser. Wir arbeiten mit Nahrungserg\u00e4nzungsmitteln f\u00fcr Mensch und Tier.<\/span><\/p><p><span style=\"font-weight: 400;\">SKEL Supplements ist nicht nur auf die Herstellung, Verpackung und Beschichtung von Tabletten spezialisiert. Wir helfen Ihnen gerne beim gesamten Produktionsprozess: von der Rezepturentwicklung bis zur Blisterverpackung Ihrer Tabletten. M\u00f6chten Sie Ihr eigenes Nahrungserg\u00e4nzungsmittel entwickeln? Dann besprechen wir gerne mit Ihnen die M\u00f6glichkeiten.<\/span><\/p><p><span style=\"font-weight: 400;\">Wie arbeiten wir und warum sollten Sie Ihre Nahrungserg\u00e4nzungsmittel in Tablettenform nehmen?<\/span><\/p><h2>Vorteile der Tablettierung<\/h2><p><span style=\"font-weight: 400;\">F\u00fcr die Verarbeitung Ihrer Nahrungserg\u00e4nzungspulver zu Schlucktabletten gibt es verschiedene M\u00f6glichkeiten. <\/span><b>Herstellung von Tabletten<\/b><span style=\"font-weight: 400;\"> ist nur einer davon. Du kannst zum Beispiel auch deine Erg\u00e4nzung <\/span><span style=\"font-weight: 400;\">kapseln<\/span><span style=\"font-weight: 400;\">. Wir erkl\u00e4ren Ihnen gerne, warum sich Kunden f\u00fcr Tablettieren statt Verkapseln entscheiden.<\/span><\/p><h3>Beschichtung hinzuf\u00fcgen<\/h3><p><span style=\"font-weight: 400;\">Durch das Aufbringen einer h\u00e4rteren Au\u00dfenschicht ist es m\u00f6glich, Tabletten vor \u00e4u\u00dferen Einfl\u00fcssen zu sch\u00fctzen und die Tablette weniger angreifbar zu machen. Dies wird hinzugef\u00fcgt <\/span><span style=\"font-weight: 400;\">Glasur<\/span><span style=\"font-weight: 400;\"> erw\u00e4hnt.<\/span><\/p><h3>Fraktionsslot hinzuf\u00fcgen<\/h3><p><span style=\"font-weight: 400;\">M\u00f6chten Sie auch halbe Tabletten verabreichen? Dann ist die Wahl schnell getroffen. Tabletten k\u00f6nnen mit einer Bruchkerbe versehen werden. Dadurch zerbricht der Verbraucher die Tablette leicht in zwei H\u00e4lften.\u00a0<\/span><\/p><h3>Einfach zu bedienen f\u00fcr Kinder<\/h3><p><span style=\"font-weight: 400;\">Dieser Vorteil h\u00e4ngt etwas mit dem vorherigen zusammen. F\u00fcr Kinder ist die Einnahme von Tabletten oft schwieriger und das Zerbrechen der Tablette kann in manchen F\u00e4llen einen Vorteil bei der Einnahme bringen.\u00a0<\/span><\/p><h3>Verbraucher finden Tabletten einfacher einzunehmen<\/h3><p><span style=\"font-weight: 400;\">Das Schlucken von Tabletten f\u00e4llt nicht jedem leicht. Tabletten werden oft als angenehmer empfunden als Kapseln. Ist das Tablet etwas gro\u00df? Dann k\u00f6nnen Sie es brechen oder in St\u00fccke bei\u00dfen (wenn der Geschmack es zul\u00e4sst).\u00a0<\/span><\/p><p><img decoding=\"async\" class=\"alignleft wp-image-2179\" src=\"https:\/\/skelsupplements.nl\/new\/wp-content\/uploads\/2021\/05\/tabletten-produceren.jpg\" alt=\"Tabletten herstellen\" width=\"340\" height=\"590\" srcset=\"https:\/\/skelsupplements.nl\/wp-content\/uploads\/2021\/05\/tabletten-produceren.jpg 461w, https:\/\/skelsupplements.nl\/wp-content\/uploads\/2021\/05\/tabletten-produceren-173x300.jpg 173w, https:\/\/skelsupplements.nl\/wp-content\/uploads\/2021\/05\/tabletten-produceren-200x347.jpg 200w\" sizes=\"(max-width: 340px) 100vw, 340px\" \/><\/p><h2>Tabletten herstellen? Lagern Sie den gesamten Produktionsprozess aus<\/h2><p><span style=\"font-weight: 400;\">Sie haben eine Idee f\u00fcr eine Erg\u00e4nzungstablette, aber die Entwicklung kommt nicht in Gang? SKEL Supplements unterst\u00fctzt Sie in jedem Schritt des Produktionsprozesses. Gemeinsam besprechen wir die Optionen, die Ihren Bed\u00fcrfnissen entsprechen. Beispielsweise denken wir bei der Rezeptentwicklung mit. Anschlie\u00dfend verarbeiten wir Ihr finaler Erg\u00e4nzung zu einem Pulver.<\/span><\/p><p><span style=\"font-weight: 400;\">Die Granulierung der gew\u00fcnschten Stoff<strong>e<\/strong><\/span>, die f\u00fcr die <b>Tabletten<\/b> zu herstellen ben\u00f6tigt ist<span style=\"font-weight: 400;\">, ist in der Regel durchaus m\u00f6glich. Kontaktieren Sie <\/span><span style=\"font-weight: 400;\">uns<\/span> <span style=\"font-weight: 400;\">wenn Sie hierzu konkrete Fragen haben.<\/span><\/p><p><span style=\"font-weight: 400;\">Nach der Granulierung tablettieren wir die Erg\u00e4nzung in der von Ihnen gew\u00fcnschten Form, Gr\u00f6\u00dfe und Auflage. Sobald die Tabletten fertig sind, bringen wir m\u00f6glicherweise <\/span><b>Tablettenbeschichtung <\/b><span style=\"font-weight: 400;\">auf. Mehr dazu k\u00f6nnen Sie weiter unten lesen. SKEL hilft Ihnen auch gerne bei der Verpackung von Tabletten. Denk daran <\/span><span style=\"font-weight: 400;\">f\u00fcllen<\/span><span style=\"font-weight: 400;\"> Ihrer Erg\u00e4nzung-Gl\u00e4ser mit Tabletten oder verarbeiten Sie die Tabletten in ein<\/span><span style=\"font-weight: 400;\">Blisterpackung<\/span><span style=\"font-weight: 400;\">. Branding und Farben sind f\u00fcr beide Optionen m\u00f6glich.<\/span><\/p><h2>Tablettenbeschichtung: Vorteile und Optionen<\/h2><p><span style=\"font-weight: 400;\">Es besteht die M\u00f6glichkeit, Ihre Tabletten <\/span><b>\u00fcberziehen zu lassen<\/b><span style=\"font-weight: 400;\">. Tablettenbeschichtung hat mehrere Funktionen. Der Nachteil einer unbeschichteten Tablette ist beispielsweise der Geschmack, der Geruch und die offene Feuchtigkeitseinwirkung. Eine gute Beschichtung verdeckt Aromen und Ger\u00fcche und sch\u00fctzt das Erg\u00e4nzung besser vor \u00e4u\u00dferen Einfl\u00fcssen. Dies f\u00fchrt zu weniger Oxidation. So bleiben die Tabletten l\u00e4nger gut.<\/span><\/p><p><span style=\"font-weight: 400;\">Zus\u00e4tzliche l\u00e4sst <\/span><b>Tablettenbeschichtung<\/b><span style=\"font-weight: 400;\"> Ihr Nahrungserg\u00e4nzungsmittel sich aufgrund der weniger rauen Oberfl\u00e4che leichter schlucken. Suchen Sie etwas Besonderes? Dann ist auch eine Farbbeschichtung eine Option. Dadurch erhalten Ihre Tablets eine andere Farbe, wodurch sie f\u00fcr den Verbraucher besser erkennbar sind.<\/span><\/p><h2>Tablettierung von kleinen bis gro\u00dfen Auflagen<\/h2><p><span style=\"font-weight: 400;\">Die Integration des Produktionsprozesses an einem Standort und die M\u00f6glichkeit einer schnellen Produktionsausweitung erm\u00f6glichen es SKEL Supplements, auch in kleinerem Ma\u00dfstab zu produzieren. Dies f\u00fchrt insbesondere zu geringeren Investitionen beim Start und bei der Markteinf\u00fchrung eines neuen Produktes. Diesen Wunsch haben wir von der ersten entwicklung an ber\u00fccksichtigt. Aber auch gro\u00dfe Auflagen sind m\u00f6glich. Sie m\u00f6chten Tabletten produzieren lassen? Dann sind Sie bei SKEL Supplements genau richtig.\u00a0<\/span><\/p><h3>Alle m\u00f6glichen Formen und Gr\u00f6\u00dfen sind verhandelbar<img decoding=\"async\" class=\"alignright wp-image-2211 size-medium\" src=\"https:\/\/skelsupplements.nl\/new\/wp-content\/uploads\/2021\/05\/Coaten-tabletten-coating-tablet-300x217.jpg\" alt=\"Beschichtung von Tabletten\" width=\"300\" height=\"217\" srcset=\"https:\/\/skelsupplements.nl\/wp-content\/uploads\/2021\/05\/Coaten-tabletten-coating-tablet-300x217.jpg 300w, https:\/\/skelsupplements.nl\/wp-content\/uploads\/2021\/05\/Coaten-tabletten-coating-tablet-768x556.jpg 768w, https:\/\/skelsupplements.nl\/wp-content\/uploads\/2021\/05\/Coaten-tabletten-coating-tablet-600x434.jpg 600w, https:\/\/skelsupplements.nl\/wp-content\/uploads\/2021\/05\/Coaten-tabletten-coating-tablet-200x145.jpg 200w, https:\/\/skelsupplements.nl\/wp-content\/uploads\/2021\/05\/Coaten-tabletten-coating-tablet.jpg 800w\" sizes=\"(max-width: 300px) 100vw, 300px\" \/><\/h3><p><span style=\"font-weight: 400;\">Haben Sie eine bestimmte Gr\u00f6\u00dfe oder Form f\u00fcr Ihre Tablets im Sinn? Wir erf\u00fcllen fast immer Ihre W\u00fcnsche und besprechen gerne mit Ihnen die M\u00f6glichkeiten. Auch verschiedene Farboptionen sind mittels Tablettenbeschichtung verhandelbar. F\u00fcr Informationen zu Formen, Gr\u00f6\u00dfen und Farben <\/span><span style=\"font-weight: 400;\">Kontaktieren <\/span><span style=\"font-weight: 400;\">Sie uns.<\/span><\/p><h2>Unsere Spezialisten helfen Ihnen gerne weiter<\/h2><p><span style=\"font-weight: 400;\">Die M\u00f6glichkeiten und Optionen zur Tablettierung Ihrer Nahrungserg\u00e4nzungsmittel h\u00e4ngen von Ihren W\u00fcnschen und den spezifischen Inhaltsstoffen Ihres Nahrungserg\u00e4nzungsmittels ab. Sie m\u00f6chten Tabletten herstellen? Kontaktieren <\/span><span style=\"font-weight: 400;\">Sie<\/span><span style=\"font-weight: 400;\"> unsere Spezialisten bitte unverbindlich, um Ihre einzigartige Situation darzustellen. Wir beraten Sie gerne!<\/span><\/p>\t\t\t\t\t\t\t\t<\/div>\n\t\t\t\t<\/div>\n\t\t\t\t<div class=\"elementor-element elementor-element-b7afba5 elementor-widget elementor-widget-spacer\" data-id=\"b7afba5\" data-element_type=\"widget\" data-e-type=\"widget\" data-widget_type=\"spacer.default\">\n\t\t\t\t<div class=\"elementor-widget-container\">\n\t\t\t\t\t\t\t<div class=\"elementor-spacer\">\n\t\t\t<div class=\"elementor-spacer-inner\"><\/div>\n\t\t<\/div>\n\t\t\t\t\t\t<\/div>\n\t\t\t\t<\/div>\n\t\t\t\t\t<\/div>\n\t\t<\/div>\n\t\t\t\t\t<\/div>\n\t\t<\/section>\n\t\t\t\t<\/div>\n\t\t","protected":false},"excerpt":{"rendered":"<p>Herstellung von Tabletten W\u00fcrdest du Nahrungserg\u00e4nzungsmittel wie Tabletten\u00a0produzieren? Die Herstellung von Tabletten ist m\u00f6glich mit SKEL Supplements ganz nach Ihren W\u00fcnschen. Die M\u00f6glichkeiten sind endlos: von leer Tabletten auf unterschiedliche&#8230;<\/p>\n","protected":false},"author":1,"featured_media":3338,"parent":0,"menu_order":0,"comment_status":"closed","ping_status":"closed","template":"","meta":{"footnotes":""},"class_list":["post-3765","page","type-page","status-publish","has-post-thumbnail"],"yoast_head":"<!-- This site is optimized with the Yoast SEO plugin v27.4 - https:\/\/yoast.com\/product\/yoast-seo-wordpress\/ -->\n<title>Tabletten herstellen | SKEL Supplements<\/title>\n<meta name=\"description\" content=\"Tabletten herstellen &amp; Verpackung | SKEL Supplements | vom Erg\u00e4nzungsrezept bis zur Verpackung | Verschiedene Gr\u00f6\u00dfen &amp; Beschichtung m\u00f6glich \u2705\u2705\" \/>\n<meta name=\"robots\" content=\"index, follow, max-snippet:-1, max-image-preview:large, max-video-preview:-1\" \/>\n<link rel=\"canonical\" href=\"https:\/\/skelsupplements.nl\/de\/tablettierung\/\" \/>\n<meta property=\"og:locale\" content=\"de_DE\" \/>\n<meta property=\"og:type\" content=\"article\" \/>\n<meta property=\"og:title\" content=\"Tabletten herstellen | SKEL Supplements\" \/>\n<meta property=\"og:description\" content=\"Tabletten herstellen &amp; Verpackung | SKEL Supplements | vom Erg\u00e4nzungsrezept bis zur Verpackung | Verschiedene Gr\u00f6\u00dfen &amp; Beschichtung m\u00f6glich \u2705\u2705\" \/>\n<meta property=\"og:url\" content=\"https:\/\/skelsupplements.nl\/de\/tablettierung\/\" \/>\n<meta property=\"og:site_name\" content=\"SKEL Supplements\" \/>\n<meta property=\"article:modified_time\" content=\"2024-03-01T12:15:16+00:00\" \/>\n<meta property=\"og:image\" content=\"https:\/\/skelsupplements.nl\/wp-content\/uploads\/2021\/05\/tabletteren.jpg\" \/>\n<meta name=\"twitter:card\" content=\"summary_large_image\" \/>\n<meta name=\"twitter:label1\" content=\"Gesch\u00e4tzte Lesezeit\" \/>\n\t<meta name=\"twitter:data1\" content=\"5\u00a0Minuten\" \/>\n<script type=\"application\/ld+json\" class=\"yoast-schema-graph\">{\"@context\":\"https:\\\/\\\/schema.org\",\"@graph\":[{\"@type\":\"WebPage\",\"@id\":\"https:\\\/\\\/skelsupplements.nl\\\/de\\\/tablettierung\\\/\",\"url\":\"https:\\\/\\\/skelsupplements.nl\\\/de\\\/tablettierung\\\/\",\"name\":\"Tabletten herstellen | SKEL Supplements\",\"isPartOf\":{\"@id\":\"https:\\\/\\\/skelsupplements.nl\\\/de\\\/#website\"},\"primaryImageOfPage\":{\"@id\":\"https:\\\/\\\/skelsupplements.nl\\\/de\\\/tablettierung\\\/#primaryimage\"},\"image\":{\"@id\":\"https:\\\/\\\/skelsupplements.nl\\\/de\\\/tablettierung\\\/#primaryimage\"},\"thumbnailUrl\":\"https:\\\/\\\/skelsupplements.nl\\\/wp-content\\\/uploads\\\/2021\\\/05\\\/tabletteren.jpg\",\"datePublished\":\"2021-07-11T15:27:00+00:00\",\"dateModified\":\"2024-03-01T12:15:16+00:00\",\"description\":\"Tabletten herstellen & Verpackung | SKEL Supplements | vom Erg\u00e4nzungsrezept bis zur Verpackung | Verschiedene Gr\u00f6\u00dfen & Beschichtung m\u00f6glich \u2705\u2705\",\"breadcrumb\":{\"@id\":\"https:\\\/\\\/skelsupplements.nl\\\/de\\\/tablettierung\\\/#breadcrumb\"},\"inLanguage\":\"de\",\"potentialAction\":[{\"@type\":\"ReadAction\",\"target\":[\"https:\\\/\\\/skelsupplements.nl\\\/de\\\/tablettierung\\\/\"]}]},{\"@type\":\"ImageObject\",\"inLanguage\":\"de\",\"@id\":\"https:\\\/\\\/skelsupplements.nl\\\/de\\\/tablettierung\\\/#primaryimage\",\"url\":\"https:\\\/\\\/skelsupplements.nl\\\/wp-content\\\/uploads\\\/2021\\\/05\\\/tabletteren.jpg\",\"contentUrl\":\"https:\\\/\\\/skelsupplements.nl\\\/wp-content\\\/uploads\\\/2021\\\/05\\\/tabletteren.jpg\",\"width\":800,\"height\":597,\"caption\":\"Tablette\"},{\"@type\":\"BreadcrumbList\",\"@id\":\"https:\\\/\\\/skelsupplements.nl\\\/de\\\/tablettierung\\\/#breadcrumb\",\"itemListElement\":[{\"@type\":\"ListItem\",\"position\":1,\"name\":\"Home\",\"item\":\"https:\\\/\\\/skelsupplements.nl\\\/de\\\/\"},{\"@type\":\"ListItem\",\"position\":2,\"name\":\"Herstellung von Tabletten\"}]},{\"@type\":\"WebSite\",\"@id\":\"https:\\\/\\\/skelsupplements.nl\\\/de\\\/#website\",\"url\":\"https:\\\/\\\/skelsupplements.nl\\\/de\\\/\",\"name\":\"SKEL Supplements | Private label supplementen producent\",\"description\":\"Verpakken van supplementen\",\"publisher\":{\"@id\":\"https:\\\/\\\/skelsupplements.nl\\\/de\\\/#organization\"},\"potentialAction\":[{\"@type\":\"SearchAction\",\"target\":{\"@type\":\"EntryPoint\",\"urlTemplate\":\"https:\\\/\\\/skelsupplements.nl\\\/de\\\/?s={search_term_string}\"},\"query-input\":{\"@type\":\"PropertyValueSpecification\",\"valueRequired\":true,\"valueName\":\"search_term_string\"}}],\"inLanguage\":\"de\"},{\"@type\":\"Organization\",\"@id\":\"https:\\\/\\\/skelsupplements.nl\\\/de\\\/#organization\",\"name\":\"SKEL Supplements\",\"url\":\"https:\\\/\\\/skelsupplements.nl\\\/de\\\/\",\"logo\":{\"@type\":\"ImageObject\",\"inLanguage\":\"de\",\"@id\":\"https:\\\/\\\/skelsupplements.nl\\\/de\\\/#\\\/schema\\\/logo\\\/image\\\/\",\"url\":\"\",\"contentUrl\":\"\",\"caption\":\"SKEL Supplements\"},\"image\":{\"@id\":\"https:\\\/\\\/skelsupplements.nl\\\/de\\\/#\\\/schema\\\/logo\\\/image\\\/\"}}]}<\/script>\n<!-- \/ Yoast SEO plugin. -->","yoast_head_json":{"title":"Tabletten herstellen | SKEL Supplements","description":"Tabletten herstellen & Verpackung | SKEL Supplements | vom Erg\u00e4nzungsrezept bis zur Verpackung | Verschiedene Gr\u00f6\u00dfen & Beschichtung m\u00f6glich \u2705\u2705","robots":{"index":"index","follow":"follow","max-snippet":"max-snippet:-1","max-image-preview":"max-image-preview:large","max-video-preview":"max-video-preview:-1"},"canonical":"https:\/\/skelsupplements.nl\/de\/tablettierung\/","og_locale":"de_DE","og_type":"article","og_title":"Tabletten herstellen | SKEL Supplements","og_description":"Tabletten herstellen & Verpackung | SKEL Supplements | vom Erg\u00e4nzungsrezept bis zur Verpackung | Verschiedene Gr\u00f6\u00dfen & Beschichtung m\u00f6glich \u2705\u2705","og_url":"https:\/\/skelsupplements.nl\/de\/tablettierung\/","og_site_name":"SKEL Supplements","article_modified_time":"2024-03-01T12:15:16+00:00","og_image":[{"url":"https:\/\/skelsupplements.nl\/wp-content\/uploads\/2021\/05\/tabletteren.jpg","type":"","width":"","height":""}],"twitter_card":"summary_large_image","twitter_misc":{"Gesch\u00e4tzte Lesezeit":"5\u00a0Minuten"},"schema":{"@context":"https:\/\/schema.org","@graph":[{"@type":"WebPage","@id":"https:\/\/skelsupplements.nl\/de\/tablettierung\/","url":"https:\/\/skelsupplements.nl\/de\/tablettierung\/","name":"Tabletten herstellen | SKEL Supplements","isPartOf":{"@id":"https:\/\/skelsupplements.nl\/de\/#website"},"primaryImageOfPage":{"@id":"https:\/\/skelsupplements.nl\/de\/tablettierung\/#primaryimage"},"image":{"@id":"https:\/\/skelsupplements.nl\/de\/tablettierung\/#primaryimage"},"thumbnailUrl":"https:\/\/skelsupplements.nl\/wp-content\/uploads\/2021\/05\/tabletteren.jpg","datePublished":"2021-07-11T15:27:00+00:00","dateModified":"2024-03-01T12:15:16+00:00","description":"Tabletten herstellen & Verpackung | SKEL Supplements | vom Erg\u00e4nzungsrezept bis zur Verpackung | Verschiedene Gr\u00f6\u00dfen & Beschichtung m\u00f6glich \u2705\u2705","breadcrumb":{"@id":"https:\/\/skelsupplements.nl\/de\/tablettierung\/#breadcrumb"},"inLanguage":"de","potentialAction":[{"@type":"ReadAction","target":["https:\/\/skelsupplements.nl\/de\/tablettierung\/"]}]},{"@type":"ImageObject","inLanguage":"de","@id":"https:\/\/skelsupplements.nl\/de\/tablettierung\/#primaryimage","url":"https:\/\/skelsupplements.nl\/wp-content\/uploads\/2021\/05\/tabletteren.jpg","contentUrl":"https:\/\/skelsupplements.nl\/wp-content\/uploads\/2021\/05\/tabletteren.jpg","width":800,"height":597,"caption":"Tablette"},{"@type":"BreadcrumbList","@id":"https:\/\/skelsupplements.nl\/de\/tablettierung\/#breadcrumb","itemListElement":[{"@type":"ListItem","position":1,"name":"Home","item":"https:\/\/skelsupplements.nl\/de\/"},{"@type":"ListItem","position":2,"name":"Herstellung von Tabletten"}]},{"@type":"WebSite","@id":"https:\/\/skelsupplements.nl\/de\/#website","url":"https:\/\/skelsupplements.nl\/de\/","name":"SKEL Supplements | Private label supplementen producent","description":"Verpakken van supplementen","publisher":{"@id":"https:\/\/skelsupplements.nl\/de\/#organization"},"potentialAction":[{"@type":"SearchAction","target":{"@type":"EntryPoint","urlTemplate":"https:\/\/skelsupplements.nl\/de\/?s={search_term_string}"},"query-input":{"@type":"PropertyValueSpecification","valueRequired":true,"valueName":"search_term_string"}}],"inLanguage":"de"},{"@type":"Organization","@id":"https:\/\/skelsupplements.nl\/de\/#organization","name":"SKEL Supplements","url":"https:\/\/skelsupplements.nl\/de\/","logo":{"@type":"ImageObject","inLanguage":"de","@id":"https:\/\/skelsupplements.nl\/de\/#\/schema\/logo\/image\/","url":"","contentUrl":"","caption":"SKEL Supplements"},"image":{"@id":"https:\/\/skelsupplements.nl\/de\/#\/schema\/logo\/image\/"}}]}},"_links":{"self":[{"href":"https:\/\/skelsupplements.nl\/de\/wp-json\/wp\/v2\/pages\/3765","targetHints":{"allow":["GET"]}}],"collection":[{"href":"https:\/\/skelsupplements.nl\/de\/wp-json\/wp\/v2\/pages"}],"about":[{"href":"https:\/\/skelsupplements.nl\/de\/wp-json\/wp\/v2\/types\/page"}],"author":[{"embeddable":true,"href":"https:\/\/skelsupplements.nl\/de\/wp-json\/wp\/v2\/users\/1"}],"replies":[{"embeddable":true,"href":"https:\/\/skelsupplements.nl\/de\/wp-json\/wp\/v2\/comments?post=3765"}],"version-history":[{"count":0,"href":"https:\/\/skelsupplements.nl\/de\/wp-json\/wp\/v2\/pages\/3765\/revisions"}],"wp:featuredmedia":[{"embeddable":true,"href":"https:\/\/skelsupplements.nl\/de\/wp-json\/wp\/v2\/media\/3338"}],"wp:attachment":[{"href":"https:\/\/skelsupplements.nl\/de\/wp-json\/wp\/v2\/media?parent=3765"}],"curies":[{"name":"wp","href":"https:\/\/api.w.org\/{rel}","templated":true}]}}