{"id":3774,"date":"2021-07-11T17:27:02","date_gmt":"2021-07-11T15:27:02","guid":{"rendered":"https:\/\/skelsupplements.nl\/fuellpulver-und-granulate\/"},"modified":"2024-02-11T19:23:26","modified_gmt":"2024-02-11T18:23:26","slug":"fuellpulver-und-granulate","status":"publish","type":"page","link":"https:\/\/skelsupplements.nl\/de\/fuellpulver-und-granulate\/","title":{"rendered":"F\u00fcllpulver und Granulate"},"content":{"rendered":"\t\t<div data-elementor-type=\"wp-post\" data-elementor-id=\"3774\" class=\"elementor elementor-3774 elementor-2219\" data-elementor-post-type=\"page\">\n\t\t\t\t\t\t<section class=\"elementor-section elementor-top-section elementor-element elementor-element-20e0386b elementor-section-full_width elementor-section-height-min-height elementor-section-stretched elementor-section-height-default elementor-section-items-middle\" data-id=\"20e0386b\" data-element_type=\"section\" data-e-type=\"section\" data-settings=\"{&quot;stretch_section&quot;:&quot;section-stretched&quot;,&quot;background_background&quot;:&quot;classic&quot;,&quot;background_motion_fx_motion_fx_scrolling&quot;:&quot;yes&quot;,&quot;background_motion_fx_translateY_effect&quot;:&quot;yes&quot;,&quot;background_motion_fx_translateY_direction&quot;:&quot;negative&quot;,&quot;background_motion_fx_translateY_speed&quot;:{&quot;unit&quot;:&quot;px&quot;,&quot;size&quot;:4,&quot;sizes&quot;:[]},&quot;background_motion_fx_translateY_affectedRange&quot;:{&quot;unit&quot;:&quot;%&quot;,&quot;size&quot;:&quot;&quot;,&quot;sizes&quot;:{&quot;start&quot;:0,&quot;end&quot;:100}},&quot;background_motion_fx_devices&quot;:[&quot;desktop&quot;,&quot;tablet&quot;,&quot;mobile&quot;]}\">\n\t\t\t\t\t\t<div class=\"elementor-container elementor-column-gap-default\">\n\t\t\t\t\t<div class=\"elementor-column elementor-col-100 elementor-top-column elementor-element elementor-element-63c53659\" data-id=\"63c53659\" data-element_type=\"column\" data-e-type=\"column\">\n\t\t\t<div class=\"elementor-widget-wrap\">\n\t\t\t\t\t\t\t<\/div>\n\t\t<\/div>\n\t\t\t\t\t<\/div>\n\t\t<\/section>\n\t\t\t\t<section class=\"elementor-section elementor-top-section elementor-element elementor-element-073012a elementor-section-stretched elementor-section-boxed elementor-section-height-default elementor-section-height-default\" data-id=\"073012a\" data-element_type=\"section\" data-e-type=\"section\" data-settings=\"{&quot;stretch_section&quot;:&quot;section-stretched&quot;,&quot;background_background&quot;:&quot;classic&quot;}\">\n\t\t\t\t\t\t<div class=\"elementor-container elementor-column-gap-extended\">\n\t\t\t\t\t<div class=\"elementor-column elementor-col-100 elementor-top-column elementor-element elementor-element-b33df8d\" data-id=\"b33df8d\" data-element_type=\"column\" data-e-type=\"column\">\n\t\t\t<div class=\"elementor-widget-wrap elementor-element-populated\">\n\t\t\t\t\t\t<div class=\"elementor-element elementor-element-eaac391 elementor-widget elementor-widget-heading\" data-id=\"eaac391\" data-element_type=\"widget\" data-e-type=\"widget\" data-widget_type=\"heading.default\">\n\t\t\t\t<div class=\"elementor-widget-container\">\n\t\t\t\t\t<h1 class=\"elementor-heading-title elementor-size-large\">F\u00fcllpulver und Granulate<\/h1>\t\t\t\t<\/div>\n\t\t\t\t<\/div>\n\t\t\t\t\t<\/div>\n\t\t<\/div>\n\t\t\t\t\t<\/div>\n\t\t<\/section>\n\t\t\t\t<section class=\"elementor-section elementor-top-section elementor-element elementor-element-2de4f4f elementor-section-stretched elementor-section-boxed elementor-section-height-default elementor-section-height-default\" data-id=\"2de4f4f\" data-element_type=\"section\" data-e-type=\"section\" data-settings=\"{&quot;stretch_section&quot;:&quot;section-stretched&quot;,&quot;background_background&quot;:&quot;classic&quot;}\">\n\t\t\t\t\t\t<div class=\"elementor-container elementor-column-gap-extended\">\n\t\t\t\t\t<div class=\"elementor-column elementor-col-100 elementor-top-column elementor-element elementor-element-08df4fa\" data-id=\"08df4fa\" data-element_type=\"column\" data-e-type=\"column\">\n\t\t\t<div class=\"elementor-widget-wrap elementor-element-populated\">\n\t\t\t\t\t\t<div class=\"elementor-element elementor-element-a9aadaa elementor-widget elementor-widget-breadcrumbs\" data-id=\"a9aadaa\" data-element_type=\"widget\" data-e-type=\"widget\" data-widget_type=\"breadcrumbs.default\">\n\t\t\t\t<div class=\"elementor-widget-container\">\n\t\t\t\t\t<p id=\"breadcrumbs\"><span><span><a href=\"https:\/\/skelsupplements.nl\/de\/\">Home<\/a><\/span><\/span><\/p>\t\t\t\t<\/div>\n\t\t\t\t<\/div>\n\t\t\t\t<div class=\"elementor-element elementor-element-981c7a5 elementor-widget elementor-widget-spacer\" data-id=\"981c7a5\" data-element_type=\"widget\" data-e-type=\"widget\" data-widget_type=\"spacer.default\">\n\t\t\t\t<div class=\"elementor-widget-container\">\n\t\t\t\t\t\t\t<div class=\"elementor-spacer\">\n\t\t\t<div class=\"elementor-spacer-inner\"><\/div>\n\t\t<\/div>\n\t\t\t\t\t\t<\/div>\n\t\t\t\t<\/div>\n\t\t\t\t\t<\/div>\n\t\t<\/div>\n\t\t\t\t\t<\/div>\n\t\t<\/section>\n\t\t\t\t<section class=\"elementor-section elementor-top-section elementor-element elementor-element-6503adf elementor-section-stretched elementor-section-boxed elementor-section-height-default elementor-section-height-default\" data-id=\"6503adf\" data-element_type=\"section\" data-e-type=\"section\" data-settings=\"{&quot;stretch_section&quot;:&quot;section-stretched&quot;,&quot;background_background&quot;:&quot;classic&quot;}\">\n\t\t\t\t\t\t<div class=\"elementor-container elementor-column-gap-extended\">\n\t\t\t\t\t<div class=\"elementor-column elementor-col-100 elementor-top-column elementor-element elementor-element-94133c2\" data-id=\"94133c2\" data-element_type=\"column\" data-e-type=\"column\" data-settings=\"{&quot;animation&quot;:&quot;none&quot;}\">\n\t\t\t<div class=\"elementor-widget-wrap elementor-element-populated\">\n\t\t\t\t\t\t<div class=\"elementor-element elementor-element-5afcd70 elementor-widget elementor-widget-text-editor\" data-id=\"5afcd70\" data-element_type=\"widget\" data-e-type=\"widget\" data-widget_type=\"text-editor.default\">\n\t\t\t\t<div class=\"elementor-widget-container\">\n\t\t\t\t\t\t\t\t\t<p><span style=\"font-weight: 400;\"><img fetchpriority=\"high\" decoding=\"async\" class=\"alignright wp-image-2221\" src=\"https:\/\/skelsupplements.nl\/new\/wp-content\/uploads\/2021\/05\/afvullen-poeder-granulaten.jpg\" alt=\"Abf\u00fcllen von Pulvergranulaten\" width=\"600\" height=\"600\" srcset=\"https:\/\/skelsupplements.nl\/wp-content\/uploads\/2021\/05\/afvullen-poeder-granulaten.jpg 800w, https:\/\/skelsupplements.nl\/wp-content\/uploads\/2021\/05\/afvullen-poeder-granulaten-300x300.jpg 300w, https:\/\/skelsupplements.nl\/wp-content\/uploads\/2021\/05\/afvullen-poeder-granulaten-150x150.jpg 150w, https:\/\/skelsupplements.nl\/wp-content\/uploads\/2021\/05\/afvullen-poeder-granulaten-768x768.jpg 768w, https:\/\/skelsupplements.nl\/wp-content\/uploads\/2021\/05\/afvullen-poeder-granulaten-600x600.jpg 600w, https:\/\/skelsupplements.nl\/wp-content\/uploads\/2021\/05\/afvullen-poeder-granulaten-200x200.jpg 200w, https:\/\/skelsupplements.nl\/wp-content\/uploads\/2021\/05\/afvullen-poeder-granulaten-50x50.jpg 50w, https:\/\/skelsupplements.nl\/wp-content\/uploads\/2021\/05\/afvullen-poeder-granulaten-100x100.jpg 100w\" sizes=\"(max-width: 600px) 100vw, 600px\" \/>Haben Sie Nahrungserg\u00e4nzungsmittel oder Kr\u00e4utermischungen, die Sie gerne <strong>Verpackt<\/strong> haben m\u00f6chten? Statt <strong>Pulver<\/strong> zu verkapseln oder zu tablettieren, kann SKEL Supplements diese auch direkt in die Verpackung Ihrer Wahl <strong>abf\u00fcllen.<\/strong> Dabei kann es sich zum Beispiel um eine Dose mit Tabletten handeln, aber auch um eine kleinere lose Verpackung, etwa einen Sachet.<\/span><\/p>\n<p><span style=\"font-weight: 400;\">SKEL Supplements k\u00fcmmert sich um den gesamten Produktionsprozess: vom <strong>Granulieren<\/strong> Ihres Nahrungserg\u00e4nzungsmittels bis zur Etikettierung Ihrer Verpackung. Dadurch arbeiten wir je nach Verpackungsform ab 1.000 Packungen. <\/span><\/p>\n<p><span style=\"font-weight: 400;\">Aber warum verarbeiten Sie Ihre Nahrungserg\u00e4nzungsmittel nicht weiter zu einer Tablette, Kapsel oder einem Pulver? Das hat viele Vorteile. Im Folgenden m\u00f6chten wir Ihnen mehr erz\u00e4hlen.<\/span><\/p>\n<h2>Vorteile der Granulatabf\u00fcllung ohne Weiterverarbeitung<\/h2>\n<p><span style=\"font-weight: 400;\">Direkte Pulververpackung bedeutet, dass Sie \u00fcber separate Verpackungen verf\u00fcgen, die mit Ihrem (Kr\u00e4uter-)Pulver oder <strong>Granulat<\/strong> gef\u00fcllt sind. Verbraucher k\u00f6nnen beispielsweise einen L\u00f6ffel verwenden, um Ihr Nahrungserg\u00e4nzungsmittel einzunehmen oder kleinere, lose Beh\u00e4lter zu \u00f6ffnen und zu leeren. Was sind die Vorteile davon?<\/span><\/p>\n<h3>Es ist g\u00fcnstiger<\/h3>\n<p><span style=\"font-weight: 400;\"><strong>F\u00fcllpulver<\/strong> bringt klare finanzielle Vorteile. Von dir<strong> Pulver<\/strong> zum Verkapseln oder Tablettieren ist ein zus\u00e4tzlicher Produktionsschritt erforderlich. Wenn Sie das Pulver direkt verpacken, entfallen diese Produktionsprozesse vollst\u00e4ndig. <\/span><\/p>\n<h3>Dosierungsfreiheit<\/h3>\n<p><span style=\"font-weight: 400;\">Bei einigen Nahrungserg\u00e4nzungsmitteln h\u00e4ngt die Dosierung vom Verbraucher ab.<strong> Pulver<\/strong> bieten mehr Freiheit in der Dosierung. Sie sind leichter zu wiegen als Tabletten und Kapseln, da sie bereits in einer vorgegebenen Menge verpackt sind.<\/span><\/p>\n<h3>Manchmal ist eine Weiterverarbeitung nicht notwendig<\/h3>\n<p><span style=\"font-weight: 400;\">Kapseln<\/span><span style=\"font-weight: 400;\"> ,<\/span><span style=\"font-weight: 400;\"> Blister <\/span><span style=\"font-weight: 400;\">und<\/span><span style=\"font-weight: 400;\"> Tabletten<\/span><span style=\"font-weight: 400;\"> Verl\u00e4ngern die Lebensdauer Ihrer Nahrungserg\u00e4nzungsmittel. Au\u00dferdem sch\u00fctzen sie Ihre Kr\u00e4utermischungen oder Granulate vor \u00e4u\u00dferen Einfl\u00fcssen. Was aber, wenn Ihre Nahrungserg\u00e4nzungsmittel diesen Schutz nicht ben\u00f6tigt? Dann ist es wahrscheinlich in Ordnung, Ihre Pulver einfach zu f\u00fcllen.<\/span><\/p>\n<h3>Verarbeitung von Nahrungserg\u00e4nzungsmitteln in der Ern\u00e4hrung<\/h3>\n<p><span style=\"font-weight: 400;\">Ist es die Absicht, dass Verbraucher Ihr Nahrungserg\u00e4nzungsmittel in ihrer Ern\u00e4hrung verarbeiten? Dann ist das Abf\u00fcllen von Pulver ohne weitere Verarbeitung die beste Option. Die Verarbeitung Ihres Erg\u00e4nzung in der Mahlzeit oder beispielsweise einem Smoothie funktioniert am besten in Pulverform. M\u00fcssen Ihre Nahrungserg\u00e4nzungsmittel an Feuchtigkeit binden? Dann ist das Mischen einer Kugel Pulver mit Wasser die einfachste M\u00f6glichkeit.<\/span><\/p>\n<h3>Schnellere Aufnahme Ihres Nahrungserg\u00e4nzungsmittels<\/h3>\n<p><span style=\"font-weight: 400;\">Nach der Einnahme eines Pulvers muss der K\u00f6rper weniger Arbeit leisten, um die Stoffe aufzunehmen. Anders sieht es bei Kapseln aus. Es dauert dann eine Weile, bis die Nahrungserg\u00e4nzungsmittel im K\u00f6rper freigesetzt werden, da die Kapsel erst schmelzen muss. Sie m\u00f6chten sofortige Ergebnisse erzielen? Dann ist es sicher keine schlechte Idee, das<strong> Pulver direkt zu verpacken<\/strong>.<\/span><\/p>\n<h2> <\/h2>\n<h2><img decoding=\"async\" class=\"alignleft wp-image-2222\" src=\"https:\/\/skelsupplements.nl\/new\/wp-content\/uploads\/2021\/05\/poeder-verpakken.jpg\" alt=\"Pulververpackung\" width=\"400\" height=\"400\" srcset=\"https:\/\/skelsupplements.nl\/wp-content\/uploads\/2021\/05\/poeder-verpakken.jpg 800w, https:\/\/skelsupplements.nl\/wp-content\/uploads\/2021\/05\/poeder-verpakken-300x300.jpg 300w, https:\/\/skelsupplements.nl\/wp-content\/uploads\/2021\/05\/poeder-verpakken-150x150.jpg 150w, https:\/\/skelsupplements.nl\/wp-content\/uploads\/2021\/05\/poeder-verpakken-768x768.jpg 768w, https:\/\/skelsupplements.nl\/wp-content\/uploads\/2021\/05\/poeder-verpakken-600x600.jpg 600w, https:\/\/skelsupplements.nl\/wp-content\/uploads\/2021\/05\/poeder-verpakken-200x200.jpg 200w, https:\/\/skelsupplements.nl\/wp-content\/uploads\/2021\/05\/poeder-verpakken-50x50.jpg 50w, https:\/\/skelsupplements.nl\/wp-content\/uploads\/2021\/05\/poeder-verpakken-100x100.jpg 100w\" sizes=\"(max-width: 400px) 100vw, 400px\" \/>Pulverabf\u00fcllung f\u00fcr alle Nahrungserg\u00e4nzungsmittel f\u00fcr Mensch und Tier m\u00f6glich<\/h2>\n<p><span style=\"font-weight: 400;\">SKEL Supplements arbeitet mit Nahrungserg\u00e4nzungsmitteln f\u00fcr Mensch und Tier. Wir verarbeiten alle m\u00f6glichen Erg\u00e4nzungen, k\u00f6nnen aber auch Kr\u00e4uter abf\u00fcllen. Bei Bedarf \u00fcberlegen wir gemeinsam mit Ihnen die konkrete Rezeptur. Bestimmte Nahrungserg\u00e4nzungsmittel erfordern eine bestimmte Verpackungsmethode. Wir beraten Sie gerne. Kontaktieren Sie einen <\/span><span style=\"font-weight: 400;\">unserer<\/span> <span style=\"font-weight: 400;\">Spezialisten f\u00fcr eine ma\u00dfgeschneiderte Beratung<\/span>.<\/p>\n<h2>Von der Rezeptur bis zum Granulat in der gew\u00fcnschten Verpackung<\/h2>\n<p><span style=\"font-weight: 400;\">M\u00f6chten Sie Pulver abf\u00fcllen? Dann liefern Sie uns das bereits hergestellte Pulver oder teilen uns die Ideen zur Zusammensetzung des Erg\u00e4nzung mit. Bei Bedarf denken wir gerne mit Ihnen \u00fcber die komplette Entwicklung Ihres Erg\u00e4nzung inklusive der dazugeh\u00f6rigen Verpackung nach. Sie m\u00f6chten Ihr Nahrungserg\u00e4nzungsmittel gerne als Pulver verpacken, aber hat es aktuell eine andere Substanz? Die meisten Stoffe lassen sich zu einem Pulver verarbeiten. <\/span><\/p>\n<h2>Verpacken Sie das Pulver mit Chargennummer und Verfallsdatum<\/h2>\n<p><img decoding=\"async\" class=\"alignright wp-image-2223\" src=\"https:\/\/skelsupplements.nl\/new\/wp-content\/uploads\/2021\/05\/granulaten-afvullen.jpg\" alt=\"\" width=\"400\" height=\"400\" srcset=\"https:\/\/skelsupplements.nl\/wp-content\/uploads\/2021\/05\/granulaten-afvullen.jpg 800w, https:\/\/skelsupplements.nl\/wp-content\/uploads\/2021\/05\/granulaten-afvullen-300x300.jpg 300w, https:\/\/skelsupplements.nl\/wp-content\/uploads\/2021\/05\/granulaten-afvullen-150x150.jpg 150w, https:\/\/skelsupplements.nl\/wp-content\/uploads\/2021\/05\/granulaten-afvullen-768x768.jpg 768w, https:\/\/skelsupplements.nl\/wp-content\/uploads\/2021\/05\/granulaten-afvullen-600x600.jpg 600w, https:\/\/skelsupplements.nl\/wp-content\/uploads\/2021\/05\/granulaten-afvullen-200x200.jpg 200w, https:\/\/skelsupplements.nl\/wp-content\/uploads\/2021\/05\/granulaten-afvullen-50x50.jpg 50w, https:\/\/skelsupplements.nl\/wp-content\/uploads\/2021\/05\/granulaten-afvullen-100x100.jpg 100w\" sizes=\"(max-width: 400px) 100vw, 400px\" \/><\/p>\n<p><span style=\"font-weight: 400;\">Auf Wunsch versehen wir Ihre gef\u00fcllte Beilagenverpackung mit einem Etikett. Dieses Etikett kann eine Chargennummer und ein Verfallsdatum enthalten. Dies hilft Ihnen, die Richtlinien einzuhalten und gibt Ihrem Verbraucher eine Orientierungshilfe bez\u00fcglich der Benutzerfreundlichkeit Ihres Produkts.<\/span><\/p>\n<p><span style=\"font-weight: 400;\">Neben dem Etikett versehen wir Ihre Verpackung mit dem gew\u00fcnschten Branding. Denken Sie zum Beispiel an typische Farben oder ein Logo. Da es viele verschiedene Pulververpackungen gibt, ist es ratsam, <\/span><span style=\"font-weight: 400;\">uns <\/span><span style=\"font-weight: 400;\">zu kontaktieren f\u00fcr weitere Informationen.<\/span><\/p>\n<h2>F\u00fcllpulver: verschiedene Durchl\u00e4ufe m\u00f6glich<\/h2>\n<p><span style=\"font-weight: 400;\">Wir f\u00fcllen Pulver (Granulat) und Kr\u00e4uter in vielen verschiedenen Verpackungsformen ab. Die Mindestchargenmenge ist abh\u00e4ngig von der Verpackungsform. Kontaktieren Sie uns und&nbsp;<\/span>wir helfen Ihnen gerne bei der Entwicklung Ihres einzigartigen Nahrungserg\u00e4nzungsmittels!<\/p>\t\t\t\t\t\t\t\t<\/div>\n\t\t\t\t<\/div>\n\t\t\t\t<div class=\"elementor-element elementor-element-b7afba5 elementor-widget elementor-widget-spacer\" data-id=\"b7afba5\" data-element_type=\"widget\" data-e-type=\"widget\" data-widget_type=\"spacer.default\">\n\t\t\t\t<div class=\"elementor-widget-container\">\n\t\t\t\t\t\t\t<div class=\"elementor-spacer\">\n\t\t\t<div class=\"elementor-spacer-inner\"><\/div>\n\t\t<\/div>\n\t\t\t\t\t\t<\/div>\n\t\t\t\t<\/div>\n\t\t\t\t\t<\/div>\n\t\t<\/div>\n\t\t\t\t\t<\/div>\n\t\t<\/section>\n\t\t\t\t<\/div>\n\t\t","protected":false},"excerpt":{"rendered":"<p>F\u00fcllpulver und Granulate Haben Sie Nahrungserg\u00e4nzungsmittel oder Kr\u00e4utermischungen, die Sie gerne Verpackt haben m\u00f6chten? Statt Pulver zu verkapseln oder zu tablettieren, kann SKEL Supplements diese auch direkt in die Verpackung&#8230;<\/p>\n","protected":false},"author":1,"featured_media":3347,"parent":0,"menu_order":0,"comment_status":"closed","ping_status":"closed","template":"","meta":{"footnotes":""},"class_list":["post-3774","page","type-page","status-publish","has-post-thumbnail"],"yoast_head":"<!-- This site is optimized with the Yoast SEO plugin v27.3 - https:\/\/yoast.com\/product\/yoast-seo-wordpress\/ -->\n<title>F\u00fcllen Sie Pulver in jede gew\u00fcnschte Verpackung.<\/title>\n<meta name=\"description\" content=\"Verpackungspulver | SKEL-Supplements | Hochwertige Erg\u00e4nzungsverpackung | Dosierungsfreiheit \u2705 Schnelle Aufnahme \u2705 Auch kleinere Auflagen \u2705\" \/>\n<meta name=\"robots\" content=\"index, follow, max-snippet:-1, max-image-preview:large, max-video-preview:-1\" \/>\n<link rel=\"canonical\" href=\"https:\/\/skelsupplements.nl\/de\/fuellpulver-und-granulate\/\" \/>\n<meta property=\"og:locale\" content=\"de_DE\" \/>\n<meta property=\"og:type\" content=\"article\" \/>\n<meta property=\"og:title\" content=\"F\u00fcllen Sie Pulver in jede gew\u00fcnschte Verpackung.\" \/>\n<meta property=\"og:description\" content=\"Verpackungspulver | SKEL-Supplements | Hochwertige Erg\u00e4nzungsverpackung | Dosierungsfreiheit \u2705 Schnelle Aufnahme \u2705 Auch kleinere Auflagen \u2705\" \/>\n<meta property=\"og:url\" content=\"https:\/\/skelsupplements.nl\/de\/fuellpulver-und-granulate\/\" \/>\n<meta property=\"og:site_name\" content=\"SKEL Supplements\" \/>\n<meta property=\"article:modified_time\" content=\"2024-02-11T18:23:26+00:00\" \/>\n<meta property=\"og:image\" content=\"https:\/\/skelsupplements.nl\/wp-content\/uploads\/2021\/05\/afvullen-poeder-granulaten.jpg\" \/>\n<meta name=\"twitter:card\" content=\"summary_large_image\" \/>\n<meta name=\"twitter:label1\" content=\"Gesch\u00e4tzte Lesezeit\" \/>\n\t<meta name=\"twitter:data1\" content=\"5\u00a0Minuten\" \/>\n<script type=\"application\/ld+json\" class=\"yoast-schema-graph\">{\"@context\":\"https:\\\/\\\/schema.org\",\"@graph\":[{\"@type\":\"WebPage\",\"@id\":\"https:\\\/\\\/skelsupplements.nl\\\/de\\\/fuellpulver-und-granulate\\\/\",\"url\":\"https:\\\/\\\/skelsupplements.nl\\\/de\\\/fuellpulver-und-granulate\\\/\",\"name\":\"F\u00fcllen Sie Pulver in jede gew\u00fcnschte Verpackung.\",\"isPartOf\":{\"@id\":\"https:\\\/\\\/skelsupplements.nl\\\/de\\\/#website\"},\"primaryImageOfPage\":{\"@id\":\"https:\\\/\\\/skelsupplements.nl\\\/de\\\/fuellpulver-und-granulate\\\/#primaryimage\"},\"image\":{\"@id\":\"https:\\\/\\\/skelsupplements.nl\\\/de\\\/fuellpulver-und-granulate\\\/#primaryimage\"},\"thumbnailUrl\":\"https:\\\/\\\/skelsupplements.nl\\\/wp-content\\\/uploads\\\/2021\\\/05\\\/afvullen-poeder-granulaten.jpg\",\"datePublished\":\"2021-07-11T15:27:02+00:00\",\"dateModified\":\"2024-02-11T18:23:26+00:00\",\"description\":\"Verpackungspulver | SKEL-Supplements | Hochwertige Erg\u00e4nzungsverpackung | Dosierungsfreiheit \u2705 Schnelle Aufnahme \u2705 Auch kleinere Auflagen \u2705\",\"breadcrumb\":{\"@id\":\"https:\\\/\\\/skelsupplements.nl\\\/de\\\/fuellpulver-und-granulate\\\/#breadcrumb\"},\"inLanguage\":\"de\",\"potentialAction\":[{\"@type\":\"ReadAction\",\"target\":[\"https:\\\/\\\/skelsupplements.nl\\\/de\\\/fuellpulver-und-granulate\\\/\"]}]},{\"@type\":\"ImageObject\",\"inLanguage\":\"de\",\"@id\":\"https:\\\/\\\/skelsupplements.nl\\\/de\\\/fuellpulver-und-granulate\\\/#primaryimage\",\"url\":\"https:\\\/\\\/skelsupplements.nl\\\/wp-content\\\/uploads\\\/2021\\\/05\\\/afvullen-poeder-granulaten.jpg\",\"contentUrl\":\"https:\\\/\\\/skelsupplements.nl\\\/wp-content\\\/uploads\\\/2021\\\/05\\\/afvullen-poeder-granulaten.jpg\",\"width\":800,\"height\":800,\"caption\":\"Abf\u00fcllen von Pulvergranulaten\"},{\"@type\":\"BreadcrumbList\",\"@id\":\"https:\\\/\\\/skelsupplements.nl\\\/de\\\/fuellpulver-und-granulate\\\/#breadcrumb\",\"itemListElement\":[{\"@type\":\"ListItem\",\"position\":1,\"name\":\"Home\",\"item\":\"https:\\\/\\\/skelsupplements.nl\\\/de\\\/\"},{\"@type\":\"ListItem\",\"position\":2,\"name\":\"F\u00fcllpulver und Granulate\"}]},{\"@type\":\"WebSite\",\"@id\":\"https:\\\/\\\/skelsupplements.nl\\\/de\\\/#website\",\"url\":\"https:\\\/\\\/skelsupplements.nl\\\/de\\\/\",\"name\":\"SKEL Supplements | Private label supplementen producent\",\"description\":\"Verpakken van supplementen\",\"publisher\":{\"@id\":\"https:\\\/\\\/skelsupplements.nl\\\/de\\\/#organization\"},\"potentialAction\":[{\"@type\":\"SearchAction\",\"target\":{\"@type\":\"EntryPoint\",\"urlTemplate\":\"https:\\\/\\\/skelsupplements.nl\\\/de\\\/?s={search_term_string}\"},\"query-input\":{\"@type\":\"PropertyValueSpecification\",\"valueRequired\":true,\"valueName\":\"search_term_string\"}}],\"inLanguage\":\"de\"},{\"@type\":\"Organization\",\"@id\":\"https:\\\/\\\/skelsupplements.nl\\\/de\\\/#organization\",\"name\":\"SKEL Supplements\",\"url\":\"https:\\\/\\\/skelsupplements.nl\\\/de\\\/\",\"logo\":{\"@type\":\"ImageObject\",\"inLanguage\":\"de\",\"@id\":\"https:\\\/\\\/skelsupplements.nl\\\/de\\\/#\\\/schema\\\/logo\\\/image\\\/\",\"url\":\"\",\"contentUrl\":\"\",\"caption\":\"SKEL Supplements\"},\"image\":{\"@id\":\"https:\\\/\\\/skelsupplements.nl\\\/de\\\/#\\\/schema\\\/logo\\\/image\\\/\"}}]}<\/script>\n<!-- \/ Yoast SEO plugin. -->","yoast_head_json":{"title":"F\u00fcllen Sie Pulver in jede gew\u00fcnschte Verpackung.","description":"Verpackungspulver | SKEL-Supplements | Hochwertige Erg\u00e4nzungsverpackung | Dosierungsfreiheit \u2705 Schnelle Aufnahme \u2705 Auch kleinere Auflagen \u2705","robots":{"index":"index","follow":"follow","max-snippet":"max-snippet:-1","max-image-preview":"max-image-preview:large","max-video-preview":"max-video-preview:-1"},"canonical":"https:\/\/skelsupplements.nl\/de\/fuellpulver-und-granulate\/","og_locale":"de_DE","og_type":"article","og_title":"F\u00fcllen Sie Pulver in jede gew\u00fcnschte Verpackung.","og_description":"Verpackungspulver | SKEL-Supplements | Hochwertige Erg\u00e4nzungsverpackung | Dosierungsfreiheit \u2705 Schnelle Aufnahme \u2705 Auch kleinere Auflagen \u2705","og_url":"https:\/\/skelsupplements.nl\/de\/fuellpulver-und-granulate\/","og_site_name":"SKEL Supplements","article_modified_time":"2024-02-11T18:23:26+00:00","og_image":[{"url":"https:\/\/skelsupplements.nl\/wp-content\/uploads\/2021\/05\/afvullen-poeder-granulaten.jpg","type":"","width":"","height":""}],"twitter_card":"summary_large_image","twitter_misc":{"Gesch\u00e4tzte Lesezeit":"5\u00a0Minuten"},"schema":{"@context":"https:\/\/schema.org","@graph":[{"@type":"WebPage","@id":"https:\/\/skelsupplements.nl\/de\/fuellpulver-und-granulate\/","url":"https:\/\/skelsupplements.nl\/de\/fuellpulver-und-granulate\/","name":"F\u00fcllen Sie Pulver in jede gew\u00fcnschte Verpackung.","isPartOf":{"@id":"https:\/\/skelsupplements.nl\/de\/#website"},"primaryImageOfPage":{"@id":"https:\/\/skelsupplements.nl\/de\/fuellpulver-und-granulate\/#primaryimage"},"image":{"@id":"https:\/\/skelsupplements.nl\/de\/fuellpulver-und-granulate\/#primaryimage"},"thumbnailUrl":"https:\/\/skelsupplements.nl\/wp-content\/uploads\/2021\/05\/afvullen-poeder-granulaten.jpg","datePublished":"2021-07-11T15:27:02+00:00","dateModified":"2024-02-11T18:23:26+00:00","description":"Verpackungspulver | SKEL-Supplements | Hochwertige Erg\u00e4nzungsverpackung | Dosierungsfreiheit \u2705 Schnelle Aufnahme \u2705 Auch kleinere Auflagen \u2705","breadcrumb":{"@id":"https:\/\/skelsupplements.nl\/de\/fuellpulver-und-granulate\/#breadcrumb"},"inLanguage":"de","potentialAction":[{"@type":"ReadAction","target":["https:\/\/skelsupplements.nl\/de\/fuellpulver-und-granulate\/"]}]},{"@type":"ImageObject","inLanguage":"de","@id":"https:\/\/skelsupplements.nl\/de\/fuellpulver-und-granulate\/#primaryimage","url":"https:\/\/skelsupplements.nl\/wp-content\/uploads\/2021\/05\/afvullen-poeder-granulaten.jpg","contentUrl":"https:\/\/skelsupplements.nl\/wp-content\/uploads\/2021\/05\/afvullen-poeder-granulaten.jpg","width":800,"height":800,"caption":"Abf\u00fcllen von Pulvergranulaten"},{"@type":"BreadcrumbList","@id":"https:\/\/skelsupplements.nl\/de\/fuellpulver-und-granulate\/#breadcrumb","itemListElement":[{"@type":"ListItem","position":1,"name":"Home","item":"https:\/\/skelsupplements.nl\/de\/"},{"@type":"ListItem","position":2,"name":"F\u00fcllpulver und Granulate"}]},{"@type":"WebSite","@id":"https:\/\/skelsupplements.nl\/de\/#website","url":"https:\/\/skelsupplements.nl\/de\/","name":"SKEL Supplements | Private label supplementen producent","description":"Verpakken van supplementen","publisher":{"@id":"https:\/\/skelsupplements.nl\/de\/#organization"},"potentialAction":[{"@type":"SearchAction","target":{"@type":"EntryPoint","urlTemplate":"https:\/\/skelsupplements.nl\/de\/?s={search_term_string}"},"query-input":{"@type":"PropertyValueSpecification","valueRequired":true,"valueName":"search_term_string"}}],"inLanguage":"de"},{"@type":"Organization","@id":"https:\/\/skelsupplements.nl\/de\/#organization","name":"SKEL Supplements","url":"https:\/\/skelsupplements.nl\/de\/","logo":{"@type":"ImageObject","inLanguage":"de","@id":"https:\/\/skelsupplements.nl\/de\/#\/schema\/logo\/image\/","url":"","contentUrl":"","caption":"SKEL Supplements"},"image":{"@id":"https:\/\/skelsupplements.nl\/de\/#\/schema\/logo\/image\/"}}]}},"_links":{"self":[{"href":"https:\/\/skelsupplements.nl\/de\/wp-json\/wp\/v2\/pages\/3774","targetHints":{"allow":["GET"]}}],"collection":[{"href":"https:\/\/skelsupplements.nl\/de\/wp-json\/wp\/v2\/pages"}],"about":[{"href":"https:\/\/skelsupplements.nl\/de\/wp-json\/wp\/v2\/types\/page"}],"author":[{"embeddable":true,"href":"https:\/\/skelsupplements.nl\/de\/wp-json\/wp\/v2\/users\/1"}],"replies":[{"embeddable":true,"href":"https:\/\/skelsupplements.nl\/de\/wp-json\/wp\/v2\/comments?post=3774"}],"version-history":[{"count":0,"href":"https:\/\/skelsupplements.nl\/de\/wp-json\/wp\/v2\/pages\/3774\/revisions"}],"wp:featuredmedia":[{"embeddable":true,"href":"https:\/\/skelsupplements.nl\/de\/wp-json\/wp\/v2\/media\/3347"}],"wp:attachment":[{"href":"https:\/\/skelsupplements.nl\/de\/wp-json\/wp\/v2\/media?parent=3774"}],"curies":[{"name":"wp","href":"https:\/\/api.w.org\/{rel}","templated":true}]}}