{"id":3783,"date":"2021-07-11T17:27:30","date_gmt":"2021-07-11T15:27:30","guid":{"rendered":"https:\/\/skelsupplements.nl\/lassen-sie-kraeuterrezepturen-herstellen\/"},"modified":"2024-03-01T14:53:02","modified_gmt":"2024-03-01T13:53:02","slug":"kraeuterformeln","status":"publish","type":"page","link":"https:\/\/skelsupplements.nl\/de\/kraeuterformeln\/","title":{"rendered":"Kr\u00e4uterformeln"},"content":{"rendered":"\t\t<div data-elementor-type=\"wp-post\" data-elementor-id=\"3783\" class=\"elementor elementor-3783 elementor-2239\" data-elementor-post-type=\"page\">\n\t\t\t\t\t\t<section class=\"elementor-section elementor-top-section elementor-element elementor-element-453d5b5c elementor-section-full_width elementor-section-height-min-height elementor-section-stretched elementor-section-height-default elementor-section-items-middle\" data-id=\"453d5b5c\" data-element_type=\"section\" data-e-type=\"section\" data-settings=\"{&quot;stretch_section&quot;:&quot;section-stretched&quot;,&quot;background_background&quot;:&quot;classic&quot;,&quot;background_motion_fx_motion_fx_scrolling&quot;:&quot;yes&quot;,&quot;background_motion_fx_translateY_effect&quot;:&quot;yes&quot;,&quot;background_motion_fx_translateY_direction&quot;:&quot;negative&quot;,&quot;background_motion_fx_translateY_speed&quot;:{&quot;unit&quot;:&quot;px&quot;,&quot;size&quot;:4,&quot;sizes&quot;:[]},&quot;background_motion_fx_translateY_affectedRange&quot;:{&quot;unit&quot;:&quot;%&quot;,&quot;size&quot;:&quot;&quot;,&quot;sizes&quot;:{&quot;start&quot;:0,&quot;end&quot;:100}},&quot;background_motion_fx_devices&quot;:[&quot;desktop&quot;,&quot;tablet&quot;,&quot;mobile&quot;]}\">\n\t\t\t\t\t\t<div class=\"elementor-container elementor-column-gap-default\">\n\t\t\t\t\t<div class=\"elementor-column elementor-col-100 elementor-top-column elementor-element elementor-element-5c121224\" data-id=\"5c121224\" data-element_type=\"column\" data-e-type=\"column\">\n\t\t\t<div class=\"elementor-widget-wrap\">\n\t\t\t\t\t\t\t<\/div>\n\t\t<\/div>\n\t\t\t\t\t<\/div>\n\t\t<\/section>\n\t\t\t\t<section class=\"elementor-section elementor-top-section elementor-element elementor-element-073012a elementor-section-stretched elementor-section-boxed elementor-section-height-default elementor-section-height-default\" data-id=\"073012a\" data-element_type=\"section\" data-e-type=\"section\" data-settings=\"{&quot;stretch_section&quot;:&quot;section-stretched&quot;,&quot;background_background&quot;:&quot;classic&quot;}\">\n\t\t\t\t\t\t<div class=\"elementor-container elementor-column-gap-extended\">\n\t\t\t\t\t<div class=\"elementor-column elementor-col-100 elementor-top-column elementor-element elementor-element-b33df8d\" data-id=\"b33df8d\" data-element_type=\"column\" data-e-type=\"column\">\n\t\t\t<div class=\"elementor-widget-wrap elementor-element-populated\">\n\t\t\t\t\t\t<div class=\"elementor-element elementor-element-eaac391 elementor-widget elementor-widget-heading\" data-id=\"eaac391\" data-element_type=\"widget\" data-e-type=\"widget\" data-widget_type=\"heading.default\">\n\t\t\t\t<div class=\"elementor-widget-container\">\n\t\t\t\t\t<h1 class=\"elementor-heading-title elementor-size-large\">Kr\u00e4uterrezept<\/h1>\t\t\t\t<\/div>\n\t\t\t\t<\/div>\n\t\t\t\t\t<\/div>\n\t\t<\/div>\n\t\t\t\t\t<\/div>\n\t\t<\/section>\n\t\t\t\t<section class=\"elementor-section elementor-top-section elementor-element elementor-element-2de4f4f elementor-section-stretched elementor-section-boxed elementor-section-height-default elementor-section-height-default\" data-id=\"2de4f4f\" data-element_type=\"section\" data-e-type=\"section\" data-settings=\"{&quot;stretch_section&quot;:&quot;section-stretched&quot;,&quot;background_background&quot;:&quot;classic&quot;}\">\n\t\t\t\t\t\t<div class=\"elementor-container elementor-column-gap-extended\">\n\t\t\t\t\t<div class=\"elementor-column elementor-col-100 elementor-top-column elementor-element elementor-element-08df4fa\" data-id=\"08df4fa\" data-element_type=\"column\" data-e-type=\"column\">\n\t\t\t<div class=\"elementor-widget-wrap elementor-element-populated\">\n\t\t\t\t\t\t<div class=\"elementor-element elementor-element-a9aadaa elementor-widget elementor-widget-breadcrumbs\" data-id=\"a9aadaa\" data-element_type=\"widget\" data-e-type=\"widget\" data-widget_type=\"breadcrumbs.default\">\n\t\t\t\t<div class=\"elementor-widget-container\">\n\t\t\t\t\t<p id=\"breadcrumbs\"><span><span><a href=\"https:\/\/skelsupplements.nl\/de\/\">Home<\/a><\/span><\/span><\/p>\t\t\t\t<\/div>\n\t\t\t\t<\/div>\n\t\t\t\t<div class=\"elementor-element elementor-element-981c7a5 elementor-widget elementor-widget-spacer\" data-id=\"981c7a5\" data-element_type=\"widget\" data-e-type=\"widget\" data-widget_type=\"spacer.default\">\n\t\t\t\t<div class=\"elementor-widget-container\">\n\t\t\t\t\t\t\t<div class=\"elementor-spacer\">\n\t\t\t<div class=\"elementor-spacer-inner\"><\/div>\n\t\t<\/div>\n\t\t\t\t\t\t<\/div>\n\t\t\t\t<\/div>\n\t\t\t\t\t<\/div>\n\t\t<\/div>\n\t\t\t\t\t<\/div>\n\t\t<\/section>\n\t\t\t\t<section class=\"elementor-section elementor-top-section elementor-element elementor-element-6503adf elementor-section-stretched elementor-section-boxed elementor-section-height-default elementor-section-height-default\" data-id=\"6503adf\" data-element_type=\"section\" data-e-type=\"section\" data-settings=\"{&quot;stretch_section&quot;:&quot;section-stretched&quot;,&quot;background_background&quot;:&quot;classic&quot;}\">\n\t\t\t\t\t\t<div class=\"elementor-container elementor-column-gap-extended\">\n\t\t\t\t\t<div class=\"elementor-column elementor-col-100 elementor-top-column elementor-element elementor-element-94133c2\" data-id=\"94133c2\" data-element_type=\"column\" data-e-type=\"column\" data-settings=\"{&quot;animation&quot;:&quot;none&quot;}\">\n\t\t\t<div class=\"elementor-widget-wrap elementor-element-populated\">\n\t\t\t\t\t\t<div class=\"elementor-element elementor-element-5afcd70 elementor-widget elementor-widget-text-editor\" data-id=\"5afcd70\" data-element_type=\"widget\" data-e-type=\"widget\" data-widget_type=\"text-editor.default\">\n\t\t\t\t<div class=\"elementor-widget-container\">\n\t\t\t\t\t\t\t\t\t<p><span style=\"font-weight: 400;\"><img fetchpriority=\"high\" decoding=\"async\" class=\"alignright wp-image-2699\" src=\"https:\/\/skelsupplements.nl\/new\/wp-content\/uploads\/2021\/06\/Kruidenformules.jpg\" alt=\"Kr\u00e4uterrezept\" width=\"600\" height=\"600\" data-cmp-ab=\"2\" data-cmp-info=\"10\" srcset=\"https:\/\/skelsupplements.nl\/wp-content\/uploads\/2021\/06\/Kruidenformules.jpg 880w, https:\/\/skelsupplements.nl\/wp-content\/uploads\/2021\/06\/Kruidenformules-300x300.jpg 300w, https:\/\/skelsupplements.nl\/wp-content\/uploads\/2021\/06\/Kruidenformules-150x150.jpg 150w, https:\/\/skelsupplements.nl\/wp-content\/uploads\/2021\/06\/Kruidenformules-768x768.jpg 768w, https:\/\/skelsupplements.nl\/wp-content\/uploads\/2021\/06\/Kruidenformules-600x600.jpg 600w, https:\/\/skelsupplements.nl\/wp-content\/uploads\/2021\/06\/Kruidenformules-200x200.jpg 200w, https:\/\/skelsupplements.nl\/wp-content\/uploads\/2021\/06\/Kruidenformules-50x50.jpg 50w, https:\/\/skelsupplements.nl\/wp-content\/uploads\/2021\/06\/Kruidenformules-100x100.jpg 100w\" sizes=\"(max-width: 600px) 100vw, 600px\" \/>Neben Nahrungserg\u00e4nzungsmitteln verarbeitet und verpackt SKEL Supplements auch<strong> Kr\u00e4uterformeln<\/strong>. Dies sind beispielsweise h\u00e4ufig Pr\u00e4parate f\u00fcr die Phytotherapie oder orthomolekulare Pr\u00e4parate. W\u00fcrdest du<strong> Kr\u00e4uter f\u00fcllen<\/strong> , Kr\u00e4uter lassen<strong> vermischen<\/strong> oder beides? Gerne \u00fcbernehmen wir f\u00fcr Sie den gesamten Produktionsprozess.&nbsp;<\/span><\/p>\n<p><span style=\"font-weight: 400;\">SKEL Supplements funktioniert mit trockenen Kr\u00e4uterextrakten. Wir <strong>verpacken<\/strong> diese auf viele verschiedene Arten. Die Art der Verpackung richtet sich nach der Verwendung, der Kr\u00e4utersorte und Ihren W\u00fcnschen. Wir beraten Sie gerne zur richtigen Herstellung und Verpackung Ihres<strong> Kr\u00e4uterformel<\/strong> .<\/span><\/p>\n<h2>Vom Mischen von Kr\u00e4utern bis zum Verpacken von Kr\u00e4utern<\/h2>\n<p><span style=\"font-weight: 400;\">SKEL Supplements verarbeitet Ihre<strong> Kr\u00e4uter<\/strong> verarbeitet Ihre Kr\u00e4uter ab 1000 Packungen pro Auflage. Dies ist m\u00f6glich, weil wir Ihnen den gesamten Produktionsprozess abnehmen. Bei uns k\u00f6nnen Sie die Kr\u00e4uter auch mischen und <strong>Kr\u00e4uterrezepturen herstellen lassen.<\/strong> \u00dcber den Inhalt Ihrer Kr\u00e4utermischung denken wir gerne mit.<\/span><\/p>\n<p><span style=\"font-weight: 400;\">Wir bearbeiten dann Ihre <strong>Kr\u00e4utermischung<\/strong> ggf. zu einem Pulver. Gerne helfen wir Ihnen auch bei der Verpackung Ihrer Kr\u00e4uter. Wir f\u00fcllen Ihre Kr\u00e4uter in die Verpackung Ihrer Wahl. M\u00f6chten Sie diese zun\u00e4chst zu Tabletten, Kapseln und\/oder Blister verarbeiten lassen? Auch das ist m\u00f6glich. Schlie\u00dflich beschriften und codieren wir Ihre Verpackung und sie ist verkaufsfertig.<\/span><\/p>\n<h2>Kr\u00e4uter f\u00fcllen lassen<\/h2>\n<p><span style=\"font-weight: 400;\">Sie k\u00f6nnen einfach einen Trockenextrakt<\/span><span style=\"font-weight: 400;\">abf\u00fcllen lassen<\/span><span style=\"font-weight: 400;\">. Wenn Sie sich daf\u00fcr entscheiden, bef\u00fcllen wir umgehend die gew\u00fcnschte Verpackungsart mit Ihrem<strong> Kr\u00e4uterextrakt<\/strong> . Dies kann beispielsweise ein Glas, ein Beh\u00e4lter, ein Beutel, ein Siegelbeutel oder eine Flasche sein. Alle Arten von Formaten sind m\u00f6glich. In den meisten F\u00e4llen k\u00f6nnen wir Ihre Anforderungen erf\u00fcllen. Da diese W\u00fcnsche sehr pers\u00f6nlich sind, empfehlen wir <\/span><span style=\"font-weight: 400;\">Ihnen<\/span><span style=\"font-weight: 400;\">unsere Spezialisten zu kontaktieren, um die M\u00f6glichkeiten zu besprechen.<\/span><\/p>\n<p><span style=\"font-weight: 400;\">Besonders vorteilhaft ist eine Kr\u00e4uterf\u00fcllung, wenn die Kr\u00e4utermischung direkt in Pulver- oder Fl\u00fcssigform eingenommen wird. Dies ist beispielsweise bei Teeextrakten oder trinkbaren Sirupen der Fall. Dar\u00fcber hinaus ist das Abf\u00fcllen von Kr\u00e4utern g\u00fcnstiger, als wenn Sie die Mischungen zun\u00e4chst verkapseln oder tablettieren lassen.&nbsp;<\/span><\/p>\n<h2><img decoding=\"async\" class=\"alignleft wp-image-2242\" src=\"https:\/\/skelsupplements.nl\/new\/wp-content\/uploads\/2021\/05\/kruiden-laten-mengen.jpg\" alt=\"Kr\u00e4uter mischen\" width=\"600\" height=\"338\" data-cmp-ab=\"2\" data-cmp-info=\"10\" srcset=\"https:\/\/skelsupplements.nl\/wp-content\/uploads\/2021\/05\/kruiden-laten-mengen.jpg 800w, https:\/\/skelsupplements.nl\/wp-content\/uploads\/2021\/05\/kruiden-laten-mengen-300x169.jpg 300w, https:\/\/skelsupplements.nl\/wp-content\/uploads\/2021\/05\/kruiden-laten-mengen-768x432.jpg 768w, https:\/\/skelsupplements.nl\/wp-content\/uploads\/2021\/05\/kruiden-laten-mengen-600x338.jpg 600w, https:\/\/skelsupplements.nl\/wp-content\/uploads\/2021\/05\/kruiden-laten-mengen-200x113.jpg 200w\" sizes=\"(max-width: 600px) 100vw, 600px\" \/>Kr\u00e4uter in Kapseln verpacken<\/h2>\n<p><span style=\"font-weight: 400;\">M\u00f6chten Sie Ihre Kr\u00e4uter in Kapseln oder Tabletten verpackt haben? Dann ist das nat\u00fcrlich auch m\u00f6glich. SKEL Supplements ist unter anderem spezialisiert auf <\/span><span style=\"font-weight: 400;\">kapseln<\/span><span style=\"font-weight: 400;\">. Dies tun wir nicht nur f\u00fcr Nahrungserg\u00e4nzungsmittel, sondern auch f\u00fcr Kr\u00e4utermischungen. Dies erfordert oft einige Zusatzstoffe. Wir \u00fcberlegen gerne mit Ihnen, welche Stoffe gut zu Ihrer Kr\u00e4utermischung passen.<\/span><\/p>\n<p><span style=\"font-weight: 400;\">Das Verpacken Ihrer Kr\u00e4uter in Kapseln hat mehrere Vorteile. Zun\u00e4chst einmal ist Ihre Kr\u00e4utermischung in Kapselform gut vor Feuchtigkeit und anderen \u00e4u\u00dferen Einfl\u00fcssen gesch\u00fctzt. Dar\u00fcber hinaus sorgt es f\u00fcr eine langsamere Aufnahme der Kr\u00e4uter und sie sind leichter zu dosieren. Bei &nbsp;einem losen Pulver wiegt der Verbraucher beispielsweise die Menge selbst ab. Kapseln enthalten sofort die richtige Dosis.<\/span><\/p>\n<p><span style=\"font-weight: 400;\">Wir bieten auch Optionen zur Personalisierung Ihrer Kapseln. Es stehen verschiedene Farben zur Verf\u00fcgung und wir k\u00f6nnen Ihr Logo problemlos auf die Kapsel drucken. Dies verleiht ihm sofort ein anderes, professionelles Aussehen. Arbeiten Sie mit einem fl\u00fcssigen Kr\u00e4uterextrakt? In bestimmten F\u00e4llen sind auch Kapseln eine Option.<\/span><\/p>\n<h2>Kr\u00e4uter in Tabletten verpacken<\/h2>\n<p><span style=\"font-weight: 400;\">M\u00f6chten Sie Kr\u00e4uter in Tablettenform, aber lieber keine Kapseln? Dann kannst du die Kr\u00e4utermischungen auch im <\/span><span style=\"font-weight: 400;\">Tablettenform herstellen<\/span><span style=\"font-weight: 400;\">. SKEL Supplements bindet Ihre Kr\u00e4uterpulver von Feststoffen zu Tabletten. Dies kann in verschiedenen Formen, Editionen und Formaten erfolgen. Eine Kr\u00e4utertablette ben\u00f6tigt oft mehr Hilfsstoffe als eine Kr\u00e4uterkapsel.&nbsp;<\/span><\/p>\n<p><span style=\"font-weight: 400;\">Sie k\u00f6nnen sich beispielsweise aufgrund der Vorteile bei der Verwendung und Dosierung f\u00fcr die Tablettierung von Kr\u00e4utermischungen entscheiden. Das Schlucken von Kr\u00e4utertabletten wird von vielen Menschen als angenehmer empfunden als Kapseln. Auch hierzu kann SKEL Supplements Sie beraten. Bei Bedarf f\u00fcgen wir Ihren Tablets eine sogenannte \u201eBruchlinie\u201c hinzu. Das Zerbrechen der Tabletten erleichtert die Dosierung.&nbsp;<\/span><\/p>\n<h2>Kr\u00e4utertabletten oder Kapseln in a<img decoding=\"async\" class=\"alignright wp-image-2243\" src=\"https:\/\/skelsupplements.nl\/new\/wp-content\/uploads\/2021\/05\/kruiden-afvullen-verpakken.jpg\" alt=\"Kr\u00e4uterverpackung f\u00fcllen\" width=\"500\" height=\"500\" data-cmp-ab=\"2\" data-cmp-info=\"10\" srcset=\"https:\/\/skelsupplements.nl\/wp-content\/uploads\/2021\/05\/kruiden-afvullen-verpakken.jpg 800w, https:\/\/skelsupplements.nl\/wp-content\/uploads\/2021\/05\/kruiden-afvullen-verpakken-300x300.jpg 300w, https:\/\/skelsupplements.nl\/wp-content\/uploads\/2021\/05\/kruiden-afvullen-verpakken-150x150.jpg 150w, https:\/\/skelsupplements.nl\/wp-content\/uploads\/2021\/05\/kruiden-afvullen-verpakken-768x768.jpg 768w, https:\/\/skelsupplements.nl\/wp-content\/uploads\/2021\/05\/kruiden-afvullen-verpakken-600x600.jpg 600w, https:\/\/skelsupplements.nl\/wp-content\/uploads\/2021\/05\/kruiden-afvullen-verpakken-200x200.jpg 200w, https:\/\/skelsupplements.nl\/wp-content\/uploads\/2021\/05\/kruiden-afvullen-verpakken-50x50.jpg 50w, https:\/\/skelsupplements.nl\/wp-content\/uploads\/2021\/05\/kruiden-afvullen-verpakken-100x100.jpg 100w\" sizes=\"(max-width: 500px) 100vw, 500px\" \/> Blisterpackung<\/h2>\n<p><span style=\"font-weight: 400;\">Entscheiden Sie sich f\u00fcr eine Tabletten- oder Kapselform? Dann ist ein <\/span><span style=\"font-weight: 400;\">Blisterpackung<\/span><span style=\"font-weight: 400;\">&nbsp;in manchen F\u00e4llen eine zus\u00e4tzliche Option. Ihre Kr\u00e4utertabletten werden dann zwischen zwei Materialschichten wie PVC oder Aluminium vakuumverpackt. Ein gro\u00dfer Vorteil beim Verpacken Ihrer Kr\u00e4uter im Blister ist, dass Kartons mit Blister problemlos durch den Briefkasten passen. Die Versandkosten sind daher geringer und der Verbraucher muss nicht zu Hause bleiben, um Ihr Produkt zu erhalten. Dies macht es viel zug\u00e4nglicher. Ein Nachteil besteht darin, dass die Auflage deutlich h\u00f6her ist als bei anderen Verpackungsformen.<\/span><\/p>\n<h3>M\u00f6chten Sie Kr\u00e4uter herstellen, abf\u00fcllen und verpacken? Fragen Sie nach den M\u00f6glichkeiten<\/h3>\n<p><span style=\"font-weight: 400;\">SKEL Supplements bietet Ihnen mehrere M\u00f6glichkeiten zur Herstellung, Verpackung und Abf\u00fcllung Ihrer Kr\u00e4uterrezepturen. Dank unserer Erfahrung wissen wir, wie wir Sie \u00fcber die besten M\u00f6glichkeiten f\u00fcr Ihren Kr\u00e4uterextrakt beraten k\u00f6nnen. Gerne erz\u00e4hlen wir Ihnen auch mehr \u00fcber die Vorteile verschiedener Verpackungsm\u00f6glichkeiten. Dies h\u00e4ngt ganz von Ihren W\u00fcnschen ab.<\/span><\/p>\n<p><span style=\"font-weight: 400;\">Sie m\u00f6chten Kr\u00e4uterrezepturen, Kr\u00e4utermischungen, gef\u00fcllte oder verpackte Kr\u00e4uter herstellen lassen? Bitte kontaktieren Sie uns f\u00fcr weitere Informationen. Sie k\u00f6nnen uns auch bei Fragen zu Ihrer spezifischen Situation kontaktieren.&nbsp;<\/span><\/p>\t\t\t\t\t\t\t\t<\/div>\n\t\t\t\t<\/div>\n\t\t\t\t<div class=\"elementor-element elementor-element-b7afba5 elementor-widget elementor-widget-spacer\" data-id=\"b7afba5\" data-element_type=\"widget\" data-e-type=\"widget\" data-widget_type=\"spacer.default\">\n\t\t\t\t<div class=\"elementor-widget-container\">\n\t\t\t\t\t\t\t<div class=\"elementor-spacer\">\n\t\t\t<div class=\"elementor-spacer-inner\"><\/div>\n\t\t<\/div>\n\t\t\t\t\t\t<\/div>\n\t\t\t\t<\/div>\n\t\t\t\t\t<\/div>\n\t\t<\/div>\n\t\t\t\t\t<\/div>\n\t\t<\/section>\n\t\t\t\t<\/div>\n\t\t","protected":false},"excerpt":{"rendered":"<p>Kr\u00e4uterrezept Neben Nahrungserg\u00e4nzungsmitteln verarbeitet und verpackt SKEL Supplements auch Kr\u00e4uterformeln. Dies sind beispielsweise h\u00e4ufig Pr\u00e4parate f\u00fcr die Phytotherapie oder orthomolekulare Pr\u00e4parate. W\u00fcrdest du Kr\u00e4uter f\u00fcllen , Kr\u00e4uter lassen vermischen oder&#8230;<\/p>\n","protected":false},"author":1,"featured_media":0,"parent":0,"menu_order":0,"comment_status":"closed","ping_status":"closed","template":"","meta":{"footnotes":""},"class_list":["post-3783","page","type-page","status-publish"],"yoast_head":"<!-- This site is optimized with the Yoast SEO plugin v27.4 - https:\/\/yoast.com\/product\/yoast-seo-wordpress\/ -->\n<title>Kr\u00e4uterrezepturen herstellen und verpacken | SKEL Supplements<\/title>\n<meta name=\"description\" content=\"Mischen Sie Kr\u00e4uterformeln \u2705 Kr\u00e4uter verpacken \u2705 Kr\u00e4uter f\u00fcllen \u2705 | Wir denken gerne mit Ihnen mit\" \/>\n<meta name=\"robots\" content=\"index, follow, max-snippet:-1, max-image-preview:large, max-video-preview:-1\" \/>\n<link rel=\"canonical\" href=\"https:\/\/skelsupplements.nl\/de\/kraeuterformeln\/\" \/>\n<meta property=\"og:locale\" content=\"de_DE\" \/>\n<meta property=\"og:type\" content=\"article\" \/>\n<meta property=\"og:title\" content=\"Kr\u00e4uterrezepturen herstellen und verpacken | SKEL Supplements\" \/>\n<meta property=\"og:description\" content=\"Mischen Sie Kr\u00e4uterformeln \u2705 Kr\u00e4uter verpacken \u2705 Kr\u00e4uter f\u00fcllen \u2705 | Wir denken gerne mit Ihnen mit\" \/>\n<meta property=\"og:url\" content=\"https:\/\/skelsupplements.nl\/de\/kraeuterformeln\/\" \/>\n<meta property=\"og:site_name\" content=\"SKEL Supplements\" \/>\n<meta property=\"article:modified_time\" content=\"2024-03-01T13:53:02+00:00\" \/>\n<meta property=\"og:image\" content=\"https:\/\/skelsupplements.nl\/wp-content\/uploads\/2021\/05\/Kruidenformules.jpg\" \/>\n<meta name=\"twitter:card\" content=\"summary_large_image\" \/>\n<meta name=\"twitter:label1\" content=\"Gesch\u00e4tzte Lesezeit\" \/>\n\t<meta name=\"twitter:data1\" content=\"5\u00a0Minuten\" \/>\n<script type=\"application\/ld+json\" class=\"yoast-schema-graph\">{\"@context\":\"https:\\\/\\\/schema.org\",\"@graph\":[{\"@type\":\"WebPage\",\"@id\":\"https:\\\/\\\/skelsupplements.nl\\\/de\\\/kraeuterformeln\\\/\",\"url\":\"https:\\\/\\\/skelsupplements.nl\\\/de\\\/kraeuterformeln\\\/\",\"name\":\"Kr\u00e4uterrezepturen herstellen und verpacken | SKEL Supplements\",\"isPartOf\":{\"@id\":\"https:\\\/\\\/skelsupplements.nl\\\/de\\\/#website\"},\"primaryImageOfPage\":{\"@id\":\"https:\\\/\\\/skelsupplements.nl\\\/de\\\/kraeuterformeln\\\/#primaryimage\"},\"image\":{\"@id\":\"https:\\\/\\\/skelsupplements.nl\\\/de\\\/kraeuterformeln\\\/#primaryimage\"},\"thumbnailUrl\":\"https:\\\/\\\/skelsupplements.nl\\\/new\\\/wp-content\\\/uploads\\\/2021\\\/06\\\/Kruidenformules.jpg\",\"datePublished\":\"2021-07-11T15:27:30+00:00\",\"dateModified\":\"2024-03-01T13:53:02+00:00\",\"description\":\"Mischen Sie Kr\u00e4uterformeln \u2705 Kr\u00e4uter verpacken \u2705 Kr\u00e4uter f\u00fcllen \u2705 | Wir denken gerne mit Ihnen mit\",\"breadcrumb\":{\"@id\":\"https:\\\/\\\/skelsupplements.nl\\\/de\\\/kraeuterformeln\\\/#breadcrumb\"},\"inLanguage\":\"de\",\"potentialAction\":[{\"@type\":\"ReadAction\",\"target\":[\"https:\\\/\\\/skelsupplements.nl\\\/de\\\/kraeuterformeln\\\/\"]}]},{\"@type\":\"ImageObject\",\"inLanguage\":\"de\",\"@id\":\"https:\\\/\\\/skelsupplements.nl\\\/de\\\/kraeuterformeln\\\/#primaryimage\",\"url\":\"https:\\\/\\\/skelsupplements.nl\\\/new\\\/wp-content\\\/uploads\\\/2021\\\/06\\\/Kruidenformules.jpg\",\"contentUrl\":\"https:\\\/\\\/skelsupplements.nl\\\/new\\\/wp-content\\\/uploads\\\/2021\\\/06\\\/Kruidenformules.jpg\"},{\"@type\":\"BreadcrumbList\",\"@id\":\"https:\\\/\\\/skelsupplements.nl\\\/de\\\/kraeuterformeln\\\/#breadcrumb\",\"itemListElement\":[{\"@type\":\"ListItem\",\"position\":1,\"name\":\"Home\",\"item\":\"https:\\\/\\\/skelsupplements.nl\\\/de\\\/\"},{\"@type\":\"ListItem\",\"position\":2,\"name\":\"Kr\u00e4uterformeln\"}]},{\"@type\":\"WebSite\",\"@id\":\"https:\\\/\\\/skelsupplements.nl\\\/de\\\/#website\",\"url\":\"https:\\\/\\\/skelsupplements.nl\\\/de\\\/\",\"name\":\"SKEL Supplements | Private label supplementen producent\",\"description\":\"Verpakken van supplementen\",\"publisher\":{\"@id\":\"https:\\\/\\\/skelsupplements.nl\\\/de\\\/#organization\"},\"potentialAction\":[{\"@type\":\"SearchAction\",\"target\":{\"@type\":\"EntryPoint\",\"urlTemplate\":\"https:\\\/\\\/skelsupplements.nl\\\/de\\\/?s={search_term_string}\"},\"query-input\":{\"@type\":\"PropertyValueSpecification\",\"valueRequired\":true,\"valueName\":\"search_term_string\"}}],\"inLanguage\":\"de\"},{\"@type\":\"Organization\",\"@id\":\"https:\\\/\\\/skelsupplements.nl\\\/de\\\/#organization\",\"name\":\"SKEL Supplements\",\"url\":\"https:\\\/\\\/skelsupplements.nl\\\/de\\\/\",\"logo\":{\"@type\":\"ImageObject\",\"inLanguage\":\"de\",\"@id\":\"https:\\\/\\\/skelsupplements.nl\\\/de\\\/#\\\/schema\\\/logo\\\/image\\\/\",\"url\":\"\",\"contentUrl\":\"\",\"caption\":\"SKEL Supplements\"},\"image\":{\"@id\":\"https:\\\/\\\/skelsupplements.nl\\\/de\\\/#\\\/schema\\\/logo\\\/image\\\/\"}}]}<\/script>\n<!-- \/ Yoast SEO plugin. -->","yoast_head_json":{"title":"Kr\u00e4uterrezepturen herstellen und verpacken | SKEL Supplements","description":"Mischen Sie Kr\u00e4uterformeln \u2705 Kr\u00e4uter verpacken \u2705 Kr\u00e4uter f\u00fcllen \u2705 | Wir denken gerne mit Ihnen mit","robots":{"index":"index","follow":"follow","max-snippet":"max-snippet:-1","max-image-preview":"max-image-preview:large","max-video-preview":"max-video-preview:-1"},"canonical":"https:\/\/skelsupplements.nl\/de\/kraeuterformeln\/","og_locale":"de_DE","og_type":"article","og_title":"Kr\u00e4uterrezepturen herstellen und verpacken | SKEL Supplements","og_description":"Mischen Sie Kr\u00e4uterformeln \u2705 Kr\u00e4uter verpacken \u2705 Kr\u00e4uter f\u00fcllen \u2705 | Wir denken gerne mit Ihnen mit","og_url":"https:\/\/skelsupplements.nl\/de\/kraeuterformeln\/","og_site_name":"SKEL Supplements","article_modified_time":"2024-03-01T13:53:02+00:00","og_image":[{"url":"https:\/\/skelsupplements.nl\/wp-content\/uploads\/2021\/05\/Kruidenformules.jpg","type":"","width":"","height":""}],"twitter_card":"summary_large_image","twitter_misc":{"Gesch\u00e4tzte Lesezeit":"5\u00a0Minuten"},"schema":{"@context":"https:\/\/schema.org","@graph":[{"@type":"WebPage","@id":"https:\/\/skelsupplements.nl\/de\/kraeuterformeln\/","url":"https:\/\/skelsupplements.nl\/de\/kraeuterformeln\/","name":"Kr\u00e4uterrezepturen herstellen und verpacken | SKEL Supplements","isPartOf":{"@id":"https:\/\/skelsupplements.nl\/de\/#website"},"primaryImageOfPage":{"@id":"https:\/\/skelsupplements.nl\/de\/kraeuterformeln\/#primaryimage"},"image":{"@id":"https:\/\/skelsupplements.nl\/de\/kraeuterformeln\/#primaryimage"},"thumbnailUrl":"https:\/\/skelsupplements.nl\/new\/wp-content\/uploads\/2021\/06\/Kruidenformules.jpg","datePublished":"2021-07-11T15:27:30+00:00","dateModified":"2024-03-01T13:53:02+00:00","description":"Mischen Sie Kr\u00e4uterformeln \u2705 Kr\u00e4uter verpacken \u2705 Kr\u00e4uter f\u00fcllen \u2705 | Wir denken gerne mit Ihnen mit","breadcrumb":{"@id":"https:\/\/skelsupplements.nl\/de\/kraeuterformeln\/#breadcrumb"},"inLanguage":"de","potentialAction":[{"@type":"ReadAction","target":["https:\/\/skelsupplements.nl\/de\/kraeuterformeln\/"]}]},{"@type":"ImageObject","inLanguage":"de","@id":"https:\/\/skelsupplements.nl\/de\/kraeuterformeln\/#primaryimage","url":"https:\/\/skelsupplements.nl\/new\/wp-content\/uploads\/2021\/06\/Kruidenformules.jpg","contentUrl":"https:\/\/skelsupplements.nl\/new\/wp-content\/uploads\/2021\/06\/Kruidenformules.jpg"},{"@type":"BreadcrumbList","@id":"https:\/\/skelsupplements.nl\/de\/kraeuterformeln\/#breadcrumb","itemListElement":[{"@type":"ListItem","position":1,"name":"Home","item":"https:\/\/skelsupplements.nl\/de\/"},{"@type":"ListItem","position":2,"name":"Kr\u00e4uterformeln"}]},{"@type":"WebSite","@id":"https:\/\/skelsupplements.nl\/de\/#website","url":"https:\/\/skelsupplements.nl\/de\/","name":"SKEL Supplements | Private label supplementen producent","description":"Verpakken van supplementen","publisher":{"@id":"https:\/\/skelsupplements.nl\/de\/#organization"},"potentialAction":[{"@type":"SearchAction","target":{"@type":"EntryPoint","urlTemplate":"https:\/\/skelsupplements.nl\/de\/?s={search_term_string}"},"query-input":{"@type":"PropertyValueSpecification","valueRequired":true,"valueName":"search_term_string"}}],"inLanguage":"de"},{"@type":"Organization","@id":"https:\/\/skelsupplements.nl\/de\/#organization","name":"SKEL Supplements","url":"https:\/\/skelsupplements.nl\/de\/","logo":{"@type":"ImageObject","inLanguage":"de","@id":"https:\/\/skelsupplements.nl\/de\/#\/schema\/logo\/image\/","url":"","contentUrl":"","caption":"SKEL Supplements"},"image":{"@id":"https:\/\/skelsupplements.nl\/de\/#\/schema\/logo\/image\/"}}]}},"_links":{"self":[{"href":"https:\/\/skelsupplements.nl\/de\/wp-json\/wp\/v2\/pages\/3783","targetHints":{"allow":["GET"]}}],"collection":[{"href":"https:\/\/skelsupplements.nl\/de\/wp-json\/wp\/v2\/pages"}],"about":[{"href":"https:\/\/skelsupplements.nl\/de\/wp-json\/wp\/v2\/types\/page"}],"author":[{"embeddable":true,"href":"https:\/\/skelsupplements.nl\/de\/wp-json\/wp\/v2\/users\/1"}],"replies":[{"embeddable":true,"href":"https:\/\/skelsupplements.nl\/de\/wp-json\/wp\/v2\/comments?post=3783"}],"version-history":[{"count":0,"href":"https:\/\/skelsupplements.nl\/de\/wp-json\/wp\/v2\/pages\/3783\/revisions"}],"wp:attachment":[{"href":"https:\/\/skelsupplements.nl\/de\/wp-json\/wp\/v2\/media?parent=3783"}],"curies":[{"name":"wp","href":"https:\/\/api.w.org\/{rel}","templated":true}]}}