{"id":3792,"date":"2021-07-11T17:27:32","date_gmt":"2021-07-11T15:27:32","guid":{"rendered":"https:\/\/skelsupplements.nl\/nahrungsergaenzungsmittel-fuer-tiere\/"},"modified":"2024-03-01T14:28:51","modified_gmt":"2024-03-01T13:28:51","slug":"nahrungsergaenzungsmittel-fuer-tiere","status":"publish","type":"page","link":"https:\/\/skelsupplements.nl\/de\/nahrungsergaenzungsmittel-fuer-tiere\/","title":{"rendered":"Nahrungserg\u00e4nzungsmittel f\u00fcr Tiere"},"content":{"rendered":"\t\t<div data-elementor-type=\"wp-post\" data-elementor-id=\"3792\" class=\"elementor elementor-3792 elementor-2255\" data-elementor-post-type=\"page\">\n\t\t\t\t\t\t<section class=\"elementor-section elementor-top-section elementor-element elementor-element-782801e5 elementor-section-full_width elementor-section-height-min-height elementor-section-stretched elementor-section-height-default elementor-section-items-middle\" data-id=\"782801e5\" data-element_type=\"section\" data-e-type=\"section\" data-settings=\"{&quot;stretch_section&quot;:&quot;section-stretched&quot;,&quot;background_background&quot;:&quot;classic&quot;,&quot;background_motion_fx_motion_fx_scrolling&quot;:&quot;yes&quot;,&quot;background_motion_fx_translateY_effect&quot;:&quot;yes&quot;,&quot;background_motion_fx_translateY_direction&quot;:&quot;negative&quot;,&quot;background_motion_fx_translateY_speed&quot;:{&quot;unit&quot;:&quot;px&quot;,&quot;size&quot;:4,&quot;sizes&quot;:[]},&quot;background_motion_fx_translateY_affectedRange&quot;:{&quot;unit&quot;:&quot;%&quot;,&quot;size&quot;:&quot;&quot;,&quot;sizes&quot;:{&quot;start&quot;:0,&quot;end&quot;:100}},&quot;background_motion_fx_devices&quot;:[&quot;desktop&quot;,&quot;tablet&quot;,&quot;mobile&quot;]}\">\n\t\t\t\t\t\t<div class=\"elementor-container elementor-column-gap-default\">\n\t\t\t\t\t<div class=\"elementor-column elementor-col-100 elementor-top-column elementor-element elementor-element-23b5f5ef\" data-id=\"23b5f5ef\" data-element_type=\"column\" data-e-type=\"column\">\n\t\t\t<div class=\"elementor-widget-wrap\">\n\t\t\t\t\t\t\t<\/div>\n\t\t<\/div>\n\t\t\t\t\t<\/div>\n\t\t<\/section>\n\t\t\t\t<section class=\"elementor-section elementor-top-section elementor-element elementor-element-073012a elementor-section-stretched elementor-section-boxed elementor-section-height-default elementor-section-height-default\" data-id=\"073012a\" data-element_type=\"section\" data-e-type=\"section\" data-settings=\"{&quot;stretch_section&quot;:&quot;section-stretched&quot;,&quot;background_background&quot;:&quot;classic&quot;}\">\n\t\t\t\t\t\t<div class=\"elementor-container elementor-column-gap-extended\">\n\t\t\t\t\t<div class=\"elementor-column elementor-col-100 elementor-top-column elementor-element elementor-element-b33df8d\" data-id=\"b33df8d\" data-element_type=\"column\" data-e-type=\"column\">\n\t\t\t<div class=\"elementor-widget-wrap elementor-element-populated\">\n\t\t\t\t\t\t<div class=\"elementor-element elementor-element-eaac391 elementor-widget elementor-widget-heading\" data-id=\"eaac391\" data-element_type=\"widget\" data-e-type=\"widget\" data-widget_type=\"heading.default\">\n\t\t\t\t<div class=\"elementor-widget-container\">\n\t\t\t\t\t<h1 class=\"elementor-heading-title elementor-size-large\"><span><p dir=\"ltr\" style=\"line-height:1.2;margin-top:0pt;margin-bottom:0pt\"><span style=\"color: var( --e-global-color-602d26a )\">Nahrungserg\u00e4nzungsmittel f\u00fcr Tiere<\/span><span style=\"color: var( --e-global-color-602d26a )\"><\/span><br><\/p><\/span><\/h1>\t\t\t\t<\/div>\n\t\t\t\t<\/div>\n\t\t\t\t\t<\/div>\n\t\t<\/div>\n\t\t\t\t\t<\/div>\n\t\t<\/section>\n\t\t\t\t<section class=\"elementor-section elementor-top-section elementor-element elementor-element-2de4f4f elementor-section-stretched elementor-section-boxed elementor-section-height-default elementor-section-height-default\" data-id=\"2de4f4f\" data-element_type=\"section\" data-e-type=\"section\" data-settings=\"{&quot;stretch_section&quot;:&quot;section-stretched&quot;,&quot;background_background&quot;:&quot;classic&quot;}\">\n\t\t\t\t\t\t<div class=\"elementor-container elementor-column-gap-extended\">\n\t\t\t\t\t<div class=\"elementor-column elementor-col-100 elementor-top-column elementor-element elementor-element-08df4fa\" data-id=\"08df4fa\" data-element_type=\"column\" data-e-type=\"column\">\n\t\t\t<div class=\"elementor-widget-wrap elementor-element-populated\">\n\t\t\t\t\t\t<div class=\"elementor-element elementor-element-a9aadaa elementor-widget elementor-widget-breadcrumbs\" data-id=\"a9aadaa\" data-element_type=\"widget\" data-e-type=\"widget\" data-widget_type=\"breadcrumbs.default\">\n\t\t\t\t<div class=\"elementor-widget-container\">\n\t\t\t\t\t<p id=\"breadcrumbs\"><span><span><a href=\"https:\/\/skelsupplements.nl\/de\/\">Home<\/a><\/span><\/span><\/p>\t\t\t\t<\/div>\n\t\t\t\t<\/div>\n\t\t\t\t<div class=\"elementor-element elementor-element-981c7a5 elementor-widget elementor-widget-spacer\" data-id=\"981c7a5\" data-element_type=\"widget\" data-e-type=\"widget\" data-widget_type=\"spacer.default\">\n\t\t\t\t<div class=\"elementor-widget-container\">\n\t\t\t\t\t\t\t<div class=\"elementor-spacer\">\n\t\t\t<div class=\"elementor-spacer-inner\"><\/div>\n\t\t<\/div>\n\t\t\t\t\t\t<\/div>\n\t\t\t\t<\/div>\n\t\t\t\t\t<\/div>\n\t\t<\/div>\n\t\t\t\t\t<\/div>\n\t\t<\/section>\n\t\t\t\t<section class=\"elementor-section elementor-top-section elementor-element elementor-element-6503adf elementor-section-stretched elementor-section-boxed elementor-section-height-default elementor-section-height-default\" data-id=\"6503adf\" data-element_type=\"section\" data-e-type=\"section\" data-settings=\"{&quot;stretch_section&quot;:&quot;section-stretched&quot;,&quot;background_background&quot;:&quot;classic&quot;}\">\n\t\t\t\t\t\t<div class=\"elementor-container elementor-column-gap-extended\">\n\t\t\t\t\t<div class=\"elementor-column elementor-col-100 elementor-top-column elementor-element elementor-element-94133c2\" data-id=\"94133c2\" data-element_type=\"column\" data-e-type=\"column\" data-settings=\"{&quot;animation&quot;:&quot;none&quot;}\">\n\t\t\t<div class=\"elementor-widget-wrap elementor-element-populated\">\n\t\t\t\t\t\t<div class=\"elementor-element elementor-element-5afcd70 elementor-widget elementor-widget-text-editor\" data-id=\"5afcd70\" data-element_type=\"widget\" data-e-type=\"widget\" data-widget_type=\"text-editor.default\">\n\t\t\t\t<div class=\"elementor-widget-container\">\n\t\t\t\t\t\t\t\t\t<p><img fetchpriority=\"high\" decoding=\"async\" class=\"alignright wp-image-2260\" src=\"https:\/\/skelsupplements.nl\/new\/wp-content\/uploads\/2021\/05\/Dierensupplementen-laten-maken.jpg\" alt=\"Nahrungserg\u00e4nzungsmittel f\u00fcr Tiere herstellen lassen\" width=\"600\" height=\"442\" data-cmp-ab=\"2\" data-cmp-info=\"10\" srcset=\"https:\/\/skelsupplements.nl\/wp-content\/uploads\/2021\/05\/Dierensupplementen-laten-maken.jpg 800w, https:\/\/skelsupplements.nl\/wp-content\/uploads\/2021\/05\/Dierensupplementen-laten-maken-300x221.jpg 300w, https:\/\/skelsupplements.nl\/wp-content\/uploads\/2021\/05\/Dierensupplementen-laten-maken-768x565.jpg 768w, https:\/\/skelsupplements.nl\/wp-content\/uploads\/2021\/05\/Dierensupplementen-laten-maken-600x442.jpg 600w, https:\/\/skelsupplements.nl\/wp-content\/uploads\/2021\/05\/Dierensupplementen-laten-maken-200x147.jpg 200w\" sizes=\"(max-width: 600px) 100vw, 600px\" \/><\/p>\n<p><span style=\"font-weight: 400;\">Neben Nahrungserg\u00e4nzungsmittel f\u00fcr den Menschen verarbeitet SKEL Supplements auch Ihre <\/span><b>tierische Nahrungserg\u00e4nzungsmittel<\/b>&nbsp;v<span style=\"font-weight: 400;\">om Anfang bis zum Ende. M\u00f6chten Sie eine Eigenmarke&nbsp;<\/span><b>Veterin\u00e4r<\/b><b> Nahrungserg\u00e4nzungsmittel<\/b> <span style=\"font-weight: 400;\">entwickeln lassen? Wir helfen Ihnen gerne dabei. Teilen Sie uns Ihre Wunschzusammensetzung mit und wir stellen Ihr Nahrungserg\u00e4nzungsmittel zusammen.<\/span><\/p>\n<p><span style=\"font-weight: 400;\">Wir nehmen Ihnen den gesamten Produktionsprozess ab. Auf Wunsch stellen wir Ihre Tiernahrungserg\u00e4nzungsmittel zusammen, produzieren, verpacken, etikettieren, lagern und vertreiben diese. Auch das Tablettieren und Verpacken Ihrer Tiernahrungserg\u00e4nzungsmittel ist bei uns m\u00f6glich.<\/span><\/p>\n<p><span style=\"font-weight: 400;\"> <\/span><\/p>\n<h2>Nahrungserg\u00e4nzungsmittel f\u00fcr Tiere herstellen lassen<\/h2>\n<p><span style=\"font-weight: 400;\">Die Herstellung eines Nahrungserg\u00e4nzungsmittels f\u00fcr Tiere ist \u00e4hnlich wie bei Nahrungserg\u00e4nzungsmitteln f\u00fcr den Menschen. Wir nehmen Ihnen die Arbeit vom ersten Entwurf bis zur Produktion und Verpackung ab. Dank unserer langj\u00e4hrigen Erfahrung wissen wir genau, welche Zusammensetzung f\u00fcr das Tier und Ihr Nahrungserg\u00e4nzungsmittel die richtige ist. Wir stellen sicher, dass Ihre Nahrungserg\u00e4nzungsmittel alle Anforderungen erf\u00fcllen.<\/span><\/p>\n<p><span style=\"font-weight: 400;\"> <\/span><\/p>\n<h2>Hersteller von Tiernahrungserg\u00e4nzungsmitteln arbeitet mit den h\u00f6chsten Qualit\u00e4tsanforderungen<\/h2>\n<p><span style=\"font-weight: 400;\">Im Gegensatz zu Arzneimitteln unterliegen Nahrungserg\u00e4nzungsmittel grunds\u00e4tzlich keinen bestimmten Anforderungen. Nicht f\u00fcr den Menschen, aber das gilt auch f\u00fcr tierische Nahrungserg\u00e4nzungsmittel. Dadurch k\u00f6nnen \u201eErg\u00e4nzungsmittel\u201c hergestellt und verkauft werden, die die notwendigen Wirkstoffe nicht oder nicht in ausreichender Menge enthalten.<\/span><\/p>\n<p><span style=\"font-weight: 400;\"> <\/span><\/p>\n<p><span style=\"font-weight: 400;\">SKEL Supplements steht f\u00fcr Nahrungserg\u00e4nzungsmittel, die dem Anwender bzw. Verbraucher tats\u00e4chlich einen Nutzen bringen. Deshalb stellen wir sicher, dass auch Ihre Tierzus\u00e4tze hohen Anspr\u00fcchen gen\u00fcgen. So schaffen wir gemeinsam ein zuverl\u00e4ssiges Produkt mit logischem Gewicht und Zusammensetzung und garantiertem Wirkstoffgehalt.<\/span><\/p>\n<p><span style=\"font-weight: 400;\"> <\/span><\/p>\n<p><span style=\"font-weight: 400;\">Durch die Einhaltung strenger Anforderungen und deren sorgf\u00e4ltige \u00dcberwachung im Produktionsprozess und im Endprodukt hat Ihr Kunde die Garantie, dass Ihre tierischen Nahrungserg\u00e4nzungsmittel tats\u00e4chlich die gew\u00fcnschte Wirkung erzielen. Auf diese Weise erhalten die Tiere die ben\u00f6tigte Menge an Wirkstoffen.<\/span><\/p>\n<p><b> <\/b><\/p>\n<h3>SKEL Supplements ist maximal serviceorientiert<\/h3>\n<p><span style=\"font-weight: 400;\">W\u00fcrdest du<strong> Nahrungserg\u00e4nzungsmittel f\u00fcr Tiere<\/strong> herstellen lassen? Alles, was wir von Ihnen ben\u00f6tigen, ist die gew\u00fcnschte Zusammensetzung Ihres<strong> Tiererg\u00e4nzung<\/strong> und\/oder den Zweck Ihres Tierzusatzes. Wir werden sofort damit beginnen, daran zu arbeiten.<\/span><\/p>\n<p><span style=\"font-weight: 400;\"> <\/span><\/p>\n<p><span style=\"font-weight: 400;\">Wir haben langj\u00e4hrige Erfahrung in der Zusammenstellung von veterin\u00e4rmedizinischen Nahrungserg\u00e4nzungsmitteln. Daher beraten wir Sie diesbez\u00fcglich gerne. Nach dem Mischen Ihrer Erg\u00e4nzung verarbeiten wir es zu Fl\u00fcssigkeiten, Gelen oder <\/span><span style=\"font-weight: 400;\">Granulate<\/span><span style=\"font-weight: 400;\">. Auch der <\/span><span style=\"font-weight: 400;\">Tablette<\/span><span style=\"font-weight: 400;\"> ,<\/span><span style=\"font-weight: 400;\"> Blister <\/span><span style=\"font-weight: 400;\">und\/oder <\/span><span style=\"font-weight: 400;\">abf\u00fcllen<\/span><span style=\"font-weight: 400;\"> Ihrer Tier Erg\u00e4nzung ist bei uns m\u00f6glich. Zuguterletzt <\/span><span style=\"font-weight: 400;\">wir beschriften, codieren und verpacken<\/span><span style=\"font-weight: 400;\"> Ihre Tier Nahrungserg\u00e4nzungsmittel<\/span><\/p>\n<p><span style=\"font-weight: 400;\"> <\/span><\/p>\n<h3>Auch gro\u00dfe und kleine Auflagen m\u00f6glich ab von 1000 Verpackungen<\/h3>\n<p><span style=\"font-weight: 400;\">Da SKEL Supplements den gesamten Produktionsprozess \u00fcbernimmt, sind auch kleinere Auflagen m\u00f6glich. Die Auflage h\u00e4ngt von verschiedenen Faktoren ab und kann mit uns besprochen werden. Sprechen Sie uns diesbez\u00fcglich <\/span><span style=\"font-weight: 400;\">gerne an <\/span><span style=\"font-weight: 400;\"> f\u00fcr mehr Informationen.<\/span><\/p>\n<p><span style=\"font-weight: 400;\"> <\/span><\/p>\n<p><span style=\"font-weight: 400;\">Aufgrund der vielen \u00e4hnlichen Produktionen, die wir \u00fcber viele Jahre entwickelt und produziert haben, haben wir viel Produktentwicklungs-Know-how im Haus. Dadurch garantiert Ihnen SKEL Supplements eine optimale<strong> Nahrungserg\u00e4nzungsmittel f\u00fcr Tiere<\/strong>.<\/span><\/p>\n<p><span style=\"font-weight: 400;\"> <\/span><\/p>\n<h2>Tiernahrungserg\u00e4nzungsmittel mit eigener Marke<\/h2>\n<p><span style=\"font-weight: 400;\">SKEL Supplements ist auf die Entwicklung von Eigenmarken-Erg\u00e4nzungsmitteln f\u00fcr Tiere spezialisiert. M\u00f6chten Sie die Verpackung oder Ihr Tiernahrungserg\u00e4nzungsmittel selbst mit Ihrem eigenen Logo oder Ihrer eigenen Farbe versehen? Es ist m\u00f6glich! Wir liefern Etiketten und Blisterverpackungen in Ihrem eigenen Hausstil.<\/span><\/p>\n<p><span style=\"font-weight: 400;\"> <\/span><\/p>\n<p><span style=\"font-weight: 400;\">Sind Sie neugierig auf die genauen M\u00f6glichkeiten bez\u00fcglich Auflagen, Formaten, Tablettenformen und zus\u00e4tzlichen Eigenmarke Optionen?<\/span><\/p>\n<p><span style=\"font-weight: 400;\"> <\/span><\/p>\n<p><img decoding=\"async\" class=\"alignleft wp-image-2267 size-medium\" src=\"https:\/\/skelsupplements.nl\/new\/wp-content\/uploads\/2021\/05\/diervoedingssupplementen-Private-label-265x300.jpg\" alt=\"Eigenmarke Tiernahrungserg\u00e4nzungsmittel\" width=\"265\" height=\"300\" data-cmp-ab=\"2\" data-cmp-info=\"10\" srcset=\"https:\/\/skelsupplements.nl\/wp-content\/uploads\/2021\/05\/diervoedingssupplementen-Private-label-265x300.jpg 265w, https:\/\/skelsupplements.nl\/wp-content\/uploads\/2021\/05\/diervoedingssupplementen-Private-label-768x868.jpg 768w, https:\/\/skelsupplements.nl\/wp-content\/uploads\/2021\/05\/diervoedingssupplementen-Private-label-600x678.jpg 600w, https:\/\/skelsupplements.nl\/wp-content\/uploads\/2021\/05\/diervoedingssupplementen-Private-label-200x226.jpg 200w, https:\/\/skelsupplements.nl\/wp-content\/uploads\/2021\/05\/diervoedingssupplementen-Private-label.jpg 800w\" sizes=\"(max-width: 265px) 100vw, 265px\" \/><\/p>\n<h2>Tiernahrungserg\u00e4nzungsmittel herstellen lassen? Wir haben das ganze Wissen im Haus<\/h2>\n<p><span style=\"font-weight: 400;\">Willst du dein eigenes<strong> Nahrungserg\u00e4nzungsmittel f\u00fcr Veterin\u00e4r<\/strong> nicht vermarkten? Unsere Spezialisten helfen Ihnen bei jedem Detail im Produktionsprozess. Wir wissen, was Ihr Kunde von Ihnen erwartet, welche Erg\u00e4nzungsmischungen am besten funktionieren und welche Vorteile verschiedene Verpackungsarten haben. Bei Bedarf k\u00fcmmern wir uns auch um die <\/span><span style=\"font-weight: 400;\">Lager<\/span><span style=\"font-weight: 400;\"> Ihrer Produkte. Das vereinfacht Ihre Logistikarbeit, insbesondere wenn wir auch <\/span><span style=\"font-weight: 400;\">Verteilung<\/span><span style=\"font-weight: 400;\">auf uns nehmen.<\/span><\/p>\n<p><span style=\"font-weight: 400;\"> <\/span><\/p>\n<p><span style=\"font-weight: 400;\">SKEL Supplements ist <strong>Hersteller von tierischen Nahrungserg\u00e4nzungsmitteln<\/strong> die Ihnen gerne helfen, das maximal erreichbare Ergebnis zu erzielen. Gerne denken wir mit Ihnen auch \u00fcber Eigenmarke Nahrungserg\u00e4nzungsmittel Optionen nach. Ben\u00f6tigen Sie Beratung oder konkrete Fragen zu Ihrem Tiererg\u00e4nzungsmittel? F\u00fchlen Sie sich frei <\/span><span style=\"font-weight: 400;\">uns zu<\/span><span style=\"font-weight: 400;\">Kontaktieren.<\/span><\/p>\t\t\t\t\t\t\t\t<\/div>\n\t\t\t\t<\/div>\n\t\t\t\t<div class=\"elementor-element elementor-element-b7afba5 elementor-widget elementor-widget-spacer\" data-id=\"b7afba5\" data-element_type=\"widget\" data-e-type=\"widget\" data-widget_type=\"spacer.default\">\n\t\t\t\t<div class=\"elementor-widget-container\">\n\t\t\t\t\t\t\t<div class=\"elementor-spacer\">\n\t\t\t<div class=\"elementor-spacer-inner\"><\/div>\n\t\t<\/div>\n\t\t\t\t\t\t<\/div>\n\t\t\t\t<\/div>\n\t\t\t\t\t<\/div>\n\t\t<\/div>\n\t\t\t\t\t<\/div>\n\t\t<\/section>\n\t\t\t\t<\/div>\n\t\t","protected":false},"excerpt":{"rendered":"<p>Nahrungserg\u00e4nzungsmittel f\u00fcr Tiere Neben Nahrungserg\u00e4nzungsmittel f\u00fcr den Menschen verarbeitet SKEL Supplements auch Ihre tierische Nahrungserg\u00e4nzungsmittel&nbsp;vom Anfang bis zum Ende. M\u00f6chten Sie eine Eigenmarke&nbsp;Veterin\u00e4r Nahrungserg\u00e4nzungsmittel entwickeln lassen? Wir helfen Ihnen gerne&#8230;<\/p>\n","protected":false},"author":1,"featured_media":3362,"parent":0,"menu_order":0,"comment_status":"closed","ping_status":"closed","template":"","meta":{"footnotes":""},"class_list":["post-3792","page","type-page","status-publish","has-post-thumbnail"],"yoast_head":"<!-- This site is optimized with the Yoast SEO plugin v27.4 - https:\/\/yoast.com\/product\/yoast-seo-wordpress\/ -->\n<title>Nahrungserg\u00e4nzungsmittel f\u00fcr Tiere herstellen lassen | SKEL Supplements<\/title>\n<meta name=\"description\" content=\"Hersteller von Nahrungserg\u00e4nzungsmitteln | Optimal serviceorientiert \u2705 Eigenmarke \u2705 Von Rezept bis zur Verpackung \u2705\" \/>\n<meta name=\"robots\" content=\"index, follow, max-snippet:-1, max-image-preview:large, max-video-preview:-1\" \/>\n<link rel=\"canonical\" href=\"https:\/\/skelsupplements.nl\/de\/nahrungsergaenzungsmittel-fuer-tiere\/\" \/>\n<meta property=\"og:locale\" content=\"de_DE\" \/>\n<meta property=\"og:type\" content=\"article\" \/>\n<meta property=\"og:title\" content=\"Nahrungserg\u00e4nzungsmittel f\u00fcr Tiere herstellen lassen | SKEL Supplements\" \/>\n<meta property=\"og:description\" content=\"Hersteller von Nahrungserg\u00e4nzungsmitteln | Optimal serviceorientiert \u2705 Eigenmarke \u2705 Von Rezept bis zur Verpackung \u2705\" \/>\n<meta property=\"og:url\" content=\"https:\/\/skelsupplements.nl\/de\/nahrungsergaenzungsmittel-fuer-tiere\/\" \/>\n<meta property=\"og:site_name\" content=\"SKEL Supplements\" \/>\n<meta property=\"article:modified_time\" content=\"2024-03-01T13:28:51+00:00\" \/>\n<meta property=\"og:image\" content=\"https:\/\/skelsupplements.nl\/wp-content\/uploads\/2021\/05\/Dierensupplementen-laten-maken.jpg\" \/>\n\t<meta property=\"og:image:width\" content=\"800\" \/>\n\t<meta property=\"og:image:height\" content=\"589\" \/>\n\t<meta property=\"og:image:type\" content=\"image\/jpeg\" \/>\n<meta name=\"twitter:card\" content=\"summary_large_image\" \/>\n<meta name=\"twitter:label1\" content=\"Gesch\u00e4tzte Lesezeit\" \/>\n\t<meta name=\"twitter:data1\" content=\"4\u00a0Minuten\" \/>\n<script type=\"application\/ld+json\" class=\"yoast-schema-graph\">{\"@context\":\"https:\\\/\\\/schema.org\",\"@graph\":[{\"@type\":\"WebPage\",\"@id\":\"https:\\\/\\\/skelsupplements.nl\\\/de\\\/nahrungsergaenzungsmittel-fuer-tiere\\\/\",\"url\":\"https:\\\/\\\/skelsupplements.nl\\\/de\\\/nahrungsergaenzungsmittel-fuer-tiere\\\/\",\"name\":\"Nahrungserg\u00e4nzungsmittel f\u00fcr Tiere herstellen lassen | SKEL Supplements\",\"isPartOf\":{\"@id\":\"https:\\\/\\\/skelsupplements.nl\\\/de\\\/#website\"},\"primaryImageOfPage\":{\"@id\":\"https:\\\/\\\/skelsupplements.nl\\\/de\\\/nahrungsergaenzungsmittel-fuer-tiere\\\/#primaryimage\"},\"image\":{\"@id\":\"https:\\\/\\\/skelsupplements.nl\\\/de\\\/nahrungsergaenzungsmittel-fuer-tiere\\\/#primaryimage\"},\"thumbnailUrl\":\"https:\\\/\\\/skelsupplements.nl\\\/wp-content\\\/uploads\\\/2021\\\/05\\\/Dierensupplementen-laten-maken.jpg\",\"datePublished\":\"2021-07-11T15:27:32+00:00\",\"dateModified\":\"2024-03-01T13:28:51+00:00\",\"description\":\"Hersteller von Nahrungserg\u00e4nzungsmitteln | Optimal serviceorientiert \u2705 Eigenmarke \u2705 Von Rezept bis zur Verpackung \u2705\",\"breadcrumb\":{\"@id\":\"https:\\\/\\\/skelsupplements.nl\\\/de\\\/nahrungsergaenzungsmittel-fuer-tiere\\\/#breadcrumb\"},\"inLanguage\":\"de\",\"potentialAction\":[{\"@type\":\"ReadAction\",\"target\":[\"https:\\\/\\\/skelsupplements.nl\\\/de\\\/nahrungsergaenzungsmittel-fuer-tiere\\\/\"]}]},{\"@type\":\"ImageObject\",\"inLanguage\":\"de\",\"@id\":\"https:\\\/\\\/skelsupplements.nl\\\/de\\\/nahrungsergaenzungsmittel-fuer-tiere\\\/#primaryimage\",\"url\":\"https:\\\/\\\/skelsupplements.nl\\\/wp-content\\\/uploads\\\/2021\\\/05\\\/Dierensupplementen-laten-maken.jpg\",\"contentUrl\":\"https:\\\/\\\/skelsupplements.nl\\\/wp-content\\\/uploads\\\/2021\\\/05\\\/Dierensupplementen-laten-maken.jpg\",\"width\":800,\"height\":589,\"caption\":\"Tiererg\u00e4nzung machen lassen\"},{\"@type\":\"BreadcrumbList\",\"@id\":\"https:\\\/\\\/skelsupplements.nl\\\/de\\\/nahrungsergaenzungsmittel-fuer-tiere\\\/#breadcrumb\",\"itemListElement\":[{\"@type\":\"ListItem\",\"position\":1,\"name\":\"Home\",\"item\":\"https:\\\/\\\/skelsupplements.nl\\\/de\\\/\"},{\"@type\":\"ListItem\",\"position\":2,\"name\":\"Nahrungserg\u00e4nzungsmittel f\u00fcr Tiere\"}]},{\"@type\":\"WebSite\",\"@id\":\"https:\\\/\\\/skelsupplements.nl\\\/de\\\/#website\",\"url\":\"https:\\\/\\\/skelsupplements.nl\\\/de\\\/\",\"name\":\"SKEL Supplements | Private label supplementen producent\",\"description\":\"Verpakken van supplementen\",\"publisher\":{\"@id\":\"https:\\\/\\\/skelsupplements.nl\\\/de\\\/#organization\"},\"potentialAction\":[{\"@type\":\"SearchAction\",\"target\":{\"@type\":\"EntryPoint\",\"urlTemplate\":\"https:\\\/\\\/skelsupplements.nl\\\/de\\\/?s={search_term_string}\"},\"query-input\":{\"@type\":\"PropertyValueSpecification\",\"valueRequired\":true,\"valueName\":\"search_term_string\"}}],\"inLanguage\":\"de\"},{\"@type\":\"Organization\",\"@id\":\"https:\\\/\\\/skelsupplements.nl\\\/de\\\/#organization\",\"name\":\"SKEL Supplements\",\"url\":\"https:\\\/\\\/skelsupplements.nl\\\/de\\\/\",\"logo\":{\"@type\":\"ImageObject\",\"inLanguage\":\"de\",\"@id\":\"https:\\\/\\\/skelsupplements.nl\\\/de\\\/#\\\/schema\\\/logo\\\/image\\\/\",\"url\":\"\",\"contentUrl\":\"\",\"caption\":\"SKEL Supplements\"},\"image\":{\"@id\":\"https:\\\/\\\/skelsupplements.nl\\\/de\\\/#\\\/schema\\\/logo\\\/image\\\/\"}}]}<\/script>\n<!-- \/ Yoast SEO plugin. -->","yoast_head_json":{"title":"Nahrungserg\u00e4nzungsmittel f\u00fcr Tiere herstellen lassen | SKEL Supplements","description":"Hersteller von Nahrungserg\u00e4nzungsmitteln | Optimal serviceorientiert \u2705 Eigenmarke \u2705 Von Rezept bis zur Verpackung \u2705","robots":{"index":"index","follow":"follow","max-snippet":"max-snippet:-1","max-image-preview":"max-image-preview:large","max-video-preview":"max-video-preview:-1"},"canonical":"https:\/\/skelsupplements.nl\/de\/nahrungsergaenzungsmittel-fuer-tiere\/","og_locale":"de_DE","og_type":"article","og_title":"Nahrungserg\u00e4nzungsmittel f\u00fcr Tiere herstellen lassen | SKEL Supplements","og_description":"Hersteller von Nahrungserg\u00e4nzungsmitteln | Optimal serviceorientiert \u2705 Eigenmarke \u2705 Von Rezept bis zur Verpackung \u2705","og_url":"https:\/\/skelsupplements.nl\/de\/nahrungsergaenzungsmittel-fuer-tiere\/","og_site_name":"SKEL Supplements","article_modified_time":"2024-03-01T13:28:51+00:00","og_image":[{"width":800,"height":589,"url":"https:\/\/skelsupplements.nl\/wp-content\/uploads\/2021\/05\/Dierensupplementen-laten-maken.jpg","type":"image\/jpeg"}],"twitter_card":"summary_large_image","twitter_misc":{"Gesch\u00e4tzte Lesezeit":"4\u00a0Minuten"},"schema":{"@context":"https:\/\/schema.org","@graph":[{"@type":"WebPage","@id":"https:\/\/skelsupplements.nl\/de\/nahrungsergaenzungsmittel-fuer-tiere\/","url":"https:\/\/skelsupplements.nl\/de\/nahrungsergaenzungsmittel-fuer-tiere\/","name":"Nahrungserg\u00e4nzungsmittel f\u00fcr Tiere herstellen lassen | SKEL Supplements","isPartOf":{"@id":"https:\/\/skelsupplements.nl\/de\/#website"},"primaryImageOfPage":{"@id":"https:\/\/skelsupplements.nl\/de\/nahrungsergaenzungsmittel-fuer-tiere\/#primaryimage"},"image":{"@id":"https:\/\/skelsupplements.nl\/de\/nahrungsergaenzungsmittel-fuer-tiere\/#primaryimage"},"thumbnailUrl":"https:\/\/skelsupplements.nl\/wp-content\/uploads\/2021\/05\/Dierensupplementen-laten-maken.jpg","datePublished":"2021-07-11T15:27:32+00:00","dateModified":"2024-03-01T13:28:51+00:00","description":"Hersteller von Nahrungserg\u00e4nzungsmitteln | Optimal serviceorientiert \u2705 Eigenmarke \u2705 Von Rezept bis zur Verpackung \u2705","breadcrumb":{"@id":"https:\/\/skelsupplements.nl\/de\/nahrungsergaenzungsmittel-fuer-tiere\/#breadcrumb"},"inLanguage":"de","potentialAction":[{"@type":"ReadAction","target":["https:\/\/skelsupplements.nl\/de\/nahrungsergaenzungsmittel-fuer-tiere\/"]}]},{"@type":"ImageObject","inLanguage":"de","@id":"https:\/\/skelsupplements.nl\/de\/nahrungsergaenzungsmittel-fuer-tiere\/#primaryimage","url":"https:\/\/skelsupplements.nl\/wp-content\/uploads\/2021\/05\/Dierensupplementen-laten-maken.jpg","contentUrl":"https:\/\/skelsupplements.nl\/wp-content\/uploads\/2021\/05\/Dierensupplementen-laten-maken.jpg","width":800,"height":589,"caption":"Tiererg\u00e4nzung machen lassen"},{"@type":"BreadcrumbList","@id":"https:\/\/skelsupplements.nl\/de\/nahrungsergaenzungsmittel-fuer-tiere\/#breadcrumb","itemListElement":[{"@type":"ListItem","position":1,"name":"Home","item":"https:\/\/skelsupplements.nl\/de\/"},{"@type":"ListItem","position":2,"name":"Nahrungserg\u00e4nzungsmittel f\u00fcr Tiere"}]},{"@type":"WebSite","@id":"https:\/\/skelsupplements.nl\/de\/#website","url":"https:\/\/skelsupplements.nl\/de\/","name":"SKEL Supplements | Private label supplementen producent","description":"Verpakken van supplementen","publisher":{"@id":"https:\/\/skelsupplements.nl\/de\/#organization"},"potentialAction":[{"@type":"SearchAction","target":{"@type":"EntryPoint","urlTemplate":"https:\/\/skelsupplements.nl\/de\/?s={search_term_string}"},"query-input":{"@type":"PropertyValueSpecification","valueRequired":true,"valueName":"search_term_string"}}],"inLanguage":"de"},{"@type":"Organization","@id":"https:\/\/skelsupplements.nl\/de\/#organization","name":"SKEL Supplements","url":"https:\/\/skelsupplements.nl\/de\/","logo":{"@type":"ImageObject","inLanguage":"de","@id":"https:\/\/skelsupplements.nl\/de\/#\/schema\/logo\/image\/","url":"","contentUrl":"","caption":"SKEL Supplements"},"image":{"@id":"https:\/\/skelsupplements.nl\/de\/#\/schema\/logo\/image\/"}}]}},"_links":{"self":[{"href":"https:\/\/skelsupplements.nl\/de\/wp-json\/wp\/v2\/pages\/3792","targetHints":{"allow":["GET"]}}],"collection":[{"href":"https:\/\/skelsupplements.nl\/de\/wp-json\/wp\/v2\/pages"}],"about":[{"href":"https:\/\/skelsupplements.nl\/de\/wp-json\/wp\/v2\/types\/page"}],"author":[{"embeddable":true,"href":"https:\/\/skelsupplements.nl\/de\/wp-json\/wp\/v2\/users\/1"}],"replies":[{"embeddable":true,"href":"https:\/\/skelsupplements.nl\/de\/wp-json\/wp\/v2\/comments?post=3792"}],"version-history":[{"count":0,"href":"https:\/\/skelsupplements.nl\/de\/wp-json\/wp\/v2\/pages\/3792\/revisions"}],"wp:featuredmedia":[{"embeddable":true,"href":"https:\/\/skelsupplements.nl\/de\/wp-json\/wp\/v2\/media\/3362"}],"wp:attachment":[{"href":"https:\/\/skelsupplements.nl\/de\/wp-json\/wp\/v2\/media?parent=3792"}],"curies":[{"name":"wp","href":"https:\/\/api.w.org\/{rel}","templated":true}]}}