{"id":3799,"date":"2021-07-11T17:27:33","date_gmt":"2021-07-11T15:27:33","guid":{"rendered":"https:\/\/skelsupplements.nl\/verteilung\/"},"modified":"2024-03-10T17:38:11","modified_gmt":"2024-03-10T16:38:11","slug":"verteilung","status":"publish","type":"page","link":"https:\/\/skelsupplements.nl\/de\/verteilung\/","title":{"rendered":"Verteilung"},"content":{"rendered":"\t\t<div data-elementor-type=\"wp-post\" data-elementor-id=\"3799\" class=\"elementor elementor-3799 elementor-2280\" data-elementor-post-type=\"page\">\n\t\t\t\t\t\t<section class=\"elementor-section elementor-top-section elementor-element elementor-element-69d6e8b2 elementor-section-full_width elementor-section-height-min-height elementor-section-stretched elementor-section-height-default elementor-section-items-middle\" data-id=\"69d6e8b2\" data-element_type=\"section\" data-e-type=\"section\" data-settings=\"{&quot;stretch_section&quot;:&quot;section-stretched&quot;,&quot;background_background&quot;:&quot;classic&quot;,&quot;background_motion_fx_motion_fx_scrolling&quot;:&quot;yes&quot;,&quot;background_motion_fx_translateY_effect&quot;:&quot;yes&quot;,&quot;background_motion_fx_translateY_direction&quot;:&quot;negative&quot;,&quot;background_motion_fx_translateY_speed&quot;:{&quot;unit&quot;:&quot;px&quot;,&quot;size&quot;:4,&quot;sizes&quot;:[]},&quot;background_motion_fx_translateY_affectedRange&quot;:{&quot;unit&quot;:&quot;%&quot;,&quot;size&quot;:&quot;&quot;,&quot;sizes&quot;:{&quot;start&quot;:0,&quot;end&quot;:100}},&quot;background_motion_fx_devices&quot;:[&quot;desktop&quot;,&quot;tablet&quot;,&quot;mobile&quot;]}\">\n\t\t\t\t\t\t<div class=\"elementor-container elementor-column-gap-default\">\n\t\t\t\t\t<div class=\"elementor-column elementor-col-100 elementor-top-column elementor-element elementor-element-74bbc0a6\" data-id=\"74bbc0a6\" data-element_type=\"column\" data-e-type=\"column\">\n\t\t\t<div class=\"elementor-widget-wrap\">\n\t\t\t\t\t\t\t<\/div>\n\t\t<\/div>\n\t\t\t\t\t<\/div>\n\t\t<\/section>\n\t\t\t\t<section class=\"elementor-section elementor-top-section elementor-element elementor-element-073012a elementor-section-stretched elementor-section-boxed elementor-section-height-default elementor-section-height-default\" data-id=\"073012a\" data-element_type=\"section\" data-e-type=\"section\" data-settings=\"{&quot;stretch_section&quot;:&quot;section-stretched&quot;,&quot;background_background&quot;:&quot;classic&quot;}\">\n\t\t\t\t\t\t<div class=\"elementor-container elementor-column-gap-extended\">\n\t\t\t\t\t<div class=\"elementor-column elementor-col-100 elementor-top-column elementor-element elementor-element-b33df8d\" data-id=\"b33df8d\" data-element_type=\"column\" data-e-type=\"column\">\n\t\t\t<div class=\"elementor-widget-wrap elementor-element-populated\">\n\t\t\t\t\t\t<div class=\"elementor-element elementor-element-eaac391 elementor-widget elementor-widget-heading\" data-id=\"eaac391\" data-element_type=\"widget\" data-e-type=\"widget\" data-widget_type=\"heading.default\">\n\t\t\t\t<div class=\"elementor-widget-container\">\n\t\t\t\t\t<h1 class=\"elementor-heading-title elementor-size-large\">Verteilung<\/h1>\t\t\t\t<\/div>\n\t\t\t\t<\/div>\n\t\t\t\t\t<\/div>\n\t\t<\/div>\n\t\t\t\t\t<\/div>\n\t\t<\/section>\n\t\t\t\t<section class=\"elementor-section elementor-top-section elementor-element elementor-element-2de4f4f elementor-section-stretched elementor-section-boxed elementor-section-height-default elementor-section-height-default\" data-id=\"2de4f4f\" data-element_type=\"section\" data-e-type=\"section\" data-settings=\"{&quot;stretch_section&quot;:&quot;section-stretched&quot;,&quot;background_background&quot;:&quot;classic&quot;}\">\n\t\t\t\t\t\t<div class=\"elementor-container elementor-column-gap-extended\">\n\t\t\t\t\t<div class=\"elementor-column elementor-col-100 elementor-top-column elementor-element elementor-element-08df4fa\" data-id=\"08df4fa\" data-element_type=\"column\" data-e-type=\"column\">\n\t\t\t<div class=\"elementor-widget-wrap elementor-element-populated\">\n\t\t\t\t\t\t<div class=\"elementor-element elementor-element-a9aadaa elementor-widget elementor-widget-breadcrumbs\" data-id=\"a9aadaa\" data-element_type=\"widget\" data-e-type=\"widget\" data-widget_type=\"breadcrumbs.default\">\n\t\t\t\t<div class=\"elementor-widget-container\">\n\t\t\t\t\t<p id=\"breadcrumbs\"><span><span><a href=\"https:\/\/skelsupplements.nl\/de\/\">Home<\/a><\/span><\/span><\/p>\t\t\t\t<\/div>\n\t\t\t\t<\/div>\n\t\t\t\t<div class=\"elementor-element elementor-element-981c7a5 elementor-widget elementor-widget-spacer\" data-id=\"981c7a5\" data-element_type=\"widget\" data-e-type=\"widget\" data-widget_type=\"spacer.default\">\n\t\t\t\t<div class=\"elementor-widget-container\">\n\t\t\t\t\t\t\t<div class=\"elementor-spacer\">\n\t\t\t<div class=\"elementor-spacer-inner\"><\/div>\n\t\t<\/div>\n\t\t\t\t\t\t<\/div>\n\t\t\t\t<\/div>\n\t\t\t\t\t<\/div>\n\t\t<\/div>\n\t\t\t\t\t<\/div>\n\t\t<\/section>\n\t\t\t\t<section class=\"elementor-section elementor-top-section elementor-element elementor-element-6503adf elementor-section-stretched elementor-section-boxed elementor-section-height-default elementor-section-height-default\" data-id=\"6503adf\" data-element_type=\"section\" data-e-type=\"section\" data-settings=\"{&quot;stretch_section&quot;:&quot;section-stretched&quot;,&quot;background_background&quot;:&quot;classic&quot;}\">\n\t\t\t\t\t\t<div class=\"elementor-container elementor-column-gap-extended\">\n\t\t\t\t\t<div class=\"elementor-column elementor-col-100 elementor-top-column elementor-element elementor-element-94133c2\" data-id=\"94133c2\" data-element_type=\"column\" data-e-type=\"column\" data-settings=\"{&quot;animation&quot;:&quot;none&quot;}\">\n\t\t\t<div class=\"elementor-widget-wrap elementor-element-populated\">\n\t\t\t\t\t\t<div class=\"elementor-element elementor-element-5afcd70 elementor-widget elementor-widget-text-editor\" data-id=\"5afcd70\" data-element_type=\"widget\" data-e-type=\"widget\" data-widget_type=\"text-editor.default\">\n\t\t\t\t<div class=\"elementor-widget-container\">\n\t\t\t\t\t\t\t\t\t<p><span style=\"font-weight: 400;\"><img fetchpriority=\"high\" decoding=\"async\" class=\"alignright wp-image-2285\" src=\"https:\/\/skelsupplements.nl\/new\/wp-content\/uploads\/2021\/06\/distributie-supplementen.jpg\" alt=\"Verteilung von Nahrungserg\u00e4nzungsmitteln\" width=\"600\" height=\"367\" srcset=\"https:\/\/skelsupplements.nl\/wp-content\/uploads\/2021\/06\/distributie-supplementen.jpg 800w, https:\/\/skelsupplements.nl\/wp-content\/uploads\/2021\/06\/distributie-supplementen-300x183.jpg 300w, https:\/\/skelsupplements.nl\/wp-content\/uploads\/2021\/06\/distributie-supplementen-768x469.jpg 768w, https:\/\/skelsupplements.nl\/wp-content\/uploads\/2021\/06\/distributie-supplementen-600x367.jpg 600w, https:\/\/skelsupplements.nl\/wp-content\/uploads\/2021\/06\/distributie-supplementen-200x122.jpg 200w\" sizes=\"(max-width: 600px) 100vw, 600px\" \/>Sind Ihre (tierischen) Nahrungserg\u00e4nzungsmittel versandfertig? Auch hierbei unterst\u00fctzt SKEL Supplements Sie gerne. Wir bieten Optionen f\u00fcr Lagerung, Lagerverwaltung und <\/span><strong>Verteilung<\/strong><span style=\"font-weight: 400;\">. Das spart Ihnen viel Zeit und logistische Herausforderungen.<\/span><\/p>\n<p><span style=\"font-weight: 400;\">Wir liefern in Ihrem Namen Ihre Nahrungserg\u00e4nzungsmittel an Ihren Endverbraucher oder Gesch\u00e4ftskunden. Unsere <\/span>erfahrene Mitarbeiter<span style=\"font-weight: 400;\"> behandeln Ihre Produkte mit gr\u00f6\u00dfter Sorgfalt. Auf Wunsch \u00fcbernehmen wir auch die Verantwortung f\u00fcr den gesamten Produktionsprozess.<\/span><\/p>\n<p><span style=\"font-weight: 400;\">Nat\u00fcrlich bestimmen Sie die Zielgruppe, Produktspezifikationen und beispielsweise das Layout Ihrer Verpackungen und Etiketten. SKEL Supplements ist auf Private-Label spezialisiert. Die M\u00f6glichkeiten in Bezug auf Etikettierung, Farben und Verpackungsarten sind endlos. <\/span><\/p>\n<p><span style=\"font-weight: 400;\">Wir vertreiben zum Beispiel Ihre Topfe mit gef\u00fclltem Granulat, Tabletten und Kapseln, fertigen und liefern aber auch Blister. Auf Wunsch produziert SKEL Supplements Ihr Produkt und Ihre Verpackung <\/span>vollst\u00e4ndig angepasst<span style=\"font-weight: 400;\"> .<\/span><\/p>\n<p><span style=\"font-weight: 400;\"> <\/span><\/p>\n<h2>Nahrungserg\u00e4nzungsmittel per Dropshipping<\/h2>\n<p><span style=\"font-weight: 400;\">Der Vertrieb Ihrer Nahrungserg\u00e4nzungsmittel ist bei uns \u00fcber <strong>Dropshipping<\/strong> m\u00f6glich. Beim <strong>Dropshipping<\/strong>, auch bekannt als &#8222;direkter Wiederverkauf&#8220;, wickeln wir die Bestellungen Ihrer Kunden ab. Wir, der Hersteller Ihrer Nahrungserg\u00e4nzungsmittel, liefern Ihre Produkte dann in Ihrem Auftrag direkt an Ihren Kunden. Wir stellen Ihnen eine Rechnung und Sie stellen dem Endkunden Ihre Rechnung.<\/span><\/p>\n<p><i><span style=\"font-weight: 400;\">Dropshipping<\/span><\/i><span style=\"font-weight: 400;\"> ist vor allem eine ideale Methode f\u00fcr Startunternehmer. Wo SKEL Supplements \u00fcber ausreichend Lagerfl\u00e4che verf\u00fcgt, haben Einsteiger oft keinen gro\u00dfen Lagerraum oder Investitionsm\u00f6glichkeiten. In diesem Fall, aber auch f\u00fcr bestehende Unternehmen, bringt die Auslagerung des Vertriebs gro\u00dfe Vorteile. SKEL Supplements wickelt Ihre Produkte und Sendungen ab <\/span>mit gro\u00dfer Sorgfalt<span style=\"font-weight: 400;\"> .<\/span><\/p>\n<p><span style=\"font-weight: 400;\"> <\/span><\/p>\n<h2>Vorteile Dropshipping<\/h2>\n<p><span style=\"font-weight: 400;\">Warum die Verteilung Ihrer<\/span><i><span style=\"font-weight: 400;\"> Nahrungserg\u00e4nzungsmittel<\/span><\/i><span style=\"font-weight: 400;\"> selbst machen? Mit dem Direktversand (Dropshipping) sind mehrere Vorteile verbunden. Wenn Sie alle Produktions-, Lager- und Distributionsprozesse an uns auslagern, <\/span>das spart dir viel zeit und geld<span style=\"font-weight: 400;\">. Nachfolgend listen wir einige Vorteile des Dropshipping von <\/span><span style=\"font-weight: 400;\">Nahrungserg\u00e4nzungsmittel auf.<\/span><\/p>\n<h3><img decoding=\"async\" class=\"alignleft wp-image-2289 size-medium\" src=\"https:\/\/skelsupplements.nl\/new\/wp-content\/uploads\/2021\/06\/dropshipping-supplementen-300x225.jpg\" alt=\"dropshipping Nahrungserg\u00e4nzungsmittel\" width=\"300\" height=\"225\" srcset=\"https:\/\/skelsupplements.nl\/wp-content\/uploads\/2021\/06\/dropshipping-supplementen-300x225.jpg 300w, https:\/\/skelsupplements.nl\/wp-content\/uploads\/2021\/06\/dropshipping-supplementen-768x575.jpg 768w, https:\/\/skelsupplements.nl\/wp-content\/uploads\/2021\/06\/dropshipping-supplementen-600x449.jpg 600w, https:\/\/skelsupplements.nl\/wp-content\/uploads\/2021\/06\/dropshipping-supplementen-200x150.jpg 200w, https:\/\/skelsupplements.nl\/wp-content\/uploads\/2021\/06\/dropshipping-supplementen.jpg 800w\" sizes=\"(max-width: 300px) 100vw, 300px\" \/><\/h3>\n<p><span style=\"font-weight: 400;\"> <\/span><\/p>\n<h3>Transportkosten sparen<\/h3>\n<p><span style=\"font-weight: 400;\">Mit<strong> Dropshipping<\/strong> sparen Sie schnell Transportkosten. Lagern Sie den gesamten Produktionsprozess aus? Dann ist der Transport Ihres Produkts zu einem Distributionszentrum nicht mehr erforderlich. Sie bestellen Produkte direkt bei SKEL Supplements, die von uns hergestellt, gelagert und an Ihren Endkunden geliefert werden.<\/span><\/p>\n<p><span style=\"font-weight: 400;\"> <\/span><\/p>\n<h3>Konzentrieren Sie sich auf den spa\u00dfigen Teil Ihres Feldes<\/h3>\n<p><span style=\"font-weight: 400;\">Sie wollen gute Nahrungserg\u00e4nzungsmittel vermarkten, von denen Kunden tats\u00e4chlich profitieren. Wahrscheinlich m\u00f6chten Sie damit auch eine bestimmte Botschaft \u00fcbermitteln. Je mehr Zeit Sie f\u00fcr Verwaltung, Lagerhaltung und Logistik aufwenden, desto weniger Platz haben Sie f\u00fcr Ihre eigentliche Gesch\u00e4ftsaufgabe und Vertriebsaktivit\u00e4ten. <\/span><\/p>\n<p><span style=\"font-weight: 400;\">Dropshipping ist hier eine L\u00f6sung. Das spart Ihnen nicht nur Zeit, sondern auch Kosten in Bezug auf Platz, Inventar, Logistik und Personal. Machen Sie sich keine Sorgen mehr um die Lieferung Ihrer Nahrungserg\u00e4nzungsmittel: Sie erreichen Ihre Kunden sauber und p\u00fcnktlich.<\/span><\/p>\n<p><span style=\"font-weight: 400;\"> <\/span><\/p>\n<h2>Vom Rohstoff zum Vertrieb<\/h2>\n<p><span style=\"font-weight: 400;\">An der Zusammensetzung und Verteilung Ihrer Nahrungserg\u00e4nzungsmittel ist viel beteiligt. Die Zielgruppe ist ausgew\u00e4hlt, die Verpackung und das Etikett werden produziert und die Kommissionierung muss richtig erfolgen. Und das ist nur ein kleiner Teil der zu befolgenden Prozesse.<\/span><\/p>\n<p><span style=\"font-weight: 400;\">Beim Dropshipping werden Sie darauf nicht mehr sto\u00dfen. Wir k\u00fcmmern uns gerne um Ihren gesamten Prozess: vom Rohstoff bis zur Distribution. SKEL Supplements braucht nur Ihre Zielgruppe, Supplementzusammensetzung oder Ihr Ziel und zus\u00e4tzliche W\u00fcnsche. Daraus entwickeln wir gemeinsam mit Ihnen ein ma\u00dfgeschneidertes Supplement. <\/span><\/p>\n<p><span style=\"font-weight: 400;\">Anschlie\u00dfend verpacken wir Ihre Nahrungserg\u00e4nzungsmittel mit einer unserer spezialisierten Methoden. Wir verarbeiten Ihre Nahrungserg\u00e4nzungsmittel mischungen zu <\/span><span style=\"font-weight: 400;\">Tabletten <\/span><span style=\"font-weight: 400;\">oder<\/span><span style=\"font-weight: 400;\"> Kapseln,<\/span><span style=\"font-weight: 400;\"> oder <\/span><span style=\"font-weight: 400;\">f\u00fcllen Sie Ihre Pulver sofort ein<\/span><span style=\"font-weight: 400;\"> in der gew\u00fcnschten Verpackung. Es gibt auch M\u00f6glichkeiten f\u00fcr <\/span><span style=\"font-weight: 400;\">Blisterpackungen<\/span><span style=\"font-weight: 400;\"> .<\/span><\/p>\n<h3><span style=\"font-weight: 400;\">Lagerung von Nahrungserg\u00e4nzungsmitteln<\/span><\/h3>\n<p><span style=\"font-weight: 400;\">Nach der Erg\u00e4nzungsentwicklung und -verpackung bieten wir<\/span><span style=\"font-weight: 400;\"> Aufbewahrungsm\u00f6glichkeiten<\/span><span style=\"font-weight: 400;\">. Ihre gesamte Produktion kann oft bei uns zur\u00fcckbleiben. Wir versehen Ihre Verpackung mit Etikett und Chargennummer. Sie haben eine neue Bestellung? Dann brauchen Sie damit nichts mehr zu tun. <\/span><\/p>\n<p><span style=\"font-weight: 400;\">Bitte stellen Sie sicher, dass Ihre Bestellungen umgehend an uns weitergeleitet werden und wir diese bearbeiten k\u00f6nnen. Innerhalb k\u00fcrzester Zeit erh\u00e4lt Ihr Endkunde die richtigen Nahrungserg\u00e4nzungsmittel an die angegebene Lieferadresse. Damit nehmen wir Ihnen auch Ihre Lagerverwaltung ab.<\/span><\/p>\n<p><span style=\"font-weight: 400;\"> <\/span><\/p>\n<h2>Outsourcen Sie den Vertrieb Ihrer Nahrungserg\u00e4nzungsmittel<\/h2>\n<p><span style=\"font-weight: 400;\">M\u00f6chten Sie unsere Dropshipping-Optionen nutzen oder nur unsere<strong> Vertriebsdienstleistungen<\/strong> f\u00fcr Ihre Nahrungserg\u00e4nzungsmittel? Beides ist m\u00f6glich. Inwieweit Sie diese Prozesse auslagern m\u00f6chten, liegt ganz bei Ihnen. Unsere qualifizierten Mitarbeiter erf\u00fcllen die hohen Anforderungen an Ihr Produkt. Wir verwalten Ihre Nahrungserg\u00e4nzungsmittel mit h\u00f6chster Pr\u00e4zision.<\/span><\/p>\n<p><span style=\"font-weight: 400;\"> <\/span><\/p>\n<p><span style=\"font-weight: 400;\">Sie haben konkrete Fragen zu den Vertriebsm\u00f6glichkeiten Ihrer Nahrungserg\u00e4nzungsmittel? F\u00fcr weitere Informationen kontaktieren Sie uns<\/span><span style=\"font-weight: 400;\">. Auch wenn Sie den gesamten Produktionsprozess an uns auslagern m\u00f6chten, denken wir gerne mit.<\/span><\/p>\n\t\t\t\t\t\t\t\t<\/div>\n\t\t\t\t<\/div>\n\t\t\t\t<div class=\"elementor-element elementor-element-b7afba5 elementor-widget elementor-widget-spacer\" data-id=\"b7afba5\" data-element_type=\"widget\" data-e-type=\"widget\" data-widget_type=\"spacer.default\">\n\t\t\t\t<div class=\"elementor-widget-container\">\n\t\t\t\t\t\t\t<div class=\"elementor-spacer\">\n\t\t\t<div class=\"elementor-spacer-inner\"><\/div>\n\t\t<\/div>\n\t\t\t\t\t\t<\/div>\n\t\t\t\t<\/div>\n\t\t\t\t\t<\/div>\n\t\t<\/div>\n\t\t\t\t\t<\/div>\n\t\t<\/section>\n\t\t\t\t<\/div>\n\t\t","protected":false},"excerpt":{"rendered":"<p>Verteilung Sind Ihre (tierischen) Nahrungserg\u00e4nzungsmittel versandfertig? Auch hierbei unterst\u00fctzt SKEL Supplements Sie gerne. Wir bieten Optionen f\u00fcr Lagerung, Lagerverwaltung und Verteilung. Das spart Ihnen viel Zeit und logistische Herausforderungen. Wir&#8230;<\/p>\n","protected":false},"author":1,"featured_media":3368,"parent":0,"menu_order":0,"comment_status":"closed","ping_status":"closed","template":"","meta":{"footnotes":""},"class_list":["post-3799","page","type-page","status-publish","has-post-thumbnail"],"yoast_head":"<!-- This site is optimized with the Yoast SEO plugin v27.4 - https:\/\/yoast.com\/product\/yoast-seo-wordpress\/ -->\n<title>Verteilung &amp; Dropshipping von Nahrungserg\u00e4nzungsmitteln | SKEL Supplements<\/title>\n<meta name=\"description\" content=\"Dropshipping Nahrungserg\u00e4nzungsmittel | Direktversand durch SKEL Supplements | Sparen Sie Zeit und Kosten \u2705 Outsourcen Sie den gesamten Prozess \u2705\" \/>\n<meta name=\"robots\" content=\"index, follow, max-snippet:-1, max-image-preview:large, max-video-preview:-1\" \/>\n<link rel=\"canonical\" href=\"https:\/\/skelsupplements.nl\/de\/verteilung\/\" \/>\n<meta property=\"og:locale\" content=\"de_DE\" \/>\n<meta property=\"og:type\" content=\"article\" \/>\n<meta property=\"og:title\" content=\"Verteilung &amp; Dropshipping von Nahrungserg\u00e4nzungsmitteln | SKEL Supplements\" \/>\n<meta property=\"og:description\" content=\"Dropshipping Nahrungserg\u00e4nzungsmittel | Direktversand durch SKEL Supplements | Sparen Sie Zeit und Kosten \u2705 Outsourcen Sie den gesamten Prozess \u2705\" \/>\n<meta property=\"og:url\" content=\"https:\/\/skelsupplements.nl\/de\/verteilung\/\" \/>\n<meta property=\"og:site_name\" content=\"SKEL Supplements\" \/>\n<meta property=\"article:modified_time\" content=\"2024-03-10T16:38:11+00:00\" \/>\n<meta property=\"og:image\" content=\"https:\/\/skelsupplements.nl\/wp-content\/uploads\/2021\/06\/distributie-supplementen.jpg\" \/>\n<meta name=\"twitter:card\" content=\"summary_large_image\" \/>\n<meta name=\"twitter:label1\" content=\"Gesch\u00e4tzte Lesezeit\" \/>\n\t<meta name=\"twitter:data1\" content=\"4\u00a0Minuten\" \/>\n<script type=\"application\/ld+json\" class=\"yoast-schema-graph\">{\"@context\":\"https:\\\/\\\/schema.org\",\"@graph\":[{\"@type\":\"WebPage\",\"@id\":\"https:\\\/\\\/skelsupplements.nl\\\/de\\\/verteilung\\\/\",\"url\":\"https:\\\/\\\/skelsupplements.nl\\\/de\\\/verteilung\\\/\",\"name\":\"Verteilung & Dropshipping von Nahrungserg\u00e4nzungsmitteln | SKEL Supplements\",\"isPartOf\":{\"@id\":\"https:\\\/\\\/skelsupplements.nl\\\/de\\\/#website\"},\"primaryImageOfPage\":{\"@id\":\"https:\\\/\\\/skelsupplements.nl\\\/de\\\/verteilung\\\/#primaryimage\"},\"image\":{\"@id\":\"https:\\\/\\\/skelsupplements.nl\\\/de\\\/verteilung\\\/#primaryimage\"},\"thumbnailUrl\":\"https:\\\/\\\/skelsupplements.nl\\\/wp-content\\\/uploads\\\/2021\\\/06\\\/distributie-supplementen.jpg\",\"datePublished\":\"2021-07-11T15:27:33+00:00\",\"dateModified\":\"2024-03-10T16:38:11+00:00\",\"description\":\"Dropshipping Nahrungserg\u00e4nzungsmittel | Direktversand durch SKEL Supplements | Sparen Sie Zeit und Kosten \u2705 Outsourcen Sie den gesamten Prozess \u2705\",\"breadcrumb\":{\"@id\":\"https:\\\/\\\/skelsupplements.nl\\\/de\\\/verteilung\\\/#breadcrumb\"},\"inLanguage\":\"de\",\"potentialAction\":[{\"@type\":\"ReadAction\",\"target\":[\"https:\\\/\\\/skelsupplements.nl\\\/de\\\/verteilung\\\/\"]}]},{\"@type\":\"ImageObject\",\"inLanguage\":\"de\",\"@id\":\"https:\\\/\\\/skelsupplements.nl\\\/de\\\/verteilung\\\/#primaryimage\",\"url\":\"https:\\\/\\\/skelsupplements.nl\\\/wp-content\\\/uploads\\\/2021\\\/06\\\/distributie-supplementen.jpg\",\"contentUrl\":\"https:\\\/\\\/skelsupplements.nl\\\/wp-content\\\/uploads\\\/2021\\\/06\\\/distributie-supplementen.jpg\",\"width\":800,\"height\":489,\"caption\":\"Vertriebszuschl\u00e4ge\"},{\"@type\":\"BreadcrumbList\",\"@id\":\"https:\\\/\\\/skelsupplements.nl\\\/de\\\/verteilung\\\/#breadcrumb\",\"itemListElement\":[{\"@type\":\"ListItem\",\"position\":1,\"name\":\"Home\",\"item\":\"https:\\\/\\\/skelsupplements.nl\\\/de\\\/\"},{\"@type\":\"ListItem\",\"position\":2,\"name\":\"Verteilung\"}]},{\"@type\":\"WebSite\",\"@id\":\"https:\\\/\\\/skelsupplements.nl\\\/de\\\/#website\",\"url\":\"https:\\\/\\\/skelsupplements.nl\\\/de\\\/\",\"name\":\"SKEL Supplements | Private label supplementen producent\",\"description\":\"Verpakken van supplementen\",\"publisher\":{\"@id\":\"https:\\\/\\\/skelsupplements.nl\\\/de\\\/#organization\"},\"potentialAction\":[{\"@type\":\"SearchAction\",\"target\":{\"@type\":\"EntryPoint\",\"urlTemplate\":\"https:\\\/\\\/skelsupplements.nl\\\/de\\\/?s={search_term_string}\"},\"query-input\":{\"@type\":\"PropertyValueSpecification\",\"valueRequired\":true,\"valueName\":\"search_term_string\"}}],\"inLanguage\":\"de\"},{\"@type\":\"Organization\",\"@id\":\"https:\\\/\\\/skelsupplements.nl\\\/de\\\/#organization\",\"name\":\"SKEL Supplements\",\"url\":\"https:\\\/\\\/skelsupplements.nl\\\/de\\\/\",\"logo\":{\"@type\":\"ImageObject\",\"inLanguage\":\"de\",\"@id\":\"https:\\\/\\\/skelsupplements.nl\\\/de\\\/#\\\/schema\\\/logo\\\/image\\\/\",\"url\":\"\",\"contentUrl\":\"\",\"caption\":\"SKEL Supplements\"},\"image\":{\"@id\":\"https:\\\/\\\/skelsupplements.nl\\\/de\\\/#\\\/schema\\\/logo\\\/image\\\/\"}}]}<\/script>\n<!-- \/ Yoast SEO plugin. -->","yoast_head_json":{"title":"Verteilung & Dropshipping von Nahrungserg\u00e4nzungsmitteln | SKEL Supplements","description":"Dropshipping Nahrungserg\u00e4nzungsmittel | Direktversand durch SKEL Supplements | Sparen Sie Zeit und Kosten \u2705 Outsourcen Sie den gesamten Prozess \u2705","robots":{"index":"index","follow":"follow","max-snippet":"max-snippet:-1","max-image-preview":"max-image-preview:large","max-video-preview":"max-video-preview:-1"},"canonical":"https:\/\/skelsupplements.nl\/de\/verteilung\/","og_locale":"de_DE","og_type":"article","og_title":"Verteilung & Dropshipping von Nahrungserg\u00e4nzungsmitteln | SKEL Supplements","og_description":"Dropshipping Nahrungserg\u00e4nzungsmittel | Direktversand durch SKEL Supplements | Sparen Sie Zeit und Kosten \u2705 Outsourcen Sie den gesamten Prozess \u2705","og_url":"https:\/\/skelsupplements.nl\/de\/verteilung\/","og_site_name":"SKEL Supplements","article_modified_time":"2024-03-10T16:38:11+00:00","og_image":[{"url":"https:\/\/skelsupplements.nl\/wp-content\/uploads\/2021\/06\/distributie-supplementen.jpg","type":"","width":"","height":""}],"twitter_card":"summary_large_image","twitter_misc":{"Gesch\u00e4tzte Lesezeit":"4\u00a0Minuten"},"schema":{"@context":"https:\/\/schema.org","@graph":[{"@type":"WebPage","@id":"https:\/\/skelsupplements.nl\/de\/verteilung\/","url":"https:\/\/skelsupplements.nl\/de\/verteilung\/","name":"Verteilung & Dropshipping von Nahrungserg\u00e4nzungsmitteln | SKEL Supplements","isPartOf":{"@id":"https:\/\/skelsupplements.nl\/de\/#website"},"primaryImageOfPage":{"@id":"https:\/\/skelsupplements.nl\/de\/verteilung\/#primaryimage"},"image":{"@id":"https:\/\/skelsupplements.nl\/de\/verteilung\/#primaryimage"},"thumbnailUrl":"https:\/\/skelsupplements.nl\/wp-content\/uploads\/2021\/06\/distributie-supplementen.jpg","datePublished":"2021-07-11T15:27:33+00:00","dateModified":"2024-03-10T16:38:11+00:00","description":"Dropshipping Nahrungserg\u00e4nzungsmittel | Direktversand durch SKEL Supplements | Sparen Sie Zeit und Kosten \u2705 Outsourcen Sie den gesamten Prozess \u2705","breadcrumb":{"@id":"https:\/\/skelsupplements.nl\/de\/verteilung\/#breadcrumb"},"inLanguage":"de","potentialAction":[{"@type":"ReadAction","target":["https:\/\/skelsupplements.nl\/de\/verteilung\/"]}]},{"@type":"ImageObject","inLanguage":"de","@id":"https:\/\/skelsupplements.nl\/de\/verteilung\/#primaryimage","url":"https:\/\/skelsupplements.nl\/wp-content\/uploads\/2021\/06\/distributie-supplementen.jpg","contentUrl":"https:\/\/skelsupplements.nl\/wp-content\/uploads\/2021\/06\/distributie-supplementen.jpg","width":800,"height":489,"caption":"Vertriebszuschl\u00e4ge"},{"@type":"BreadcrumbList","@id":"https:\/\/skelsupplements.nl\/de\/verteilung\/#breadcrumb","itemListElement":[{"@type":"ListItem","position":1,"name":"Home","item":"https:\/\/skelsupplements.nl\/de\/"},{"@type":"ListItem","position":2,"name":"Verteilung"}]},{"@type":"WebSite","@id":"https:\/\/skelsupplements.nl\/de\/#website","url":"https:\/\/skelsupplements.nl\/de\/","name":"SKEL Supplements | Private label supplementen producent","description":"Verpakken van supplementen","publisher":{"@id":"https:\/\/skelsupplements.nl\/de\/#organization"},"potentialAction":[{"@type":"SearchAction","target":{"@type":"EntryPoint","urlTemplate":"https:\/\/skelsupplements.nl\/de\/?s={search_term_string}"},"query-input":{"@type":"PropertyValueSpecification","valueRequired":true,"valueName":"search_term_string"}}],"inLanguage":"de"},{"@type":"Organization","@id":"https:\/\/skelsupplements.nl\/de\/#organization","name":"SKEL Supplements","url":"https:\/\/skelsupplements.nl\/de\/","logo":{"@type":"ImageObject","inLanguage":"de","@id":"https:\/\/skelsupplements.nl\/de\/#\/schema\/logo\/image\/","url":"","contentUrl":"","caption":"SKEL Supplements"},"image":{"@id":"https:\/\/skelsupplements.nl\/de\/#\/schema\/logo\/image\/"}}]}},"_links":{"self":[{"href":"https:\/\/skelsupplements.nl\/de\/wp-json\/wp\/v2\/pages\/3799","targetHints":{"allow":["GET"]}}],"collection":[{"href":"https:\/\/skelsupplements.nl\/de\/wp-json\/wp\/v2\/pages"}],"about":[{"href":"https:\/\/skelsupplements.nl\/de\/wp-json\/wp\/v2\/types\/page"}],"author":[{"embeddable":true,"href":"https:\/\/skelsupplements.nl\/de\/wp-json\/wp\/v2\/users\/1"}],"replies":[{"embeddable":true,"href":"https:\/\/skelsupplements.nl\/de\/wp-json\/wp\/v2\/comments?post=3799"}],"version-history":[{"count":0,"href":"https:\/\/skelsupplements.nl\/de\/wp-json\/wp\/v2\/pages\/3799\/revisions"}],"wp:featuredmedia":[{"embeddable":true,"href":"https:\/\/skelsupplements.nl\/de\/wp-json\/wp\/v2\/media\/3368"}],"wp:attachment":[{"href":"https:\/\/skelsupplements.nl\/de\/wp-json\/wp\/v2\/media?parent=3799"}],"curies":[{"name":"wp","href":"https:\/\/api.w.org\/{rel}","templated":true}]}}