{"id":3807,"date":"2021-07-11T17:27:35","date_gmt":"2021-07-11T15:27:35","guid":{"rendered":"https:\/\/skelsupplements.nl\/speicherzusaetze\/"},"modified":"2024-03-01T16:08:36","modified_gmt":"2024-03-01T15:08:36","slug":"speicherzusaetze","status":"publish","type":"page","link":"https:\/\/skelsupplements.nl\/de\/speicherzusaetze\/","title":{"rendered":"Speicherzus\u00e4tze"},"content":{"rendered":"\t\t<div data-elementor-type=\"wp-post\" data-elementor-id=\"3807\" class=\"elementor elementor-3807 elementor-2298\" data-elementor-post-type=\"page\">\n\t\t\t\t\t\t<section class=\"elementor-section elementor-top-section elementor-element elementor-element-222d26e2 elementor-section-full_width elementor-section-height-min-height elementor-section-stretched elementor-section-height-default elementor-section-items-middle\" data-id=\"222d26e2\" data-element_type=\"section\" data-e-type=\"section\" data-settings=\"{&quot;stretch_section&quot;:&quot;section-stretched&quot;,&quot;background_background&quot;:&quot;classic&quot;,&quot;background_motion_fx_motion_fx_scrolling&quot;:&quot;yes&quot;,&quot;background_motion_fx_translateY_effect&quot;:&quot;yes&quot;,&quot;background_motion_fx_translateY_direction&quot;:&quot;negative&quot;,&quot;background_motion_fx_translateY_speed&quot;:{&quot;unit&quot;:&quot;px&quot;,&quot;size&quot;:4,&quot;sizes&quot;:[]},&quot;background_motion_fx_translateY_affectedRange&quot;:{&quot;unit&quot;:&quot;%&quot;,&quot;size&quot;:&quot;&quot;,&quot;sizes&quot;:{&quot;start&quot;:0,&quot;end&quot;:100}},&quot;background_motion_fx_devices&quot;:[&quot;desktop&quot;,&quot;tablet&quot;,&quot;mobile&quot;]}\">\n\t\t\t\t\t\t<div class=\"elementor-container elementor-column-gap-default\">\n\t\t\t\t\t<div class=\"elementor-column elementor-col-100 elementor-top-column elementor-element elementor-element-48e5b04b\" data-id=\"48e5b04b\" data-element_type=\"column\" data-e-type=\"column\">\n\t\t\t<div class=\"elementor-widget-wrap\">\n\t\t\t\t\t\t\t<\/div>\n\t\t<\/div>\n\t\t\t\t\t<\/div>\n\t\t<\/section>\n\t\t\t\t<section class=\"elementor-section elementor-top-section elementor-element elementor-element-073012a elementor-section-stretched elementor-section-boxed elementor-section-height-default elementor-section-height-default\" data-id=\"073012a\" data-element_type=\"section\" data-e-type=\"section\" data-settings=\"{&quot;stretch_section&quot;:&quot;section-stretched&quot;,&quot;background_background&quot;:&quot;classic&quot;}\">\n\t\t\t\t\t\t<div class=\"elementor-container elementor-column-gap-extended\">\n\t\t\t\t\t<div class=\"elementor-column elementor-col-100 elementor-top-column elementor-element elementor-element-b33df8d\" data-id=\"b33df8d\" data-element_type=\"column\" data-e-type=\"column\">\n\t\t\t<div class=\"elementor-widget-wrap elementor-element-populated\">\n\t\t\t\t\t\t<div class=\"elementor-element elementor-element-eaac391 elementor-widget elementor-widget-heading\" data-id=\"eaac391\" data-element_type=\"widget\" data-e-type=\"widget\" data-widget_type=\"heading.default\">\n\t\t\t\t<div class=\"elementor-widget-container\">\n\t\t\t\t\t<h1 class=\"elementor-heading-title elementor-size-large\">Lagerung und Verwaltung<\/h1>\t\t\t\t<\/div>\n\t\t\t\t<\/div>\n\t\t\t\t\t<\/div>\n\t\t<\/div>\n\t\t\t\t\t<\/div>\n\t\t<\/section>\n\t\t\t\t<section class=\"elementor-section elementor-top-section elementor-element elementor-element-2de4f4f elementor-section-stretched elementor-section-boxed elementor-section-height-default elementor-section-height-default\" data-id=\"2de4f4f\" data-element_type=\"section\" data-e-type=\"section\" data-settings=\"{&quot;stretch_section&quot;:&quot;section-stretched&quot;,&quot;background_background&quot;:&quot;classic&quot;}\">\n\t\t\t\t\t\t<div class=\"elementor-container elementor-column-gap-extended\">\n\t\t\t\t\t<div class=\"elementor-column elementor-col-100 elementor-top-column elementor-element elementor-element-08df4fa\" data-id=\"08df4fa\" data-element_type=\"column\" data-e-type=\"column\">\n\t\t\t<div class=\"elementor-widget-wrap elementor-element-populated\">\n\t\t\t\t\t\t<div class=\"elementor-element elementor-element-a9aadaa elementor-widget elementor-widget-breadcrumbs\" data-id=\"a9aadaa\" data-element_type=\"widget\" data-e-type=\"widget\" data-widget_type=\"breadcrumbs.default\">\n\t\t\t\t<div class=\"elementor-widget-container\">\n\t\t\t\t\t<p id=\"breadcrumbs\"><span><span><a href=\"https:\/\/skelsupplements.nl\/de\/\">Home<\/a><\/span><\/span><\/p>\t\t\t\t<\/div>\n\t\t\t\t<\/div>\n\t\t\t\t<div class=\"elementor-element elementor-element-981c7a5 elementor-widget elementor-widget-spacer\" data-id=\"981c7a5\" data-element_type=\"widget\" data-e-type=\"widget\" data-widget_type=\"spacer.default\">\n\t\t\t\t<div class=\"elementor-widget-container\">\n\t\t\t\t\t\t\t<div class=\"elementor-spacer\">\n\t\t\t<div class=\"elementor-spacer-inner\"><\/div>\n\t\t<\/div>\n\t\t\t\t\t\t<\/div>\n\t\t\t\t<\/div>\n\t\t\t\t\t<\/div>\n\t\t<\/div>\n\t\t\t\t\t<\/div>\n\t\t<\/section>\n\t\t\t\t<section class=\"elementor-section elementor-top-section elementor-element elementor-element-6503adf elementor-section-stretched elementor-section-boxed elementor-section-height-default elementor-section-height-default\" data-id=\"6503adf\" data-element_type=\"section\" data-e-type=\"section\" data-settings=\"{&quot;stretch_section&quot;:&quot;section-stretched&quot;,&quot;background_background&quot;:&quot;classic&quot;}\">\n\t\t\t\t\t\t<div class=\"elementor-container elementor-column-gap-extended\">\n\t\t\t\t\t<div class=\"elementor-column elementor-col-100 elementor-top-column elementor-element elementor-element-94133c2\" data-id=\"94133c2\" data-element_type=\"column\" data-e-type=\"column\" data-settings=\"{&quot;animation&quot;:&quot;none&quot;}\">\n\t\t\t<div class=\"elementor-widget-wrap elementor-element-populated\">\n\t\t\t\t\t\t<div class=\"elementor-element elementor-element-5afcd70 elementor-widget elementor-widget-text-editor\" data-id=\"5afcd70\" data-element_type=\"widget\" data-e-type=\"widget\" data-widget_type=\"text-editor.default\">\n\t\t\t\t<div class=\"elementor-widget-container\">\n\t\t\t\t\t\t\t\t\t<p><span style=\"font-weight: 400;\"><img fetchpriority=\"high\" decoding=\"async\" class=\"alignright wp-image-2304\" src=\"https:\/\/skelsupplements.nl\/new\/wp-content\/uploads\/2021\/06\/opslag-supplementen.jpg\" alt=\"Speicherzus\u00e4tze\" width=\"600\" height=\"400\" srcset=\"https:\/\/skelsupplements.nl\/wp-content\/uploads\/2021\/06\/opslag-supplementen.jpg 800w, https:\/\/skelsupplements.nl\/wp-content\/uploads\/2021\/06\/opslag-supplementen-300x200.jpg 300w, https:\/\/skelsupplements.nl\/wp-content\/uploads\/2021\/06\/opslag-supplementen-768x512.jpg 768w, https:\/\/skelsupplements.nl\/wp-content\/uploads\/2021\/06\/opslag-supplementen-600x400.jpg 600w, https:\/\/skelsupplements.nl\/wp-content\/uploads\/2021\/06\/opslag-supplementen-200x133.jpg 200w, https:\/\/skelsupplements.nl\/wp-content\/uploads\/2021\/06\/opslag-supplementen-728x485.jpg 728w\" sizes=\"(max-width: 600px) 100vw, 600px\" \/>Sie haben Vorr\u00e4te an Nahrungserg\u00e4nzungsmitteln oder Rohstoffen daf\u00fcr, die Sie sicher <strong>lagern<\/strong> m\u00f6chten? SKEL Supplements verf\u00fcgt \u00fcber eine konditionierte<strong> Warenhaus<\/strong> . Gerne lagern wir Ihre Produkte. So k\u00f6nnen Sie sicher sein, dass sie bei uns <\/span>sicher in<strong> Verwaltung<\/strong><span style=\"font-weight: 400;\"> sein. Kauf und Wartung eines zus\u00e4tzlichen<strong> Lagerfl\u00e4che<\/strong> ist dann nicht mehr n\u00f6tig.<\/span><\/p>\n<p><span style=\"font-weight: 400;\">Interessieren Sie sich f\u00fcr unsere<\/span><i><span style=\"font-weight: 400;\"><strong> konditionierte Lagerung<\/strong><\/span><\/i><span style=\"font-weight: 400;\">? Dann ist unser Lagerort sehr gut geeignet. Kontaktieren <\/span><span style=\"font-weight: 400;\">Sie uns <\/span><span style=\"font-weight: 400;\">f\u00fcr mehr Informationen. Neben der Auslagerung der Lagerung und Verwaltung Ihrer Nahrungserg\u00e4nzungsmittel, <\/span><b>f\u00fcr viele Kunden k\u00fcmmern wir uns auch um den Produktionsprozess<\/b><span style=\"font-weight: 400;\"> .<\/span><\/p>\n<p><span style=\"font-weight: 400;\">Sie entscheiden sich, Nahrungserg\u00e4nzungsmittel von uns herstellen zu lassen? In diesem Fall ist es sicherlich ratsam, unsere Speicherm\u00f6glichkeiten zu nutzen. Dadurch haben wir direkten Zugriff auf die notwendigen Rohstoffe f\u00fcr die von Ihnen gew\u00fcnschte Produktion. Ist Ihre Produktion bereit? Selbst dann, Lagerung und <\/span>gleichm\u00e4\u00dfige Verteilung<span style=\"font-weight: 400;\"> m\u00f6glich durch SKEL Supplements.<\/span><\/p>\n<p><span style=\"font-weight: 400;\"> <\/span><\/p>\n<h2>Konditionierte Lagerung f\u00fcr Ihre Rohstoffe<\/h2>\n<p><span style=\"font-weight: 400;\">Es ist wichtig, dass Ihre Rohstoffe und Nahrungserg\u00e4nzungsmittel richtig gelagert werden. Im Winter m\u00f6chte man ein Einfrieren verhindern und im Sommer sollte es nicht zu hei\u00df werden. F\u00fcr eine l\u00e4ngere Haltbarkeit Ihrer Produkte ist daher eine konstante Temperatur erforderlich. Die Lagerung Ihrer Rohstoffe in einem klimatisierten Lagerraum ist daher ideal.<\/span><\/p>\n<p><span style=\"font-weight: 400;\"> <\/span><\/p>\n<p><span style=\"font-weight: 400;\">SKEL Supplements hat <\/span><i><span style=\"font-weight: 400;\">konditionierte Lagerung<\/span><\/i><span style=\"font-weight: 400;\">. In diesem Raum wird die Temperatur nicht unter 15 und nicht \u00fcber 25 Grad Celsius liegen. Eine solche Umgebung eignet sich am besten f\u00fcr die <\/span><b>sichere Lagering von Ihre Rohstoffe und Fertigprodukte.<\/b><span style=\"font-weight: 400;\">.<\/span><\/p>\n<p><span style=\"font-weight: 400;\"> <\/span><\/p>\n<p><span style=\"font-weight: 400;\">Wir lagern alle branchen\u00fcblichen Rohstoffe und Endprodukte. Denken Sie an Rohstoffe, Hilfsstoffe, Kr\u00e4utermischungen, Blisterpackungen und Granulatkapseln oder Tabletten mit Nahrungserg\u00e4nzungsmitteln. <\/span><\/p>\n<p><span style=\"font-weight: 400;\">Dabei denken wir gerne mit Ihnen mit. Also z\u00f6gern Sie nicht uns zu kontaktieren, um das genaue zu erfragen <\/span><i><span style=\"font-weight: 400;\">Lagerm\u00f6glichkeiten f\u00fcr Ihre Rohstoffe, Verpackungen und Beilagen<\/span><\/i><span style=\"font-weight: 400;\"> .<\/span><\/p>\n<p><span style=\"font-weight: 400;\"> <\/span><\/p>\n<h2>Lagerung und Produktion in einem<\/h2>\n<h2><img decoding=\"async\" class=\"alignleft wp-image-2311 size-medium\" src=\"https:\/\/skelsupplements.nl\/new\/wp-content\/uploads\/2021\/06\/Geconditioneerde-opslag-brabant-zeeland-300x236.jpg\" alt=\"Konditionierte Lagerung\" width=\"300\" height=\"236\" srcset=\"https:\/\/skelsupplements.nl\/wp-content\/uploads\/2021\/06\/Geconditioneerde-opslag-brabant-zeeland-300x236.jpg 300w, https:\/\/skelsupplements.nl\/wp-content\/uploads\/2021\/06\/Geconditioneerde-opslag-brabant-zeeland-768x604.jpg 768w, https:\/\/skelsupplements.nl\/wp-content\/uploads\/2021\/06\/Geconditioneerde-opslag-brabant-zeeland-600x472.jpg 600w, https:\/\/skelsupplements.nl\/wp-content\/uploads\/2021\/06\/Geconditioneerde-opslag-brabant-zeeland-200x157.jpg 200w, https:\/\/skelsupplements.nl\/wp-content\/uploads\/2021\/06\/Geconditioneerde-opslag-brabant-zeeland.jpg 800w\" sizes=\"(max-width: 300px) 100vw, 300px\" \/><\/h2>\n<p><span style=\"font-weight: 400;\">SKEL Supplements bietet M\u00f6glichkeiten zur Betreuung des gesamten Produktionsprozesses Ihrer (tierischen) Nahrungserg\u00e4nzungsmittel. Auf Wunsch stellen wir Ihre Erg\u00e4nzung zusammen, <\/span><span style=\"font-weight: 400;\">Verpacken<\/span><span style=\"font-weight: 400;\">und<\/span><span style=\"font-weight: 400;\">bringen Etiketten an.<\/span><span style=\"font-weight: 400;\">. Auch der <\/span><span style=\"font-weight: 400;\">Verteilung<\/span><span style=\"font-weight: 400;\"> Ihres Erg\u00e4nzungen k\u00f6nnen wir f\u00fcr Sie \u00fcbernehmen. Sie m\u00f6chten Eigenmarken Erg\u00e4nzungen von uns produzieren lassen? Wir k\u00fcmmern uns um die Lagerung Ihrer Rohstoffe, Verpackungen und Etiketten und das <\/span>vereinfacht den Prozess<span style=\"font-weight: 400;\">.<\/span><\/p>\n<p><span style=\"font-weight: 400;\"> <\/span><\/p>\n<p><span style=\"font-weight: 400;\">Durch die Lagerung Ihrer Ware bei uns bleibt diese sicher und wir haben direkten Zugriff auf die ben\u00f6tigten Rohstoffe. Dies tr\u00e4gt zu weniger Handhabung und letztendlich zu einem effizienten Produktionsprozess bei.<\/span><\/p>\n<p><span style=\"font-weight: 400;\"> <\/span><\/p>\n<p><span style=\"font-weight: 400;\">Ben\u00f6tigen Sie auch eine Lagerung und Verwaltung der produzierten und verpackten Nahrungserg\u00e4nzungsmittel? Das ist nat\u00fcrlich \u00fcberhaupt kein Problem. Nach der Etikettierung Ihrer Produkte lagern wir diese in unserem Lager ein. Wir verwalten Ihren Lagerbestand und k\u00fcmmern uns eventuell um den Vertrieb. <\/span><\/p>\n<p><span style=\"font-weight: 400;\">Sie entscheiden, welche Teile Ihrer Produktions- und\/oder Lagerprozesse Sie auslagern.<\/span><\/p>\n<p><span style=\"font-weight: 400;\"> <\/span><\/p>\n<h2>Nahrungserg\u00e4nzungsmittel vor\u00fcbergehend lagern<\/h2>\n<p><span style=\"font-weight: 400;\">Obwohl wir Ihren Vorrat verwalten, besitzen Sie immer noch Ihre eigenen Nahrungserg\u00e4nzungsmittel. Es ist daher jederzeit m\u00f6glich, Ihre Nahrungserg\u00e4nzungsmittel woanders zu lagern. Sie ben\u00f6tigen nur tempor\u00e4ren Speicherplatz? Auch darum k\u00f6nnen wir uns k\u00fcmmern.<\/span><\/p>\n<p><span style=\"font-weight: 400;\"> <\/span><\/p>\n<p><span style=\"font-weight: 400;\">Gerne besprechen wir mit Ihnen die Konditionen und weiteren M\u00f6glichkeiten der Lagerung und Verwaltung. Kontaktieren <\/span><span style=\"font-weight: 400;\">Sie<\/span><span style=\"font-weight: 400;\"> uns daf\u00fcr. Wir erfassen die Bedingungen immer genau, damit die Erwartungen f\u00fcr Sie und uns klar sind.<\/span><\/p>\n<p><span style=\"font-weight: 400;\"> <\/span><\/p>\n<h3>Unsere Experten beraten Sie gerne zur richtigen Lagerung<\/h3>\n<p><span style=\"font-weight: 400;\">Einige Kunden ben\u00f6tigen zus\u00e4tzliche Unterst\u00fctzung bei der Lagerung und Verwaltung von Rohstoffen oder Nahrungserg\u00e4nzungsmitteln. Das ist verst\u00e4ndlich, denn wie viel braucht man pro Rohstoff und was ist eine geeignete Methode und Bezeichnung, um bestimmte Zutaten zu lagern? Wie l\u00e4uft die Eingangskontrolle ab und werden alle Stoffe mit einem Ursprungszeugnis versehen?<\/span><\/p>\n<p><span style=\"font-weight: 400;\">SKEL Supplements verf\u00fcgt \u00fcber langj\u00e4hrige Erfahrung in der Herstellung und dem Vertrieb verschiedener Arten von veterin\u00e4r und humanit\u00e4ren Nahrungserg\u00e4nzungsmitteln und Kr\u00e4utermischungen. Daher wissen wir genau, was die richtigen Mengen und Methoden f\u00fcr den Einkauf und die Lagerung verschiedener Rohstoffe sind. Dar\u00fcber hinaus verf\u00fcgen wir \u00fcber einen gro\u00dfen Rohstoffvorrat und stellen verschiedene Halbzeuge in eigener Regie her. Auch hier k\u00f6nnen Sie <\/span><span style=\"font-weight: 400;\">f\u00fcr<\/span><span style=\"font-weight: 400;\">kontaktieren.<\/span><\/p>\n\t\t\t\t\t\t\t\t<\/div>\n\t\t\t\t<\/div>\n\t\t\t\t<div class=\"elementor-element elementor-element-b7afba5 elementor-widget elementor-widget-spacer\" data-id=\"b7afba5\" data-element_type=\"widget\" data-e-type=\"widget\" data-widget_type=\"spacer.default\">\n\t\t\t\t<div class=\"elementor-widget-container\">\n\t\t\t\t\t\t\t<div class=\"elementor-spacer\">\n\t\t\t<div class=\"elementor-spacer-inner\"><\/div>\n\t\t<\/div>\n\t\t\t\t\t\t<\/div>\n\t\t\t\t<\/div>\n\t\t\t\t\t<\/div>\n\t\t<\/div>\n\t\t\t\t\t<\/div>\n\t\t<\/section>\n\t\t\t\t<\/div>\n\t\t","protected":false},"excerpt":{"rendered":"<p>Lagerung und Verwaltung Sie haben Vorr\u00e4te an Nahrungserg\u00e4nzungsmitteln oder Rohstoffen daf\u00fcr, die Sie sicher lagern m\u00f6chten? SKEL Supplements verf\u00fcgt \u00fcber eine konditionierte Warenhaus . Gerne lagern wir Ihre Produkte. So&#8230;<\/p>\n","protected":false},"author":1,"featured_media":3377,"parent":0,"menu_order":0,"comment_status":"closed","ping_status":"closed","template":"","meta":{"footnotes":""},"class_list":["post-3807","page","type-page","status-publish","has-post-thumbnail"],"yoast_head":"<!-- This site is optimized with the Yoast SEO plugin v27.4 - https:\/\/yoast.com\/product\/yoast-seo-wordpress\/ -->\n<title>Lagerung von Nahrungserg\u00e4nzungsmitteln | Rohstoffe und Endprodukt | Konditioniert<\/title>\n<meta name=\"description\" content=\"Konditionierte Lagerung f\u00fcr Ihre Rohstoffe | Nahrungserg\u00e4nzungsmittel \u2705 SKEL Supplements produziert, verpackt und vertreibt Ihre Nahrungserg\u00e4nzungsmittel \u2705\" \/>\n<meta name=\"robots\" content=\"index, follow, max-snippet:-1, max-image-preview:large, max-video-preview:-1\" \/>\n<link rel=\"canonical\" href=\"https:\/\/skelsupplements.nl\/de\/speicherzusaetze\/\" \/>\n<meta property=\"og:locale\" content=\"de_DE\" \/>\n<meta property=\"og:type\" content=\"article\" \/>\n<meta property=\"og:title\" content=\"Lagerung von Nahrungserg\u00e4nzungsmitteln | Rohstoffe und Endprodukt | Konditioniert\" \/>\n<meta property=\"og:description\" content=\"Konditionierte Lagerung f\u00fcr Ihre Rohstoffe | Nahrungserg\u00e4nzungsmittel \u2705 SKEL Supplements produziert, verpackt und vertreibt Ihre Nahrungserg\u00e4nzungsmittel \u2705\" \/>\n<meta property=\"og:url\" content=\"https:\/\/skelsupplements.nl\/de\/speicherzusaetze\/\" \/>\n<meta property=\"og:site_name\" content=\"SKEL Supplements\" \/>\n<meta property=\"article:modified_time\" content=\"2024-03-01T15:08:36+00:00\" \/>\n<meta property=\"og:image\" content=\"https:\/\/skelsupplements.nl\/wp-content\/uploads\/2021\/06\/Geconditioneerde-opslag-brabant-zeeland.jpg\" \/>\n<meta name=\"twitter:card\" content=\"summary_large_image\" \/>\n<meta name=\"twitter:label1\" content=\"Gesch\u00e4tzte Lesezeit\" \/>\n\t<meta name=\"twitter:data1\" content=\"3\u00a0Minuten\" \/>\n<script type=\"application\/ld+json\" class=\"yoast-schema-graph\">{\"@context\":\"https:\\\/\\\/schema.org\",\"@graph\":[{\"@type\":\"WebPage\",\"@id\":\"https:\\\/\\\/skelsupplements.nl\\\/de\\\/speicherzusaetze\\\/\",\"url\":\"https:\\\/\\\/skelsupplements.nl\\\/de\\\/speicherzusaetze\\\/\",\"name\":\"Lagerung von Nahrungserg\u00e4nzungsmitteln | Rohstoffe und Endprodukt | Konditioniert\",\"isPartOf\":{\"@id\":\"https:\\\/\\\/skelsupplements.nl\\\/de\\\/#website\"},\"primaryImageOfPage\":{\"@id\":\"https:\\\/\\\/skelsupplements.nl\\\/de\\\/speicherzusaetze\\\/#primaryimage\"},\"image\":{\"@id\":\"https:\\\/\\\/skelsupplements.nl\\\/de\\\/speicherzusaetze\\\/#primaryimage\"},\"thumbnailUrl\":\"https:\\\/\\\/skelsupplements.nl\\\/wp-content\\\/uploads\\\/2021\\\/06\\\/Geconditioneerde-opslag-brabant-zeeland.jpg\",\"datePublished\":\"2021-07-11T15:27:35+00:00\",\"dateModified\":\"2024-03-01T15:08:36+00:00\",\"description\":\"Konditionierte Lagerung f\u00fcr Ihre Rohstoffe | Nahrungserg\u00e4nzungsmittel \u2705 SKEL Supplements produziert, verpackt und vertreibt Ihre Nahrungserg\u00e4nzungsmittel \u2705\",\"breadcrumb\":{\"@id\":\"https:\\\/\\\/skelsupplements.nl\\\/de\\\/speicherzusaetze\\\/#breadcrumb\"},\"inLanguage\":\"de\",\"potentialAction\":[{\"@type\":\"ReadAction\",\"target\":[\"https:\\\/\\\/skelsupplements.nl\\\/de\\\/speicherzusaetze\\\/\"]}]},{\"@type\":\"ImageObject\",\"inLanguage\":\"de\",\"@id\":\"https:\\\/\\\/skelsupplements.nl\\\/de\\\/speicherzusaetze\\\/#primaryimage\",\"url\":\"https:\\\/\\\/skelsupplements.nl\\\/wp-content\\\/uploads\\\/2021\\\/06\\\/Geconditioneerde-opslag-brabant-zeeland.jpg\",\"contentUrl\":\"https:\\\/\\\/skelsupplements.nl\\\/wp-content\\\/uploads\\\/2021\\\/06\\\/Geconditioneerde-opslag-brabant-zeeland.jpg\",\"width\":800,\"height\":629,\"caption\":\"Konditionierte Lagerung Brabant Seeland\"},{\"@type\":\"BreadcrumbList\",\"@id\":\"https:\\\/\\\/skelsupplements.nl\\\/de\\\/speicherzusaetze\\\/#breadcrumb\",\"itemListElement\":[{\"@type\":\"ListItem\",\"position\":1,\"name\":\"Home\",\"item\":\"https:\\\/\\\/skelsupplements.nl\\\/de\\\/\"},{\"@type\":\"ListItem\",\"position\":2,\"name\":\"Speicherzus\u00e4tze\"}]},{\"@type\":\"WebSite\",\"@id\":\"https:\\\/\\\/skelsupplements.nl\\\/de\\\/#website\",\"url\":\"https:\\\/\\\/skelsupplements.nl\\\/de\\\/\",\"name\":\"SKEL Supplements | Private label supplementen producent\",\"description\":\"Verpakken van supplementen\",\"publisher\":{\"@id\":\"https:\\\/\\\/skelsupplements.nl\\\/de\\\/#organization\"},\"potentialAction\":[{\"@type\":\"SearchAction\",\"target\":{\"@type\":\"EntryPoint\",\"urlTemplate\":\"https:\\\/\\\/skelsupplements.nl\\\/de\\\/?s={search_term_string}\"},\"query-input\":{\"@type\":\"PropertyValueSpecification\",\"valueRequired\":true,\"valueName\":\"search_term_string\"}}],\"inLanguage\":\"de\"},{\"@type\":\"Organization\",\"@id\":\"https:\\\/\\\/skelsupplements.nl\\\/de\\\/#organization\",\"name\":\"SKEL Supplements\",\"url\":\"https:\\\/\\\/skelsupplements.nl\\\/de\\\/\",\"logo\":{\"@type\":\"ImageObject\",\"inLanguage\":\"de\",\"@id\":\"https:\\\/\\\/skelsupplements.nl\\\/de\\\/#\\\/schema\\\/logo\\\/image\\\/\",\"url\":\"\",\"contentUrl\":\"\",\"caption\":\"SKEL Supplements\"},\"image\":{\"@id\":\"https:\\\/\\\/skelsupplements.nl\\\/de\\\/#\\\/schema\\\/logo\\\/image\\\/\"}}]}<\/script>\n<!-- \/ Yoast SEO plugin. -->","yoast_head_json":{"title":"Lagerung von Nahrungserg\u00e4nzungsmitteln | Rohstoffe und Endprodukt | Konditioniert","description":"Konditionierte Lagerung f\u00fcr Ihre Rohstoffe | Nahrungserg\u00e4nzungsmittel \u2705 SKEL Supplements produziert, verpackt und vertreibt Ihre Nahrungserg\u00e4nzungsmittel \u2705","robots":{"index":"index","follow":"follow","max-snippet":"max-snippet:-1","max-image-preview":"max-image-preview:large","max-video-preview":"max-video-preview:-1"},"canonical":"https:\/\/skelsupplements.nl\/de\/speicherzusaetze\/","og_locale":"de_DE","og_type":"article","og_title":"Lagerung von Nahrungserg\u00e4nzungsmitteln | Rohstoffe und Endprodukt | Konditioniert","og_description":"Konditionierte Lagerung f\u00fcr Ihre Rohstoffe | Nahrungserg\u00e4nzungsmittel \u2705 SKEL Supplements produziert, verpackt und vertreibt Ihre Nahrungserg\u00e4nzungsmittel \u2705","og_url":"https:\/\/skelsupplements.nl\/de\/speicherzusaetze\/","og_site_name":"SKEL Supplements","article_modified_time":"2024-03-01T15:08:36+00:00","og_image":[{"url":"https:\/\/skelsupplements.nl\/wp-content\/uploads\/2021\/06\/Geconditioneerde-opslag-brabant-zeeland.jpg","type":"","width":"","height":""}],"twitter_card":"summary_large_image","twitter_misc":{"Gesch\u00e4tzte Lesezeit":"3\u00a0Minuten"},"schema":{"@context":"https:\/\/schema.org","@graph":[{"@type":"WebPage","@id":"https:\/\/skelsupplements.nl\/de\/speicherzusaetze\/","url":"https:\/\/skelsupplements.nl\/de\/speicherzusaetze\/","name":"Lagerung von Nahrungserg\u00e4nzungsmitteln | Rohstoffe und Endprodukt | Konditioniert","isPartOf":{"@id":"https:\/\/skelsupplements.nl\/de\/#website"},"primaryImageOfPage":{"@id":"https:\/\/skelsupplements.nl\/de\/speicherzusaetze\/#primaryimage"},"image":{"@id":"https:\/\/skelsupplements.nl\/de\/speicherzusaetze\/#primaryimage"},"thumbnailUrl":"https:\/\/skelsupplements.nl\/wp-content\/uploads\/2021\/06\/Geconditioneerde-opslag-brabant-zeeland.jpg","datePublished":"2021-07-11T15:27:35+00:00","dateModified":"2024-03-01T15:08:36+00:00","description":"Konditionierte Lagerung f\u00fcr Ihre Rohstoffe | Nahrungserg\u00e4nzungsmittel \u2705 SKEL Supplements produziert, verpackt und vertreibt Ihre Nahrungserg\u00e4nzungsmittel \u2705","breadcrumb":{"@id":"https:\/\/skelsupplements.nl\/de\/speicherzusaetze\/#breadcrumb"},"inLanguage":"de","potentialAction":[{"@type":"ReadAction","target":["https:\/\/skelsupplements.nl\/de\/speicherzusaetze\/"]}]},{"@type":"ImageObject","inLanguage":"de","@id":"https:\/\/skelsupplements.nl\/de\/speicherzusaetze\/#primaryimage","url":"https:\/\/skelsupplements.nl\/wp-content\/uploads\/2021\/06\/Geconditioneerde-opslag-brabant-zeeland.jpg","contentUrl":"https:\/\/skelsupplements.nl\/wp-content\/uploads\/2021\/06\/Geconditioneerde-opslag-brabant-zeeland.jpg","width":800,"height":629,"caption":"Konditionierte Lagerung Brabant Seeland"},{"@type":"BreadcrumbList","@id":"https:\/\/skelsupplements.nl\/de\/speicherzusaetze\/#breadcrumb","itemListElement":[{"@type":"ListItem","position":1,"name":"Home","item":"https:\/\/skelsupplements.nl\/de\/"},{"@type":"ListItem","position":2,"name":"Speicherzus\u00e4tze"}]},{"@type":"WebSite","@id":"https:\/\/skelsupplements.nl\/de\/#website","url":"https:\/\/skelsupplements.nl\/de\/","name":"SKEL Supplements | Private label supplementen producent","description":"Verpakken van supplementen","publisher":{"@id":"https:\/\/skelsupplements.nl\/de\/#organization"},"potentialAction":[{"@type":"SearchAction","target":{"@type":"EntryPoint","urlTemplate":"https:\/\/skelsupplements.nl\/de\/?s={search_term_string}"},"query-input":{"@type":"PropertyValueSpecification","valueRequired":true,"valueName":"search_term_string"}}],"inLanguage":"de"},{"@type":"Organization","@id":"https:\/\/skelsupplements.nl\/de\/#organization","name":"SKEL Supplements","url":"https:\/\/skelsupplements.nl\/de\/","logo":{"@type":"ImageObject","inLanguage":"de","@id":"https:\/\/skelsupplements.nl\/de\/#\/schema\/logo\/image\/","url":"","contentUrl":"","caption":"SKEL Supplements"},"image":{"@id":"https:\/\/skelsupplements.nl\/de\/#\/schema\/logo\/image\/"}}]}},"_links":{"self":[{"href":"https:\/\/skelsupplements.nl\/de\/wp-json\/wp\/v2\/pages\/3807","targetHints":{"allow":["GET"]}}],"collection":[{"href":"https:\/\/skelsupplements.nl\/de\/wp-json\/wp\/v2\/pages"}],"about":[{"href":"https:\/\/skelsupplements.nl\/de\/wp-json\/wp\/v2\/types\/page"}],"author":[{"embeddable":true,"href":"https:\/\/skelsupplements.nl\/de\/wp-json\/wp\/v2\/users\/1"}],"replies":[{"embeddable":true,"href":"https:\/\/skelsupplements.nl\/de\/wp-json\/wp\/v2\/comments?post=3807"}],"version-history":[{"count":0,"href":"https:\/\/skelsupplements.nl\/de\/wp-json\/wp\/v2\/pages\/3807\/revisions"}],"wp:featuredmedia":[{"embeddable":true,"href":"https:\/\/skelsupplements.nl\/de\/wp-json\/wp\/v2\/media\/3377"}],"wp:attachment":[{"href":"https:\/\/skelsupplements.nl\/de\/wp-json\/wp\/v2\/media?parent=3807"}],"curies":[{"name":"wp","href":"https:\/\/api.w.org\/{rel}","templated":true}]}}