{"id":3826,"date":"2021-07-11T17:27:36","date_gmt":"2021-07-11T15:27:36","guid":{"rendered":"https:\/\/skelsupplements.nl\/etikette\/"},"modified":"2024-03-10T17:23:34","modified_gmt":"2024-03-10T16:23:34","slug":"etikette","status":"publish","type":"page","link":"https:\/\/skelsupplements.nl\/de\/etikette\/","title":{"rendered":"Etikette"},"content":{"rendered":"\t\t<div data-elementor-type=\"wp-post\" data-elementor-id=\"3826\" class=\"elementor elementor-3826 elementor-2317\" data-elementor-post-type=\"page\">\n\t\t\t\t\t\t<section class=\"elementor-section elementor-top-section elementor-element elementor-element-4c48d2a0 elementor-section-full_width elementor-section-height-min-height elementor-section-stretched elementor-section-height-default elementor-section-items-middle\" data-id=\"4c48d2a0\" data-element_type=\"section\" data-e-type=\"section\" data-settings=\"{&quot;stretch_section&quot;:&quot;section-stretched&quot;,&quot;background_background&quot;:&quot;classic&quot;,&quot;background_motion_fx_motion_fx_scrolling&quot;:&quot;yes&quot;,&quot;background_motion_fx_translateY_effect&quot;:&quot;yes&quot;,&quot;background_motion_fx_translateY_direction&quot;:&quot;negative&quot;,&quot;background_motion_fx_translateY_speed&quot;:{&quot;unit&quot;:&quot;px&quot;,&quot;size&quot;:4,&quot;sizes&quot;:[]},&quot;background_motion_fx_translateY_affectedRange&quot;:{&quot;unit&quot;:&quot;%&quot;,&quot;size&quot;:&quot;&quot;,&quot;sizes&quot;:{&quot;start&quot;:0,&quot;end&quot;:100}},&quot;background_motion_fx_devices&quot;:[&quot;desktop&quot;,&quot;tablet&quot;,&quot;mobile&quot;]}\">\n\t\t\t\t\t\t<div class=\"elementor-container elementor-column-gap-default\">\n\t\t\t\t\t<div class=\"elementor-column elementor-col-100 elementor-top-column elementor-element elementor-element-90b04e3\" data-id=\"90b04e3\" data-element_type=\"column\" data-e-type=\"column\">\n\t\t\t<div class=\"elementor-widget-wrap\">\n\t\t\t\t\t\t\t<\/div>\n\t\t<\/div>\n\t\t\t\t\t<\/div>\n\t\t<\/section>\n\t\t\t\t<section class=\"elementor-section elementor-top-section elementor-element elementor-element-073012a elementor-section-stretched elementor-section-boxed elementor-section-height-default elementor-section-height-default\" data-id=\"073012a\" data-element_type=\"section\" data-e-type=\"section\" data-settings=\"{&quot;stretch_section&quot;:&quot;section-stretched&quot;,&quot;background_background&quot;:&quot;classic&quot;}\">\n\t\t\t\t\t\t<div class=\"elementor-container elementor-column-gap-extended\">\n\t\t\t\t\t<div class=\"elementor-column elementor-col-100 elementor-top-column elementor-element elementor-element-b33df8d\" data-id=\"b33df8d\" data-element_type=\"column\" data-e-type=\"column\">\n\t\t\t<div class=\"elementor-widget-wrap elementor-element-populated\">\n\t\t\t\t\t\t<div class=\"elementor-element elementor-element-eaac391 elementor-widget elementor-widget-heading\" data-id=\"eaac391\" data-element_type=\"widget\" data-e-type=\"widget\" data-widget_type=\"heading.default\">\n\t\t\t\t<div class=\"elementor-widget-container\">\n\t\t\t\t\t<h1 class=\"elementor-heading-title elementor-size-large\">Etikette<\/h1>\t\t\t\t<\/div>\n\t\t\t\t<\/div>\n\t\t\t\t\t<\/div>\n\t\t<\/div>\n\t\t\t\t\t<\/div>\n\t\t<\/section>\n\t\t\t\t<section class=\"elementor-section elementor-top-section elementor-element elementor-element-2de4f4f elementor-section-stretched elementor-section-boxed elementor-section-height-default elementor-section-height-default\" data-id=\"2de4f4f\" data-element_type=\"section\" data-e-type=\"section\" data-settings=\"{&quot;stretch_section&quot;:&quot;section-stretched&quot;,&quot;background_background&quot;:&quot;classic&quot;}\">\n\t\t\t\t\t\t<div class=\"elementor-container elementor-column-gap-extended\">\n\t\t\t\t\t<div class=\"elementor-column elementor-col-100 elementor-top-column elementor-element elementor-element-08df4fa\" data-id=\"08df4fa\" data-element_type=\"column\" data-e-type=\"column\">\n\t\t\t<div class=\"elementor-widget-wrap elementor-element-populated\">\n\t\t\t\t\t\t<div class=\"elementor-element elementor-element-a9aadaa elementor-widget elementor-widget-breadcrumbs\" data-id=\"a9aadaa\" data-element_type=\"widget\" data-e-type=\"widget\" data-widget_type=\"breadcrumbs.default\">\n\t\t\t\t<div class=\"elementor-widget-container\">\n\t\t\t\t\t<p id=\"breadcrumbs\"><span><span><a href=\"https:\/\/skelsupplements.nl\/de\/\">Home<\/a><\/span><\/span><\/p>\t\t\t\t<\/div>\n\t\t\t\t<\/div>\n\t\t\t\t<div class=\"elementor-element elementor-element-981c7a5 elementor-widget elementor-widget-spacer\" data-id=\"981c7a5\" data-element_type=\"widget\" data-e-type=\"widget\" data-widget_type=\"spacer.default\">\n\t\t\t\t<div class=\"elementor-widget-container\">\n\t\t\t\t\t\t\t<div class=\"elementor-spacer\">\n\t\t\t<div class=\"elementor-spacer-inner\"><\/div>\n\t\t<\/div>\n\t\t\t\t\t\t<\/div>\n\t\t\t\t<\/div>\n\t\t\t\t\t<\/div>\n\t\t<\/div>\n\t\t\t\t\t<\/div>\n\t\t<\/section>\n\t\t\t\t<section class=\"elementor-section elementor-top-section elementor-element elementor-element-6503adf elementor-section-stretched elementor-section-boxed elementor-section-height-default elementor-section-height-default\" data-id=\"6503adf\" data-element_type=\"section\" data-e-type=\"section\" data-settings=\"{&quot;stretch_section&quot;:&quot;section-stretched&quot;,&quot;background_background&quot;:&quot;classic&quot;}\">\n\t\t\t\t\t\t<div class=\"elementor-container elementor-column-gap-extended\">\n\t\t\t\t\t<div class=\"elementor-column elementor-col-100 elementor-top-column elementor-element elementor-element-94133c2\" data-id=\"94133c2\" data-element_type=\"column\" data-e-type=\"column\" data-settings=\"{&quot;animation&quot;:&quot;none&quot;}\">\n\t\t\t<div class=\"elementor-widget-wrap elementor-element-populated\">\n\t\t\t\t\t\t<div class=\"elementor-element elementor-element-5afcd70 elementor-widget elementor-widget-text-editor\" data-id=\"5afcd70\" data-element_type=\"widget\" data-e-type=\"widget\" data-widget_type=\"text-editor.default\">\n\t\t\t\t<div class=\"elementor-widget-container\">\n\t\t\t\t\t\t\t\t\t<p><span style=\"font-weight: 400;\"><img fetchpriority=\"high\" decoding=\"async\" class=\"alignright wp-image-2322\" src=\"https:\/\/skelsupplements.nl\/new\/wp-content\/uploads\/2021\/06\/Etiketteren-voedingssupplementen.jpg\" alt=\"Kennzeichnung von Nahrungserg\u00e4nzungsmitteln\" width=\"600\" height=\"390\" srcset=\"https:\/\/skelsupplements.nl\/wp-content\/uploads\/2021\/06\/Etiketteren-voedingssupplementen.jpg 800w, https:\/\/skelsupplements.nl\/wp-content\/uploads\/2021\/06\/Etiketteren-voedingssupplementen-300x195.jpg 300w, https:\/\/skelsupplements.nl\/wp-content\/uploads\/2021\/06\/Etiketteren-voedingssupplementen-768x499.jpg 768w, https:\/\/skelsupplements.nl\/wp-content\/uploads\/2021\/06\/Etiketteren-voedingssupplementen-600x390.jpg 600w, https:\/\/skelsupplements.nl\/wp-content\/uploads\/2021\/06\/Etiketteren-voedingssupplementen-200x130.jpg 200w\" sizes=\"(max-width: 600px) 100vw, 600px\" \/>Jeder Europ\u00e4er<\/span><i><span style=\"font-weight: 400;\"> Nahrungserg\u00e4nzungsmittel<\/span><\/i><span style=\"font-weight: 400;\"> muss beschriftet werden. Darin steht zum Beispiel, wie und in welcher Dosierung das Supplement eingenommen werden soll. Auf dem Etikett ist eindeutig angegeben, was in der Packung enthalten ist und wof\u00fcr die Erg\u00e4nzung gedacht ist. Daf\u00fcr gibt es europ\u00e4ische Richtlinien, die auch Ihre Etiketten beinhalten. Die niederl\u00e4ndische Beh\u00f6rde f\u00fcr Lebensmittel- und Verbraucherproduktsicherheit (NVWA) pr\u00fcft sorgf\u00e4ltig, ob Sie die Richtlinien einhalten.<\/span><\/p>\n<p><span style=\"font-weight: 400;\">Neben der Zusammenstellung, Herstellung und Verpackung von Nahrungserg\u00e4nzungsmitteln versieht SKEL Supplements Ihre Verpackungen mit einem Etikett. Wir tun dies vollst\u00e4ndig in \u00dcbereinstimmung mit der europ\u00e4ischen Gesetzgebung.<\/span><\/p>\n<p><span style=\"font-weight: 400;\">Denn wir sind spezialisiert auf<\/span><span style=\"font-weight: 400;\"> Private-Label-Lebensmittel<\/span><span style=\"font-weight: 400;\"> Erg\u00e4nzungen<\/span><span style=\"font-weight: 400;\">, wissen wir wie kein anderer um die gro\u00dfe Bedeutung der Gestaltung Ihres Etiketts. Sie m\u00f6chten spezielle Etiketten anfertigen lassen? \u201eVerpackungsdesign\u201c ist eine der vielen Dienstleistungen, die SKEL Supplements anbietet.<\/span><\/p>\n<p><span style=\"font-weight: 400;\"> <\/span><\/p>\n<h2>Lassen Sie ein Etikett nach europ\u00e4ischen Vorschriften erstellen<\/h2>\n<p><span style=\"font-weight: 400;\">Dass Ihr Etikett den Vorschriften entspricht, ist nicht nur aufgrund der Gesetzgebung wichtig. Ein gutes Etikett tr\u00e4gt enorm dazu bei <\/span><b>die Vertrauensw\u00fcrdigkeit <\/b><span style=\"font-weight: 400;\">Ihres Produktes. Klare, transparente Kommunikation f\u00fchrt letztendlich zu Vertrauen der Verbraucher und damit zu h\u00f6heren Ums\u00e4tzen.<\/span><\/p>\n<p><span style=\"font-weight: 400;\">Lassen Sie<\/span><i><span style=\"font-weight: 400;\">Nahrungserg\u00e4nzungsmittel<\/span><\/i><span style=\"font-weight: 400;\"> von uns komponieren und produzieren? Dann k\u00f6nnen Sie sicher sein, dass die Erg\u00e4nzungen <\/span><b>hohe Anspr\u00fcche<\/b><span style=\"font-weight: 400;\"> erf\u00fcllen.<\/span><\/p>\n<p><span style=\"font-weight: 400;\">Die Angabe von Wirkstoffmengen in Ihrem Nahrungserg\u00e4nzungsmittel auf dem Etikett wirkt sich daher nur zu Ihrem Vorteil aus. In diesem Bereich k\u00f6nnen Sie sogar Ihren Konkurrenten \u00fcbertreffen. So sorgt Ihr Etikett nicht nur f\u00fcr Zuverl\u00e4ssigkeit, sondern auch f\u00fcr eine <\/span><b>klarer Verkaufsvorteil<\/b><span style=\"font-weight: 400;\"> .<\/span><\/p>\n<p><span style=\"font-weight: 400;\"> <\/span><\/p>\n<h2>Kennzeichnung von Nahrungserg\u00e4nzungsmitteln inklusive Dosierungshinweise<\/h2>\n<p><span style=\"font-weight: 400;\">Die Festlegung einer Dosierungsempfehlung ist f\u00fcr Sie und f\u00fcr den Verbraucher wichtig. Manchmal ist dies jedoch schwierig. Sie wollen keine falschen Versprechungen machen und trotzdem ein gut funktionierendes Supplement verkaufen. Wenn wir Ihr Nahrungserg\u00e4nzungsmittel zusammenstellen, <\/span><b>denken wir gerne mit<\/b><span style=\"font-weight: 400;\"> \u00fcber die Dosierungsempfehlung und das Endziel.<\/span><\/p>\n<p><span style=\"font-weight: 400;\">Wird Ihr Supplement nicht von uns produziert? Wir helfen auch gerne dabei <\/span><i><span style=\"font-weight: 400;\">mit der Etikette<\/span><\/i><span style=\"font-weight: 400;\">. Neben der Erg\u00e4nzungszusammensetzung und dem Verwendungszweck Ihres Produktes besprechen wir mit Ihnen bei Bedarf auch die Anwendungs- und Dosierungshinweise. So stellen wir zusammen <\/span><b>das ideale<\/b><span style=\"font-weight: 400;\"> Etikett. Es ist auch m\u00f6glich, ein bestehendes Rezept anzupassen oder zu erweitern.<\/span><\/p>\n<h2>Lassen Sie ein Etikett nach Ihrer Corporate Identity gestalten<\/h2>\n<p><span style=\"font-weight: 400;\">Sie haben noch kein Etikettendesign? Bei SKEL Supplements k\u00f6nnen Sie Etiketten mit Ihrem eigenen Hausstil erstellen lassen. Wir gestalten ein Etikett immer ganz nach Ihren W\u00fcnschen. Darauf drucken wir ein Logo oder verwenden eine bestimmte Corporate Identity Farbe.<\/span><\/p>\n<p><span style=\"font-weight: 400;\"> <\/span><\/p>\n<p><span style=\"font-weight: 400;\">Manchmal ist die Verpackung nicht standardm\u00e4\u00dfig in der gew\u00fcnschten Farbe oder Form erh\u00e4ltlich. Eine individuelle Verpackung verursacht manchmal zus\u00e4tzliche Kosten. Nur Ihren Hausstil in ein Etiket zu integrieren ist auch attraktiv und viel g\u00fcnstiger. Die Verpackung passt so viel besser zu Ihrer Marke, sodass nicht mehr die gesamte Verpackung an Ihre Marke angepasst werden muss.<\/span><\/p>\n<p><span style=\"font-weight: 400;\"> <\/span><\/p>\n<h2>Verschiedene Arten von Etiketten<\/h2>\n<p><span style=\"font-weight: 400;\">SKEL Supplements hat eine<\/span><b> umfangreiches Fachwissen<\/b> <span style=\"font-weight: 400;\">im Bereich Entwicklung und Verarbeitung von Etiketten f\u00fcr Nahrungserg\u00e4nzungsmittel. Wir beraten Sie daher gerne bei der Wahl Ihres Labels. Wir arbeiten mit verschiedenen Etikettentypen. Welches Etikett Sie w\u00e4hlen, h\u00e4ngt oft von der Verpackungsform und dem Verwendungszweck Ihres Supplements ab.<\/span><\/p>\n<p><span style=\"font-weight: 400;\"> <\/span><\/p>\n<p><span style=\"font-weight: 400;\">Manche Etiketten bestehen aus Papier, andere aus Kunststoff. Auch andere Abmessungen und Dicken sind m\u00f6glich. Mehrlagige Abziehetiketten werden h\u00e4ufig verwendet, wenn zus\u00e4tzliche Textinformationen erforderlich sind. Endlich auch <\/span><b>biologisch abbaubare Etiketten<\/b><span style=\"font-weight: 400;\"> eine Option.<\/span><\/p>\n<p><span style=\"font-weight: 400;\"> <\/span><\/p>\n<p><span style=\"font-weight: 400;\">Sie m\u00f6chten das Label komplett an uns auslagern? Das ist nat\u00fcrlich kein Problem. Diese konstruieren und fertigen wir komplett im eigenen Haus; dann musst du dir keine Sorgen mehr machen.<\/span><\/p>\n<p><span style=\"font-weight: 400;\"> <\/span><\/p>\n<h2>Originaletiketten anfertigen lassen<\/h2>\n<p><span style=\"font-weight: 400;\"> <\/span><\/p>\n<p><img decoding=\"async\" class=\"wp-image-2324 size-medium alignleft\" src=\"https:\/\/skelsupplements.nl\/new\/wp-content\/uploads\/2021\/06\/Etiket-laten-maken-regelgeving-richtlijnen-300x238.jpg\" alt=\"Lassen Sie ein Etikett anfertigen, Vorschriften und Richtlinien\" width=\"300\" height=\"238\" srcset=\"https:\/\/skelsupplements.nl\/wp-content\/uploads\/2021\/06\/Etiket-laten-maken-regelgeving-richtlijnen-300x238.jpg 300w, https:\/\/skelsupplements.nl\/wp-content\/uploads\/2021\/06\/Etiket-laten-maken-regelgeving-richtlijnen-768x610.jpg 768w, https:\/\/skelsupplements.nl\/wp-content\/uploads\/2021\/06\/Etiket-laten-maken-regelgeving-richtlijnen-600x476.jpg 600w, https:\/\/skelsupplements.nl\/wp-content\/uploads\/2021\/06\/Etiket-laten-maken-regelgeving-richtlijnen-200x159.jpg 200w, https:\/\/skelsupplements.nl\/wp-content\/uploads\/2021\/06\/Etiket-laten-maken-regelgeving-richtlijnen.jpg 800w\" sizes=\"(max-width: 300px) 100vw, 300px\" \/><\/p>\n<p><span style=\"font-weight: 400;\">Ihr Etikett f\u00fcr Nahrungserg\u00e4nzungsmittel muss sicherlich nicht langweilig sein. Wir versehen Ihr Markenprodukt mit einem professionellen und dennoch auff\u00e4lligen Etikett. Die M\u00f6glichkeiten bei der Etikettenherstellung sind gr\u00f6\u00dfer als Sie denken. Solange Sie die Richtlinien weiterhin einhalten, experimentieren wir gerne mit verschiedenen Farben und Drucken.<\/span><\/p>\n<p><span style=\"font-weight: 400;\"> <\/span><\/p>\n<p><span style=\"font-weight: 400;\">Wenn Sie die gesamte Produktion an uns auslagern, stellen wir auch Ihre<\/span><span style=\"font-weight: 400;\"> Kapseln<\/span><span style=\"font-weight: 400;\"> oder<\/span><span style=\"font-weight: 400;\"> Tablets<\/span><span style=\"font-weight: 400;\"> einer bestimmten Farbe. Die Anpassung Ihres Kapseldesigns an Ihr Etikett ist ein lustiges Detail, das bei Ihren Kunden bleiben wird. Auf diese Weise k\u00f6nnen Sie eine vollst\u00e4ndige Verpackung Ihrer Nahrungserg\u00e4nzungsmittel herstellen.<\/span><\/p>\n<p><span style=\"font-weight: 400;\"> <\/span><\/p>\n<p><span style=\"font-weight: 400;\">Haben Sie das Label genehmigt? Anschlie\u00dfend fertigen wir Ihre Etiketten auf Rollen und verarbeiten diese mit unseren Etikettiermaschinen auf der Verpackung. Bei Kleinstauflagen oder Sonderformen ist das manuelle Aufbringen von Etiketten m\u00f6glich.<\/span><\/p>\n<h2><span style=\"font-weight: 400;\"> <\/span><\/h2>\n<h2>Kennzeichnung nach h\u00f6chsten Qualit\u00e4tsanspr\u00fcchen<\/h2>\n<p><span style=\"font-weight: 400;\">M\u00f6chten Sie ein Nahrungserg\u00e4nzungsmittel beschriften lassen? Wir haben verschiedene Optionen f\u00fcr jede Druckauflage. F\u00fcr weitere Informationen und konkrete Fragen z\u00f6gern Sie bitte nicht <\/span><span style=\"font-weight: 400;\">uns zu <\/span><span style=\"font-weight: 400;\">kontaktieren.<\/span><\/p>\n\t\t\t\t\t\t\t\t<\/div>\n\t\t\t\t<\/div>\n\t\t\t\t<div class=\"elementor-element elementor-element-b7afba5 elementor-widget elementor-widget-spacer\" data-id=\"b7afba5\" data-element_type=\"widget\" data-e-type=\"widget\" data-widget_type=\"spacer.default\">\n\t\t\t\t<div class=\"elementor-widget-container\">\n\t\t\t\t\t\t\t<div class=\"elementor-spacer\">\n\t\t\t<div class=\"elementor-spacer-inner\"><\/div>\n\t\t<\/div>\n\t\t\t\t\t\t<\/div>\n\t\t\t\t<\/div>\n\t\t\t\t\t<\/div>\n\t\t<\/div>\n\t\t\t\t\t<\/div>\n\t\t<\/section>\n\t\t\t\t<\/div>\n\t\t","protected":false},"excerpt":{"rendered":"<p>Etikette Jeder Europ\u00e4er Nahrungserg\u00e4nzungsmittel muss beschriftet werden. Darin steht zum Beispiel, wie und in welcher Dosierung das Supplement eingenommen werden soll. Auf dem Etikett ist eindeutig angegeben, was in der&#8230;<\/p>\n","protected":false},"author":1,"featured_media":3380,"parent":0,"menu_order":0,"comment_status":"closed","ping_status":"closed","template":"","meta":{"footnotes":""},"class_list":["post-3826","page","type-page","status-publish","has-post-thumbnail"],"yoast_head":"<!-- This site is optimized with the Yoast SEO plugin v27.3 - https:\/\/yoast.com\/product\/yoast-seo-wordpress\/ -->\n<title>F\u00fcr Nahrungserg\u00e4nzungsmittel ein Etikett nach EU-Richtlinien erstellen lassen<\/title>\n<meta name=\"description\" content=\"Kennzeichnung von Nahrungserg\u00e4nzungsmitteln inklusive Dosierungshinweise \u2705 Nutzen Sie die Spezialit\u00e4t von SKEL Supplements | Private Label-Etikettierung \u2705\" \/>\n<meta name=\"robots\" content=\"index, follow, max-snippet:-1, max-image-preview:large, max-video-preview:-1\" \/>\n<link rel=\"canonical\" href=\"https:\/\/skelsupplements.nl\/de\/etikette\/\" \/>\n<meta property=\"og:locale\" content=\"de_DE\" \/>\n<meta property=\"og:type\" content=\"article\" \/>\n<meta property=\"og:title\" content=\"F\u00fcr Nahrungserg\u00e4nzungsmittel ein Etikett nach EU-Richtlinien erstellen lassen\" \/>\n<meta property=\"og:description\" content=\"Kennzeichnung von Nahrungserg\u00e4nzungsmitteln inklusive Dosierungshinweise \u2705 Nutzen Sie die Spezialit\u00e4t von SKEL Supplements | Private Label-Etikettierung \u2705\" \/>\n<meta property=\"og:url\" content=\"https:\/\/skelsupplements.nl\/de\/etikette\/\" \/>\n<meta property=\"og:site_name\" content=\"SKEL Supplements\" \/>\n<meta property=\"article:modified_time\" content=\"2024-03-10T16:23:34+00:00\" \/>\n<meta property=\"og:image\" content=\"https:\/\/skelsupplements.nl\/wp-content\/uploads\/2021\/06\/Etiket-laten-maken-regelgeving-richtlijnen.jpg\" \/>\n<meta name=\"twitter:card\" content=\"summary_large_image\" \/>\n<meta name=\"twitter:label1\" content=\"Gesch\u00e4tzte Lesezeit\" \/>\n\t<meta name=\"twitter:data1\" content=\"4\u00a0Minuten\" \/>\n<script type=\"application\/ld+json\" class=\"yoast-schema-graph\">{\"@context\":\"https:\\\/\\\/schema.org\",\"@graph\":[{\"@type\":\"WebPage\",\"@id\":\"https:\\\/\\\/skelsupplements.nl\\\/de\\\/etikette\\\/\",\"url\":\"https:\\\/\\\/skelsupplements.nl\\\/de\\\/etikette\\\/\",\"name\":\"F\u00fcr Nahrungserg\u00e4nzungsmittel ein Etikett nach EU-Richtlinien erstellen lassen\",\"isPartOf\":{\"@id\":\"https:\\\/\\\/skelsupplements.nl\\\/de\\\/#website\"},\"primaryImageOfPage\":{\"@id\":\"https:\\\/\\\/skelsupplements.nl\\\/de\\\/etikette\\\/#primaryimage\"},\"image\":{\"@id\":\"https:\\\/\\\/skelsupplements.nl\\\/de\\\/etikette\\\/#primaryimage\"},\"thumbnailUrl\":\"https:\\\/\\\/skelsupplements.nl\\\/wp-content\\\/uploads\\\/2021\\\/06\\\/Etiketteren-voedingssupplementen.jpg\",\"datePublished\":\"2021-07-11T15:27:36+00:00\",\"dateModified\":\"2024-03-10T16:23:34+00:00\",\"description\":\"Kennzeichnung von Nahrungserg\u00e4nzungsmitteln inklusive Dosierungshinweise \u2705 Nutzen Sie die Spezialit\u00e4t von SKEL Supplements | Private Label-Etikettierung \u2705\",\"breadcrumb\":{\"@id\":\"https:\\\/\\\/skelsupplements.nl\\\/de\\\/etikette\\\/#breadcrumb\"},\"inLanguage\":\"de\",\"potentialAction\":[{\"@type\":\"ReadAction\",\"target\":[\"https:\\\/\\\/skelsupplements.nl\\\/de\\\/etikette\\\/\"]}]},{\"@type\":\"ImageObject\",\"inLanguage\":\"de\",\"@id\":\"https:\\\/\\\/skelsupplements.nl\\\/de\\\/etikette\\\/#primaryimage\",\"url\":\"https:\\\/\\\/skelsupplements.nl\\\/wp-content\\\/uploads\\\/2021\\\/06\\\/Etiketteren-voedingssupplementen.jpg\",\"contentUrl\":\"https:\\\/\\\/skelsupplements.nl\\\/wp-content\\\/uploads\\\/2021\\\/06\\\/Etiketteren-voedingssupplementen.jpg\",\"width\":800,\"height\":520,\"caption\":\"Kennzeichnung von Nahrungserg\u00e4nzungsmitteln\"},{\"@type\":\"BreadcrumbList\",\"@id\":\"https:\\\/\\\/skelsupplements.nl\\\/de\\\/etikette\\\/#breadcrumb\",\"itemListElement\":[{\"@type\":\"ListItem\",\"position\":1,\"name\":\"Home\",\"item\":\"https:\\\/\\\/skelsupplements.nl\\\/de\\\/\"},{\"@type\":\"ListItem\",\"position\":2,\"name\":\"Etikette\"}]},{\"@type\":\"WebSite\",\"@id\":\"https:\\\/\\\/skelsupplements.nl\\\/de\\\/#website\",\"url\":\"https:\\\/\\\/skelsupplements.nl\\\/de\\\/\",\"name\":\"SKEL Supplements | Private label supplementen producent\",\"description\":\"Verpakken van supplementen\",\"publisher\":{\"@id\":\"https:\\\/\\\/skelsupplements.nl\\\/de\\\/#organization\"},\"potentialAction\":[{\"@type\":\"SearchAction\",\"target\":{\"@type\":\"EntryPoint\",\"urlTemplate\":\"https:\\\/\\\/skelsupplements.nl\\\/de\\\/?s={search_term_string}\"},\"query-input\":{\"@type\":\"PropertyValueSpecification\",\"valueRequired\":true,\"valueName\":\"search_term_string\"}}],\"inLanguage\":\"de\"},{\"@type\":\"Organization\",\"@id\":\"https:\\\/\\\/skelsupplements.nl\\\/de\\\/#organization\",\"name\":\"SKEL Supplements\",\"url\":\"https:\\\/\\\/skelsupplements.nl\\\/de\\\/\",\"logo\":{\"@type\":\"ImageObject\",\"inLanguage\":\"de\",\"@id\":\"https:\\\/\\\/skelsupplements.nl\\\/de\\\/#\\\/schema\\\/logo\\\/image\\\/\",\"url\":\"\",\"contentUrl\":\"\",\"caption\":\"SKEL Supplements\"},\"image\":{\"@id\":\"https:\\\/\\\/skelsupplements.nl\\\/de\\\/#\\\/schema\\\/logo\\\/image\\\/\"}}]}<\/script>\n<!-- \/ Yoast SEO plugin. -->","yoast_head_json":{"title":"F\u00fcr Nahrungserg\u00e4nzungsmittel ein Etikett nach EU-Richtlinien erstellen lassen","description":"Kennzeichnung von Nahrungserg\u00e4nzungsmitteln inklusive Dosierungshinweise \u2705 Nutzen Sie die Spezialit\u00e4t von SKEL Supplements | Private Label-Etikettierung \u2705","robots":{"index":"index","follow":"follow","max-snippet":"max-snippet:-1","max-image-preview":"max-image-preview:large","max-video-preview":"max-video-preview:-1"},"canonical":"https:\/\/skelsupplements.nl\/de\/etikette\/","og_locale":"de_DE","og_type":"article","og_title":"F\u00fcr Nahrungserg\u00e4nzungsmittel ein Etikett nach EU-Richtlinien erstellen lassen","og_description":"Kennzeichnung von Nahrungserg\u00e4nzungsmitteln inklusive Dosierungshinweise \u2705 Nutzen Sie die Spezialit\u00e4t von SKEL Supplements | Private Label-Etikettierung \u2705","og_url":"https:\/\/skelsupplements.nl\/de\/etikette\/","og_site_name":"SKEL Supplements","article_modified_time":"2024-03-10T16:23:34+00:00","og_image":[{"url":"https:\/\/skelsupplements.nl\/wp-content\/uploads\/2021\/06\/Etiket-laten-maken-regelgeving-richtlijnen.jpg","type":"","width":"","height":""}],"twitter_card":"summary_large_image","twitter_misc":{"Gesch\u00e4tzte Lesezeit":"4\u00a0Minuten"},"schema":{"@context":"https:\/\/schema.org","@graph":[{"@type":"WebPage","@id":"https:\/\/skelsupplements.nl\/de\/etikette\/","url":"https:\/\/skelsupplements.nl\/de\/etikette\/","name":"F\u00fcr Nahrungserg\u00e4nzungsmittel ein Etikett nach EU-Richtlinien erstellen lassen","isPartOf":{"@id":"https:\/\/skelsupplements.nl\/de\/#website"},"primaryImageOfPage":{"@id":"https:\/\/skelsupplements.nl\/de\/etikette\/#primaryimage"},"image":{"@id":"https:\/\/skelsupplements.nl\/de\/etikette\/#primaryimage"},"thumbnailUrl":"https:\/\/skelsupplements.nl\/wp-content\/uploads\/2021\/06\/Etiketteren-voedingssupplementen.jpg","datePublished":"2021-07-11T15:27:36+00:00","dateModified":"2024-03-10T16:23:34+00:00","description":"Kennzeichnung von Nahrungserg\u00e4nzungsmitteln inklusive Dosierungshinweise \u2705 Nutzen Sie die Spezialit\u00e4t von SKEL Supplements | Private Label-Etikettierung \u2705","breadcrumb":{"@id":"https:\/\/skelsupplements.nl\/de\/etikette\/#breadcrumb"},"inLanguage":"de","potentialAction":[{"@type":"ReadAction","target":["https:\/\/skelsupplements.nl\/de\/etikette\/"]}]},{"@type":"ImageObject","inLanguage":"de","@id":"https:\/\/skelsupplements.nl\/de\/etikette\/#primaryimage","url":"https:\/\/skelsupplements.nl\/wp-content\/uploads\/2021\/06\/Etiketteren-voedingssupplementen.jpg","contentUrl":"https:\/\/skelsupplements.nl\/wp-content\/uploads\/2021\/06\/Etiketteren-voedingssupplementen.jpg","width":800,"height":520,"caption":"Kennzeichnung von Nahrungserg\u00e4nzungsmitteln"},{"@type":"BreadcrumbList","@id":"https:\/\/skelsupplements.nl\/de\/etikette\/#breadcrumb","itemListElement":[{"@type":"ListItem","position":1,"name":"Home","item":"https:\/\/skelsupplements.nl\/de\/"},{"@type":"ListItem","position":2,"name":"Etikette"}]},{"@type":"WebSite","@id":"https:\/\/skelsupplements.nl\/de\/#website","url":"https:\/\/skelsupplements.nl\/de\/","name":"SKEL Supplements | Private label supplementen producent","description":"Verpakken van supplementen","publisher":{"@id":"https:\/\/skelsupplements.nl\/de\/#organization"},"potentialAction":[{"@type":"SearchAction","target":{"@type":"EntryPoint","urlTemplate":"https:\/\/skelsupplements.nl\/de\/?s={search_term_string}"},"query-input":{"@type":"PropertyValueSpecification","valueRequired":true,"valueName":"search_term_string"}}],"inLanguage":"de"},{"@type":"Organization","@id":"https:\/\/skelsupplements.nl\/de\/#organization","name":"SKEL Supplements","url":"https:\/\/skelsupplements.nl\/de\/","logo":{"@type":"ImageObject","inLanguage":"de","@id":"https:\/\/skelsupplements.nl\/de\/#\/schema\/logo\/image\/","url":"","contentUrl":"","caption":"SKEL Supplements"},"image":{"@id":"https:\/\/skelsupplements.nl\/de\/#\/schema\/logo\/image\/"}}]}},"_links":{"self":[{"href":"https:\/\/skelsupplements.nl\/de\/wp-json\/wp\/v2\/pages\/3826","targetHints":{"allow":["GET"]}}],"collection":[{"href":"https:\/\/skelsupplements.nl\/de\/wp-json\/wp\/v2\/pages"}],"about":[{"href":"https:\/\/skelsupplements.nl\/de\/wp-json\/wp\/v2\/types\/page"}],"author":[{"embeddable":true,"href":"https:\/\/skelsupplements.nl\/de\/wp-json\/wp\/v2\/users\/1"}],"replies":[{"embeddable":true,"href":"https:\/\/skelsupplements.nl\/de\/wp-json\/wp\/v2\/comments?post=3826"}],"version-history":[{"count":0,"href":"https:\/\/skelsupplements.nl\/de\/wp-json\/wp\/v2\/pages\/3826\/revisions"}],"wp:featuredmedia":[{"embeddable":true,"href":"https:\/\/skelsupplements.nl\/de\/wp-json\/wp\/v2\/media\/3380"}],"wp:attachment":[{"href":"https:\/\/skelsupplements.nl\/de\/wp-json\/wp\/v2\/media?parent=3826"}],"curies":[{"name":"wp","href":"https:\/\/api.w.org\/{rel}","templated":true}]}}