{"id":3833,"date":"2021-07-11T17:28:03","date_gmt":"2021-07-11T15:28:03","guid":{"rendered":"https:\/\/skelsupplements.nl\/nahrungsergaenzungsmittel-verpacken\/"},"modified":"2024-03-01T15:27:24","modified_gmt":"2024-03-01T14:27:24","slug":"nahrungsergaenzungsmittel-verpacken","status":"publish","type":"page","link":"https:\/\/skelsupplements.nl\/de\/nahrungsergaenzungsmittel-verpacken\/","title":{"rendered":"Verpackung Eigenmarke"},"content":{"rendered":"\t\t<div data-elementor-type=\"wp-post\" data-elementor-id=\"3833\" class=\"elementor elementor-3833 elementor-2330\" data-elementor-post-type=\"page\">\n\t\t\t\t\t\t<section class=\"elementor-section elementor-top-section elementor-element elementor-element-073012a elementor-section-stretched elementor-section-boxed elementor-section-height-default elementor-section-height-default\" data-id=\"073012a\" data-element_type=\"section\" data-e-type=\"section\" data-settings=\"{&quot;stretch_section&quot;:&quot;section-stretched&quot;,&quot;background_background&quot;:&quot;classic&quot;}\">\n\t\t\t\t\t\t<div class=\"elementor-container elementor-column-gap-extended\">\n\t\t\t\t\t<div class=\"elementor-column elementor-col-100 elementor-top-column elementor-element elementor-element-b33df8d\" data-id=\"b33df8d\" data-element_type=\"column\" data-e-type=\"column\">\n\t\t\t<div class=\"elementor-widget-wrap elementor-element-populated\">\n\t\t\t\t\t\t<div class=\"elementor-element elementor-element-eaac391 elementor-widget elementor-widget-heading\" data-id=\"eaac391\" data-element_type=\"widget\" data-e-type=\"widget\" data-widget_type=\"heading.default\">\n\t\t\t\t<div class=\"elementor-widget-container\">\n\t\t\t\t\t<h1 class=\"elementor-heading-title elementor-size-large\">Nahrungserg\u00e4nzungsmittel Verpackung<\/h1>\t\t\t\t<\/div>\n\t\t\t\t<\/div>\n\t\t\t\t\t<\/div>\n\t\t<\/div>\n\t\t\t\t\t<\/div>\n\t\t<\/section>\n\t\t\t\t<section class=\"elementor-section elementor-top-section elementor-element elementor-element-6d5702c1 elementor-section-full_width elementor-section-height-min-height elementor-section-stretched elementor-section-height-default elementor-section-items-middle\" data-id=\"6d5702c1\" data-element_type=\"section\" data-e-type=\"section\" data-settings=\"{&quot;stretch_section&quot;:&quot;section-stretched&quot;,&quot;background_background&quot;:&quot;classic&quot;,&quot;background_motion_fx_motion_fx_scrolling&quot;:&quot;yes&quot;,&quot;background_motion_fx_translateY_effect&quot;:&quot;yes&quot;,&quot;background_motion_fx_translateY_direction&quot;:&quot;negative&quot;,&quot;background_motion_fx_translateY_speed&quot;:{&quot;unit&quot;:&quot;px&quot;,&quot;size&quot;:4,&quot;sizes&quot;:[]},&quot;background_motion_fx_translateY_affectedRange&quot;:{&quot;unit&quot;:&quot;%&quot;,&quot;size&quot;:&quot;&quot;,&quot;sizes&quot;:{&quot;start&quot;:0,&quot;end&quot;:100}},&quot;background_motion_fx_devices&quot;:[&quot;desktop&quot;,&quot;tablet&quot;,&quot;mobile&quot;]}\">\n\t\t\t\t\t\t<div class=\"elementor-container elementor-column-gap-default\">\n\t\t\t\t\t<div class=\"elementor-column elementor-col-100 elementor-top-column elementor-element elementor-element-44d158ec\" data-id=\"44d158ec\" data-element_type=\"column\" data-e-type=\"column\">\n\t\t\t<div class=\"elementor-widget-wrap\">\n\t\t\t\t\t\t\t<\/div>\n\t\t<\/div>\n\t\t\t\t\t<\/div>\n\t\t<\/section>\n\t\t\t\t<section class=\"elementor-section elementor-top-section elementor-element elementor-element-2de4f4f elementor-section-stretched elementor-section-boxed elementor-section-height-default elementor-section-height-default\" data-id=\"2de4f4f\" data-element_type=\"section\" data-e-type=\"section\" data-settings=\"{&quot;stretch_section&quot;:&quot;section-stretched&quot;,&quot;background_background&quot;:&quot;classic&quot;}\">\n\t\t\t\t\t\t<div class=\"elementor-container elementor-column-gap-extended\">\n\t\t\t\t\t<div class=\"elementor-column elementor-col-100 elementor-top-column elementor-element elementor-element-08df4fa\" data-id=\"08df4fa\" data-element_type=\"column\" data-e-type=\"column\">\n\t\t\t<div class=\"elementor-widget-wrap elementor-element-populated\">\n\t\t\t\t\t\t<div class=\"elementor-element elementor-element-a9aadaa elementor-widget elementor-widget-breadcrumbs\" data-id=\"a9aadaa\" data-element_type=\"widget\" data-e-type=\"widget\" data-widget_type=\"breadcrumbs.default\">\n\t\t\t\t<div class=\"elementor-widget-container\">\n\t\t\t\t\t<p id=\"breadcrumbs\"><span><span><a href=\"https:\/\/skelsupplements.nl\/de\/\">Home<\/a><\/span><\/span><\/p>\t\t\t\t<\/div>\n\t\t\t\t<\/div>\n\t\t\t\t<div class=\"elementor-element elementor-element-981c7a5 elementor-widget elementor-widget-spacer\" data-id=\"981c7a5\" data-element_type=\"widget\" data-e-type=\"widget\" data-widget_type=\"spacer.default\">\n\t\t\t\t<div class=\"elementor-widget-container\">\n\t\t\t\t\t\t\t<div class=\"elementor-spacer\">\n\t\t\t<div class=\"elementor-spacer-inner\"><\/div>\n\t\t<\/div>\n\t\t\t\t\t\t<\/div>\n\t\t\t\t<\/div>\n\t\t\t\t\t<\/div>\n\t\t<\/div>\n\t\t\t\t\t<\/div>\n\t\t<\/section>\n\t\t\t\t<section class=\"elementor-section elementor-top-section elementor-element elementor-element-6503adf elementor-section-stretched elementor-section-boxed elementor-section-height-default elementor-section-height-default\" data-id=\"6503adf\" data-element_type=\"section\" data-e-type=\"section\" data-settings=\"{&quot;stretch_section&quot;:&quot;section-stretched&quot;,&quot;background_background&quot;:&quot;classic&quot;}\">\n\t\t\t\t\t\t<div class=\"elementor-container elementor-column-gap-extended\">\n\t\t\t\t\t<div class=\"elementor-column elementor-col-100 elementor-top-column elementor-element elementor-element-94133c2\" data-id=\"94133c2\" data-element_type=\"column\" data-e-type=\"column\" data-settings=\"{&quot;animation&quot;:&quot;none&quot;}\">\n\t\t\t<div class=\"elementor-widget-wrap elementor-element-populated\">\n\t\t\t\t\t\t<div class=\"elementor-element elementor-element-5afcd70 elementor-widget elementor-widget-text-editor\" data-id=\"5afcd70\" data-element_type=\"widget\" data-e-type=\"widget\" data-widget_type=\"text-editor.default\">\n\t\t\t\t<div class=\"elementor-widget-container\">\n\t\t\t\t\t\t\t\t\t<p><span style=\"font-weight: 400;\"><img fetchpriority=\"high\" decoding=\"async\" class=\"alignright wp-image-2335\" src=\"https:\/\/skelsupplements.nl\/new\/wp-content\/uploads\/2021\/06\/verpakkingen-voedingssupplementen.jpg\" alt=\"Nahrungserg\u00e4nzungsmittel verpacken\" width=\"600\" height=\"600\" srcset=\"https:\/\/skelsupplements.nl\/wp-content\/uploads\/2021\/06\/verpakkingen-voedingssupplementen.jpg 800w, https:\/\/skelsupplements.nl\/wp-content\/uploads\/2021\/06\/verpakkingen-voedingssupplementen-300x300.jpg 300w, https:\/\/skelsupplements.nl\/wp-content\/uploads\/2021\/06\/verpakkingen-voedingssupplementen-150x150.jpg 150w, https:\/\/skelsupplements.nl\/wp-content\/uploads\/2021\/06\/verpakkingen-voedingssupplementen-768x768.jpg 768w, https:\/\/skelsupplements.nl\/wp-content\/uploads\/2021\/06\/verpakkingen-voedingssupplementen-600x600.jpg 600w, https:\/\/skelsupplements.nl\/wp-content\/uploads\/2021\/06\/verpakkingen-voedingssupplementen-200x200.jpg 200w, https:\/\/skelsupplements.nl\/wp-content\/uploads\/2021\/06\/verpakkingen-voedingssupplementen-50x50.jpg 50w, https:\/\/skelsupplements.nl\/wp-content\/uploads\/2021\/06\/verpakkingen-voedingssupplementen-100x100.jpg 100w\" sizes=\"(max-width: 600px) 100vw, 600px\" \/>SKEL Supplements <strong>packt<\/strong> Ihre Rohstoffe, Halb- und Fertigprodukte in der gew\u00fcnschten<strong> Verpackung<\/strong> . Haben Sie Nahrungserg\u00e4nzungsmittel herstellen lassen? Wenn gew\u00fcnscht, <strong>packen<\/strong> wir dies f\u00fcr Sie. Wir sorgen daf\u00fcr, dass nicht nur Ihr Produkt selbst, sondern auch Ihre Verpackung den gesetzlichen Anforderungen entspricht.<\/span><\/p>\n<p><span style=\"font-weight: 400;\"> <\/span><\/p>\n<p><span style=\"font-weight: 400;\">Sie sind sich nicht sicher, welche Verpackung die richtige ist? Mit unserer langj\u00e4hrigen Verpackungserfahrung beraten wir Sie gerne. So entspricht Ihre Verpackung nicht nur den gesetzlichen Anforderungen, sondern ist sofort produktionsbereit. Wir wissen genau welche<strong> Verpackung<\/strong> passen zu den unterschiedlichen Rohstoffen Ihrer Nahrungserg\u00e4nzungsmittel.<\/span><\/p>\n<p><span style=\"font-weight: 400;\"> <\/span><\/p>\n<p><span style=\"font-weight: 400;\">Wir bieten Ihnen eine gro\u00dfe Vielfalt<strong> Verpackungsformen<\/strong>. Das geht von toll <strong>T\u00f6pfe<\/strong> bis zu wenig<strong> Beutel versiegeln<\/strong> in verschiedenen Materialien. Sie m\u00f6chten halbfertiges Produkt oder Pulver verpacken? Dann fragen Sie unbedingt nach den M\u00f6glichkeiten. Oft erfinden wir gemeinsam mit dem Kunden sch\u00f6ne Eigenmarke Verpackungen.<\/span><\/p>\n<p><span style=\"font-weight: 400;\"> <\/span><\/p>\n<h2>Hochwertige Gro\u00dfhandelsverpackung<\/h2>\n<p><span style=\"font-weight: 400;\">Ob es um Ihre Rohstoffe, Halb- oder Fertigprodukte geht: Wir sind in allen M\u00e4rkten zu Hause. Die endg\u00fcltige Verpackung richtet sich ganz nach Ihren pers\u00f6nlichen W\u00fcnschen und Mindestabnahmemengen. F\u00fcr welche T\u00f6pfe, Box oder Tasche Sie sich auch entscheiden, wir stellen immer sicher, dass Ihre Verpackung den h\u00f6chsten Qualit\u00e4tsanspr\u00fcchen gen\u00fcgt.<\/span><\/p>\n<p><span style=\"font-weight: 400;\"> <\/span><\/p>\n<p><span style=\"font-weight: 400;\">Sollten Ihre Nahrungserg\u00e4nzungsmittel, Kr\u00e4utermischungen oder Kosmetikprodukte nicht feucht werden? Der Schutz Ihrer Produkte ist einer von vielen Aspekten, die bei der Entwicklung ber\u00fccksichtigt werden. Dies reduziert die Produktionskosten.<\/span><\/p>\n<h2> <\/h2>\n<h2>Briefkastenverpackungen in verschiedenen Formen<\/h2>\n<h2><img decoding=\"async\" class=\"alignleft wp-image-2333 size-medium\" src=\"https:\/\/skelsupplements.nl\/new\/wp-content\/uploads\/2021\/06\/brievenbusverpakking-voedingssupplementen-276x300.jpg\" alt=\"Briefkastenverpackungen Nahrungserg\u00e4nzungsmittel\" width=\"276\" height=\"300\" srcset=\"https:\/\/skelsupplements.nl\/wp-content\/uploads\/2021\/06\/brievenbusverpakking-voedingssupplementen-276x300.jpg 276w, https:\/\/skelsupplements.nl\/wp-content\/uploads\/2021\/06\/brievenbusverpakking-voedingssupplementen-600x651.jpg 600w, https:\/\/skelsupplements.nl\/wp-content\/uploads\/2021\/06\/brievenbusverpakking-voedingssupplementen-200x217.jpg 200w, https:\/\/skelsupplements.nl\/wp-content\/uploads\/2021\/06\/brievenbusverpakking-voedingssupplementen.jpg 737w\" sizes=\"(max-width: 276px) 100vw, 276px\" \/><\/h2>\n<p><span style=\"font-weight: 400;\">Erw\u00e4gen Sie, Ihre Produkte <strong>Umpacken<\/strong> zu einer<strong> Briefkastenverpackung<\/strong> ? Das ist sicher keine schlechte Idee. Eine Briefkastenverpackung passt \u2013 ja \u2013 durch den Briefkasten. Dies bringt oft gro\u00dfe Vorteile.<\/span><\/p>\n<p><span style=\"font-weight: 400;\"> <\/span><\/p>\n<h3>Geringere Versandkosten<\/h3>\n<p><span style=\"font-weight: 400;\">Der Versand von Briefkastenverpackungen ist g\u00fcnstiger. Das bedeutet einen Vorteil f\u00fcr Sie, aber auch f\u00fcr den Verbraucher. Dadurch ist die Kaufschwelle deutlich niedriger. Dar\u00fcber hinaus muss Ihr K\u00e4ufer nicht zu Hause sein, um es zu erhalten. Das erleichtert die Lieferung. Au\u00dferdem bleibt weniger Verpackung beim Zusteller \u201eschweben\u201c und Sie haben zufriedenere Kunden.<\/span><\/p>\n<p><span style=\"font-weight: 400;\"> <\/span><\/p>\n<h3>Mehr Platz auf dem Etikett<\/h3>\n<p><span style=\"font-weight: 400;\">Wenn wir Ihre Verpackung<\/span><span style=\"font-weight: 400;\">beschriften,<\/span><span style=\"font-weight: 400;\">stellen wir sicher, dass Ihre Etiketten den gesetzlichen Anforderungen entsprechen. Beispielsweise legen wir Ihrem Produkt eine Dosierungsempfehlung bei. Leider nimmt ein solides Etikett oft recht viel Platz ein. Nicht jede Verpackung ist f\u00fcr ein gro\u00dfes und klares Etikett geeignet. Auf bestimmten Verpackungen, wie z. B. bei manchen T\u00f6pfen, bleibt wenig Platz. Anders sieht es bei Briefkastenverpackungen aus. Es ist m\u00f6glich, ein gr\u00f6\u00dferes Etikett mit mehr Platz zu verwenden. Sind Sie neugierig auf die M\u00f6glichkeiten f\u00fcr Ihre Verpackung? F\u00fchlen Sie sich frei <\/span><span style=\"font-weight: 400;\">zu <\/span><span style=\"font-weight: 400;\">Kontaktieren.<\/span><\/p>\n<p><span style=\"font-weight: 400;\"> <\/span><\/p>\n<h3>Keine Standardverpackung<\/h3>\n<p><span style=\"font-weight: 400;\">Mit Briefkastenverpackungen k\u00f6nnen Sie sich profilieren. Statt Blisterverpackungen k\u00f6nnen Sie auch T\u00f6pfe im Letterbox-Format herstellen lassen. Diese sind oft flache,<strong> Kunststoffverpackungen<\/strong> die sich gut vom Standard t\u00f6pfe mit Pulvern, Kapseln oder Tabletten unterscheiden. Sie k\u00f6nnen uns auch mit anderen, einzigartigen Ideen kontaktieren.<\/span><\/p>\n<p><span style=\"font-weight: 400;\"> <\/span><\/p>\n<h2>Verpackung im professionellen &#8222;Look&#8220;<\/h2>\n<p><span style=\"font-weight: 400;\">Die Verpackung Ihrer Produkte verleiht ihnen sofort ein professionelles Aussehen. Das ist ideal f\u00fcr Vertriebs- und Marketingzwecke. Ihre Verpackung dient aber auch dem Schutz Ihrer Produkte. So ist Ihr Rohstoff oder Endprodukt nicht nur sicher verpackt, sondern auch l\u00e4nger haltbar. Sie haben ein spezielles Verpackungsproblem? Wir l\u00f6sen dies gerne f\u00fcr Sie. Besprechen Sie dies gerne <\/span><span style=\"font-weight: 400;\">und <\/span><span style=\"font-weight: 400;\">kontaktieren Sie einen unserer Verpackungsspezialisten.<\/span><\/p>\n<p><span style=\"font-weight: 400;\"> <\/span><\/p>\n<h2>Von T\u00f6pfen, Tuben bis hin zu Blisterpackungen: die Vorteile<\/h2>\n<p><span style=\"font-weight: 400;\">SKEL Supplements funktioniert mit verschiedenen<strong> Verpackungsarten<\/strong> . Wir stellen fest, dass bestimmte Produkte oft mit bestimmten Verpackungen kombiniert werden. Zum Beispiel packen wir oft Pulver ein<strong> T\u00f6pfe<\/strong>, aber auch in Siegelbeuteln oder Sachets. Auch f\u00fcr Tabletten, Kapseln und Kosmetika eignet sich ein Beh\u00e4ltnis im T\u00f6pfe sehr gut.<\/span><\/p>\n<p><span style=\"font-weight: 400;\"> <\/span><\/p>\n<p><span style=\"font-weight: 400;\">Neben T\u00f6pfen in verschiedenen Materialien, Formen und Gr\u00f6\u00dfen bieten wir auch andere an<strong> Verpackungsformen<\/strong> . Eine dieser Arten ist die<strong> Blisterpackung<\/strong>: Ihr Produkt wird dann in einer Art Blasen (Blister) zwischen zwei Materialschichten verarbeitet. Dar\u00fcber hinaus ist beispielsweise auch eine Gro\u00dfverpackung m\u00f6glich.<\/span><\/p>\n<p><span style=\"font-weight: 400;\">Kurzum: Wir verpacken Ihr Produkt nach Ihren W\u00fcnschen.<\/span><\/p>\n<p><span style=\"font-weight: 400;\"> <\/span><\/p>\n<h2>Eigenmarke Verpackung<\/h2>\n<p><span style=\"font-weight: 400;\">SKEL Supplements ist spezialisiert auf die Entwicklung, Herstellung und Verpackung von Eigenmarke Nahrungserg\u00e4nzungsmitteln. Nat\u00fcrlich k\u00f6nnen wir Ihre Verpackungen auf Wunsch auch mit Ihrem eigenen Hausstil versehen. Wir produzieren Ihre Verpackungsmaterialien in den von Ihnen gew\u00fcnschten Formen und Farben, damit sie perfekt zu Ihrer Marke passen.<\/span><\/p>\n<p><span style=\"font-weight: 400;\"> <\/span><\/p>\n<p><span style=\"font-weight: 400;\">Unsere Private-Label-Optionen k\u00f6nnen auf jede Art von Verpackung angewendet werden. Auch f\u00fcr das Etikett gibt es verschiedene M\u00f6glichkeiten. Wir versehen dieses mit Ihren pers\u00f6nlichen W\u00fcnschen und stellen auf Wunsch auch die Druckdatei zur Verf\u00fcgung. Sie sind neugierig auf die Verpackungsm\u00f6glichkeiten Ihrer Rohstoffe, Halb- oder fertig Produkte? Gerne geben wir Ihnen weitere Informationen. Daf\u00fcr k\u00f6nnen Sie sicher <\/span><span style=\"font-weight: 400;\">Kontakt<\/span><span style=\"font-weight: 400;\"> mit uns aufnehmen.<\/span><\/p>\n\t\t\t\t\t\t\t\t<\/div>\n\t\t\t\t<\/div>\n\t\t\t\t<div class=\"elementor-element elementor-element-b7afba5 elementor-widget elementor-widget-spacer\" data-id=\"b7afba5\" data-element_type=\"widget\" data-e-type=\"widget\" data-widget_type=\"spacer.default\">\n\t\t\t\t<div class=\"elementor-widget-container\">\n\t\t\t\t\t\t\t<div class=\"elementor-spacer\">\n\t\t\t<div class=\"elementor-spacer-inner\"><\/div>\n\t\t<\/div>\n\t\t\t\t\t\t<\/div>\n\t\t\t\t<\/div>\n\t\t\t\t\t<\/div>\n\t\t<\/div>\n\t\t\t\t\t<\/div>\n\t\t<\/section>\n\t\t\t\t<\/div>\n\t\t","protected":false},"excerpt":{"rendered":"<p>Nahrungserg\u00e4nzungsmittel Verpackung SKEL Supplements packt Ihre Rohstoffe, Halb- und Fertigprodukte in der gew\u00fcnschten Verpackung . Haben Sie Nahrungserg\u00e4nzungsmittel herstellen lassen? Wenn gew\u00fcnscht, packen wir dies f\u00fcr Sie. Wir sorgen daf\u00fcr,&#8230;<\/p>\n","protected":false},"author":1,"featured_media":3389,"parent":0,"menu_order":0,"comment_status":"closed","ping_status":"closed","template":"","meta":{"footnotes":""},"class_list":["post-3833","page","type-page","status-publish","has-post-thumbnail"],"yoast_head":"<!-- This site is optimized with the Yoast SEO plugin v27.4 - https:\/\/yoast.com\/product\/yoast-seo-wordpress\/ -->\n<title>Verpackung von Nahrungserg\u00e4nzungsmitteln | SKEL Supplements<\/title>\n<meta name=\"description\" content=\"Verpackung von Nahrungserg\u00e4nzungsmitteln \u2705 T\u00f6pfe \u2705 Beutel \u2705Blisterverpackung \u2705 Briefkastenverpackung \u2705 Kocher \u2705 Und mehr.... | SKEL Supplements\" \/>\n<meta name=\"robots\" content=\"index, follow, max-snippet:-1, max-image-preview:large, max-video-preview:-1\" \/>\n<link rel=\"canonical\" href=\"https:\/\/skelsupplements.nl\/de\/nahrungsergaenzungsmittel-verpacken\/\" \/>\n<meta property=\"og:locale\" content=\"de_DE\" \/>\n<meta property=\"og:type\" content=\"article\" \/>\n<meta property=\"og:title\" content=\"Verpackung von Nahrungserg\u00e4nzungsmitteln | SKEL Supplements\" \/>\n<meta property=\"og:description\" content=\"Verpackung von Nahrungserg\u00e4nzungsmitteln \u2705 T\u00f6pfe \u2705 Beutel \u2705Blisterverpackung \u2705 Briefkastenverpackung \u2705 Kocher \u2705 Und mehr.... | SKEL Supplements\" \/>\n<meta property=\"og:url\" content=\"https:\/\/skelsupplements.nl\/de\/nahrungsergaenzungsmittel-verpacken\/\" \/>\n<meta property=\"og:site_name\" content=\"SKEL Supplements\" \/>\n<meta property=\"article:modified_time\" content=\"2024-03-01T14:27:24+00:00\" \/>\n<meta property=\"og:image\" content=\"https:\/\/skelsupplements.nl\/wp-content\/uploads\/2021\/05\/tabletteren.jpg\" \/>\n<meta name=\"twitter:card\" content=\"summary_large_image\" \/>\n<meta name=\"twitter:label1\" content=\"Gesch\u00e4tzte Lesezeit\" \/>\n\t<meta name=\"twitter:data1\" content=\"4\u00a0Minuten\" \/>\n<script type=\"application\/ld+json\" class=\"yoast-schema-graph\">{\"@context\":\"https:\\\/\\\/schema.org\",\"@graph\":[{\"@type\":\"WebPage\",\"@id\":\"https:\\\/\\\/skelsupplements.nl\\\/de\\\/nahrungsergaenzungsmittel-verpacken\\\/\",\"url\":\"https:\\\/\\\/skelsupplements.nl\\\/de\\\/nahrungsergaenzungsmittel-verpacken\\\/\",\"name\":\"Verpackung von Nahrungserg\u00e4nzungsmitteln | SKEL Supplements\",\"isPartOf\":{\"@id\":\"https:\\\/\\\/skelsupplements.nl\\\/de\\\/#website\"},\"primaryImageOfPage\":{\"@id\":\"https:\\\/\\\/skelsupplements.nl\\\/de\\\/nahrungsergaenzungsmittel-verpacken\\\/#primaryimage\"},\"image\":{\"@id\":\"https:\\\/\\\/skelsupplements.nl\\\/de\\\/nahrungsergaenzungsmittel-verpacken\\\/#primaryimage\"},\"thumbnailUrl\":\"https:\\\/\\\/skelsupplements.nl\\\/wp-content\\\/uploads\\\/2021\\\/06\\\/verpakkingen-voedingssupplementen.jpg\",\"datePublished\":\"2021-07-11T15:28:03+00:00\",\"dateModified\":\"2024-03-01T14:27:24+00:00\",\"description\":\"Verpackung von Nahrungserg\u00e4nzungsmitteln \u2705 T\u00f6pfe \u2705 Beutel \u2705Blisterverpackung \u2705 Briefkastenverpackung \u2705 Kocher \u2705 Und mehr.... | SKEL Supplements\",\"breadcrumb\":{\"@id\":\"https:\\\/\\\/skelsupplements.nl\\\/de\\\/nahrungsergaenzungsmittel-verpacken\\\/#breadcrumb\"},\"inLanguage\":\"de\",\"potentialAction\":[{\"@type\":\"ReadAction\",\"target\":[\"https:\\\/\\\/skelsupplements.nl\\\/de\\\/nahrungsergaenzungsmittel-verpacken\\\/\"]}]},{\"@type\":\"ImageObject\",\"inLanguage\":\"de\",\"@id\":\"https:\\\/\\\/skelsupplements.nl\\\/de\\\/nahrungsergaenzungsmittel-verpacken\\\/#primaryimage\",\"url\":\"https:\\\/\\\/skelsupplements.nl\\\/wp-content\\\/uploads\\\/2021\\\/06\\\/verpakkingen-voedingssupplementen.jpg\",\"contentUrl\":\"https:\\\/\\\/skelsupplements.nl\\\/wp-content\\\/uploads\\\/2021\\\/06\\\/verpakkingen-voedingssupplementen.jpg\",\"width\":800,\"height\":800,\"caption\":\"Nahrungserg\u00e4nzungsmittel verpacken\"},{\"@type\":\"BreadcrumbList\",\"@id\":\"https:\\\/\\\/skelsupplements.nl\\\/de\\\/nahrungsergaenzungsmittel-verpacken\\\/#breadcrumb\",\"itemListElement\":[{\"@type\":\"ListItem\",\"position\":1,\"name\":\"Home\",\"item\":\"https:\\\/\\\/skelsupplements.nl\\\/de\\\/\"},{\"@type\":\"ListItem\",\"position\":2,\"name\":\"Verpackung Eigenmarke\"}]},{\"@type\":\"WebSite\",\"@id\":\"https:\\\/\\\/skelsupplements.nl\\\/de\\\/#website\",\"url\":\"https:\\\/\\\/skelsupplements.nl\\\/de\\\/\",\"name\":\"SKEL Supplements | Private label supplementen producent\",\"description\":\"Verpakken van supplementen\",\"publisher\":{\"@id\":\"https:\\\/\\\/skelsupplements.nl\\\/de\\\/#organization\"},\"potentialAction\":[{\"@type\":\"SearchAction\",\"target\":{\"@type\":\"EntryPoint\",\"urlTemplate\":\"https:\\\/\\\/skelsupplements.nl\\\/de\\\/?s={search_term_string}\"},\"query-input\":{\"@type\":\"PropertyValueSpecification\",\"valueRequired\":true,\"valueName\":\"search_term_string\"}}],\"inLanguage\":\"de\"},{\"@type\":\"Organization\",\"@id\":\"https:\\\/\\\/skelsupplements.nl\\\/de\\\/#organization\",\"name\":\"SKEL Supplements\",\"url\":\"https:\\\/\\\/skelsupplements.nl\\\/de\\\/\",\"logo\":{\"@type\":\"ImageObject\",\"inLanguage\":\"de\",\"@id\":\"https:\\\/\\\/skelsupplements.nl\\\/de\\\/#\\\/schema\\\/logo\\\/image\\\/\",\"url\":\"\",\"contentUrl\":\"\",\"caption\":\"SKEL Supplements\"},\"image\":{\"@id\":\"https:\\\/\\\/skelsupplements.nl\\\/de\\\/#\\\/schema\\\/logo\\\/image\\\/\"}}]}<\/script>\n<!-- \/ Yoast SEO plugin. -->","yoast_head_json":{"title":"Verpackung von Nahrungserg\u00e4nzungsmitteln | SKEL Supplements","description":"Verpackung von Nahrungserg\u00e4nzungsmitteln \u2705 T\u00f6pfe \u2705 Beutel \u2705Blisterverpackung \u2705 Briefkastenverpackung \u2705 Kocher \u2705 Und mehr.... | SKEL Supplements","robots":{"index":"index","follow":"follow","max-snippet":"max-snippet:-1","max-image-preview":"max-image-preview:large","max-video-preview":"max-video-preview:-1"},"canonical":"https:\/\/skelsupplements.nl\/de\/nahrungsergaenzungsmittel-verpacken\/","og_locale":"de_DE","og_type":"article","og_title":"Verpackung von Nahrungserg\u00e4nzungsmitteln | SKEL Supplements","og_description":"Verpackung von Nahrungserg\u00e4nzungsmitteln \u2705 T\u00f6pfe \u2705 Beutel \u2705Blisterverpackung \u2705 Briefkastenverpackung \u2705 Kocher \u2705 Und mehr.... | SKEL Supplements","og_url":"https:\/\/skelsupplements.nl\/de\/nahrungsergaenzungsmittel-verpacken\/","og_site_name":"SKEL Supplements","article_modified_time":"2024-03-01T14:27:24+00:00","og_image":[{"url":"https:\/\/skelsupplements.nl\/wp-content\/uploads\/2021\/05\/tabletteren.jpg","type":"","width":"","height":""}],"twitter_card":"summary_large_image","twitter_misc":{"Gesch\u00e4tzte Lesezeit":"4\u00a0Minuten"},"schema":{"@context":"https:\/\/schema.org","@graph":[{"@type":"WebPage","@id":"https:\/\/skelsupplements.nl\/de\/nahrungsergaenzungsmittel-verpacken\/","url":"https:\/\/skelsupplements.nl\/de\/nahrungsergaenzungsmittel-verpacken\/","name":"Verpackung von Nahrungserg\u00e4nzungsmitteln | SKEL Supplements","isPartOf":{"@id":"https:\/\/skelsupplements.nl\/de\/#website"},"primaryImageOfPage":{"@id":"https:\/\/skelsupplements.nl\/de\/nahrungsergaenzungsmittel-verpacken\/#primaryimage"},"image":{"@id":"https:\/\/skelsupplements.nl\/de\/nahrungsergaenzungsmittel-verpacken\/#primaryimage"},"thumbnailUrl":"https:\/\/skelsupplements.nl\/wp-content\/uploads\/2021\/06\/verpakkingen-voedingssupplementen.jpg","datePublished":"2021-07-11T15:28:03+00:00","dateModified":"2024-03-01T14:27:24+00:00","description":"Verpackung von Nahrungserg\u00e4nzungsmitteln \u2705 T\u00f6pfe \u2705 Beutel \u2705Blisterverpackung \u2705 Briefkastenverpackung \u2705 Kocher \u2705 Und mehr.... | SKEL Supplements","breadcrumb":{"@id":"https:\/\/skelsupplements.nl\/de\/nahrungsergaenzungsmittel-verpacken\/#breadcrumb"},"inLanguage":"de","potentialAction":[{"@type":"ReadAction","target":["https:\/\/skelsupplements.nl\/de\/nahrungsergaenzungsmittel-verpacken\/"]}]},{"@type":"ImageObject","inLanguage":"de","@id":"https:\/\/skelsupplements.nl\/de\/nahrungsergaenzungsmittel-verpacken\/#primaryimage","url":"https:\/\/skelsupplements.nl\/wp-content\/uploads\/2021\/06\/verpakkingen-voedingssupplementen.jpg","contentUrl":"https:\/\/skelsupplements.nl\/wp-content\/uploads\/2021\/06\/verpakkingen-voedingssupplementen.jpg","width":800,"height":800,"caption":"Nahrungserg\u00e4nzungsmittel verpacken"},{"@type":"BreadcrumbList","@id":"https:\/\/skelsupplements.nl\/de\/nahrungsergaenzungsmittel-verpacken\/#breadcrumb","itemListElement":[{"@type":"ListItem","position":1,"name":"Home","item":"https:\/\/skelsupplements.nl\/de\/"},{"@type":"ListItem","position":2,"name":"Verpackung Eigenmarke"}]},{"@type":"WebSite","@id":"https:\/\/skelsupplements.nl\/de\/#website","url":"https:\/\/skelsupplements.nl\/de\/","name":"SKEL Supplements | Private label supplementen producent","description":"Verpakken van supplementen","publisher":{"@id":"https:\/\/skelsupplements.nl\/de\/#organization"},"potentialAction":[{"@type":"SearchAction","target":{"@type":"EntryPoint","urlTemplate":"https:\/\/skelsupplements.nl\/de\/?s={search_term_string}"},"query-input":{"@type":"PropertyValueSpecification","valueRequired":true,"valueName":"search_term_string"}}],"inLanguage":"de"},{"@type":"Organization","@id":"https:\/\/skelsupplements.nl\/de\/#organization","name":"SKEL Supplements","url":"https:\/\/skelsupplements.nl\/de\/","logo":{"@type":"ImageObject","inLanguage":"de","@id":"https:\/\/skelsupplements.nl\/de\/#\/schema\/logo\/image\/","url":"","contentUrl":"","caption":"SKEL Supplements"},"image":{"@id":"https:\/\/skelsupplements.nl\/de\/#\/schema\/logo\/image\/"}}]}},"_links":{"self":[{"href":"https:\/\/skelsupplements.nl\/de\/wp-json\/wp\/v2\/pages\/3833","targetHints":{"allow":["GET"]}}],"collection":[{"href":"https:\/\/skelsupplements.nl\/de\/wp-json\/wp\/v2\/pages"}],"about":[{"href":"https:\/\/skelsupplements.nl\/de\/wp-json\/wp\/v2\/types\/page"}],"author":[{"embeddable":true,"href":"https:\/\/skelsupplements.nl\/de\/wp-json\/wp\/v2\/users\/1"}],"replies":[{"embeddable":true,"href":"https:\/\/skelsupplements.nl\/de\/wp-json\/wp\/v2\/comments?post=3833"}],"version-history":[{"count":0,"href":"https:\/\/skelsupplements.nl\/de\/wp-json\/wp\/v2\/pages\/3833\/revisions"}],"wp:featuredmedia":[{"embeddable":true,"href":"https:\/\/skelsupplements.nl\/de\/wp-json\/wp\/v2\/media\/3389"}],"wp:attachment":[{"href":"https:\/\/skelsupplements.nl\/de\/wp-json\/wp\/v2\/media?parent=3833"}],"curies":[{"name":"wp","href":"https:\/\/api.w.org\/{rel}","templated":true}]}}