{"id":3847,"date":"2021-07-11T17:28:05","date_gmt":"2021-07-11T15:28:05","guid":{"rendered":"https:\/\/skelsupplements.nl\/co-packing-ergaenzungen\/codierung\/"},"modified":"2024-03-10T17:27:32","modified_gmt":"2024-03-10T16:27:32","slug":"codierung","status":"publish","type":"page","link":"https:\/\/skelsupplements.nl\/de\/co-packing-ergaenzungen\/codierung\/","title":{"rendered":"Codierung"},"content":{"rendered":"\t\t<div data-elementor-type=\"wp-post\" data-elementor-id=\"3847\" class=\"elementor elementor-3847 elementor-2379\" data-elementor-post-type=\"page\">\n\t\t\t\t\t\t<section class=\"elementor-section elementor-top-section elementor-element elementor-element-5360c4ed elementor-section-full_width elementor-section-height-min-height elementor-section-stretched elementor-section-height-default elementor-section-items-middle\" data-id=\"5360c4ed\" data-element_type=\"section\" data-e-type=\"section\" data-settings=\"{&quot;stretch_section&quot;:&quot;section-stretched&quot;,&quot;background_background&quot;:&quot;classic&quot;,&quot;background_motion_fx_motion_fx_scrolling&quot;:&quot;yes&quot;,&quot;background_motion_fx_translateY_effect&quot;:&quot;yes&quot;,&quot;background_motion_fx_translateY_direction&quot;:&quot;negative&quot;,&quot;background_motion_fx_translateY_speed&quot;:{&quot;unit&quot;:&quot;px&quot;,&quot;size&quot;:4,&quot;sizes&quot;:[]},&quot;background_motion_fx_translateY_affectedRange&quot;:{&quot;unit&quot;:&quot;%&quot;,&quot;size&quot;:&quot;&quot;,&quot;sizes&quot;:{&quot;start&quot;:0,&quot;end&quot;:100}},&quot;background_motion_fx_devices&quot;:[&quot;desktop&quot;,&quot;tablet&quot;,&quot;mobile&quot;]}\">\n\t\t\t\t\t\t<div class=\"elementor-container elementor-column-gap-default\">\n\t\t\t\t\t<div class=\"elementor-column elementor-col-100 elementor-top-column elementor-element elementor-element-31c8b42\" data-id=\"31c8b42\" data-element_type=\"column\" data-e-type=\"column\">\n\t\t\t<div class=\"elementor-widget-wrap\">\n\t\t\t\t\t\t\t<\/div>\n\t\t<\/div>\n\t\t\t\t\t<\/div>\n\t\t<\/section>\n\t\t\t\t<section class=\"elementor-section elementor-top-section elementor-element elementor-element-073012a elementor-section-stretched elementor-section-boxed elementor-section-height-default elementor-section-height-default\" data-id=\"073012a\" data-element_type=\"section\" data-e-type=\"section\" data-settings=\"{&quot;stretch_section&quot;:&quot;section-stretched&quot;,&quot;background_background&quot;:&quot;classic&quot;}\">\n\t\t\t\t\t\t<div class=\"elementor-container elementor-column-gap-extended\">\n\t\t\t\t\t<div class=\"elementor-column elementor-col-100 elementor-top-column elementor-element elementor-element-b33df8d\" data-id=\"b33df8d\" data-element_type=\"column\" data-e-type=\"column\">\n\t\t\t<div class=\"elementor-widget-wrap elementor-element-populated\">\n\t\t\t\t\t\t<div class=\"elementor-element elementor-element-eaac391 elementor-widget elementor-widget-heading\" data-id=\"eaac391\" data-element_type=\"widget\" data-e-type=\"widget\" data-widget_type=\"heading.default\">\n\t\t\t\t<div class=\"elementor-widget-container\">\n\t\t\t\t\t<h1 class=\"elementor-heading-title elementor-size-large\">Codierung<\/h1>\t\t\t\t<\/div>\n\t\t\t\t<\/div>\n\t\t\t\t\t<\/div>\n\t\t<\/div>\n\t\t\t\t\t<\/div>\n\t\t<\/section>\n\t\t\t\t<section class=\"elementor-section elementor-top-section elementor-element elementor-element-2de4f4f elementor-section-stretched elementor-section-boxed elementor-section-height-default elementor-section-height-default\" data-id=\"2de4f4f\" data-element_type=\"section\" data-e-type=\"section\" data-settings=\"{&quot;stretch_section&quot;:&quot;section-stretched&quot;,&quot;background_background&quot;:&quot;classic&quot;}\">\n\t\t\t\t\t\t<div class=\"elementor-container elementor-column-gap-extended\">\n\t\t\t\t\t<div class=\"elementor-column elementor-col-100 elementor-top-column elementor-element elementor-element-08df4fa\" data-id=\"08df4fa\" data-element_type=\"column\" data-e-type=\"column\">\n\t\t\t<div class=\"elementor-widget-wrap elementor-element-populated\">\n\t\t\t\t\t\t<div class=\"elementor-element elementor-element-a9aadaa elementor-widget elementor-widget-breadcrumbs\" data-id=\"a9aadaa\" data-element_type=\"widget\" data-e-type=\"widget\" data-widget_type=\"breadcrumbs.default\">\n\t\t\t\t<div class=\"elementor-widget-container\">\n\t\t\t\t\t<p id=\"breadcrumbs\"><span><span><a href=\"https:\/\/skelsupplements.nl\/de\/\">Home<\/a><\/span><\/span><\/p>\t\t\t\t<\/div>\n\t\t\t\t<\/div>\n\t\t\t\t<div class=\"elementor-element elementor-element-981c7a5 elementor-widget elementor-widget-spacer\" data-id=\"981c7a5\" data-element_type=\"widget\" data-e-type=\"widget\" data-widget_type=\"spacer.default\">\n\t\t\t\t<div class=\"elementor-widget-container\">\n\t\t\t\t\t\t\t<div class=\"elementor-spacer\">\n\t\t\t<div class=\"elementor-spacer-inner\"><\/div>\n\t\t<\/div>\n\t\t\t\t\t\t<\/div>\n\t\t\t\t<\/div>\n\t\t\t\t\t<\/div>\n\t\t<\/div>\n\t\t\t\t\t<\/div>\n\t\t<\/section>\n\t\t\t\t<section class=\"elementor-section elementor-top-section elementor-element elementor-element-6503adf elementor-section-stretched elementor-section-boxed elementor-section-height-default elementor-section-height-default\" data-id=\"6503adf\" data-element_type=\"section\" data-e-type=\"section\" data-settings=\"{&quot;stretch_section&quot;:&quot;section-stretched&quot;,&quot;background_background&quot;:&quot;classic&quot;}\">\n\t\t\t\t\t\t<div class=\"elementor-container elementor-column-gap-extended\">\n\t\t\t\t\t<div class=\"elementor-column elementor-col-100 elementor-top-column elementor-element elementor-element-94133c2\" data-id=\"94133c2\" data-element_type=\"column\" data-e-type=\"column\" data-settings=\"{&quot;animation&quot;:&quot;none&quot;}\">\n\t\t\t<div class=\"elementor-widget-wrap elementor-element-populated\">\n\t\t\t\t\t\t<div class=\"elementor-element elementor-element-5afcd70 elementor-widget elementor-widget-text-editor\" data-id=\"5afcd70\" data-element_type=\"widget\" data-e-type=\"widget\" data-widget_type=\"text-editor.default\">\n\t\t\t\t<div class=\"elementor-widget-container\">\n\t\t\t\t\t\t\t\t\t<p><span style=\"font-weight: 400;\"><img fetchpriority=\"high\" decoding=\"async\" class=\"alignright wp-image-2382\" src=\"https:\/\/skelsupplements.nl\/new\/wp-content\/uploads\/2021\/06\/coderen-voedingssupplementen.jpg\" alt=\"Nahrungserg\u00e4nzungsmittel verschl\u00fcsseln\" width=\"600\" height=\"475\" srcset=\"https:\/\/skelsupplements.nl\/wp-content\/uploads\/2021\/06\/coderen-voedingssupplementen.jpg 800w, https:\/\/skelsupplements.nl\/wp-content\/uploads\/2021\/06\/coderen-voedingssupplementen-300x237.jpg 300w, https:\/\/skelsupplements.nl\/wp-content\/uploads\/2021\/06\/coderen-voedingssupplementen-768x608.jpg 768w, https:\/\/skelsupplements.nl\/wp-content\/uploads\/2021\/06\/coderen-voedingssupplementen-600x475.jpg 600w, https:\/\/skelsupplements.nl\/wp-content\/uploads\/2021\/06\/coderen-voedingssupplementen-200x158.jpg 200w\" sizes=\"(max-width: 600px) 100vw, 600px\" \/>Codierung<\/span><strong> Ihrer <\/strong><i><span style=\"font-weight: 400;\">Produktverpackung<\/span><\/i><span style=\"font-weight: 400;\"> hat mehrere Vorteile. Eine eindeutige Chargennummer auf jeder Packung macht Ihre Nahrungserg\u00e4nzungsmittel <\/span><b>leichter zu verfolgen<\/b><span style=\"font-weight: 400;\">. Es bringt auch neue M\u00f6glichkeiten.<\/span><\/p>\n<p><span style=\"font-weight: 400;\"> <\/span><\/p>\n<p><span style=\"font-weight: 400;\">Jede Ihrer Verpackungen kann eine andere <strong>QR-Code<\/strong> tragen. Dies bietet M\u00f6glichkeiten f\u00fcr verschiedene <\/span><b>interessante<\/b> Werbeaktionen oder das Einstellen zus\u00e4tzlicher Informationen auf einer Website, auf die sich der Code bezieht.<span style=\"font-weight: 400;\">. In der heutigen Zeit kann jeder mit einem Smartphone oder Tablet diese Informationen abrufen. Zus\u00e4tzlich ist ein <\/span><b>Chargennummer<\/b><span style=\"font-weight: 400;\"> oder<\/span><b> THT<\/b><span style=\"font-weight: 400;\"> \/<\/span><b> Haltbarkeitsdatum<\/b> <span style=\"font-weight: 400;\">nat\u00fcrlich immer n\u00fctzlich. Nicht nur f\u00fcr Sie, sondern auch f\u00fcr Ihren Verbraucher.<\/span><\/p>\n<p><span style=\"font-weight: 400;\"> <\/span><\/p>\n<p><span style=\"font-weight: 400;\">Willst du deine<\/span><i><span style=\"font-weight: 400;\"> das Endprodukt kodieren lassen<\/span><\/i><span style=\"font-weight: 400;\">? SKEL Supplements k\u00fcmmert sich nicht nur um die Produktion und Verpackung Ihrer Supplements, wir k\u00f6nnen auch Etiketten codieren oder Aktionscodes drucken.<\/span><\/p>\n<p><span style=\"font-weight: 400;\"> <\/span><\/p>\n<h2>Barcodes auf Ihrer Verpackung<\/h2>\n<p><span style=\"font-weight: 400;\">Verpackung<\/span><b> Codierung mit Barcodes<\/b> ist sehr n\u00fctzlich<span style=\"font-weight: 400;\">, haupts\u00e4chlich in Gesch\u00e4ften. Sie ben\u00f6tigen Barcodes f\u00fcr Ihre Nahrungserg\u00e4nzungsmittel? Dann haben Sie auch eine Europ\u00e4ische Artikelnummer (<strong> EAN<\/strong> ) erforderlich. Dies ist die Nummer, die normalerweise unter dem Strichcode steht. Dadurch erh\u00e4lt jedes einzigartige Produkt seine eigene Identifikation. Wir helfen Ihnen gerne und beraten Sie bei den notwendigen Schritten zu einer EAN.<\/span><\/p>\n<p><span style=\"font-weight: 400;\"> <\/span><\/p>\n<p><img decoding=\"async\" class=\"alignleft wp-image-2383 size-medium\" src=\"https:\/\/skelsupplements.nl\/new\/wp-content\/uploads\/2021\/06\/batchnummer-houdbaarheidsdatum-coderen-300x300.jpg\" alt=\"Code, Chargennummer und Verfallsdatum codieren\" width=\"300\" height=\"300\" srcset=\"https:\/\/skelsupplements.nl\/wp-content\/uploads\/2021\/06\/batchnummer-houdbaarheidsdatum-coderen-300x300.jpg 300w, https:\/\/skelsupplements.nl\/wp-content\/uploads\/2021\/06\/batchnummer-houdbaarheidsdatum-coderen-150x150.jpg 150w, https:\/\/skelsupplements.nl\/wp-content\/uploads\/2021\/06\/batchnummer-houdbaarheidsdatum-coderen-768x768.jpg 768w, https:\/\/skelsupplements.nl\/wp-content\/uploads\/2021\/06\/batchnummer-houdbaarheidsdatum-coderen-600x600.jpg 600w, https:\/\/skelsupplements.nl\/wp-content\/uploads\/2021\/06\/batchnummer-houdbaarheidsdatum-coderen-200x200.jpg 200w, https:\/\/skelsupplements.nl\/wp-content\/uploads\/2021\/06\/batchnummer-houdbaarheidsdatum-coderen-50x50.jpg 50w, https:\/\/skelsupplements.nl\/wp-content\/uploads\/2021\/06\/batchnummer-houdbaarheidsdatum-coderen-100x100.jpg 100w, https:\/\/skelsupplements.nl\/wp-content\/uploads\/2021\/06\/batchnummer-houdbaarheidsdatum-coderen.jpg 800w\" sizes=\"(max-width: 300px) 100vw, 300px\" \/><\/p>\n<h2>Etiketten mit Chargennummern codieren<\/h2>\n<p><span style=\"font-weight: 400;\">Mit einer Chargennummer k\u00f6nnen Sie alle Schritte des Produktionsprozesses nachvollziehen, einschlie\u00dflich der verwendeten Materialien und Rohstoffe sowie der Lagerbedingungen. Dies ist \u00e4u\u00dferst n\u00fctzlich, insbesondere wenn sich am Ende herausstellt, dass etwas nicht stimmt und das Produkt zur\u00fcckgerufen werden muss. Welche <\/span><b>spart viel Zeit und unn\u00f6tige Kosten<\/b><span style=\"font-weight: 400;\"> und bietet die n\u00f6tige Sicherheit. Chargennummern gehen oft mit einem Verfallsdatum einher. Durch eine Mindesthaltbarkeitserkl\u00e4rung wissen der Verbraucher und Sie genau, wann die Haltbarkeit abl\u00e4uft und das Produkt letztendlich nicht mehr gut ist.<\/span><\/p>\n<p><span style=\"font-weight: 400;\"> <\/span><\/p>\n<h3>Verpackung mit Aktionscodes codieren<\/h3>\n<p><span style=\"font-weight: 400;\">Kennen Sie zum Beispiel die bekannten Aktionscodes auf Supermarktverpackungen? Verbraucher geben online einen Code ein und sehen sofort, ob sie gewonnen haben. Ein sch\u00f6nes Geschenk <\/span><b>macht Ihre Verpackung einzigartig<\/b><span style=\"font-weight: 400;\"> und steigert oft den Umsatz, weil die Verbraucher einen zus\u00e4tzlichen Grund haben, Ihr Produkt zu kaufen.<\/span><\/p>\n<p><span style=\"font-weight: 400;\"> <\/span><\/p>\n<h2>Nahrungserg\u00e4nzungsmittel codieren lassen?<\/h2>\n<p><span style=\"font-weight: 400;\">SKEL Supplements f\u00fchrt Ihren gesamten Produktionsprozess durch, einschlie\u00dflich des Mischens Ihrer Zutaten, der<\/span><span style=\"font-weight: 400;\"> Tablette<\/span><span style=\"font-weight: 400;\"> oder<\/span><span style=\"font-weight: 400;\"> kapseln.<\/span><span style=\"font-weight: 400;\"> Ihrer Nahrungserg\u00e4nzungsmittel sowie die Verpackung und den Vertrieb Ihres Endprodukts. Wir codieren Ihre Verpackung maschinell w\u00e4hrend des Verpackungsprozesses mit einem Mindesthaltbarkeitsdatum (Mindesthaltbarkeitsdatum), Chargennummer oder einem anderen Code. Interessieren Sie sich oder sind Sie neugierig auf die M\u00f6glichkeiten? F\u00fcr alle Ihre Fragen k\u00f6nnen Sie sich <\/span><span style=\"font-weight: 400;\">an unsere <\/span><span style=\"font-weight: 400;\">Spezialisten wenden. <\/span><i><span style=\"font-weight: 400;\">Das Aufdrucken von Codes ist<\/span><\/i><span style=\"font-weight: 400;\"> ist grunds\u00e4tzlich f\u00fcr jede Verpackung m\u00f6glich. <\/span><\/p>\n\t\t\t\t\t\t\t\t<\/div>\n\t\t\t\t<\/div>\n\t\t\t\t<div class=\"elementor-element elementor-element-b7afba5 elementor-widget elementor-widget-spacer\" data-id=\"b7afba5\" data-element_type=\"widget\" data-e-type=\"widget\" data-widget_type=\"spacer.default\">\n\t\t\t\t<div class=\"elementor-widget-container\">\n\t\t\t\t\t\t\t<div class=\"elementor-spacer\">\n\t\t\t<div class=\"elementor-spacer-inner\"><\/div>\n\t\t<\/div>\n\t\t\t\t\t\t<\/div>\n\t\t\t\t<\/div>\n\t\t\t\t\t<\/div>\n\t\t<\/div>\n\t\t\t\t\t<\/div>\n\t\t<\/section>\n\t\t\t\t<\/div>\n\t\t","protected":false},"excerpt":{"rendered":"<p>Codierung Codierung Ihrer Produktverpackung hat mehrere Vorteile. Eine eindeutige Chargennummer auf jeder Packung macht Ihre Nahrungserg\u00e4nzungsmittel leichter zu verfolgen. Es bringt auch neue M\u00f6glichkeiten. Jede Ihrer Verpackungen kann eine andere&#8230;<\/p>\n","protected":false},"author":1,"featured_media":3401,"parent":3841,"menu_order":0,"comment_status":"closed","ping_status":"closed","template":"","meta":{"footnotes":""},"class_list":["post-3847","page","type-page","status-publish","has-post-thumbnail"],"yoast_head":"<!-- This site is optimized with the Yoast SEO plugin v27.4 - https:\/\/yoast.com\/product\/yoast-seo-wordpress\/ -->\n<title>Batch- und THT-Codierung auf Nahrungserg\u00e4nzungsmitteln | SKEL Supplements<\/title>\n<meta name=\"description\" content=\"Etiketten oder Verpackungen codieren lassen? SKEL Supplements hilft Ihnen gerne | Barcodes \u2705 QR-Codes \u2705 Chargennummern \u2705 Verfallsdatum \/ Mindesthaltbarkeitsdatum\" \/>\n<meta name=\"robots\" content=\"index, follow, max-snippet:-1, max-image-preview:large, max-video-preview:-1\" \/>\n<link rel=\"canonical\" href=\"https:\/\/skelsupplements.nl\/de\/co-packing-ergaenzungen\/codierung\/\" \/>\n<meta property=\"og:locale\" content=\"de_DE\" \/>\n<meta property=\"og:type\" content=\"article\" \/>\n<meta property=\"og:title\" content=\"Batch- und THT-Codierung auf Nahrungserg\u00e4nzungsmitteln | SKEL Supplements\" \/>\n<meta property=\"og:description\" content=\"Etiketten oder Verpackungen codieren lassen? SKEL Supplements hilft Ihnen gerne | Barcodes \u2705 QR-Codes \u2705 Chargennummern \u2705 Verfallsdatum \/ Mindesthaltbarkeitsdatum\" \/>\n<meta property=\"og:url\" content=\"https:\/\/skelsupplements.nl\/de\/co-packing-ergaenzungen\/codierung\/\" \/>\n<meta property=\"og:site_name\" content=\"SKEL Supplements\" \/>\n<meta property=\"article:modified_time\" content=\"2024-03-10T16:27:32+00:00\" \/>\n<meta property=\"og:image\" content=\"https:\/\/skelsupplements.nl\/wp-content\/uploads\/2021\/06\/coderen-voedingssupplementen.jpg\" \/>\n<meta name=\"twitter:card\" content=\"summary_large_image\" \/>\n<meta name=\"twitter:label1\" content=\"Gesch\u00e4tzte Lesezeit\" \/>\n\t<meta name=\"twitter:data1\" content=\"3\u00a0Minuten\" \/>\n<script type=\"application\/ld+json\" class=\"yoast-schema-graph\">{\"@context\":\"https:\\\/\\\/schema.org\",\"@graph\":[{\"@type\":\"WebPage\",\"@id\":\"https:\\\/\\\/skelsupplements.nl\\\/de\\\/co-packing-ergaenzungen\\\/codierung\\\/\",\"url\":\"https:\\\/\\\/skelsupplements.nl\\\/de\\\/co-packing-ergaenzungen\\\/codierung\\\/\",\"name\":\"Batch- und THT-Codierung auf Nahrungserg\u00e4nzungsmitteln | SKEL Supplements\",\"isPartOf\":{\"@id\":\"https:\\\/\\\/skelsupplements.nl\\\/de\\\/#website\"},\"primaryImageOfPage\":{\"@id\":\"https:\\\/\\\/skelsupplements.nl\\\/de\\\/co-packing-ergaenzungen\\\/codierung\\\/#primaryimage\"},\"image\":{\"@id\":\"https:\\\/\\\/skelsupplements.nl\\\/de\\\/co-packing-ergaenzungen\\\/codierung\\\/#primaryimage\"},\"thumbnailUrl\":\"https:\\\/\\\/skelsupplements.nl\\\/wp-content\\\/uploads\\\/2021\\\/06\\\/coderen-voedingssupplementen.jpg\",\"datePublished\":\"2021-07-11T15:28:05+00:00\",\"dateModified\":\"2024-03-10T16:27:32+00:00\",\"description\":\"Etiketten oder Verpackungen codieren lassen? SKEL Supplements hilft Ihnen gerne | Barcodes \u2705 QR-Codes \u2705 Chargennummern \u2705 Verfallsdatum \\\/ Mindesthaltbarkeitsdatum\",\"breadcrumb\":{\"@id\":\"https:\\\/\\\/skelsupplements.nl\\\/de\\\/co-packing-ergaenzungen\\\/codierung\\\/#breadcrumb\"},\"inLanguage\":\"de\",\"potentialAction\":[{\"@type\":\"ReadAction\",\"target\":[\"https:\\\/\\\/skelsupplements.nl\\\/de\\\/co-packing-ergaenzungen\\\/codierung\\\/\"]}]},{\"@type\":\"ImageObject\",\"inLanguage\":\"de\",\"@id\":\"https:\\\/\\\/skelsupplements.nl\\\/de\\\/co-packing-ergaenzungen\\\/codierung\\\/#primaryimage\",\"url\":\"https:\\\/\\\/skelsupplements.nl\\\/wp-content\\\/uploads\\\/2021\\\/06\\\/coderen-voedingssupplementen.jpg\",\"contentUrl\":\"https:\\\/\\\/skelsupplements.nl\\\/wp-content\\\/uploads\\\/2021\\\/06\\\/coderen-voedingssupplementen.jpg\",\"width\":800,\"height\":633,\"caption\":\"Nahrungserg\u00e4nzungsmittel verschl\u00fcsseln\"},{\"@type\":\"BreadcrumbList\",\"@id\":\"https:\\\/\\\/skelsupplements.nl\\\/de\\\/co-packing-ergaenzungen\\\/codierung\\\/#breadcrumb\",\"itemListElement\":[{\"@type\":\"ListItem\",\"position\":1,\"name\":\"Home\",\"item\":\"https:\\\/\\\/skelsupplements.nl\\\/de\\\/\"},{\"@type\":\"ListItem\",\"position\":2,\"name\":\"Co-Packing-Erg\u00e4nzungen\",\"item\":\"https:\\\/\\\/skelsupplements.nl\\\/de\\\/co-packing-supplementen\\\/\"},{\"@type\":\"ListItem\",\"position\":3,\"name\":\"Codierung\"}]},{\"@type\":\"WebSite\",\"@id\":\"https:\\\/\\\/skelsupplements.nl\\\/de\\\/#website\",\"url\":\"https:\\\/\\\/skelsupplements.nl\\\/de\\\/\",\"name\":\"SKEL Supplements | Private label supplementen producent\",\"description\":\"Verpakken van supplementen\",\"publisher\":{\"@id\":\"https:\\\/\\\/skelsupplements.nl\\\/de\\\/#organization\"},\"potentialAction\":[{\"@type\":\"SearchAction\",\"target\":{\"@type\":\"EntryPoint\",\"urlTemplate\":\"https:\\\/\\\/skelsupplements.nl\\\/de\\\/?s={search_term_string}\"},\"query-input\":{\"@type\":\"PropertyValueSpecification\",\"valueRequired\":true,\"valueName\":\"search_term_string\"}}],\"inLanguage\":\"de\"},{\"@type\":\"Organization\",\"@id\":\"https:\\\/\\\/skelsupplements.nl\\\/de\\\/#organization\",\"name\":\"SKEL Supplements\",\"url\":\"https:\\\/\\\/skelsupplements.nl\\\/de\\\/\",\"logo\":{\"@type\":\"ImageObject\",\"inLanguage\":\"de\",\"@id\":\"https:\\\/\\\/skelsupplements.nl\\\/de\\\/#\\\/schema\\\/logo\\\/image\\\/\",\"url\":\"\",\"contentUrl\":\"\",\"caption\":\"SKEL Supplements\"},\"image\":{\"@id\":\"https:\\\/\\\/skelsupplements.nl\\\/de\\\/#\\\/schema\\\/logo\\\/image\\\/\"}}]}<\/script>\n<!-- \/ Yoast SEO plugin. -->","yoast_head_json":{"title":"Batch- und THT-Codierung auf Nahrungserg\u00e4nzungsmitteln | SKEL Supplements","description":"Etiketten oder Verpackungen codieren lassen? SKEL Supplements hilft Ihnen gerne | Barcodes \u2705 QR-Codes \u2705 Chargennummern \u2705 Verfallsdatum \/ Mindesthaltbarkeitsdatum","robots":{"index":"index","follow":"follow","max-snippet":"max-snippet:-1","max-image-preview":"max-image-preview:large","max-video-preview":"max-video-preview:-1"},"canonical":"https:\/\/skelsupplements.nl\/de\/co-packing-ergaenzungen\/codierung\/","og_locale":"de_DE","og_type":"article","og_title":"Batch- und THT-Codierung auf Nahrungserg\u00e4nzungsmitteln | SKEL Supplements","og_description":"Etiketten oder Verpackungen codieren lassen? SKEL Supplements hilft Ihnen gerne | Barcodes \u2705 QR-Codes \u2705 Chargennummern \u2705 Verfallsdatum \/ Mindesthaltbarkeitsdatum","og_url":"https:\/\/skelsupplements.nl\/de\/co-packing-ergaenzungen\/codierung\/","og_site_name":"SKEL Supplements","article_modified_time":"2024-03-10T16:27:32+00:00","og_image":[{"url":"https:\/\/skelsupplements.nl\/wp-content\/uploads\/2021\/06\/coderen-voedingssupplementen.jpg","type":"","width":"","height":""}],"twitter_card":"summary_large_image","twitter_misc":{"Gesch\u00e4tzte Lesezeit":"3\u00a0Minuten"},"schema":{"@context":"https:\/\/schema.org","@graph":[{"@type":"WebPage","@id":"https:\/\/skelsupplements.nl\/de\/co-packing-ergaenzungen\/codierung\/","url":"https:\/\/skelsupplements.nl\/de\/co-packing-ergaenzungen\/codierung\/","name":"Batch- und THT-Codierung auf Nahrungserg\u00e4nzungsmitteln | SKEL Supplements","isPartOf":{"@id":"https:\/\/skelsupplements.nl\/de\/#website"},"primaryImageOfPage":{"@id":"https:\/\/skelsupplements.nl\/de\/co-packing-ergaenzungen\/codierung\/#primaryimage"},"image":{"@id":"https:\/\/skelsupplements.nl\/de\/co-packing-ergaenzungen\/codierung\/#primaryimage"},"thumbnailUrl":"https:\/\/skelsupplements.nl\/wp-content\/uploads\/2021\/06\/coderen-voedingssupplementen.jpg","datePublished":"2021-07-11T15:28:05+00:00","dateModified":"2024-03-10T16:27:32+00:00","description":"Etiketten oder Verpackungen codieren lassen? SKEL Supplements hilft Ihnen gerne | Barcodes \u2705 QR-Codes \u2705 Chargennummern \u2705 Verfallsdatum \/ Mindesthaltbarkeitsdatum","breadcrumb":{"@id":"https:\/\/skelsupplements.nl\/de\/co-packing-ergaenzungen\/codierung\/#breadcrumb"},"inLanguage":"de","potentialAction":[{"@type":"ReadAction","target":["https:\/\/skelsupplements.nl\/de\/co-packing-ergaenzungen\/codierung\/"]}]},{"@type":"ImageObject","inLanguage":"de","@id":"https:\/\/skelsupplements.nl\/de\/co-packing-ergaenzungen\/codierung\/#primaryimage","url":"https:\/\/skelsupplements.nl\/wp-content\/uploads\/2021\/06\/coderen-voedingssupplementen.jpg","contentUrl":"https:\/\/skelsupplements.nl\/wp-content\/uploads\/2021\/06\/coderen-voedingssupplementen.jpg","width":800,"height":633,"caption":"Nahrungserg\u00e4nzungsmittel verschl\u00fcsseln"},{"@type":"BreadcrumbList","@id":"https:\/\/skelsupplements.nl\/de\/co-packing-ergaenzungen\/codierung\/#breadcrumb","itemListElement":[{"@type":"ListItem","position":1,"name":"Home","item":"https:\/\/skelsupplements.nl\/de\/"},{"@type":"ListItem","position":2,"name":"Co-Packing-Erg\u00e4nzungen","item":"https:\/\/skelsupplements.nl\/de\/co-packing-supplementen\/"},{"@type":"ListItem","position":3,"name":"Codierung"}]},{"@type":"WebSite","@id":"https:\/\/skelsupplements.nl\/de\/#website","url":"https:\/\/skelsupplements.nl\/de\/","name":"SKEL Supplements | Private label supplementen producent","description":"Verpakken van supplementen","publisher":{"@id":"https:\/\/skelsupplements.nl\/de\/#organization"},"potentialAction":[{"@type":"SearchAction","target":{"@type":"EntryPoint","urlTemplate":"https:\/\/skelsupplements.nl\/de\/?s={search_term_string}"},"query-input":{"@type":"PropertyValueSpecification","valueRequired":true,"valueName":"search_term_string"}}],"inLanguage":"de"},{"@type":"Organization","@id":"https:\/\/skelsupplements.nl\/de\/#organization","name":"SKEL Supplements","url":"https:\/\/skelsupplements.nl\/de\/","logo":{"@type":"ImageObject","inLanguage":"de","@id":"https:\/\/skelsupplements.nl\/de\/#\/schema\/logo\/image\/","url":"","contentUrl":"","caption":"SKEL Supplements"},"image":{"@id":"https:\/\/skelsupplements.nl\/de\/#\/schema\/logo\/image\/"}}]}},"_links":{"self":[{"href":"https:\/\/skelsupplements.nl\/de\/wp-json\/wp\/v2\/pages\/3847","targetHints":{"allow":["GET"]}}],"collection":[{"href":"https:\/\/skelsupplements.nl\/de\/wp-json\/wp\/v2\/pages"}],"about":[{"href":"https:\/\/skelsupplements.nl\/de\/wp-json\/wp\/v2\/types\/page"}],"author":[{"embeddable":true,"href":"https:\/\/skelsupplements.nl\/de\/wp-json\/wp\/v2\/users\/1"}],"replies":[{"embeddable":true,"href":"https:\/\/skelsupplements.nl\/de\/wp-json\/wp\/v2\/comments?post=3847"}],"version-history":[{"count":0,"href":"https:\/\/skelsupplements.nl\/de\/wp-json\/wp\/v2\/pages\/3847\/revisions"}],"up":[{"embeddable":true,"href":"https:\/\/skelsupplements.nl\/de\/wp-json\/wp\/v2\/pages\/3841"}],"wp:featuredmedia":[{"embeddable":true,"href":"https:\/\/skelsupplements.nl\/de\/wp-json\/wp\/v2\/media\/3401"}],"wp:attachment":[{"href":"https:\/\/skelsupplements.nl\/de\/wp-json\/wp\/v2\/media?parent=3847"}],"curies":[{"name":"wp","href":"https:\/\/api.w.org\/{rel}","templated":true}]}}