{"id":3725,"date":"2021-07-11T17:26:18","date_gmt":"2021-07-11T15:26:18","guid":{"rendered":"https:\/\/skelsupplements.nl\/declaration-de-confidentialite\/"},"modified":"2021-07-11T17:26:26","modified_gmt":"2021-07-11T15:26:26","slug":"declaration-de-confidentialite","status":"publish","type":"page","link":"https:\/\/skelsupplements.nl\/fr\/declaration-de-confidentialite\/","title":{"rendered":"D\u00e9claration de confidentialit\u00e9"},"content":{"rendered":"\t\t<div data-elementor-type=\"wp-post\" data-elementor-id=\"3725\" class=\"elementor elementor-3725 elementor-1694\" data-elementor-post-type=\"page\">\n\t\t\t\t\t\t<section class=\"elementor-section elementor-top-section elementor-element elementor-element-073012a elementor-section-stretched elementor-section-boxed elementor-section-height-default elementor-section-height-default\" data-id=\"073012a\" data-element_type=\"section\" data-e-type=\"section\" data-settings=\"{&quot;stretch_section&quot;:&quot;section-stretched&quot;,&quot;background_background&quot;:&quot;classic&quot;}\">\n\t\t\t\t\t\t<div class=\"elementor-container elementor-column-gap-extended\">\n\t\t\t\t\t<div class=\"elementor-column elementor-col-100 elementor-top-column elementor-element elementor-element-b33df8d\" data-id=\"b33df8d\" data-element_type=\"column\" data-e-type=\"column\">\n\t\t\t<div class=\"elementor-widget-wrap elementor-element-populated\">\n\t\t\t\t\t\t<div class=\"elementor-element elementor-element-eaac391 elementor-widget elementor-widget-heading\" data-id=\"eaac391\" data-element_type=\"widget\" data-e-type=\"widget\" data-widget_type=\"heading.default\">\n\t\t\t\t<div class=\"elementor-widget-container\">\n\t\t\t\t\t<h1 class=\"elementor-heading-title elementor-size-large\">D\u00e9claration de confidentialit\u00e9 Skel Suppl\u00e9ments<\/h1>\t\t\t\t<\/div>\n\t\t\t\t<\/div>\n\t\t\t\t\t<\/div>\n\t\t<\/div>\n\t\t\t\t\t<\/div>\n\t\t<\/section>\n\t\t\t\t<section class=\"elementor-section elementor-top-section elementor-element elementor-element-2de4f4f elementor-section-stretched elementor-section-boxed elementor-section-height-default elementor-section-height-default\" data-id=\"2de4f4f\" data-element_type=\"section\" data-e-type=\"section\" data-settings=\"{&quot;stretch_section&quot;:&quot;section-stretched&quot;,&quot;background_background&quot;:&quot;classic&quot;}\">\n\t\t\t\t\t\t<div class=\"elementor-container elementor-column-gap-extended\">\n\t\t\t\t\t<div class=\"elementor-column elementor-col-100 elementor-top-column elementor-element elementor-element-08df4fa\" data-id=\"08df4fa\" data-element_type=\"column\" data-e-type=\"column\">\n\t\t\t<div class=\"elementor-widget-wrap elementor-element-populated\">\n\t\t\t\t\t\t<div class=\"elementor-element elementor-element-a9aadaa elementor-widget elementor-widget-breadcrumbs\" data-id=\"a9aadaa\" data-element_type=\"widget\" data-e-type=\"widget\" data-widget_type=\"breadcrumbs.default\">\n\t\t\t\t<div class=\"elementor-widget-container\">\n\t\t\t\t\t<p id=\"breadcrumbs\"><span><span><a href=\"https:\/\/skelsupplements.nl\/fr\/domicile\/\">Home<\/a><\/span><\/span><\/p>\t\t\t\t<\/div>\n\t\t\t\t<\/div>\n\t\t\t\t<div class=\"elementor-element elementor-element-981c7a5 elementor-widget elementor-widget-spacer\" data-id=\"981c7a5\" data-element_type=\"widget\" data-e-type=\"widget\" data-widget_type=\"spacer.default\">\n\t\t\t\t<div class=\"elementor-widget-container\">\n\t\t\t\t\t\t\t<div class=\"elementor-spacer\">\n\t\t\t<div class=\"elementor-spacer-inner\"><\/div>\n\t\t<\/div>\n\t\t\t\t\t\t<\/div>\n\t\t\t\t<\/div>\n\t\t\t\t\t<\/div>\n\t\t<\/div>\n\t\t\t\t\t<\/div>\n\t\t<\/section>\n\t\t\t\t<section class=\"elementor-section elementor-top-section elementor-element elementor-element-6503adf elementor-section-stretched elementor-section-boxed elementor-section-height-default elementor-section-height-default\" data-id=\"6503adf\" data-element_type=\"section\" data-e-type=\"section\" data-settings=\"{&quot;stretch_section&quot;:&quot;section-stretched&quot;,&quot;background_background&quot;:&quot;classic&quot;}\">\n\t\t\t\t\t\t<div class=\"elementor-container elementor-column-gap-extended\">\n\t\t\t\t\t<div class=\"elementor-column elementor-col-100 elementor-top-column elementor-element elementor-element-94133c2\" data-id=\"94133c2\" data-element_type=\"column\" data-e-type=\"column\" data-settings=\"{&quot;animation&quot;:&quot;none&quot;}\">\n\t\t\t<div class=\"elementor-widget-wrap elementor-element-populated\">\n\t\t\t\t\t\t<div class=\"elementor-element elementor-element-5afcd70 elementor-widget elementor-widget-text-editor\" data-id=\"5afcd70\" data-element_type=\"widget\" data-e-type=\"widget\" data-widget_type=\"text-editor.default\">\n\t\t\t\t<div class=\"elementor-widget-container\">\n\t\t\t\t\t\t\t\t\t<p><span style=\"font-weight: 400;\">SKEL Suppl\u00e9ments BV<\/span> situ\u00e9 \u00e0<br \/>Zilverhoek 7 4651SP STEENBERGEN, est responsable du traitement des donn\u00e9es personnelles comme indiqu\u00e9 dans cette d\u00e9claration de confidentialit\u00e9. <\/p>\n<p><span style=\"font-weight: 400;\"><strong>D\u00e9tails du contact<\/strong> : <\/span><\/p>\n<p>SKEL Suppl\u00e9ments BV <br \/>Angle d&rsquo;argent 7 <br \/>4651SP STEENBERGEN <\/p>\n<p><span style=\"font-weight: 400;\">+31 167 745075<br \/><\/span> https:\/\/skelsupplements.nl <\/p>\n<p><span style=\"font-weight: 400;\">Le d\u00e9l\u00e9gu\u00e9 \u00e0 la protection des donn\u00e9es de SKEL Supplements BV peut \u00eatre contact\u00e9 via info@skelsupplements.nl <\/span><\/p>\n<\/p>\n<h3>Donn\u00e9es personnelles que nous traitons <\/h3>\n<p><span style=\"font-weight: 400;\">SKEL Supplements BV traite vos donn\u00e9es personnelles parce que vous utilisez nos services et\/ou parce que vous nous les fournissez vous-m\u00eame. Vous trouverez ci-dessous un aper\u00e7u des donn\u00e9es personnelles que nous traitons : <\/span><\/p>\n<p><span style=\"font-weight: 400;\">&#8211; Pr\u00e9nom et nom <\/span><\/p>\n<p><span style=\"font-weight: 400;\">&#8211; Sexe <\/span><\/p>\n<p><span style=\"font-weight: 400;\">&#8211; Donn\u00e9es d&rsquo;adresse <\/span><\/p>\n<p><span style=\"font-weight: 400;\">&#8211; Num\u00e9ro de t\u00e9l\u00e9phone <\/span><\/p>\n<p><span style=\"font-weight: 400;\">&#8211; Adresse e-mail <\/span><\/p>\n<p><span style=\"font-weight: 400;\">&#8211; Adresse IP <\/span><\/p>\n<p><span style=\"font-weight: 400;\">&#8211; D&rsquo;autres donn\u00e9es personnelles que vous fournissez activement, par exemple en cr\u00e9ant un profil sur ce site, par correspondance et par t\u00e9l\u00e9phone <\/span><\/p>\n<p><span style=\"font-weight: 400;\">&#8211; Informations sur vos activit\u00e9s sur notre site internet <\/span><\/p>\n<p><span style=\"font-weight: 400;\">&#8211; Des donn\u00e9es sur votre comportement de navigation sur diff\u00e9rents sites Web (par exemple parce que cette soci\u00e9t\u00e9 fait partie d&rsquo;un r\u00e9seau publicitaire) <\/span><\/p>\n<p><span style=\"font-weight: 400;\">&#8211; Num\u00e9ro de compte bancaire <\/span><\/p>\n<\/p>\n<h3>Donn\u00e9es personnelles sp\u00e9ciales et\/ou sensibles que nous traitons <\/h3>\n<p><span style=\"font-weight: 400;\">SKEL Supplements BV ne traite pas de donn\u00e9es personnelles sp\u00e9ciales et\/ou sensibles vous concernant. Notre site Web et\/ou service n&rsquo;a pas l&rsquo;intention de collecter des donn\u00e9es sur les visiteurs du site Web qui ont moins de 16 ans. Sauf s&rsquo;ils ont une autorisation parentale ou du tuteur. Cependant, nous ne pouvons pas v\u00e9rifier si un visiteur a plus de 16 ans. Nous conseillons donc aux parents de s&rsquo;impliquer dans les activit\u00e9s en ligne de leurs enfants, afin d&rsquo;\u00e9viter <\/span><\/p>\n<p><span style=\"font-weight: 400;\">que les donn\u00e9es sur les enfants sont collect\u00e9es sans le consentement des parents. Si vous \u00eates convaincu que nous avons collect\u00e9 des informations personnelles sur un mineur sans cette autorisation, veuillez nous contacter \u00e0 info@skelsupplements.nl et nous supprimerons ces informations.<\/span><\/p>\n<\/p>\n<h3>Dans quel but et sur quelle base traitons-nous les donn\u00e9es personnellespersoonsgegevens <\/h3>\n<p><span style=\"font-weight: 400;\">SKEL Supplements BV traite vos donn\u00e9es personnelles aux fins suivantes : <\/span><\/p>\n<p><span style=\"font-weight: 400;\">&#8211; Traitement de votre paiement <\/span><\/p>\n<p><span style=\"font-weight: 400;\">&#8211; Envoi de notre newsletter et\/ou plaquette publicitaire <\/span><\/p>\n<p><span style=\"font-weight: 400;\">&#8211; Pour pouvoir vous appeler ou vous envoyer un e-mail si cela est n\u00e9cessaire pour pouvoir ex\u00e9cuter nos services &#8211; Pour vous informer des modifications apport\u00e9es \u00e0 nos services et produits <\/span><\/p>\n<p><span style=\"font-weight: 400;\">&#8211; Vous offrir la possibilit\u00e9 de cr\u00e9er un compte <\/span><\/p>\n<p><span style=\"font-weight: 400;\">&#8211; Pour vous livrer des biens et services <\/span><\/p>\n<p><span style=\"font-weight: 400;\">&#8211; SKEL Supplements BV analyse votre comportement sur le site Web afin d&rsquo;am\u00e9liorer le site Web et d&rsquo;adapter la gamme de produits et services \u00e0 vos pr\u00e9f\u00e9rences. <\/span><\/p>\n<p><span style=\"font-weight: 400;\">&#8211; SKEL Supplements BV suit votre comportement de navigation sur divers sites Web avec lesquels nous adaptons nos produits et services \u00e0 vos besoins. <\/span><\/p>\n<p><span style=\"font-weight: 400;\">&#8211; SKEL Supplements BV traite \u00e9galement les donn\u00e9es personnelles si nous y sommes l\u00e9galement oblig\u00e9s, telles que les donn\u00e9es dont nous avons besoin pour notre d\u00e9claration fiscale. <\/span><\/p>\n<\/p>\n<h3>Partage de donn\u00e9es personnelles avec des tiers <\/h3>\n<p><span style=\"font-weight: 400;\">SKEL Supplements BV ne vend pas vos donn\u00e9es \u00e0 des tiers et ne les fournit que si cela est n\u00e9cessaire pour l&rsquo;ex\u00e9cution de notre accord avec vous ou pour se conformer \u00e0 une obligation l\u00e9gale. Nous concluons un accord de sous-traitance avec des soci\u00e9t\u00e9s qui traitent vos donn\u00e9es en notre nom pour garantir le m\u00eame niveau de s\u00e9curit\u00e9 et de confidentialit\u00e9 de vos donn\u00e9es. test reste responsable de ces traitements. <\/span><\/p>\n<\/p>\n<h3>Partage de donn\u00e9es personnelles avec des tiers <\/h3>\n<p><span style=\"font-weight: 400;\">SKEL Supplements BV fournit uniquement \u00e0 des tiers et uniquement si cela est n\u00e9cessaire pour l&rsquo;ex\u00e9cution de notre accord avec vous ou pour se conformer \u00e0 une obligation l\u00e9gale. <\/span><\/p>\n<\/p>\n<h3>Cookies ou techniques similaires que nous utilisons <\/h3>\n<p><span style=\"font-weight: 400;\">SKEL Supplements BV utilise des cookies fonctionnels, analytiques et de suivi. Un cookie est un petit fichier texte qui est stock\u00e9 dans le navigateur de votre ordinateur, tablette ou smartphone lors de votre premi\u00e8re visite sur ce site. test utilise des cookies avec une fonctionnalit\u00e9 purement technique. Ceux-ci garantissent que le site Web fonctionne correctement et que, par exemple, vos param\u00e8tres pr\u00e9f\u00e9r\u00e9s sont m\u00e9moris\u00e9s. Ces cookies servent \u00e9galement au bon fonctionnement du site et \u00e0 son optimisation. De plus, nous pla\u00e7ons des cookies qui suivent votre comportement de navigation afin de pouvoir vous proposer un contenu et des publicit\u00e9s personnalis\u00e9s. <\/span><\/p>\n<p><span style=\"font-weight: 400;\">Lors de votre premi\u00e8re visite sur notre site Web, nous vous avons d\u00e9j\u00e0 inform\u00e9 de ces cookies et demand\u00e9 l&rsquo;autorisation de les placer. Vous pouvez d\u00e9sactiver les cookies en param\u00e9trant votre navigateur Internet pour qu&rsquo;il ne stocke plus de cookies. En outre, vous pouvez \u00e9galement supprimer toutes les informations pr\u00e9c\u00e9demment stock\u00e9es via les param\u00e8tres de votre navigateur. <\/span><\/p>\n<p><span style=\"font-weight: 400;\">Pour une explication, voir :<a href=\"https:\/\/veiliginternetten.nl\/themes\/situatie\/cookies-wat-zijn-het-en-wat-doe-ik-ermee\/\" target=\"_blank\" rel=\"noopener\"> https:\/\/veiliginternetten.nl\/themes\/zaken\/cookies-wat-zijn-het-en-wat-doe-ik-ermee\/<\/a><\/span><\/p>\n<h3>Afficher, modifier ou supprimer des donn\u00e9es <\/h3>\n<p><span style=\"font-weight: 400;\">Vous avez le droit de consulter, de corriger ou de supprimer vos donn\u00e9es personnelles. Vous pouvez le faire vous-m\u00eame via les param\u00e8tres personnels de votre compte. En outre, vous avez le droit de retirer votre consentement au traitement des donn\u00e9es ou de vous opposer au traitement de vos donn\u00e9es personnelles par notre soci\u00e9t\u00e9 et vous avez le droit \u00e0 la portabilit\u00e9 des donn\u00e9es. Cela signifie que vous pouvez nous soumettre une demande pour envoyer les donn\u00e9es personnelles que nous avons sur vous dans un fichier informatique \u00e0 vous ou \u00e0 une autre organisation mentionn\u00e9e par vous. <\/span><\/p>\n<p><span style=\"font-weight: 400;\">Si vous souhaitez exercer votre droit d&rsquo;opposition et\/ou droit \u00e0 la portabilit\u00e9 des donn\u00e9es ou si vous avez d&rsquo;autres questions\/commentaires sur le traitement des donn\u00e9es, veuillez envoyer une demande sp\u00e9cifique \u00e0 info@skelsupplements.nl. <\/span><\/p>\n<p><span style=\"font-weight: 400;\">Afin de nous assurer que la demande d&rsquo;acc\u00e8s a bien \u00e9t\u00e9 faite par vous, nous vous demandons de joindre \u00e0 la demande une copie de votre pi\u00e8ce d&rsquo;identit\u00e9. Faites votre photo de passeport, MRZ (zone lisible par machine, la bande avec des num\u00e9ros au bas du passeport), le num\u00e9ro de passeport et le num\u00e9ro de service citoyen (BSN) en noir sur cette copie. C&rsquo;est pour prot\u00e9ger votre vie priv\u00e9e. SKEL Supplements BV r\u00e9pondra \u00e0 votre demande dans les plus brefs d\u00e9lais, mais en tout cas dans un d\u00e9lai de quatre semaines. SKEL Supplements BV tient \u00e9galement \u00e0 souligner que vous avez la possibilit\u00e9 de d\u00e9poser une plainte aupr\u00e8s de l&rsquo;autorit\u00e9 de contr\u00f4le nationale, l&rsquo;Autorit\u00e9 n\u00e9erlandaise de protection des donn\u00e9es. Vous pouvez le faire via le lien suivant : https:\/\/autoriteitpersoonsgegevens.nl\/nl\/contact-met-de-autoriteit-persoonsgegevens\/tip-ons <\/p>\n<p><\/span><\/p>\n<h3>Comment nous prot\u00e9geons les donn\u00e9es personnelles <\/h3>\n<p><span style=\"font-weight: 400;\">SKEL Supplements BV prend la protection de vos donn\u00e9es au s\u00e9rieux et prend les mesures appropri\u00e9es pour emp\u00eacher toute utilisation abusive, perte, acc\u00e8s non autoris\u00e9, divulgation non d\u00e9sir\u00e9e et modification non autoris\u00e9e. Si vous avez l&rsquo;impression que vos donn\u00e9es ne sont pas correctement s\u00e9curis\u00e9es ou qu&rsquo;il y a des indications d&rsquo;abus, veuillez contacter notre service client ou via info@skelsupplements.nl<\/span><\/p>\n\t\t\t\t\t\t\t\t<\/div>\n\t\t\t\t<\/div>\n\t\t\t\t<div class=\"elementor-element elementor-element-b7afba5 elementor-widget elementor-widget-spacer\" data-id=\"b7afba5\" data-element_type=\"widget\" data-e-type=\"widget\" data-widget_type=\"spacer.default\">\n\t\t\t\t<div class=\"elementor-widget-container\">\n\t\t\t\t\t\t\t<div class=\"elementor-spacer\">\n\t\t\t<div class=\"elementor-spacer-inner\"><\/div>\n\t\t<\/div>\n\t\t\t\t\t\t<\/div>\n\t\t\t\t<\/div>\n\t\t\t\t\t<\/div>\n\t\t<\/div>\n\t\t\t\t\t<\/div>\n\t\t<\/section>\n\t\t\t\t<\/div>\n\t\t","protected":false},"excerpt":{"rendered":"<p>D\u00e9claration de confidentialit\u00e9 Skel Suppl\u00e9ments SKEL Suppl\u00e9ments BV situ\u00e9 \u00e0Zilverhoek 7 4651SP STEENBERGEN, est responsable du traitement des donn\u00e9es personnelles comme indiqu\u00e9 dans cette d\u00e9claration de confidentialit\u00e9. D\u00e9tails du contact&#8230;<\/p>\n","protected":false},"author":1,"featured_media":0,"parent":0,"menu_order":0,"comment_status":"closed","ping_status":"closed","template":"","meta":{"footnotes":""},"class_list":["post-3725","page","type-page","status-publish"],"yoast_head":"<!-- This site is optimized with the Yoast SEO plugin v27.5 - https:\/\/yoast.com\/product\/yoast-seo-wordpress\/ -->\n<title>D\u00e9claration de confidentialit\u00e9 \/ Politique de Skel Supplements<\/title>\n<meta name=\"description\" content=\"D\u00e9claration de confidentialit\u00e9. Vous pouvez trouver toutes les informations sur la fa\u00e7on dont nous traitons les donn\u00e9es personnelles ici dans notre d\u00e9claration de confidentialit\u00e9.\" \/>\n<meta name=\"robots\" content=\"index, follow, max-snippet:-1, max-image-preview:large, max-video-preview:-1\" \/>\n<link rel=\"canonical\" href=\"https:\/\/skelsupplements.nl\/fr\/declaration-de-confidentialite\/\" \/>\n<meta property=\"og:locale\" content=\"fr_FR\" \/>\n<meta property=\"og:type\" content=\"article\" \/>\n<meta property=\"og:title\" content=\"D\u00e9claration de confidentialit\u00e9 \/ Politique de Skel Supplements\" \/>\n<meta property=\"og:description\" content=\"D\u00e9claration de confidentialit\u00e9. Vous pouvez trouver toutes les informations sur la fa\u00e7on dont nous traitons les donn\u00e9es personnelles ici dans notre d\u00e9claration de confidentialit\u00e9.\" \/>\n<meta property=\"og:url\" content=\"https:\/\/skelsupplements.nl\/fr\/declaration-de-confidentialite\/\" \/>\n<meta property=\"og:site_name\" content=\"SKEL Supplements\" \/>\n<meta property=\"article:modified_time\" content=\"2021-07-11T15:26:26+00:00\" \/>\n<meta name=\"twitter:card\" content=\"summary_large_image\" \/>\n<meta name=\"twitter:label1\" content=\"Dur\u00e9e de lecture estim\u00e9e\" \/>\n\t<meta name=\"twitter:data1\" content=\"6 minutes\" \/>\n<script type=\"application\/ld+json\" class=\"yoast-schema-graph\">{\"@context\":\"https:\\\/\\\/schema.org\",\"@graph\":[{\"@type\":\"WebPage\",\"@id\":\"https:\\\/\\\/skelsupplements.nl\\\/fr\\\/declaration-de-confidentialite\\\/\",\"url\":\"https:\\\/\\\/skelsupplements.nl\\\/fr\\\/declaration-de-confidentialite\\\/\",\"name\":\"D\u00e9claration de confidentialit\u00e9 \\\/ Politique de Skel Supplements\",\"isPartOf\":{\"@id\":\"https:\\\/\\\/skelsupplements.nl\\\/fr\\\/#website\"},\"datePublished\":\"2021-07-11T15:26:18+00:00\",\"dateModified\":\"2021-07-11T15:26:26+00:00\",\"description\":\"D\u00e9claration de confidentialit\u00e9. Vous pouvez trouver toutes les informations sur la fa\u00e7on dont nous traitons les donn\u00e9es personnelles ici dans notre d\u00e9claration de confidentialit\u00e9.\",\"breadcrumb\":{\"@id\":\"https:\\\/\\\/skelsupplements.nl\\\/fr\\\/declaration-de-confidentialite\\\/#breadcrumb\"},\"inLanguage\":\"fr-FR\",\"potentialAction\":[{\"@type\":\"ReadAction\",\"target\":[\"https:\\\/\\\/skelsupplements.nl\\\/fr\\\/declaration-de-confidentialite\\\/\"]}]},{\"@type\":\"BreadcrumbList\",\"@id\":\"https:\\\/\\\/skelsupplements.nl\\\/fr\\\/declaration-de-confidentialite\\\/#breadcrumb\",\"itemListElement\":[{\"@type\":\"ListItem\",\"position\":1,\"name\":\"Home\",\"item\":\"https:\\\/\\\/skelsupplements.nl\\\/fr\\\/domicile\\\/\"},{\"@type\":\"ListItem\",\"position\":2,\"name\":\"D\u00e9claration de confidentialit\u00e9\"}]},{\"@type\":\"WebSite\",\"@id\":\"https:\\\/\\\/skelsupplements.nl\\\/fr\\\/#website\",\"url\":\"https:\\\/\\\/skelsupplements.nl\\\/fr\\\/\",\"name\":\"SKEL Supplements | Private label supplementen producent\",\"description\":\"Verpakken van supplementen\",\"publisher\":{\"@id\":\"https:\\\/\\\/skelsupplements.nl\\\/fr\\\/#organization\"},\"potentialAction\":[{\"@type\":\"SearchAction\",\"target\":{\"@type\":\"EntryPoint\",\"urlTemplate\":\"https:\\\/\\\/skelsupplements.nl\\\/fr\\\/?s={search_term_string}\"},\"query-input\":{\"@type\":\"PropertyValueSpecification\",\"valueRequired\":true,\"valueName\":\"search_term_string\"}}],\"inLanguage\":\"fr-FR\"},{\"@type\":\"Organization\",\"@id\":\"https:\\\/\\\/skelsupplements.nl\\\/fr\\\/#organization\",\"name\":\"SKEL Supplements\",\"url\":\"https:\\\/\\\/skelsupplements.nl\\\/fr\\\/\",\"logo\":{\"@type\":\"ImageObject\",\"inLanguage\":\"fr-FR\",\"@id\":\"https:\\\/\\\/skelsupplements.nl\\\/fr\\\/#\\\/schema\\\/logo\\\/image\\\/\",\"url\":\"\",\"contentUrl\":\"\",\"caption\":\"SKEL Supplements\"},\"image\":{\"@id\":\"https:\\\/\\\/skelsupplements.nl\\\/fr\\\/#\\\/schema\\\/logo\\\/image\\\/\"}}]}<\/script>\n<!-- \/ Yoast SEO plugin. -->","yoast_head_json":{"title":"D\u00e9claration de confidentialit\u00e9 \/ Politique de Skel Supplements","description":"D\u00e9claration de confidentialit\u00e9. Vous pouvez trouver toutes les informations sur la fa\u00e7on dont nous traitons les donn\u00e9es personnelles ici dans notre d\u00e9claration de confidentialit\u00e9.","robots":{"index":"index","follow":"follow","max-snippet":"max-snippet:-1","max-image-preview":"max-image-preview:large","max-video-preview":"max-video-preview:-1"},"canonical":"https:\/\/skelsupplements.nl\/fr\/declaration-de-confidentialite\/","og_locale":"fr_FR","og_type":"article","og_title":"D\u00e9claration de confidentialit\u00e9 \/ Politique de Skel Supplements","og_description":"D\u00e9claration de confidentialit\u00e9. Vous pouvez trouver toutes les informations sur la fa\u00e7on dont nous traitons les donn\u00e9es personnelles ici dans notre d\u00e9claration de confidentialit\u00e9.","og_url":"https:\/\/skelsupplements.nl\/fr\/declaration-de-confidentialite\/","og_site_name":"SKEL Supplements","article_modified_time":"2021-07-11T15:26:26+00:00","twitter_card":"summary_large_image","twitter_misc":{"Dur\u00e9e de lecture estim\u00e9e":"6 minutes"},"schema":{"@context":"https:\/\/schema.org","@graph":[{"@type":"WebPage","@id":"https:\/\/skelsupplements.nl\/fr\/declaration-de-confidentialite\/","url":"https:\/\/skelsupplements.nl\/fr\/declaration-de-confidentialite\/","name":"D\u00e9claration de confidentialit\u00e9 \/ Politique de Skel Supplements","isPartOf":{"@id":"https:\/\/skelsupplements.nl\/fr\/#website"},"datePublished":"2021-07-11T15:26:18+00:00","dateModified":"2021-07-11T15:26:26+00:00","description":"D\u00e9claration de confidentialit\u00e9. Vous pouvez trouver toutes les informations sur la fa\u00e7on dont nous traitons les donn\u00e9es personnelles ici dans notre d\u00e9claration de confidentialit\u00e9.","breadcrumb":{"@id":"https:\/\/skelsupplements.nl\/fr\/declaration-de-confidentialite\/#breadcrumb"},"inLanguage":"fr-FR","potentialAction":[{"@type":"ReadAction","target":["https:\/\/skelsupplements.nl\/fr\/declaration-de-confidentialite\/"]}]},{"@type":"BreadcrumbList","@id":"https:\/\/skelsupplements.nl\/fr\/declaration-de-confidentialite\/#breadcrumb","itemListElement":[{"@type":"ListItem","position":1,"name":"Home","item":"https:\/\/skelsupplements.nl\/fr\/domicile\/"},{"@type":"ListItem","position":2,"name":"D\u00e9claration de confidentialit\u00e9"}]},{"@type":"WebSite","@id":"https:\/\/skelsupplements.nl\/fr\/#website","url":"https:\/\/skelsupplements.nl\/fr\/","name":"SKEL Supplements | Private label supplementen producent","description":"Verpakken van supplementen","publisher":{"@id":"https:\/\/skelsupplements.nl\/fr\/#organization"},"potentialAction":[{"@type":"SearchAction","target":{"@type":"EntryPoint","urlTemplate":"https:\/\/skelsupplements.nl\/fr\/?s={search_term_string}"},"query-input":{"@type":"PropertyValueSpecification","valueRequired":true,"valueName":"search_term_string"}}],"inLanguage":"fr-FR"},{"@type":"Organization","@id":"https:\/\/skelsupplements.nl\/fr\/#organization","name":"SKEL Supplements","url":"https:\/\/skelsupplements.nl\/fr\/","logo":{"@type":"ImageObject","inLanguage":"fr-FR","@id":"https:\/\/skelsupplements.nl\/fr\/#\/schema\/logo\/image\/","url":"","contentUrl":"","caption":"SKEL Supplements"},"image":{"@id":"https:\/\/skelsupplements.nl\/fr\/#\/schema\/logo\/image\/"}}]}},"_links":{"self":[{"href":"https:\/\/skelsupplements.nl\/fr\/wp-json\/wp\/v2\/pages\/3725","targetHints":{"allow":["GET"]}}],"collection":[{"href":"https:\/\/skelsupplements.nl\/fr\/wp-json\/wp\/v2\/pages"}],"about":[{"href":"https:\/\/skelsupplements.nl\/fr\/wp-json\/wp\/v2\/types\/page"}],"author":[{"embeddable":true,"href":"https:\/\/skelsupplements.nl\/fr\/wp-json\/wp\/v2\/users\/1"}],"replies":[{"embeddable":true,"href":"https:\/\/skelsupplements.nl\/fr\/wp-json\/wp\/v2\/comments?post=3725"}],"version-history":[{"count":0,"href":"https:\/\/skelsupplements.nl\/fr\/wp-json\/wp\/v2\/pages\/3725\/revisions"}],"wp:attachment":[{"href":"https:\/\/skelsupplements.nl\/fr\/wp-json\/wp\/v2\/media?parent=3725"}],"curies":[{"name":"wp","href":"https:\/\/api.w.org\/{rel}","templated":true}]}}