{"id":3742,"date":"2021-07-11T17:26:55","date_gmt":"2021-07-11T15:26:55","guid":{"rendered":"https:\/\/skelsupplements.nl\/qualite\/"},"modified":"2024-11-15T13:45:52","modified_gmt":"2024-11-15T12:45:52","slug":"qualite","status":"publish","type":"page","link":"https:\/\/skelsupplements.nl\/fr\/qualite\/","title":{"rendered":"Qualit\u00e9"},"content":{"rendered":"\t\t<div data-elementor-type=\"wp-post\" data-elementor-id=\"3742\" class=\"elementor elementor-3742 elementor-2100\" data-elementor-post-type=\"page\">\n\t\t\t\t\t\t<section class=\"elementor-section elementor-top-section elementor-element elementor-element-248924e2 elementor-section-full_width elementor-section-height-min-height elementor-section-stretched elementor-section-height-default elementor-section-items-middle\" data-id=\"248924e2\" data-element_type=\"section\" data-e-type=\"section\" data-settings=\"{&quot;stretch_section&quot;:&quot;section-stretched&quot;,&quot;background_background&quot;:&quot;classic&quot;,&quot;background_motion_fx_motion_fx_scrolling&quot;:&quot;yes&quot;,&quot;background_motion_fx_translateY_effect&quot;:&quot;yes&quot;,&quot;background_motion_fx_translateY_direction&quot;:&quot;negative&quot;,&quot;background_motion_fx_translateY_speed&quot;:{&quot;unit&quot;:&quot;px&quot;,&quot;size&quot;:4,&quot;sizes&quot;:[]},&quot;background_motion_fx_translateY_affectedRange&quot;:{&quot;unit&quot;:&quot;%&quot;,&quot;size&quot;:&quot;&quot;,&quot;sizes&quot;:{&quot;start&quot;:0,&quot;end&quot;:100}},&quot;background_motion_fx_devices&quot;:[&quot;desktop&quot;,&quot;tablet&quot;,&quot;mobile&quot;]}\">\n\t\t\t\t\t\t<div class=\"elementor-container elementor-column-gap-default\">\n\t\t\t\t\t<div class=\"elementor-column elementor-col-100 elementor-top-column elementor-element elementor-element-5cc3a36e\" data-id=\"5cc3a36e\" data-element_type=\"column\" data-e-type=\"column\">\n\t\t\t<div class=\"elementor-widget-wrap\">\n\t\t\t\t\t\t\t<\/div>\n\t\t<\/div>\n\t\t\t\t\t<\/div>\n\t\t<\/section>\n\t\t\t\t<section class=\"elementor-section elementor-top-section elementor-element elementor-element-073012a elementor-section-stretched elementor-section-boxed elementor-section-height-default elementor-section-height-default\" data-id=\"073012a\" data-element_type=\"section\" data-e-type=\"section\" data-settings=\"{&quot;stretch_section&quot;:&quot;section-stretched&quot;,&quot;background_background&quot;:&quot;classic&quot;}\">\n\t\t\t\t\t\t<div class=\"elementor-container elementor-column-gap-extended\">\n\t\t\t\t\t<div class=\"elementor-column elementor-col-100 elementor-top-column elementor-element elementor-element-b33df8d\" data-id=\"b33df8d\" data-element_type=\"column\" data-e-type=\"column\">\n\t\t\t<div class=\"elementor-widget-wrap elementor-element-populated\">\n\t\t\t\t\t\t<div class=\"elementor-element elementor-element-eaac391 elementor-widget elementor-widget-heading\" data-id=\"eaac391\" data-element_type=\"widget\" data-e-type=\"widget\" data-widget_type=\"heading.default\">\n\t\t\t\t<div class=\"elementor-widget-container\">\n\t\t\t\t\t<h1 class=\"elementor-heading-title elementor-size-large\">Qualit\u00e9 du suppl\u00e9ment<\/h1>\t\t\t\t<\/div>\n\t\t\t\t<\/div>\n\t\t\t\t\t<\/div>\n\t\t<\/div>\n\t\t\t\t\t<\/div>\n\t\t<\/section>\n\t\t\t\t<section class=\"elementor-section elementor-top-section elementor-element elementor-element-2de4f4f elementor-section-stretched elementor-section-boxed elementor-section-height-default elementor-section-height-default\" data-id=\"2de4f4f\" data-element_type=\"section\" data-e-type=\"section\" data-settings=\"{&quot;stretch_section&quot;:&quot;section-stretched&quot;,&quot;background_background&quot;:&quot;classic&quot;}\">\n\t\t\t\t\t\t<div class=\"elementor-container elementor-column-gap-extended\">\n\t\t\t\t\t<div class=\"elementor-column elementor-col-100 elementor-top-column elementor-element elementor-element-08df4fa\" data-id=\"08df4fa\" data-element_type=\"column\" data-e-type=\"column\">\n\t\t\t<div class=\"elementor-widget-wrap elementor-element-populated\">\n\t\t\t\t\t\t<div class=\"elementor-element elementor-element-a9aadaa elementor-widget elementor-widget-breadcrumbs\" data-id=\"a9aadaa\" data-element_type=\"widget\" data-e-type=\"widget\" data-widget_type=\"breadcrumbs.default\">\n\t\t\t\t<div class=\"elementor-widget-container\">\n\t\t\t\t\t<p id=\"breadcrumbs\"><span><span><a href=\"https:\/\/skelsupplements.nl\/fr\/domicile\/\">Home<\/a><\/span><\/span><\/p>\t\t\t\t<\/div>\n\t\t\t\t<\/div>\n\t\t\t\t<div class=\"elementor-element elementor-element-981c7a5 elementor-widget elementor-widget-spacer\" data-id=\"981c7a5\" data-element_type=\"widget\" data-e-type=\"widget\" data-widget_type=\"spacer.default\">\n\t\t\t\t<div class=\"elementor-widget-container\">\n\t\t\t\t\t\t\t<div class=\"elementor-spacer\">\n\t\t\t<div class=\"elementor-spacer-inner\"><\/div>\n\t\t<\/div>\n\t\t\t\t\t\t<\/div>\n\t\t\t\t<\/div>\n\t\t\t\t\t<\/div>\n\t\t<\/div>\n\t\t\t\t\t<\/div>\n\t\t<\/section>\n\t\t\t\t<section class=\"elementor-section elementor-top-section elementor-element elementor-element-6503adf elementor-section-stretched elementor-section-boxed elementor-section-height-default elementor-section-height-default\" data-id=\"6503adf\" data-element_type=\"section\" data-e-type=\"section\" data-settings=\"{&quot;stretch_section&quot;:&quot;section-stretched&quot;,&quot;background_background&quot;:&quot;classic&quot;}\">\n\t\t\t\t\t\t<div class=\"elementor-container elementor-column-gap-extended\">\n\t\t\t\t\t<div class=\"elementor-column elementor-col-100 elementor-top-column elementor-element elementor-element-94133c2\" data-id=\"94133c2\" data-element_type=\"column\" data-e-type=\"column\" data-settings=\"{&quot;animation&quot;:&quot;none&quot;}\">\n\t\t\t<div class=\"elementor-widget-wrap elementor-element-populated\">\n\t\t\t\t\t\t<div class=\"elementor-element elementor-element-5afcd70 elementor-widget elementor-widget-text-editor\" data-id=\"5afcd70\" data-element_type=\"widget\" data-e-type=\"widget\" data-widget_type=\"text-editor.default\">\n\t\t\t\t<div class=\"elementor-widget-container\">\n\t\t\t\t\t\t\t\t\t<p><span style=\"font-weight: 400;\">Forts de la connaissance commune des ann\u00e9es d&rsquo;exp\u00e9rience de nos entreprises, nous garantissons des conseils d&rsquo;experts du d\u00e9veloppement du produit au produit final et \u00e0 l&#8217;emballage conform\u00e9ment \u00e0 la l\u00e9gislation et \u00e0 la r\u00e9glementation europ\u00e9ennes. Nous sommes certifi\u00e9s FSSC 22000 et respectons l&rsquo;ensemble des normes d&rsquo;hygi\u00e8ne alimentaire dans notre moderne unit\u00e9 de production situ\u00e9e \u00e0 Simpelveld. Nous sommes \u00e9galement membres de l&rsquo;association NPN, qui repr\u00e9sente les fabricants, les fournisseurs de mati\u00e8res premi\u00e8res, les grossistes, les importateurs et les distributeurs de compl\u00e9ments alimentaires. Nous nous engageons \u00e0 fournir des informations fiables sur les compl\u00e9ments alimentaires. Pour plus d&rsquo;informations, veuillez cliquer sur les liens ci-dessous (image).<\/span><\/p><p>Pour r\u00e9pondre aux besoins d&rsquo;un large \u00e9ventail de consommateurs soucieux de leur sant\u00e9, nos capsules portent des certifications \u00e9tendues telles que v\u00e9g\u00e9talien, halal et KO casher. De plus, nos g\u00e9lules ne contiennent aucun conservateur et sont sans GMO, sans allerg\u00e8ne, sans gluten, sans sucre et sans amidon. Sur demande, toute certification souhait\u00e9e peut \u00eatre demand\u00e9e pour votre produit fini.<\/p><p><span style=\"font-weight: 400;\">Nos fournisseurs europ\u00e9ens sont soumis \u00e0 des s\u00e9lections de fournisseurs strictes. Les contr\u00f4les quotidiens des flux entrants et sortants de marchandises sont une condition pr\u00e9alable \u00e0 une qualit\u00e9 optimale de nos mati\u00e8res premi\u00e8res et produits finis. <\/span><span style=\"font-weight: 400;\">Nous travaillons en \u00e9troite collaboration avec diff\u00e9rents laboratoires et analysons les mati\u00e8res premi\u00e8res et les produits finis en collaboration avec nos fournisseurs. Nous pouvons fournir des certificats d&rsquo;analyse sur demande et faisons partie de votre dossier avec des productions de marque priv\u00e9e. Nous garantissons la confidentialit\u00e9 au moyen d&rsquo;une d\u00e9claration de confidentialit\u00e9 et d&rsquo;un accord de co-fabrication.<\/span><\/p><p><em><span style=\"font-weight: 400;\"><strong>Rechercher la composition biologique la plus optimale de votre recette bas\u00e9e sur les meilleurs ingr\u00e9dients de qualit\u00e9 est notre priorit\u00e9 absolue.<\/strong> <\/span><span style=\"font-weight: 400;\">Nous sommes heureux de relever le d\u00e9fi avec vous pour obtenir le produit final le plus naturel possible ! <\/span><\/em><\/p>\t\t\t\t\t\t\t\t<\/div>\n\t\t\t\t<\/div>\n\t\t\t\t\t<\/div>\n\t\t<\/div>\n\t\t\t\t\t<\/div>\n\t\t<\/section>\n\t\t\t\t<section class=\"elementor-section elementor-top-section elementor-element elementor-element-32599cd6 elementor-section-boxed elementor-section-height-default elementor-section-height-default\" data-id=\"32599cd6\" data-element_type=\"section\" data-e-type=\"section\">\n\t\t\t\t\t\t<div class=\"elementor-container elementor-column-gap-default\">\n\t\t\t\t\t<div class=\"elementor-column elementor-col-33 elementor-top-column elementor-element elementor-element-6bfece9d\" data-id=\"6bfece9d\" data-element_type=\"column\" data-e-type=\"column\">\n\t\t\t<div class=\"elementor-widget-wrap elementor-element-populated\">\n\t\t\t\t\t\t<div class=\"elementor-element elementor-element-5fc9cd9c elementor-widget elementor-widget-image\" data-id=\"5fc9cd9c\" data-element_type=\"widget\" data-e-type=\"widget\" data-widget_type=\"image.default\">\n\t\t\t\t<div class=\"elementor-widget-container\">\n\t\t\t\t\t\t\t\t\t\t\t\t\t\t\t\t<a href=\"https:\/\/skelsupplements.nl\/wp-content\/uploads\/2024\/11\/FSSC22000-certificate-SKEL-Supplements.pdf\" target=\"_blank\">\n\t\t\t\t\t\t\t<img fetchpriority=\"high\" decoding=\"async\" width=\"1024\" height=\"508\" src=\"https:\/\/skelsupplements.nl\/wp-content\/uploads\/2024\/11\/Logo-fssc-2000-1024x508.jpg\" class=\"attachment-large size-large wp-image-6751\" alt=\"\" srcset=\"https:\/\/skelsupplements.nl\/wp-content\/uploads\/2024\/11\/Logo-fssc-2000-1024x508.jpg 1024w, https:\/\/skelsupplements.nl\/wp-content\/uploads\/2024\/11\/Logo-fssc-2000-300x149.jpg 300w, https:\/\/skelsupplements.nl\/wp-content\/uploads\/2024\/11\/Logo-fssc-2000-768x381.jpg 768w, https:\/\/skelsupplements.nl\/wp-content\/uploads\/2024\/11\/Logo-fssc-2000-1536x762.jpg 1536w, https:\/\/skelsupplements.nl\/wp-content\/uploads\/2024\/11\/Logo-fssc-2000.jpg 1548w\" sizes=\"(max-width: 1024px) 100vw, 1024px\" \/>\t\t\t\t\t\t\t\t<\/a>\n\t\t\t\t\t\t\t\t\t\t\t\t\t\t\t<\/div>\n\t\t\t\t<\/div>\n\t\t\t\t\t<\/div>\n\t\t<\/div>\n\t\t\t\t<div class=\"elementor-column elementor-col-33 elementor-top-column elementor-element elementor-element-6252c4d2\" data-id=\"6252c4d2\" data-element_type=\"column\" data-e-type=\"column\">\n\t\t\t<div class=\"elementor-widget-wrap elementor-element-populated\">\n\t\t\t\t\t\t<div class=\"elementor-element elementor-element-1255174d elementor-widget elementor-widget-image\" data-id=\"1255174d\" data-element_type=\"widget\" data-e-type=\"widget\" data-widget_type=\"image.default\">\n\t\t\t\t<div class=\"elementor-widget-container\">\n\t\t\t\t\t\t\t\t\t\t\t\t\t\t\t\t<a href=\"https:\/\/www.npninfo.nl\/\" target=\"_blank\">\n\t\t\t\t\t\t\t<img decoding=\"async\" width=\"1024\" height=\"508\" src=\"https:\/\/skelsupplements.nl\/wp-content\/uploads\/2024\/11\/logo-NPN-1024x508.jpg\" class=\"attachment-large size-large wp-image-6755\" alt=\"\" srcset=\"https:\/\/skelsupplements.nl\/wp-content\/uploads\/2024\/11\/logo-NPN-1024x508.jpg 1024w, https:\/\/skelsupplements.nl\/wp-content\/uploads\/2024\/11\/logo-NPN-300x149.jpg 300w, https:\/\/skelsupplements.nl\/wp-content\/uploads\/2024\/11\/logo-NPN-768x381.jpg 768w, https:\/\/skelsupplements.nl\/wp-content\/uploads\/2024\/11\/logo-NPN-1536x762.jpg 1536w, https:\/\/skelsupplements.nl\/wp-content\/uploads\/2024\/11\/logo-NPN.jpg 1548w\" sizes=\"(max-width: 1024px) 100vw, 1024px\" \/>\t\t\t\t\t\t\t\t<\/a>\n\t\t\t\t\t\t\t\t\t\t\t\t\t\t\t<\/div>\n\t\t\t\t<\/div>\n\t\t\t\t\t<\/div>\n\t\t<\/div>\n\t\t\t\t<div class=\"elementor-column elementor-col-33 elementor-top-column elementor-element elementor-element-338da341\" data-id=\"338da341\" data-element_type=\"column\" data-e-type=\"column\">\n\t\t\t<div class=\"elementor-widget-wrap elementor-element-populated\">\n\t\t\t\t\t\t<div class=\"elementor-element elementor-element-3520e74b elementor-widget elementor-widget-image\" data-id=\"3520e74b\" data-element_type=\"widget\" data-e-type=\"widget\" data-widget_type=\"image.default\">\n\t\t\t\t<div class=\"elementor-widget-container\">\n\t\t\t\t\t\t\t\t\t\t\t\t\t\t\t\t<a href=\"https:\/\/www.ivg-info.nl\/\" target=\"_blank\">\n\t\t\t\t\t\t\t<img decoding=\"async\" width=\"1024\" height=\"508\" src=\"https:\/\/skelsupplements.nl\/wp-content\/uploads\/2024\/11\/logo-IVG-1024x508.jpg\" class=\"attachment-large size-large wp-image-6759\" alt=\"\" srcset=\"https:\/\/skelsupplements.nl\/wp-content\/uploads\/2024\/11\/logo-IVG-1024x508.jpg 1024w, https:\/\/skelsupplements.nl\/wp-content\/uploads\/2024\/11\/logo-IVG-300x149.jpg 300w, https:\/\/skelsupplements.nl\/wp-content\/uploads\/2024\/11\/logo-IVG-768x381.jpg 768w, https:\/\/skelsupplements.nl\/wp-content\/uploads\/2024\/11\/logo-IVG-1536x762.jpg 1536w, https:\/\/skelsupplements.nl\/wp-content\/uploads\/2024\/11\/logo-IVG.jpg 1548w\" sizes=\"(max-width: 1024px) 100vw, 1024px\" \/>\t\t\t\t\t\t\t\t<\/a>\n\t\t\t\t\t\t\t\t\t\t\t\t\t\t\t<\/div>\n\t\t\t\t<\/div>\n\t\t\t\t\t<\/div>\n\t\t<\/div>\n\t\t\t\t\t<\/div>\n\t\t<\/section>\n\t\t\t\t<\/div>\n\t\t","protected":false},"excerpt":{"rendered":"<p>Qualit\u00e9 du suppl\u00e9ment Forts de la connaissance commune des ann\u00e9es d&rsquo;exp\u00e9rience de nos entreprises, nous garantissons des conseils d&rsquo;experts du d\u00e9veloppement du produit au produit final et \u00e0 l&#8217;emballage conform\u00e9ment&#8230;<\/p>\n","protected":false},"author":1,"featured_media":0,"parent":0,"menu_order":0,"comment_status":"closed","ping_status":"closed","template":"","meta":{"footnotes":""},"class_list":["post-3742","page","type-page","status-publish"],"yoast_head":"<!-- This site is optimized with the Yoast SEO plugin v27.4 - https:\/\/yoast.com\/product\/yoast-seo-wordpress\/ -->\n<title>Les suppl\u00e9ments qualitatifs et la m\u00e9thode des suppl\u00e9ments SKEL Supplements<\/title>\n<meta name=\"description\" content=\"Nous fournissons des produits naturels, biologiques et de haute qualit\u00e9 avec un d\u00e9lai minimum pour le meilleur rapport qualit\u00e9-prix.\" \/>\n<meta name=\"robots\" content=\"index, follow, max-snippet:-1, max-image-preview:large, max-video-preview:-1\" \/>\n<link rel=\"canonical\" href=\"https:\/\/skelsupplements.nl\/fr\/qualite\/\" \/>\n<meta property=\"og:locale\" content=\"fr_FR\" \/>\n<meta property=\"og:type\" content=\"article\" \/>\n<meta property=\"og:title\" content=\"Les suppl\u00e9ments qualitatifs et la m\u00e9thode des suppl\u00e9ments SKEL Supplements\" \/>\n<meta property=\"og:description\" content=\"Nous fournissons des produits naturels, biologiques et de haute qualit\u00e9 avec un d\u00e9lai minimum pour le meilleur rapport qualit\u00e9-prix.\" \/>\n<meta property=\"og:url\" content=\"https:\/\/skelsupplements.nl\/fr\/qualite\/\" \/>\n<meta property=\"og:site_name\" content=\"SKEL Supplements\" \/>\n<meta property=\"article:modified_time\" content=\"2024-11-15T12:45:52+00:00\" \/>\n<meta property=\"og:image\" content=\"https:\/\/skelsupplements.nl\/wp-content\/uploads\/2024\/11\/Logo-fssc-2000.jpg\" \/>\n\t<meta property=\"og:image:width\" content=\"1548\" \/>\n\t<meta property=\"og:image:height\" content=\"768\" \/>\n\t<meta property=\"og:image:type\" content=\"image\/jpeg\" \/>\n<meta name=\"twitter:card\" content=\"summary_large_image\" \/>\n<meta name=\"twitter:label1\" content=\"Dur\u00e9e de lecture estim\u00e9e\" \/>\n\t<meta name=\"twitter:data1\" content=\"3 minutes\" \/>\n<script type=\"application\/ld+json\" class=\"yoast-schema-graph\">{\"@context\":\"https:\\\/\\\/schema.org\",\"@graph\":[{\"@type\":\"WebPage\",\"@id\":\"https:\\\/\\\/skelsupplements.nl\\\/fr\\\/qualite\\\/\",\"url\":\"https:\\\/\\\/skelsupplements.nl\\\/fr\\\/qualite\\\/\",\"name\":\"Les suppl\u00e9ments qualitatifs et la m\u00e9thode des suppl\u00e9ments SKEL Supplements\",\"isPartOf\":{\"@id\":\"https:\\\/\\\/skelsupplements.nl\\\/fr\\\/#website\"},\"primaryImageOfPage\":{\"@id\":\"https:\\\/\\\/skelsupplements.nl\\\/fr\\\/qualite\\\/#primaryimage\"},\"image\":{\"@id\":\"https:\\\/\\\/skelsupplements.nl\\\/fr\\\/qualite\\\/#primaryimage\"},\"thumbnailUrl\":\"https:\\\/\\\/skelsupplements.nl\\\/wp-content\\\/uploads\\\/2024\\\/11\\\/Logo-fssc-2000-1024x508.jpg\",\"datePublished\":\"2021-07-11T15:26:55+00:00\",\"dateModified\":\"2024-11-15T12:45:52+00:00\",\"description\":\"Nous fournissons des produits naturels, biologiques et de haute qualit\u00e9 avec un d\u00e9lai minimum pour le meilleur rapport qualit\u00e9-prix.\",\"breadcrumb\":{\"@id\":\"https:\\\/\\\/skelsupplements.nl\\\/fr\\\/qualite\\\/#breadcrumb\"},\"inLanguage\":\"fr-FR\",\"potentialAction\":[{\"@type\":\"ReadAction\",\"target\":[\"https:\\\/\\\/skelsupplements.nl\\\/fr\\\/qualite\\\/\"]}]},{\"@type\":\"ImageObject\",\"inLanguage\":\"fr-FR\",\"@id\":\"https:\\\/\\\/skelsupplements.nl\\\/fr\\\/qualite\\\/#primaryimage\",\"url\":\"https:\\\/\\\/skelsupplements.nl\\\/wp-content\\\/uploads\\\/2024\\\/11\\\/Logo-fssc-2000-1024x508.jpg\",\"contentUrl\":\"https:\\\/\\\/skelsupplements.nl\\\/wp-content\\\/uploads\\\/2024\\\/11\\\/Logo-fssc-2000-1024x508.jpg\"},{\"@type\":\"BreadcrumbList\",\"@id\":\"https:\\\/\\\/skelsupplements.nl\\\/fr\\\/qualite\\\/#breadcrumb\",\"itemListElement\":[{\"@type\":\"ListItem\",\"position\":1,\"name\":\"Home\",\"item\":\"https:\\\/\\\/skelsupplements.nl\\\/fr\\\/domicile\\\/\"},{\"@type\":\"ListItem\",\"position\":2,\"name\":\"Qualit\u00e9\"}]},{\"@type\":\"WebSite\",\"@id\":\"https:\\\/\\\/skelsupplements.nl\\\/fr\\\/#website\",\"url\":\"https:\\\/\\\/skelsupplements.nl\\\/fr\\\/\",\"name\":\"SKEL Supplements | Private label supplementen producent\",\"description\":\"Verpakken van supplementen\",\"publisher\":{\"@id\":\"https:\\\/\\\/skelsupplements.nl\\\/fr\\\/#organization\"},\"potentialAction\":[{\"@type\":\"SearchAction\",\"target\":{\"@type\":\"EntryPoint\",\"urlTemplate\":\"https:\\\/\\\/skelsupplements.nl\\\/fr\\\/?s={search_term_string}\"},\"query-input\":{\"@type\":\"PropertyValueSpecification\",\"valueRequired\":true,\"valueName\":\"search_term_string\"}}],\"inLanguage\":\"fr-FR\"},{\"@type\":\"Organization\",\"@id\":\"https:\\\/\\\/skelsupplements.nl\\\/fr\\\/#organization\",\"name\":\"SKEL Supplements\",\"url\":\"https:\\\/\\\/skelsupplements.nl\\\/fr\\\/\",\"logo\":{\"@type\":\"ImageObject\",\"inLanguage\":\"fr-FR\",\"@id\":\"https:\\\/\\\/skelsupplements.nl\\\/fr\\\/#\\\/schema\\\/logo\\\/image\\\/\",\"url\":\"\",\"contentUrl\":\"\",\"caption\":\"SKEL Supplements\"},\"image\":{\"@id\":\"https:\\\/\\\/skelsupplements.nl\\\/fr\\\/#\\\/schema\\\/logo\\\/image\\\/\"}}]}<\/script>\n<!-- \/ Yoast SEO plugin. -->","yoast_head_json":{"title":"Les suppl\u00e9ments qualitatifs et la m\u00e9thode des suppl\u00e9ments SKEL Supplements","description":"Nous fournissons des produits naturels, biologiques et de haute qualit\u00e9 avec un d\u00e9lai minimum pour le meilleur rapport qualit\u00e9-prix.","robots":{"index":"index","follow":"follow","max-snippet":"max-snippet:-1","max-image-preview":"max-image-preview:large","max-video-preview":"max-video-preview:-1"},"canonical":"https:\/\/skelsupplements.nl\/fr\/qualite\/","og_locale":"fr_FR","og_type":"article","og_title":"Les suppl\u00e9ments qualitatifs et la m\u00e9thode des suppl\u00e9ments SKEL Supplements","og_description":"Nous fournissons des produits naturels, biologiques et de haute qualit\u00e9 avec un d\u00e9lai minimum pour le meilleur rapport qualit\u00e9-prix.","og_url":"https:\/\/skelsupplements.nl\/fr\/qualite\/","og_site_name":"SKEL Supplements","article_modified_time":"2024-11-15T12:45:52+00:00","og_image":[{"width":1548,"height":768,"url":"https:\/\/skelsupplements.nl\/wp-content\/uploads\/2024\/11\/Logo-fssc-2000.jpg","type":"image\/jpeg"}],"twitter_card":"summary_large_image","twitter_misc":{"Dur\u00e9e de lecture estim\u00e9e":"3 minutes"},"schema":{"@context":"https:\/\/schema.org","@graph":[{"@type":"WebPage","@id":"https:\/\/skelsupplements.nl\/fr\/qualite\/","url":"https:\/\/skelsupplements.nl\/fr\/qualite\/","name":"Les suppl\u00e9ments qualitatifs et la m\u00e9thode des suppl\u00e9ments SKEL Supplements","isPartOf":{"@id":"https:\/\/skelsupplements.nl\/fr\/#website"},"primaryImageOfPage":{"@id":"https:\/\/skelsupplements.nl\/fr\/qualite\/#primaryimage"},"image":{"@id":"https:\/\/skelsupplements.nl\/fr\/qualite\/#primaryimage"},"thumbnailUrl":"https:\/\/skelsupplements.nl\/wp-content\/uploads\/2024\/11\/Logo-fssc-2000-1024x508.jpg","datePublished":"2021-07-11T15:26:55+00:00","dateModified":"2024-11-15T12:45:52+00:00","description":"Nous fournissons des produits naturels, biologiques et de haute qualit\u00e9 avec un d\u00e9lai minimum pour le meilleur rapport qualit\u00e9-prix.","breadcrumb":{"@id":"https:\/\/skelsupplements.nl\/fr\/qualite\/#breadcrumb"},"inLanguage":"fr-FR","potentialAction":[{"@type":"ReadAction","target":["https:\/\/skelsupplements.nl\/fr\/qualite\/"]}]},{"@type":"ImageObject","inLanguage":"fr-FR","@id":"https:\/\/skelsupplements.nl\/fr\/qualite\/#primaryimage","url":"https:\/\/skelsupplements.nl\/wp-content\/uploads\/2024\/11\/Logo-fssc-2000-1024x508.jpg","contentUrl":"https:\/\/skelsupplements.nl\/wp-content\/uploads\/2024\/11\/Logo-fssc-2000-1024x508.jpg"},{"@type":"BreadcrumbList","@id":"https:\/\/skelsupplements.nl\/fr\/qualite\/#breadcrumb","itemListElement":[{"@type":"ListItem","position":1,"name":"Home","item":"https:\/\/skelsupplements.nl\/fr\/domicile\/"},{"@type":"ListItem","position":2,"name":"Qualit\u00e9"}]},{"@type":"WebSite","@id":"https:\/\/skelsupplements.nl\/fr\/#website","url":"https:\/\/skelsupplements.nl\/fr\/","name":"SKEL Supplements | Private label supplementen producent","description":"Verpakken van supplementen","publisher":{"@id":"https:\/\/skelsupplements.nl\/fr\/#organization"},"potentialAction":[{"@type":"SearchAction","target":{"@type":"EntryPoint","urlTemplate":"https:\/\/skelsupplements.nl\/fr\/?s={search_term_string}"},"query-input":{"@type":"PropertyValueSpecification","valueRequired":true,"valueName":"search_term_string"}}],"inLanguage":"fr-FR"},{"@type":"Organization","@id":"https:\/\/skelsupplements.nl\/fr\/#organization","name":"SKEL Supplements","url":"https:\/\/skelsupplements.nl\/fr\/","logo":{"@type":"ImageObject","inLanguage":"fr-FR","@id":"https:\/\/skelsupplements.nl\/fr\/#\/schema\/logo\/image\/","url":"","contentUrl":"","caption":"SKEL Supplements"},"image":{"@id":"https:\/\/skelsupplements.nl\/fr\/#\/schema\/logo\/image\/"}}]}},"_links":{"self":[{"href":"https:\/\/skelsupplements.nl\/fr\/wp-json\/wp\/v2\/pages\/3742","targetHints":{"allow":["GET"]}}],"collection":[{"href":"https:\/\/skelsupplements.nl\/fr\/wp-json\/wp\/v2\/pages"}],"about":[{"href":"https:\/\/skelsupplements.nl\/fr\/wp-json\/wp\/v2\/types\/page"}],"author":[{"embeddable":true,"href":"https:\/\/skelsupplements.nl\/fr\/wp-json\/wp\/v2\/users\/1"}],"replies":[{"embeddable":true,"href":"https:\/\/skelsupplements.nl\/fr\/wp-json\/wp\/v2\/comments?post=3742"}],"version-history":[{"count":9,"href":"https:\/\/skelsupplements.nl\/fr\/wp-json\/wp\/v2\/pages\/3742\/revisions"}],"predecessor-version":[{"id":6828,"href":"https:\/\/skelsupplements.nl\/fr\/wp-json\/wp\/v2\/pages\/3742\/revisions\/6828"}],"wp:attachment":[{"href":"https:\/\/skelsupplements.nl\/fr\/wp-json\/wp\/v2\/media?parent=3742"}],"curies":[{"name":"wp","href":"https:\/\/api.w.org\/{rel}","templated":true}]}}