{"id":3749,"date":"2021-07-11T17:26:57","date_gmt":"2021-07-11T15:26:57","guid":{"rendered":"https:\/\/skelsupplements.nl\/cloque\/"},"modified":"2023-10-28T16:09:38","modified_gmt":"2023-10-28T14:09:38","slug":"cloque","status":"publish","type":"page","link":"https:\/\/skelsupplements.nl\/fr\/cloque\/","title":{"rendered":"blister"},"content":{"rendered":"\t\t<div data-elementor-type=\"wp-post\" data-elementor-id=\"3749\" class=\"elementor elementor-3749 elementor-2111\" data-elementor-post-type=\"page\">\n\t\t\t\t\t\t<section class=\"elementor-section elementor-top-section elementor-element elementor-element-1f3cd521 elementor-section-full_width elementor-section-height-min-height elementor-section-stretched elementor-section-height-default elementor-section-items-middle\" data-id=\"1f3cd521\" data-element_type=\"section\" data-e-type=\"section\" data-settings=\"{&quot;stretch_section&quot;:&quot;section-stretched&quot;,&quot;background_background&quot;:&quot;classic&quot;,&quot;background_motion_fx_motion_fx_scrolling&quot;:&quot;yes&quot;,&quot;background_motion_fx_translateY_effect&quot;:&quot;yes&quot;,&quot;background_motion_fx_translateY_direction&quot;:&quot;negative&quot;,&quot;background_motion_fx_translateY_speed&quot;:{&quot;unit&quot;:&quot;px&quot;,&quot;size&quot;:4,&quot;sizes&quot;:[]},&quot;background_motion_fx_translateY_affectedRange&quot;:{&quot;unit&quot;:&quot;%&quot;,&quot;size&quot;:&quot;&quot;,&quot;sizes&quot;:{&quot;start&quot;:0,&quot;end&quot;:100}},&quot;background_motion_fx_devices&quot;:[&quot;desktop&quot;,&quot;tablet&quot;,&quot;mobile&quot;]}\">\n\t\t\t\t\t\t<div class=\"elementor-container elementor-column-gap-default\">\n\t\t\t\t\t<div class=\"elementor-column elementor-col-100 elementor-top-column elementor-element elementor-element-8fc5b54\" data-id=\"8fc5b54\" data-element_type=\"column\" data-e-type=\"column\">\n\t\t\t<div class=\"elementor-widget-wrap\">\n\t\t\t\t\t\t\t<\/div>\n\t\t<\/div>\n\t\t\t\t\t<\/div>\n\t\t<\/section>\n\t\t\t\t<section class=\"elementor-section elementor-top-section elementor-element elementor-element-073012a elementor-section-stretched elementor-section-boxed elementor-section-height-default elementor-section-height-default\" data-id=\"073012a\" data-element_type=\"section\" data-e-type=\"section\" data-settings=\"{&quot;stretch_section&quot;:&quot;section-stretched&quot;,&quot;background_background&quot;:&quot;classic&quot;}\">\n\t\t\t\t\t\t<div class=\"elementor-container elementor-column-gap-extended\">\n\t\t\t\t\t<div class=\"elementor-column elementor-col-100 elementor-top-column elementor-element elementor-element-b33df8d\" data-id=\"b33df8d\" data-element_type=\"column\" data-e-type=\"column\">\n\t\t\t<div class=\"elementor-widget-wrap elementor-element-populated\">\n\t\t\t\t\t\t<div class=\"elementor-element elementor-element-eaac391 elementor-widget elementor-widget-heading\" data-id=\"eaac391\" data-element_type=\"widget\" data-e-type=\"widget\" data-widget_type=\"heading.default\">\n\t\t\t\t<div class=\"elementor-widget-container\">\n\t\t\t\t\t<h1 class=\"elementor-heading-title elementor-size-large\">blister<\/h1>\t\t\t\t<\/div>\n\t\t\t\t<\/div>\n\t\t\t\t\t<\/div>\n\t\t<\/div>\n\t\t\t\t\t<\/div>\n\t\t<\/section>\n\t\t\t\t<section class=\"elementor-section elementor-top-section elementor-element elementor-element-2de4f4f elementor-section-stretched elementor-section-boxed elementor-section-height-default elementor-section-height-default\" data-id=\"2de4f4f\" data-element_type=\"section\" data-e-type=\"section\" data-settings=\"{&quot;stretch_section&quot;:&quot;section-stretched&quot;,&quot;background_background&quot;:&quot;classic&quot;}\">\n\t\t\t\t\t\t<div class=\"elementor-container elementor-column-gap-extended\">\n\t\t\t\t\t<div class=\"elementor-column elementor-col-100 elementor-top-column elementor-element elementor-element-08df4fa\" data-id=\"08df4fa\" data-element_type=\"column\" data-e-type=\"column\">\n\t\t\t<div class=\"elementor-widget-wrap elementor-element-populated\">\n\t\t\t\t\t\t<div class=\"elementor-element elementor-element-a9aadaa elementor-widget elementor-widget-breadcrumbs\" data-id=\"a9aadaa\" data-element_type=\"widget\" data-e-type=\"widget\" data-widget_type=\"breadcrumbs.default\">\n\t\t\t\t<div class=\"elementor-widget-container\">\n\t\t\t\t\t<p id=\"breadcrumbs\"><span><span><a href=\"https:\/\/skelsupplements.nl\/fr\/domicile\/\">Home<\/a><\/span><\/span><\/p>\t\t\t\t<\/div>\n\t\t\t\t<\/div>\n\t\t\t\t<div class=\"elementor-element elementor-element-981c7a5 elementor-widget elementor-widget-spacer\" data-id=\"981c7a5\" data-element_type=\"widget\" data-e-type=\"widget\" data-widget_type=\"spacer.default\">\n\t\t\t\t<div class=\"elementor-widget-container\">\n\t\t\t\t\t\t\t<div class=\"elementor-spacer\">\n\t\t\t<div class=\"elementor-spacer-inner\"><\/div>\n\t\t<\/div>\n\t\t\t\t\t\t<\/div>\n\t\t\t\t<\/div>\n\t\t\t\t\t<\/div>\n\t\t<\/div>\n\t\t\t\t\t<\/div>\n\t\t<\/section>\n\t\t\t\t<section class=\"elementor-section elementor-top-section elementor-element elementor-element-6503adf elementor-section-stretched elementor-section-boxed elementor-section-height-default elementor-section-height-default\" data-id=\"6503adf\" data-element_type=\"section\" data-e-type=\"section\" data-settings=\"{&quot;stretch_section&quot;:&quot;section-stretched&quot;,&quot;background_background&quot;:&quot;classic&quot;}\">\n\t\t\t\t\t\t<div class=\"elementor-container elementor-column-gap-extended\">\n\t\t\t\t\t<div class=\"elementor-column elementor-col-100 elementor-top-column elementor-element elementor-element-94133c2\" data-id=\"94133c2\" data-element_type=\"column\" data-e-type=\"column\" data-settings=\"{&quot;animation&quot;:&quot;none&quot;}\">\n\t\t\t<div class=\"elementor-widget-wrap elementor-element-populated\">\n\t\t\t\t\t\t<div class=\"elementor-element elementor-element-5afcd70 elementor-widget elementor-widget-text-editor\" data-id=\"5afcd70\" data-element_type=\"widget\" data-e-type=\"widget\" data-widget_type=\"text-editor.default\">\n\t\t\t\t<div class=\"elementor-widget-container\">\n\t\t\t\t\t\t\t\t\t<h2><img fetchpriority=\"high\" decoding=\"async\" class=\"alignright wp-image-2117\" src=\"https:\/\/skelsupplements.nl\/new\/wp-content\/uploads\/2021\/05\/blisteren.jpg\" alt=\"blister\" width=\"500\" height=\"348\" srcset=\"https:\/\/skelsupplements.nl\/wp-content\/uploads\/2021\/05\/blisteren.jpg 800w, https:\/\/skelsupplements.nl\/wp-content\/uploads\/2021\/05\/blisteren-300x209.jpg 300w, https:\/\/skelsupplements.nl\/wp-content\/uploads\/2021\/05\/blisteren-768x534.jpg 768w, https:\/\/skelsupplements.nl\/wp-content\/uploads\/2021\/05\/blisteren-600x417.jpg 600w, https:\/\/skelsupplements.nl\/wp-content\/uploads\/2021\/05\/blisteren-200x139.jpg 200w\" sizes=\"(max-width: 500px) 100vw, 500px\" \/><\/h2>\n<p><span style=\"font-weight: 400;\">Il semble<strong> cloque<\/strong> de vos comprim\u00e9s ou g\u00e9lules vous avez une bonne id\u00e9e ? Les blisters sont constitu\u00e9s de deux couches de mat\u00e9riau entre lesquelles se forment des \u00ab\u00a0v\u00e9sicules\u00a0\u00bb sous vide. Vos g\u00e9lules ou comprim\u00e9s sont trait\u00e9s dans ces blisters. Ceci est possible dans diff\u00e9rentes tailles, mat\u00e9riaux et couleurs. SKEL Supplements est heureux de vous aider dans ce processus. Nous vous conseillons \u00e9galement sur la bonne m\u00e9thode pour votre compl\u00e9ment alimentaire, compl\u00e9ment animal ou compl\u00e9ment de marque maison.<\/span><\/p>\n<p><span style=\"font-weight: 400;\">Externaliser l&rsquo;ensemble du processus de production ? C&rsquo;est \u00e9galement possible chez SKEL Supplements Nous transformons vos substances en poudres ou granul\u00e9s, les encapsulons ou les comprim\u00e9s puis les traitons dans un<strong> blister<\/strong>. Qu&rsquo;il s&rsquo;agisse d&rsquo;une grande ou d&rsquo;une petite \u00e9dition. De cette fa\u00e7on, vous pouvez \u00eatre s\u00fbr que toutes les \u00e9tapes du processus sont connect\u00e9es les unes aux autres. Par exemple, certains ingr\u00e9dients des compl\u00e9ments ne se m\u00e9langent pas avec certains mat\u00e9riaux ou techniques de traitement.&nbsp;<\/span><\/p>\n<p><span style=\"font-weight: 400;\">Quels sont les avantages de cloquer vos compl\u00e9ments alimentaires ?<\/span><\/p>\n<h2>Avantages du blister<\/h2>\n<p><span style=\"font-weight: 400;\">Quels sont les avantages du<strong>blisters<\/strong> par rapport aux comprim\u00e9s ou g\u00e9lules sans blister? Vous pouvez envisager de passer par l&rsquo;\u00e9tape de production suppl\u00e9mentaire, le cloquage, apr\u00e8s l&rsquo;encapsulation ou la mise en comprim\u00e9s, pour diverses raisons. Nous en soulignons quelques-uns pour vous.<\/span><\/p>\n<h3>&nbsp;<\/h3>\n<ul>\n<li aria-level=\"1\">\n<h3>Emballage empilable<\/h3>\n<\/li>\n<\/ul>\n<p><span style=\"font-weight: 400;\">Les blisters sont tr\u00e8s pratiques d&rsquo;un point de vue logistique. Les comprim\u00e9s ou les g\u00e9lules se retrouvent rapidement dans des pots plus grands. Cela fonctionne diff\u00e9remment avec les blisters. Il est plus facile de num\u00e9riser et d&#8217;empiler des bo\u00eetes rectangulaires et plates qu&rsquo;avec des pots ronds et hauts. La distribution de ces bo\u00eetes est donc plus facile et moins ch\u00e8re.<\/span><\/p>\n<ul>\n<li>\n<h3>Passe dans la bo\u00eete aux lettres<\/h3>\n<\/li>\n<\/ul>\n<p><span style=\"font-weight: 400;\">Les blisters plats ont un autre grand avantage : ils passent dans la bo\u00eete aux lettres. Cela rend l&rsquo;envoi de compl\u00e9ments alimentaires (pour animaux) aux clients moins cher et plus facile. De plus, personne ne doit \u00eatre \u00e0 la maison pour la r\u00e9ception.<\/span><\/p>\n<ul>\n<li aria-level=\"1\">\n<h3>Aspect unique<\/h3>\n<\/li>\n<\/ul>\n<p><span style=\"font-weight: 400;\">Blister vos suppl\u00e9ments apporte \u00e9galement des avantages commerciaux. Certaines entreprises optent pour le blister en raison d&rsquo;un aspect fiable et luxueux. La bo\u00eete en carton a donc un aspect tr\u00e8s diff\u00e9rent de celui, par exemple, d&rsquo;un pot de comprim\u00e9s en plastique. Il offre \u00e9galement d&rsquo;autres possibilit\u00e9s de marquage, puisque vous pouvez imprimer l&rsquo;ensemble de la bo\u00eete.&nbsp;<\/span><\/p>\n<ul>\n<li aria-level=\"1\">\n<h3>Dur\u00e9e de conservation plus longue<\/h3>\n<\/li>\n<\/ul>\n<p><span style=\"font-weight: 400;\">Le dernier avantage, mais peut-\u00eatre le plus pr\u00e9cieux, r\u00e9side dans l&#8217;emballage sous vide. Les g\u00e9lules ou les comprim\u00e9s sous blister se conservent plus longtemps et sont tr\u00e8s faciles \u00e0 sortir de l&#8217;emballage. Cette \u00e9tape de production suppl\u00e9mentaire permet d&rsquo;\u00e9viter les d\u00e9chets \u00e0 l&rsquo;avenir. De plus, vous prot\u00e9gez les suppl\u00e9ments des influences ext\u00e9rieures, telles que l&rsquo;humidit\u00e9.<\/span><\/p>\n<h2>Blister avec diff\u00e9rents mat\u00e9riaux<img decoding=\"async\" class=\"alignleft wp-image-2130\" src=\"https:\/\/skelsupplements.nl\/new\/wp-content\/uploads\/2021\/05\/blisterverpakking.jpg\" alt=\"blister\" width=\"500\" height=\"750\" srcset=\"https:\/\/skelsupplements.nl\/wp-content\/uploads\/2021\/05\/blisterverpakking.jpg 533w, https:\/\/skelsupplements.nl\/wp-content\/uploads\/2021\/05\/blisterverpakking-200x300.jpg 200w\" sizes=\"(max-width: 500px) 100vw, 500px\" \/><\/h2>\n<p><span style=\"font-weight: 400;\">Avez-vous des id\u00e9es sur les mat\u00e9riaux de blister souhait\u00e9s? SKEL Supplements offre de nombreuses possibilit\u00e9s en mati\u00e8re de mat\u00e9riaux. Par exemple, il existe des blisters en PVC ou en aluminium, ou une combinaison des deux. Mais il y a plus de possibilit\u00e9s. Faites-nous savoir ce que vous pr\u00e9f\u00e9rez et nous verrons ensemble ce qui est possible.<\/span><\/p>\n<p><span style=\"font-weight: 400;\">Veuillez noter qu&rsquo;il n&rsquo;est pas possible dans tous les cas d&rsquo;utiliser de l&rsquo;aluminium pour le blister. Les substances actives de certains comprim\u00e9s blister peuvent avoir des r\u00e9actions ind\u00e9sirables avec ce produit. Nous sommes heureux d&rsquo;y r\u00e9fl\u00e9chir avec vous.&nbsp;<\/span><\/p>\n<h2>Votre format pr\u00e9f\u00e9r\u00e9<\/h2>\n<p><span style=\"font-weight: 400;\">Chez SKEL Supplements, nous essayons toujours de r\u00e9pondre aux exigences de taille de nos clients. Le blister est possible avec toutes les tailles de g\u00e9lules et de comprim\u00e9s. Il existe \u00e9galement plusieurs options en termes de \u00ab\u00a0disposition\u00a0\u00bb du blister.&nbsp;<\/span><\/p>\n<h2>Blister une \u00e9dition plus petite ?<\/h2>\n<p><span style=\"font-weight: 400;\">Il n&rsquo;est pas toujours possible de mettre sous blister les petits tirages. Le processus de production, les co\u00fbts d&rsquo;installation des machines et les co\u00fbts des mat\u00e9riaux ne le permettent pas dans certaines situations. Nous serions <\/span><span style=\"font-weight: 400;\">heureux de discuter des options<\/span> <span style=\"font-weight: 400;\">lors d\u2019une consultation sans engagement.&nbsp;<\/span><\/p>\n<h2>Capsule, comprim\u00e9 et blister<\/h2>\n<p><span style=\"font-weight: 400;\">SKEL Supplements vous d\u00e9charge de l&rsquo;ensemble du processus de production : de la granulation au blister. Gr\u00e2ce \u00e0 notre vaste exp\u00e9rience, nous savons de quoi nous parlons. Apr\u00e8s <\/span><span style=\"font-weight: 400;\">encapsuler<\/span><span style=\"font-weight: 400;\"> et<\/span><span style=\"font-weight: 400;\"> tablette<\/span><span style=\"font-weight: 400;\">, nous emballons vos suppl\u00e9ments comme vous le souhaitez. Nous sommes donc heureux de vous conseiller sur les diff\u00e9rentes options de mat\u00e9riaux et de techniques de production pour votre suppl\u00e9ment. Si le cloquage vous semble une bonne option, nous serions heureux de vous conseiller davantage.<\/span><\/p>\n<h2>Fabriquez des emballages blister avec votre propre logo<\/h2>\n<p><span style=\"font-weight: 400;\">Votre suppl\u00e9ment sera-t-il bient\u00f4t disponible dans les magasins ou le vendrez-vous par l&rsquo;interm\u00e9diaire via votre propre site Internet? Quels que soient vos plans, le marketing et l&rsquo;image de marque sont n\u00e9cessaires. Qu&rsquo;est-ce que votre emballage blister doit apporter au client ? Nous imprimons des blisters enti\u00e8rement selon vos besoins. Par exemple, nous traitons votre logo, les couleurs de style maison et les informations sur les produits.<\/span><\/p>\n<p><span style=\"font-weight: 400;\">Vous \u00eates curieux de conna\u00eetre les options de blister pour votre produit, vous n&rsquo;\u00eates toujours pas s\u00fbr ou vous avez d&rsquo;autres questions sur le blister ? SKEL Supplements aime r\u00e9fl\u00e9chir avec vous. Allez-y doucement <\/span><span style=\"font-weight: 400;\">Contacter<\/span><span style=\"font-weight: 400;\"> contactez l&rsquo;un de nos sp\u00e9cialistes internes.<\/span><\/p>\t\t\t\t\t\t\t\t<\/div>\n\t\t\t\t<\/div>\n\t\t\t\t<div class=\"elementor-element elementor-element-b7afba5 elementor-widget elementor-widget-spacer\" data-id=\"b7afba5\" data-element_type=\"widget\" data-e-type=\"widget\" data-widget_type=\"spacer.default\">\n\t\t\t\t<div class=\"elementor-widget-container\">\n\t\t\t\t\t\t\t<div class=\"elementor-spacer\">\n\t\t\t<div class=\"elementor-spacer-inner\"><\/div>\n\t\t<\/div>\n\t\t\t\t\t\t<\/div>\n\t\t\t\t<\/div>\n\t\t\t\t\t<\/div>\n\t\t<\/div>\n\t\t\t\t\t<\/div>\n\t\t<\/section>\n\t\t\t\t<\/div>\n\t\t","protected":false},"excerpt":{"rendered":"<p>blister Il semble cloque de vos comprim\u00e9s ou g\u00e9lules vous avez une bonne id\u00e9e ? Les blisters sont constitu\u00e9s de deux couches de mat\u00e9riau entre lesquelles se forment des \u00ab\u00a0v\u00e9sicules\u00a0\u00bb&#8230;<\/p>\n","protected":false},"author":1,"featured_media":3322,"parent":0,"menu_order":0,"comment_status":"closed","ping_status":"closed","template":"","meta":{"footnotes":""},"class_list":["post-3749","page","type-page","status-publish","has-post-thumbnail"],"yoast_head":"<!-- This site is optimized with the Yoast SEO plugin v27.3 - https:\/\/yoast.com\/product\/yoast-seo-wordpress\/ -->\n<title>Blister de suppl\u00e9ments<\/title>\n<meta name=\"description\" content=\"Faire r\u00e9aliser un blister | SKEL Supplements | Externaliser l&#039;ensemble du processus de production \u2705 Longue dur\u00e9e de conservation \u2705 Empilable \u2705 Format bo\u00eete aux lettres \u2705\" \/>\n<meta name=\"robots\" content=\"index, follow, max-snippet:-1, max-image-preview:large, max-video-preview:-1\" \/>\n<link rel=\"canonical\" href=\"https:\/\/skelsupplements.nl\/fr\/cloque\/\" \/>\n<meta property=\"og:locale\" content=\"fr_FR\" \/>\n<meta property=\"og:type\" content=\"article\" \/>\n<meta property=\"og:title\" content=\"Blister de suppl\u00e9ments\" \/>\n<meta property=\"og:description\" content=\"Faire r\u00e9aliser un blister | SKEL Supplements | Externaliser l&#039;ensemble du processus de production \u2705 Longue dur\u00e9e de conservation \u2705 Empilable \u2705 Format bo\u00eete aux lettres \u2705\" \/>\n<meta property=\"og:url\" content=\"https:\/\/skelsupplements.nl\/fr\/cloque\/\" \/>\n<meta property=\"og:site_name\" content=\"SKEL Supplements\" \/>\n<meta property=\"article:modified_time\" content=\"2023-10-28T14:09:38+00:00\" \/>\n<meta property=\"og:image\" content=\"https:\/\/skelsupplements.nl\/wp-content\/uploads\/2021\/05\/blisteren.jpg\" \/>\n\t<meta property=\"og:image:width\" content=\"800\" \/>\n\t<meta property=\"og:image:height\" content=\"556\" \/>\n\t<meta property=\"og:image:type\" content=\"image\/jpeg\" \/>\n<meta name=\"twitter:card\" content=\"summary_large_image\" \/>\n<meta name=\"twitter:label1\" content=\"Dur\u00e9e de lecture estim\u00e9e\" \/>\n\t<meta name=\"twitter:data1\" content=\"5 minutes\" \/>\n<script type=\"application\/ld+json\" class=\"yoast-schema-graph\">{\"@context\":\"https:\\\/\\\/schema.org\",\"@graph\":[{\"@type\":\"WebPage\",\"@id\":\"https:\\\/\\\/skelsupplements.nl\\\/fr\\\/cloque\\\/\",\"url\":\"https:\\\/\\\/skelsupplements.nl\\\/fr\\\/cloque\\\/\",\"name\":\"Blister de suppl\u00e9ments\",\"isPartOf\":{\"@id\":\"https:\\\/\\\/skelsupplements.nl\\\/fr\\\/#website\"},\"primaryImageOfPage\":{\"@id\":\"https:\\\/\\\/skelsupplements.nl\\\/fr\\\/cloque\\\/#primaryimage\"},\"image\":{\"@id\":\"https:\\\/\\\/skelsupplements.nl\\\/fr\\\/cloque\\\/#primaryimage\"},\"thumbnailUrl\":\"https:\\\/\\\/skelsupplements.nl\\\/wp-content\\\/uploads\\\/2021\\\/05\\\/blisteren.jpg\",\"datePublished\":\"2021-07-11T15:26:57+00:00\",\"dateModified\":\"2023-10-28T14:09:38+00:00\",\"description\":\"Faire r\u00e9aliser un blister | SKEL Supplements | Externaliser l'ensemble du processus de production \u2705 Longue dur\u00e9e de conservation \u2705 Empilable \u2705 Format bo\u00eete aux lettres \u2705\",\"breadcrumb\":{\"@id\":\"https:\\\/\\\/skelsupplements.nl\\\/fr\\\/cloque\\\/#breadcrumb\"},\"inLanguage\":\"fr-FR\",\"potentialAction\":[{\"@type\":\"ReadAction\",\"target\":[\"https:\\\/\\\/skelsupplements.nl\\\/fr\\\/cloque\\\/\"]}]},{\"@type\":\"ImageObject\",\"inLanguage\":\"fr-FR\",\"@id\":\"https:\\\/\\\/skelsupplements.nl\\\/fr\\\/cloque\\\/#primaryimage\",\"url\":\"https:\\\/\\\/skelsupplements.nl\\\/wp-content\\\/uploads\\\/2021\\\/05\\\/blisteren.jpg\",\"contentUrl\":\"https:\\\/\\\/skelsupplements.nl\\\/wp-content\\\/uploads\\\/2021\\\/05\\\/blisteren.jpg\",\"width\":800,\"height\":556,\"caption\":\"cloque\"},{\"@type\":\"BreadcrumbList\",\"@id\":\"https:\\\/\\\/skelsupplements.nl\\\/fr\\\/cloque\\\/#breadcrumb\",\"itemListElement\":[{\"@type\":\"ListItem\",\"position\":1,\"name\":\"Home\",\"item\":\"https:\\\/\\\/skelsupplements.nl\\\/fr\\\/domicile\\\/\"},{\"@type\":\"ListItem\",\"position\":2,\"name\":\"blister\"}]},{\"@type\":\"WebSite\",\"@id\":\"https:\\\/\\\/skelsupplements.nl\\\/fr\\\/#website\",\"url\":\"https:\\\/\\\/skelsupplements.nl\\\/fr\\\/\",\"name\":\"SKEL Supplements | Private label supplementen producent\",\"description\":\"Verpakken van supplementen\",\"publisher\":{\"@id\":\"https:\\\/\\\/skelsupplements.nl\\\/fr\\\/#organization\"},\"potentialAction\":[{\"@type\":\"SearchAction\",\"target\":{\"@type\":\"EntryPoint\",\"urlTemplate\":\"https:\\\/\\\/skelsupplements.nl\\\/fr\\\/?s={search_term_string}\"},\"query-input\":{\"@type\":\"PropertyValueSpecification\",\"valueRequired\":true,\"valueName\":\"search_term_string\"}}],\"inLanguage\":\"fr-FR\"},{\"@type\":\"Organization\",\"@id\":\"https:\\\/\\\/skelsupplements.nl\\\/fr\\\/#organization\",\"name\":\"SKEL Supplements\",\"url\":\"https:\\\/\\\/skelsupplements.nl\\\/fr\\\/\",\"logo\":{\"@type\":\"ImageObject\",\"inLanguage\":\"fr-FR\",\"@id\":\"https:\\\/\\\/skelsupplements.nl\\\/fr\\\/#\\\/schema\\\/logo\\\/image\\\/\",\"url\":\"\",\"contentUrl\":\"\",\"caption\":\"SKEL Supplements\"},\"image\":{\"@id\":\"https:\\\/\\\/skelsupplements.nl\\\/fr\\\/#\\\/schema\\\/logo\\\/image\\\/\"}}]}<\/script>\n<!-- \/ Yoast SEO plugin. -->","yoast_head_json":{"title":"Blister de suppl\u00e9ments","description":"Faire r\u00e9aliser un blister | SKEL Supplements | Externaliser l'ensemble du processus de production \u2705 Longue dur\u00e9e de conservation \u2705 Empilable \u2705 Format bo\u00eete aux lettres \u2705","robots":{"index":"index","follow":"follow","max-snippet":"max-snippet:-1","max-image-preview":"max-image-preview:large","max-video-preview":"max-video-preview:-1"},"canonical":"https:\/\/skelsupplements.nl\/fr\/cloque\/","og_locale":"fr_FR","og_type":"article","og_title":"Blister de suppl\u00e9ments","og_description":"Faire r\u00e9aliser un blister | SKEL Supplements | Externaliser l'ensemble du processus de production \u2705 Longue dur\u00e9e de conservation \u2705 Empilable \u2705 Format bo\u00eete aux lettres \u2705","og_url":"https:\/\/skelsupplements.nl\/fr\/cloque\/","og_site_name":"SKEL Supplements","article_modified_time":"2023-10-28T14:09:38+00:00","og_image":[{"width":800,"height":556,"url":"https:\/\/skelsupplements.nl\/wp-content\/uploads\/2021\/05\/blisteren.jpg","type":"image\/jpeg"}],"twitter_card":"summary_large_image","twitter_misc":{"Dur\u00e9e de lecture estim\u00e9e":"5 minutes"},"schema":{"@context":"https:\/\/schema.org","@graph":[{"@type":"WebPage","@id":"https:\/\/skelsupplements.nl\/fr\/cloque\/","url":"https:\/\/skelsupplements.nl\/fr\/cloque\/","name":"Blister de suppl\u00e9ments","isPartOf":{"@id":"https:\/\/skelsupplements.nl\/fr\/#website"},"primaryImageOfPage":{"@id":"https:\/\/skelsupplements.nl\/fr\/cloque\/#primaryimage"},"image":{"@id":"https:\/\/skelsupplements.nl\/fr\/cloque\/#primaryimage"},"thumbnailUrl":"https:\/\/skelsupplements.nl\/wp-content\/uploads\/2021\/05\/blisteren.jpg","datePublished":"2021-07-11T15:26:57+00:00","dateModified":"2023-10-28T14:09:38+00:00","description":"Faire r\u00e9aliser un blister | SKEL Supplements | Externaliser l'ensemble du processus de production \u2705 Longue dur\u00e9e de conservation \u2705 Empilable \u2705 Format bo\u00eete aux lettres \u2705","breadcrumb":{"@id":"https:\/\/skelsupplements.nl\/fr\/cloque\/#breadcrumb"},"inLanguage":"fr-FR","potentialAction":[{"@type":"ReadAction","target":["https:\/\/skelsupplements.nl\/fr\/cloque\/"]}]},{"@type":"ImageObject","inLanguage":"fr-FR","@id":"https:\/\/skelsupplements.nl\/fr\/cloque\/#primaryimage","url":"https:\/\/skelsupplements.nl\/wp-content\/uploads\/2021\/05\/blisteren.jpg","contentUrl":"https:\/\/skelsupplements.nl\/wp-content\/uploads\/2021\/05\/blisteren.jpg","width":800,"height":556,"caption":"cloque"},{"@type":"BreadcrumbList","@id":"https:\/\/skelsupplements.nl\/fr\/cloque\/#breadcrumb","itemListElement":[{"@type":"ListItem","position":1,"name":"Home","item":"https:\/\/skelsupplements.nl\/fr\/domicile\/"},{"@type":"ListItem","position":2,"name":"blister"}]},{"@type":"WebSite","@id":"https:\/\/skelsupplements.nl\/fr\/#website","url":"https:\/\/skelsupplements.nl\/fr\/","name":"SKEL Supplements | Private label supplementen producent","description":"Verpakken van supplementen","publisher":{"@id":"https:\/\/skelsupplements.nl\/fr\/#organization"},"potentialAction":[{"@type":"SearchAction","target":{"@type":"EntryPoint","urlTemplate":"https:\/\/skelsupplements.nl\/fr\/?s={search_term_string}"},"query-input":{"@type":"PropertyValueSpecification","valueRequired":true,"valueName":"search_term_string"}}],"inLanguage":"fr-FR"},{"@type":"Organization","@id":"https:\/\/skelsupplements.nl\/fr\/#organization","name":"SKEL Supplements","url":"https:\/\/skelsupplements.nl\/fr\/","logo":{"@type":"ImageObject","inLanguage":"fr-FR","@id":"https:\/\/skelsupplements.nl\/fr\/#\/schema\/logo\/image\/","url":"","contentUrl":"","caption":"SKEL Supplements"},"image":{"@id":"https:\/\/skelsupplements.nl\/fr\/#\/schema\/logo\/image\/"}}]}},"_links":{"self":[{"href":"https:\/\/skelsupplements.nl\/fr\/wp-json\/wp\/v2\/pages\/3749","targetHints":{"allow":["GET"]}}],"collection":[{"href":"https:\/\/skelsupplements.nl\/fr\/wp-json\/wp\/v2\/pages"}],"about":[{"href":"https:\/\/skelsupplements.nl\/fr\/wp-json\/wp\/v2\/types\/page"}],"author":[{"embeddable":true,"href":"https:\/\/skelsupplements.nl\/fr\/wp-json\/wp\/v2\/users\/1"}],"replies":[{"embeddable":true,"href":"https:\/\/skelsupplements.nl\/fr\/wp-json\/wp\/v2\/comments?post=3749"}],"version-history":[{"count":0,"href":"https:\/\/skelsupplements.nl\/fr\/wp-json\/wp\/v2\/pages\/3749\/revisions"}],"wp:featuredmedia":[{"embeddable":true,"href":"https:\/\/skelsupplements.nl\/fr\/wp-json\/wp\/v2\/media\/3322"}],"wp:attachment":[{"href":"https:\/\/skelsupplements.nl\/fr\/wp-json\/wp\/v2\/media?parent=3749"}],"curies":[{"name":"wp","href":"https:\/\/api.w.org\/{rel}","templated":true}]}}