{"id":3755,"date":"2021-07-11T17:26:58","date_gmt":"2021-07-11T15:26:58","guid":{"rendered":"https:\/\/skelsupplements.nl\/capsule\/"},"modified":"2023-10-28T17:46:00","modified_gmt":"2023-10-28T15:46:00","slug":"capsule","status":"publish","type":"page","link":"https:\/\/skelsupplements.nl\/fr\/capsule\/","title":{"rendered":"encapsuler"},"content":{"rendered":"\t\t<div data-elementor-type=\"wp-post\" data-elementor-id=\"3755\" class=\"elementor elementor-3755 elementor-2144\" data-elementor-post-type=\"page\">\n\t\t\t\t\t\t<section class=\"elementor-section elementor-top-section elementor-element elementor-element-2d545caf elementor-section-full_width elementor-section-height-min-height elementor-section-stretched elementor-section-height-default elementor-section-items-middle\" data-id=\"2d545caf\" data-element_type=\"section\" data-e-type=\"section\" data-settings=\"{&quot;stretch_section&quot;:&quot;section-stretched&quot;,&quot;background_background&quot;:&quot;classic&quot;,&quot;background_motion_fx_motion_fx_scrolling&quot;:&quot;yes&quot;,&quot;background_motion_fx_translateY_effect&quot;:&quot;yes&quot;,&quot;background_motion_fx_translateY_direction&quot;:&quot;negative&quot;,&quot;background_motion_fx_translateY_speed&quot;:{&quot;unit&quot;:&quot;px&quot;,&quot;size&quot;:4,&quot;sizes&quot;:[]},&quot;background_motion_fx_translateY_affectedRange&quot;:{&quot;unit&quot;:&quot;%&quot;,&quot;size&quot;:&quot;&quot;,&quot;sizes&quot;:{&quot;start&quot;:0,&quot;end&quot;:100}},&quot;background_motion_fx_devices&quot;:[&quot;desktop&quot;,&quot;tablet&quot;,&quot;mobile&quot;]}\">\n\t\t\t\t\t\t<div class=\"elementor-container elementor-column-gap-default\">\n\t\t\t\t\t<div class=\"elementor-column elementor-col-100 elementor-top-column elementor-element elementor-element-5169cb31\" data-id=\"5169cb31\" data-element_type=\"column\" data-e-type=\"column\">\n\t\t\t<div class=\"elementor-widget-wrap\">\n\t\t\t\t\t\t\t<\/div>\n\t\t<\/div>\n\t\t\t\t\t<\/div>\n\t\t<\/section>\n\t\t\t\t<section class=\"elementor-section elementor-top-section elementor-element elementor-element-073012a elementor-section-stretched elementor-section-boxed elementor-section-height-default elementor-section-height-default\" data-id=\"073012a\" data-element_type=\"section\" data-e-type=\"section\" data-settings=\"{&quot;stretch_section&quot;:&quot;section-stretched&quot;,&quot;background_background&quot;:&quot;classic&quot;}\">\n\t\t\t\t\t\t<div class=\"elementor-container elementor-column-gap-extended\">\n\t\t\t\t\t<div class=\"elementor-column elementor-col-100 elementor-top-column elementor-element elementor-element-b33df8d\" data-id=\"b33df8d\" data-element_type=\"column\" data-e-type=\"column\">\n\t\t\t<div class=\"elementor-widget-wrap elementor-element-populated\">\n\t\t\t\t\t\t<div class=\"elementor-element elementor-element-eaac391 elementor-widget elementor-widget-heading\" data-id=\"eaac391\" data-element_type=\"widget\" data-e-type=\"widget\" data-widget_type=\"heading.default\">\n\t\t\t\t<div class=\"elementor-widget-container\">\n\t\t\t\t\t<h1 class=\"elementor-heading-title elementor-size-large\">encapsuler<\/h1>\t\t\t\t<\/div>\n\t\t\t\t<\/div>\n\t\t\t\t\t<\/div>\n\t\t<\/div>\n\t\t\t\t\t<\/div>\n\t\t<\/section>\n\t\t\t\t<section class=\"elementor-section elementor-top-section elementor-element elementor-element-2de4f4f elementor-section-stretched elementor-section-boxed elementor-section-height-default elementor-section-height-default\" data-id=\"2de4f4f\" data-element_type=\"section\" data-e-type=\"section\" data-settings=\"{&quot;stretch_section&quot;:&quot;section-stretched&quot;,&quot;background_background&quot;:&quot;classic&quot;}\">\n\t\t\t\t\t\t<div class=\"elementor-container elementor-column-gap-extended\">\n\t\t\t\t\t<div class=\"elementor-column elementor-col-100 elementor-top-column elementor-element elementor-element-08df4fa\" data-id=\"08df4fa\" data-element_type=\"column\" data-e-type=\"column\">\n\t\t\t<div class=\"elementor-widget-wrap elementor-element-populated\">\n\t\t\t\t\t\t<div class=\"elementor-element elementor-element-a9aadaa elementor-widget elementor-widget-breadcrumbs\" data-id=\"a9aadaa\" data-element_type=\"widget\" data-e-type=\"widget\" data-widget_type=\"breadcrumbs.default\">\n\t\t\t\t<div class=\"elementor-widget-container\">\n\t\t\t\t\t<p id=\"breadcrumbs\"><span><span><a href=\"https:\/\/skelsupplements.nl\/fr\/domicile\/\">Home<\/a><\/span><\/span><\/p>\t\t\t\t<\/div>\n\t\t\t\t<\/div>\n\t\t\t\t\t<\/div>\n\t\t<\/div>\n\t\t\t\t\t<\/div>\n\t\t<\/section>\n\t\t\t\t<section class=\"elementor-section elementor-top-section elementor-element elementor-element-6503adf elementor-section-stretched elementor-section-boxed elementor-section-height-default elementor-section-height-default\" data-id=\"6503adf\" data-element_type=\"section\" data-e-type=\"section\" data-settings=\"{&quot;stretch_section&quot;:&quot;section-stretched&quot;,&quot;background_background&quot;:&quot;classic&quot;}\">\n\t\t\t\t\t\t<div class=\"elementor-container elementor-column-gap-extended\">\n\t\t\t\t\t<div class=\"elementor-column elementor-col-100 elementor-top-column elementor-element elementor-element-94133c2\" data-id=\"94133c2\" data-element_type=\"column\" data-e-type=\"column\" data-settings=\"{&quot;animation&quot;:&quot;none&quot;}\">\n\t\t\t<div class=\"elementor-widget-wrap elementor-element-populated\">\n\t\t\t\t\t\t<div class=\"elementor-element elementor-element-5afcd70 elementor-widget elementor-widget-text-editor\" data-id=\"5afcd70\" data-element_type=\"widget\" data-e-type=\"widget\" data-widget_type=\"text-editor.default\">\n\t\t\t\t<div class=\"elementor-widget-container\">\n\t\t\t\t\t\t\t\t\t<p><span style=\"font-weight: 400;\"><img fetchpriority=\"high\" decoding=\"async\" class=\"alignright wp-image-2154\" src=\"https:\/\/skelsupplements.nl\/new\/wp-content\/uploads\/2021\/05\/capsules-laten-maken.jpg\" alt=\"faire fabriquer des capsules\" width=\"501\" height=\"403\" srcset=\"https:\/\/skelsupplements.nl\/wp-content\/uploads\/2021\/05\/capsules-laten-maken.jpg 800w, https:\/\/skelsupplements.nl\/wp-content\/uploads\/2021\/05\/capsules-laten-maken-300x242.jpg 300w, https:\/\/skelsupplements.nl\/wp-content\/uploads\/2021\/05\/capsules-laten-maken-768x618.jpg 768w, https:\/\/skelsupplements.nl\/wp-content\/uploads\/2021\/05\/capsules-laten-maken-600x483.jpg 600w, https:\/\/skelsupplements.nl\/wp-content\/uploads\/2021\/05\/capsules-laten-maken-200x161.jpg 200w\" sizes=\"(max-width: 501px) 100vw, 501px\" \/>\u00cates-vous int\u00e9ress\u00e9 par<strong> encapsuler<\/strong>? Avant de commercialiser un suppl\u00e9ment, choisissez comment votre produit doit \u00eatre trait\u00e9. Vous souhaitez isoler les go\u00fbts d\u00e9sagr\u00e9ables ou influencer l&rsquo;absorption de l&rsquo;ingr\u00e9dient actif ? Ensuite, l&rsquo;encapsulation peut \u00eatre une bonne id\u00e9e. En effet, l&rsquo;enrobage de la g\u00e9lule se dissout moins rapidement dans l&rsquo;estomac et facilite la d\u00e9glutition gr\u00e2ce \u00e0 sa structure lisse.<\/span><\/p>\n<h2><span style=\"font-weight: 400;\">Faire fabriquer des capsules<\/span><\/h2>\n<p><span style=\"font-weight: 400;\">Voudriez-vous<strong> faire fabriquer des capsules<\/strong>? SKEL Supplements est votre partenaire de production et de conditionnement pour les compl\u00e9ments nutritionnels ou autres produits que vous souhaitez commercialiser sous forme de g\u00e9lules. Nous travaillons avec des gels, des poudres et des granul\u00e9s, aussi bien pour les humains que pour les animaux. Les capsules peuvent \u00eatre fabriqu\u00e9es avec diff\u00e9rents types de capsules, dans diff\u00e9rents mat\u00e9riaux, tailles et couleurs. M\u00eame une image de marque sp\u00e9cifique est possible avec nous.<\/span><\/p>\n<p><span style=\"font-weight: 400;\">Chez SKEL Supplements, nous nous effor\u00e7ons de fournir les capsules les plus s\u00fbres et de la plus haute qualit\u00e9 \u00e0 nos clients. \u00cates-vous curieux de savoir ce que nous pouvons faire pour vous dans ce domaine? Nous sommes heureux de vous en dire plus \u00e0 ce sujet.<\/span><\/p>\n<p><span style=\"font-weight: 400;\">&nbsp;<\/span><\/p>\n<h2>Entreprise de plafonnement qui vous fait passer en premier<\/h2>\n<p><span style=\"font-weight: 400;\">Vos exigences et vos souhaits sont notre priorit\u00e9 absolue. Nous sommes heureux de r\u00e9fl\u00e9chir aux options d&rsquo;encapsulation et, si n\u00e9cessaire, de prendre en charge l&rsquo;ensemble du processus de production. Vous nous fournissez votre ordonnance, nous livrons ensuite les g\u00e9lules.<\/span><\/p>\n<p><span style=\"font-weight: 400;\">SKEL Supplements vous offre plusieurs avantages dans le processus d&rsquo;encapsulation :<\/span><\/p>\n<ul>\n<li><span style=\"font-weight: 400;\"><span style=\"font-weight: 400;\">Nous travaillons en collaboration avec diff\u00e9rents laboratoires, afin que nous ayons les bonnes connaissances pour l&rsquo;analyse, la production et l&rsquo;encapsulation de vos suppl\u00e9ments ;<\/span><\/span><\/li>\n<li><span style=\"font-weight: 400;\"><span style=\"font-weight: 400;\">Gr\u00e2ce \u00e0 nos connaissances et notre exp\u00e9rience, nous sommes en mesure de vous conseiller sur le processus d&rsquo;encapsulation et le type de capsule qui convient au produit final souhait\u00e9 ;<\/span><\/span><\/li>\n<li><span style=\"font-weight: 400;\">Nous offrons une vari\u00e9t\u00e9 d&rsquo;options de marque. Si vous le souhaitez, nous pouvons m\u00eame apposer votre logo sur les capsules.<\/span><\/li>\n<\/ul>\n<p><b>&nbsp;<\/b><\/p>\n<h2>Produire des capsules en utilisant des m\u00e9thodes de production de haute qualit\u00e9<\/h2>\n<p><span style=\"font-weight: 400;\">En plus de vos souhaits, la qualit\u00e9 des g\u00e9lules est tr\u00e8s importante chez SKEL Supplements. Pendant le processus de capsulage, le produit fini est contr\u00f4l\u00e9 en permanence, ajust\u00e9 si n\u00e9cessaire et les r\u00e9sultats de l&rsquo;\u00e9chantillonnage sont not\u00e9s. Cela garantit des \u00e9carts minimes en termes de poids et de dosage \u00e9ventuel. Ainsi, nous garantissons non seulement une qualit\u00e9 \u00e9lev\u00e9e des g\u00e9lules, mais aussi un dosage optimal pour l&rsquo;utilisateur final.<\/span><\/p>\n<p><span style=\"font-weight: 400;\">&nbsp;<\/span><\/p>\n<p><span style=\"font-weight: 400;\">Nos machines fonctionnent avec diff\u00e9rents mat\u00e9riaux. Nous recommandons diff\u00e9rents mat\u00e9riaux de capsules pour chaque application. Cette recommandation est tr\u00e8s pr\u00e9cise : n&rsquo;h\u00e9sitez pas \u00e0 nous contacter. Vous \u00eates curieux de conna\u00eetre les diff\u00e9rents mat\u00e9riaux que nous proposons ? Vous en saurez plus \u00e0 ce sujet dans la rubrique \u00ab diff\u00e9rents types de g\u00e9lules \u00bb.<\/span><\/p>\n<p><span style=\"font-weight: 400;\">&nbsp;<\/span><\/p>\n<h2><img decoding=\"async\" class=\"alignleft wp-image-2160\" src=\"https:\/\/skelsupplements.nl\/new\/wp-content\/uploads\/2021\/05\/capsules-produceren-1.jpg\" alt=\"produire des capsules\" width=\"380\" height=\"844\" srcset=\"https:\/\/skelsupplements.nl\/wp-content\/uploads\/2021\/05\/capsules-produceren-1.jpg 450w, https:\/\/skelsupplements.nl\/wp-content\/uploads\/2021\/05\/capsules-produceren-1-135x300.jpg 135w, https:\/\/skelsupplements.nl\/wp-content\/uploads\/2021\/05\/capsules-produceren-1-200x444.jpg 200w\" sizes=\"(max-width: 380px) 100vw, 380px\" \/>Diff\u00e9rents types de g\u00e9lules<\/h2>\n<p><span style=\"font-weight: 400;\">Le type de capsule d\u00e9pend du mat\u00e9riau qui la compose. Chez SKEL Supplements, nous pouvons transformer votre produit en trois types de g\u00e9lules : les g\u00e9lules HGC, les g\u00e9lules HPMC et les g\u00e9lules polym\u00e8res.<\/span><\/p>\n<p><span style=\"font-weight: 400;\">&nbsp;<\/span><\/p>\n<ul>\n<li>\n<h3>G\u00e9lules HGC<\/h3>\n<\/li>\n<\/ul>\n<p><span style=\"font-weight: 400;\">L&rsquo;abr\u00e9viation HGC signifie en fait<\/span><i><span style=\"font-weight: 400;\"> capsules de g\u00e9latine dure.<\/span><\/i><span style=\"font-weight: 400;\"> Vous connaissez probablement d\u00e9j\u00e0 ces capsules. Ce sont des g\u00e9lules \u00e0 base de g\u00e9latine, dans lesquelles on dose souvent des poudres. Les capsules HGC sont toujours utilis\u00e9es dans le monde entier, en particulier dans l&rsquo;industrie pharmaceutique. Entre-temps, ce type de capsule est devenu moins int\u00e9ressant en raison de son origine animale.<\/span><\/p>\n<p><b>&nbsp;<\/b><\/p>\n<ul>\n<li>\n<h3>Capsules HPMC<\/h3>\n<\/li>\n<\/ul>\n<p><span style=\"font-weight: 400;\">Lorsque nous parlons de capsules HPMC, nous parlons en fait du mat\u00e9riau HydroxyPropylMethylCellulose ou Hypromellose et il est d\u00e9riv\u00e9 de la pulpe de bois. C&rsquo;est un polym\u00e8re visco\u00e9lastique qui est utilis\u00e9, par exemple, dans les collyres en compl\u00e9ment des g\u00e9lules. En fait, il s&rsquo;agit d&rsquo;une alternative efficace \u00e0 la g\u00e9latine animale (g\u00e9lules HGC). En bref : nos capsules HPMC sont enti\u00e8rement v\u00e9g\u00e9taliennes et \u00e9galement certifi\u00e9es Koser et Halal.<\/span><\/p>\n<p><b>&nbsp;<\/b><\/p>\n<ul>\n<li>\n<h3>Capsules de polym\u00e8re<\/h3>\n<\/li>\n<\/ul>\n<p><span style=\"font-weight: 400;\">En plus des capsules HGC et HPMC, nous avons des capsules fabriqu\u00e9es \u00e0 partir d&rsquo;autres polym\u00e8res. Gr\u00e2ce \u00e0 notre expertise, nous nous ferons un plaisir de vous conseiller sur la capsule la mieux adapt\u00e9e \u00e0 votre application.&nbsp;<\/span><\/p>\n<p><span style=\"font-weight: 400;\"><br><\/span><\/p>\n<p><span style=\"font-weight: 400;\"><br><\/span><\/p>\n<p><span style=\"font-weight: 400;\"><br><\/span><\/p>\n<p><span style=\"font-weight: 400;\">&nbsp;<\/span><\/p>\n<h2>Tailles et s\u00e9ries de capsules<\/h2>\n<p><span style=\"font-weight: 400;\">Apr\u00e8s avoir d\u00e9termin\u00e9 le mat\u00e9riau de votre capsule, nous discuterons de la taille de la capsule. Cela d\u00e9pend en grande partie des dosages souhait\u00e9s et de la densit\u00e9 des ingr\u00e9dients. Nous pouvons \u00e9galement vous conseiller \u00e0 ce sujet. Les tailles les plus courantes et les plus fournies sont la taille 000, la taille 00, la taille 0 et la taille 1. Si vous n&rsquo;\u00eates pas familier avec ces tailles, s&rsquo;il vous pla\u00eet laissez-nous vous informer et vous conseiller \u00e0 ce sujet<strong> produire des capsules<\/strong> .<\/span><\/p>\n<p><span style=\"font-weight: 400;\">&nbsp;<\/span><b><\/b><\/p>\n<h2>Faites fabriquer des capsules avec votre propre logo et vos propres couleurs<\/h2>\n<p><span style=\"font-weight: 400;\">Enfin, vous pouvez choisir de d\u00e9terminer vous-m\u00eame les couleurs de vos capsules et vous d\u00e9marquer clairement de la concurrence. Ici, les possibilit\u00e9s sont infinies. Il est m\u00eame possible de doter les capsules de votre propre texte ou logo.&nbsp;<\/span><\/p>\n<p><span style=\"font-weight: 400;\">Vous avez des questions sur nos options de g\u00e9luliers ou vous souhaitez discuter des possibilit\u00e9s ? <\/span><span style=\"font-weight: 400;\">N&rsquo;h\u00e9sitez pas \u00e0 nous contacter.<\/span><\/p>\t\t\t\t\t\t\t\t<\/div>\n\t\t\t\t<\/div>\n\t\t\t\t\t<\/div>\n\t\t<\/div>\n\t\t\t\t\t<\/div>\n\t\t<\/section>\n\t\t\t\t<\/div>\n\t\t","protected":false},"excerpt":{"rendered":"<p>encapsuler \u00cates-vous int\u00e9ress\u00e9 par encapsuler? Avant de commercialiser un suppl\u00e9ment, choisissez comment votre produit doit \u00eatre trait\u00e9. Vous souhaitez isoler les go\u00fbts d\u00e9sagr\u00e9ables ou influencer l&rsquo;absorption de l&rsquo;ingr\u00e9dient actif ?&#8230;<\/p>\n","protected":false},"author":1,"featured_media":3328,"parent":0,"menu_order":0,"comment_status":"closed","ping_status":"closed","template":"","meta":{"footnotes":""},"class_list":["post-3755","page","type-page","status-publish","has-post-thumbnail"],"yoast_head":"<!-- This site is optimized with the Yoast SEO plugin v27.4 - https:\/\/yoast.com\/product\/yoast-seo-wordpress\/ -->\n<title>Encapsuler? SKEL Supplements est heureux de vous aider.<\/title>\n<meta name=\"description\" content=\"SKEL Supplements | d\u00e9veloppement, production et conditionnement | capsuler des compl\u00e9ments alimentaires \u2705 Private label \u2705 Co-packaging \u2705 Vegan \u2705\" \/>\n<meta name=\"robots\" content=\"index, follow, max-snippet:-1, max-image-preview:large, max-video-preview:-1\" \/>\n<link rel=\"canonical\" href=\"https:\/\/skelsupplements.nl\/fr\/capsule\/\" \/>\n<meta property=\"og:locale\" content=\"fr_FR\" \/>\n<meta property=\"og:type\" content=\"article\" \/>\n<meta property=\"og:title\" content=\"Encapsuler? SKEL Supplements est heureux de vous aider.\" \/>\n<meta property=\"og:description\" content=\"SKEL Supplements | d\u00e9veloppement, production et conditionnement | capsuler des compl\u00e9ments alimentaires \u2705 Private label \u2705 Co-packaging \u2705 Vegan \u2705\" \/>\n<meta property=\"og:url\" content=\"https:\/\/skelsupplements.nl\/fr\/capsule\/\" \/>\n<meta property=\"og:site_name\" content=\"SKEL Supplements\" \/>\n<meta property=\"article:modified_time\" content=\"2023-10-28T15:46:00+00:00\" \/>\n<meta property=\"og:image\" content=\"https:\/\/skelsupplements.nl\/wp-content\/uploads\/2021\/05\/capsules-laten-maken.jpg\" \/>\n\t<meta property=\"og:image:width\" content=\"800\" \/>\n\t<meta property=\"og:image:height\" content=\"644\" \/>\n\t<meta property=\"og:image:type\" content=\"image\/jpeg\" \/>\n<meta name=\"twitter:card\" content=\"summary_large_image\" \/>\n<meta name=\"twitter:label1\" content=\"Dur\u00e9e de lecture estim\u00e9e\" \/>\n\t<meta name=\"twitter:data1\" content=\"5 minutes\" \/>\n<script type=\"application\/ld+json\" class=\"yoast-schema-graph\">{\"@context\":\"https:\\\/\\\/schema.org\",\"@graph\":[{\"@type\":\"WebPage\",\"@id\":\"https:\\\/\\\/skelsupplements.nl\\\/fr\\\/capsule\\\/\",\"url\":\"https:\\\/\\\/skelsupplements.nl\\\/fr\\\/capsule\\\/\",\"name\":\"Encapsuler? SKEL Supplements est heureux de vous aider.\",\"isPartOf\":{\"@id\":\"https:\\\/\\\/skelsupplements.nl\\\/fr\\\/#website\"},\"primaryImageOfPage\":{\"@id\":\"https:\\\/\\\/skelsupplements.nl\\\/fr\\\/capsule\\\/#primaryimage\"},\"image\":{\"@id\":\"https:\\\/\\\/skelsupplements.nl\\\/fr\\\/capsule\\\/#primaryimage\"},\"thumbnailUrl\":\"https:\\\/\\\/skelsupplements.nl\\\/wp-content\\\/uploads\\\/2021\\\/05\\\/capsules-laten-maken.jpg\",\"datePublished\":\"2021-07-11T15:26:58+00:00\",\"dateModified\":\"2023-10-28T15:46:00+00:00\",\"description\":\"SKEL Supplements | d\u00e9veloppement, production et conditionnement | capsuler des compl\u00e9ments alimentaires \u2705 Private label \u2705 Co-packaging \u2705 Vegan \u2705\",\"breadcrumb\":{\"@id\":\"https:\\\/\\\/skelsupplements.nl\\\/fr\\\/capsule\\\/#breadcrumb\"},\"inLanguage\":\"fr-FR\",\"potentialAction\":[{\"@type\":\"ReadAction\",\"target\":[\"https:\\\/\\\/skelsupplements.nl\\\/fr\\\/capsule\\\/\"]}]},{\"@type\":\"ImageObject\",\"inLanguage\":\"fr-FR\",\"@id\":\"https:\\\/\\\/skelsupplements.nl\\\/fr\\\/capsule\\\/#primaryimage\",\"url\":\"https:\\\/\\\/skelsupplements.nl\\\/wp-content\\\/uploads\\\/2021\\\/05\\\/capsules-laten-maken.jpg\",\"contentUrl\":\"https:\\\/\\\/skelsupplements.nl\\\/wp-content\\\/uploads\\\/2021\\\/05\\\/capsules-laten-maken.jpg\",\"width\":800,\"height\":644,\"caption\":\"Y2Fwc3VsZXMgbGF0ZW4gbWFrZW4=\"},{\"@type\":\"BreadcrumbList\",\"@id\":\"https:\\\/\\\/skelsupplements.nl\\\/fr\\\/capsule\\\/#breadcrumb\",\"itemListElement\":[{\"@type\":\"ListItem\",\"position\":1,\"name\":\"Home\",\"item\":\"https:\\\/\\\/skelsupplements.nl\\\/fr\\\/domicile\\\/\"},{\"@type\":\"ListItem\",\"position\":2,\"name\":\"encapsuler\"}]},{\"@type\":\"WebSite\",\"@id\":\"https:\\\/\\\/skelsupplements.nl\\\/fr\\\/#website\",\"url\":\"https:\\\/\\\/skelsupplements.nl\\\/fr\\\/\",\"name\":\"SKEL Supplements | Private label supplementen producent\",\"description\":\"Verpakken van supplementen\",\"publisher\":{\"@id\":\"https:\\\/\\\/skelsupplements.nl\\\/fr\\\/#organization\"},\"potentialAction\":[{\"@type\":\"SearchAction\",\"target\":{\"@type\":\"EntryPoint\",\"urlTemplate\":\"https:\\\/\\\/skelsupplements.nl\\\/fr\\\/?s={search_term_string}\"},\"query-input\":{\"@type\":\"PropertyValueSpecification\",\"valueRequired\":true,\"valueName\":\"search_term_string\"}}],\"inLanguage\":\"fr-FR\"},{\"@type\":\"Organization\",\"@id\":\"https:\\\/\\\/skelsupplements.nl\\\/fr\\\/#organization\",\"name\":\"SKEL Supplements\",\"url\":\"https:\\\/\\\/skelsupplements.nl\\\/fr\\\/\",\"logo\":{\"@type\":\"ImageObject\",\"inLanguage\":\"fr-FR\",\"@id\":\"https:\\\/\\\/skelsupplements.nl\\\/fr\\\/#\\\/schema\\\/logo\\\/image\\\/\",\"url\":\"\",\"contentUrl\":\"\",\"caption\":\"SKEL Supplements\"},\"image\":{\"@id\":\"https:\\\/\\\/skelsupplements.nl\\\/fr\\\/#\\\/schema\\\/logo\\\/image\\\/\"}}]}<\/script>\n<!-- \/ Yoast SEO plugin. -->","yoast_head_json":{"title":"Encapsuler? SKEL Supplements est heureux de vous aider.","description":"SKEL Supplements | d\u00e9veloppement, production et conditionnement | capsuler des compl\u00e9ments alimentaires \u2705 Private label \u2705 Co-packaging \u2705 Vegan \u2705","robots":{"index":"index","follow":"follow","max-snippet":"max-snippet:-1","max-image-preview":"max-image-preview:large","max-video-preview":"max-video-preview:-1"},"canonical":"https:\/\/skelsupplements.nl\/fr\/capsule\/","og_locale":"fr_FR","og_type":"article","og_title":"Encapsuler? SKEL Supplements est heureux de vous aider.","og_description":"SKEL Supplements | d\u00e9veloppement, production et conditionnement | capsuler des compl\u00e9ments alimentaires \u2705 Private label \u2705 Co-packaging \u2705 Vegan \u2705","og_url":"https:\/\/skelsupplements.nl\/fr\/capsule\/","og_site_name":"SKEL Supplements","article_modified_time":"2023-10-28T15:46:00+00:00","og_image":[{"width":800,"height":644,"url":"https:\/\/skelsupplements.nl\/wp-content\/uploads\/2021\/05\/capsules-laten-maken.jpg","type":"image\/jpeg"}],"twitter_card":"summary_large_image","twitter_misc":{"Dur\u00e9e de lecture estim\u00e9e":"5 minutes"},"schema":{"@context":"https:\/\/schema.org","@graph":[{"@type":"WebPage","@id":"https:\/\/skelsupplements.nl\/fr\/capsule\/","url":"https:\/\/skelsupplements.nl\/fr\/capsule\/","name":"Encapsuler? SKEL Supplements est heureux de vous aider.","isPartOf":{"@id":"https:\/\/skelsupplements.nl\/fr\/#website"},"primaryImageOfPage":{"@id":"https:\/\/skelsupplements.nl\/fr\/capsule\/#primaryimage"},"image":{"@id":"https:\/\/skelsupplements.nl\/fr\/capsule\/#primaryimage"},"thumbnailUrl":"https:\/\/skelsupplements.nl\/wp-content\/uploads\/2021\/05\/capsules-laten-maken.jpg","datePublished":"2021-07-11T15:26:58+00:00","dateModified":"2023-10-28T15:46:00+00:00","description":"SKEL Supplements | d\u00e9veloppement, production et conditionnement | capsuler des compl\u00e9ments alimentaires \u2705 Private label \u2705 Co-packaging \u2705 Vegan \u2705","breadcrumb":{"@id":"https:\/\/skelsupplements.nl\/fr\/capsule\/#breadcrumb"},"inLanguage":"fr-FR","potentialAction":[{"@type":"ReadAction","target":["https:\/\/skelsupplements.nl\/fr\/capsule\/"]}]},{"@type":"ImageObject","inLanguage":"fr-FR","@id":"https:\/\/skelsupplements.nl\/fr\/capsule\/#primaryimage","url":"https:\/\/skelsupplements.nl\/wp-content\/uploads\/2021\/05\/capsules-laten-maken.jpg","contentUrl":"https:\/\/skelsupplements.nl\/wp-content\/uploads\/2021\/05\/capsules-laten-maken.jpg","width":800,"height":644,"caption":"Y2Fwc3VsZXMgbGF0ZW4gbWFrZW4="},{"@type":"BreadcrumbList","@id":"https:\/\/skelsupplements.nl\/fr\/capsule\/#breadcrumb","itemListElement":[{"@type":"ListItem","position":1,"name":"Home","item":"https:\/\/skelsupplements.nl\/fr\/domicile\/"},{"@type":"ListItem","position":2,"name":"encapsuler"}]},{"@type":"WebSite","@id":"https:\/\/skelsupplements.nl\/fr\/#website","url":"https:\/\/skelsupplements.nl\/fr\/","name":"SKEL Supplements | Private label supplementen producent","description":"Verpakken van supplementen","publisher":{"@id":"https:\/\/skelsupplements.nl\/fr\/#organization"},"potentialAction":[{"@type":"SearchAction","target":{"@type":"EntryPoint","urlTemplate":"https:\/\/skelsupplements.nl\/fr\/?s={search_term_string}"},"query-input":{"@type":"PropertyValueSpecification","valueRequired":true,"valueName":"search_term_string"}}],"inLanguage":"fr-FR"},{"@type":"Organization","@id":"https:\/\/skelsupplements.nl\/fr\/#organization","name":"SKEL Supplements","url":"https:\/\/skelsupplements.nl\/fr\/","logo":{"@type":"ImageObject","inLanguage":"fr-FR","@id":"https:\/\/skelsupplements.nl\/fr\/#\/schema\/logo\/image\/","url":"","contentUrl":"","caption":"SKEL Supplements"},"image":{"@id":"https:\/\/skelsupplements.nl\/fr\/#\/schema\/logo\/image\/"}}]}},"_links":{"self":[{"href":"https:\/\/skelsupplements.nl\/fr\/wp-json\/wp\/v2\/pages\/3755","targetHints":{"allow":["GET"]}}],"collection":[{"href":"https:\/\/skelsupplements.nl\/fr\/wp-json\/wp\/v2\/pages"}],"about":[{"href":"https:\/\/skelsupplements.nl\/fr\/wp-json\/wp\/v2\/types\/page"}],"author":[{"embeddable":true,"href":"https:\/\/skelsupplements.nl\/fr\/wp-json\/wp\/v2\/users\/1"}],"replies":[{"embeddable":true,"href":"https:\/\/skelsupplements.nl\/fr\/wp-json\/wp\/v2\/comments?post=3755"}],"version-history":[{"count":0,"href":"https:\/\/skelsupplements.nl\/fr\/wp-json\/wp\/v2\/pages\/3755\/revisions"}],"wp:featuredmedia":[{"embeddable":true,"href":"https:\/\/skelsupplements.nl\/fr\/wp-json\/wp\/v2\/media\/3328"}],"wp:attachment":[{"href":"https:\/\/skelsupplements.nl\/fr\/wp-json\/wp\/v2\/media?parent=3755"}],"curies":[{"name":"wp","href":"https:\/\/api.w.org\/{rel}","templated":true}]}}