{"id":3764,"date":"2021-07-11T17:27:00","date_gmt":"2021-07-11T15:27:00","guid":{"rendered":"https:\/\/skelsupplements.nl\/comprimes\/"},"modified":"2024-03-07T16:25:15","modified_gmt":"2024-03-07T15:25:15","slug":"comprimes","status":"publish","type":"page","link":"https:\/\/skelsupplements.nl\/fr\/comprimes\/","title":{"rendered":"Production de comprim\u00e9s"},"content":{"rendered":"\t\t<div data-elementor-type=\"wp-post\" data-elementor-id=\"3764\" class=\"elementor elementor-3764 elementor-2176\" data-elementor-post-type=\"page\">\n\t\t\t\t\t\t<section class=\"elementor-section elementor-top-section elementor-element elementor-element-789ea7d2 elementor-section-full_width elementor-section-height-min-height elementor-section-stretched elementor-section-height-default elementor-section-items-middle\" data-id=\"789ea7d2\" data-element_type=\"section\" data-e-type=\"section\" data-settings=\"{&quot;stretch_section&quot;:&quot;section-stretched&quot;,&quot;background_background&quot;:&quot;classic&quot;,&quot;background_motion_fx_motion_fx_scrolling&quot;:&quot;yes&quot;,&quot;background_motion_fx_translateY_effect&quot;:&quot;yes&quot;,&quot;background_motion_fx_translateY_direction&quot;:&quot;negative&quot;,&quot;background_motion_fx_translateY_speed&quot;:{&quot;unit&quot;:&quot;px&quot;,&quot;size&quot;:4,&quot;sizes&quot;:[]},&quot;background_motion_fx_translateY_affectedRange&quot;:{&quot;unit&quot;:&quot;%&quot;,&quot;size&quot;:&quot;&quot;,&quot;sizes&quot;:{&quot;start&quot;:0,&quot;end&quot;:100}},&quot;background_motion_fx_devices&quot;:[&quot;desktop&quot;,&quot;tablet&quot;,&quot;mobile&quot;]}\">\n\t\t\t\t\t\t<div class=\"elementor-container elementor-column-gap-default\">\n\t\t\t\t\t<div class=\"elementor-column elementor-col-100 elementor-top-column elementor-element elementor-element-4125df0b\" data-id=\"4125df0b\" data-element_type=\"column\" data-e-type=\"column\">\n\t\t\t<div class=\"elementor-widget-wrap\">\n\t\t\t\t\t\t\t<\/div>\n\t\t<\/div>\n\t\t\t\t\t<\/div>\n\t\t<\/section>\n\t\t\t\t<section class=\"elementor-section elementor-top-section elementor-element elementor-element-073012a elementor-section-stretched elementor-section-boxed elementor-section-height-default elementor-section-height-default\" data-id=\"073012a\" data-element_type=\"section\" data-e-type=\"section\" data-settings=\"{&quot;stretch_section&quot;:&quot;section-stretched&quot;,&quot;background_background&quot;:&quot;classic&quot;}\">\n\t\t\t\t\t\t<div class=\"elementor-container elementor-column-gap-extended\">\n\t\t\t\t\t<div class=\"elementor-column elementor-col-100 elementor-top-column elementor-element elementor-element-b33df8d\" data-id=\"b33df8d\" data-element_type=\"column\" data-e-type=\"column\">\n\t\t\t<div class=\"elementor-widget-wrap elementor-element-populated\">\n\t\t\t\t\t\t<div class=\"elementor-element elementor-element-eaac391 elementor-widget elementor-widget-heading\" data-id=\"eaac391\" data-element_type=\"widget\" data-e-type=\"widget\" data-widget_type=\"heading.default\">\n\t\t\t\t<div class=\"elementor-widget-container\">\n\t\t\t\t\t<h1 class=\"elementor-heading-title elementor-size-large\">Production de comprim\u00e9s<\/h1>\t\t\t\t<\/div>\n\t\t\t\t<\/div>\n\t\t\t\t\t<\/div>\n\t\t<\/div>\n\t\t\t\t\t<\/div>\n\t\t<\/section>\n\t\t\t\t<section class=\"elementor-section elementor-top-section elementor-element elementor-element-2de4f4f elementor-section-stretched elementor-section-boxed elementor-section-height-default elementor-section-height-default\" data-id=\"2de4f4f\" data-element_type=\"section\" data-e-type=\"section\" data-settings=\"{&quot;stretch_section&quot;:&quot;section-stretched&quot;,&quot;background_background&quot;:&quot;classic&quot;}\">\n\t\t\t\t\t\t<div class=\"elementor-container elementor-column-gap-extended\">\n\t\t\t\t\t<div class=\"elementor-column elementor-col-100 elementor-top-column elementor-element elementor-element-08df4fa\" data-id=\"08df4fa\" data-element_type=\"column\" data-e-type=\"column\">\n\t\t\t<div class=\"elementor-widget-wrap elementor-element-populated\">\n\t\t\t\t\t\t<div class=\"elementor-element elementor-element-a9aadaa elementor-widget elementor-widget-breadcrumbs\" data-id=\"a9aadaa\" data-element_type=\"widget\" data-e-type=\"widget\" data-widget_type=\"breadcrumbs.default\">\n\t\t\t\t<div class=\"elementor-widget-container\">\n\t\t\t\t\t<p id=\"breadcrumbs\"><span><span><a href=\"https:\/\/skelsupplements.nl\/fr\/domicile\/\">Home<\/a><\/span><\/span><\/p>\t\t\t\t<\/div>\n\t\t\t\t<\/div>\n\t\t\t\t<div class=\"elementor-element elementor-element-981c7a5 elementor-widget elementor-widget-spacer\" data-id=\"981c7a5\" data-element_type=\"widget\" data-e-type=\"widget\" data-widget_type=\"spacer.default\">\n\t\t\t\t<div class=\"elementor-widget-container\">\n\t\t\t\t\t\t\t<div class=\"elementor-spacer\">\n\t\t\t<div class=\"elementor-spacer-inner\"><\/div>\n\t\t<\/div>\n\t\t\t\t\t\t<\/div>\n\t\t\t\t<\/div>\n\t\t\t\t\t<\/div>\n\t\t<\/div>\n\t\t\t\t\t<\/div>\n\t\t<\/section>\n\t\t\t\t<section class=\"elementor-section elementor-top-section elementor-element elementor-element-6503adf elementor-section-stretched elementor-section-boxed elementor-section-height-default elementor-section-height-default\" data-id=\"6503adf\" data-element_type=\"section\" data-e-type=\"section\" data-settings=\"{&quot;stretch_section&quot;:&quot;section-stretched&quot;,&quot;background_background&quot;:&quot;classic&quot;}\">\n\t\t\t\t\t\t<div class=\"elementor-container elementor-column-gap-extended\">\n\t\t\t\t\t<div class=\"elementor-column elementor-col-100 elementor-top-column elementor-element elementor-element-94133c2\" data-id=\"94133c2\" data-element_type=\"column\" data-e-type=\"column\" data-settings=\"{&quot;animation&quot;:&quot;none&quot;}\">\n\t\t\t<div class=\"elementor-widget-wrap elementor-element-populated\">\n\t\t\t\t\t\t<div class=\"elementor-element elementor-element-5afcd70 elementor-widget elementor-widget-text-editor\" data-id=\"5afcd70\" data-element_type=\"widget\" data-e-type=\"widget\" data-widget_type=\"text-editor.default\">\n\t\t\t\t<div class=\"elementor-widget-container\">\n\t\t\t\t\t\t\t\t\t<p><img fetchpriority=\"high\" decoding=\"async\" class=\"alignright wp-image-2178\" src=\"https:\/\/skelsupplements.nl\/new\/wp-content\/uploads\/2021\/05\/tabletteren.jpg\" alt=\"mise sous forme de comprim\u00e9s\" width=\"600\" height=\"448\" srcset=\"https:\/\/skelsupplements.nl\/wp-content\/uploads\/2021\/05\/tabletteren.jpg 800w, https:\/\/skelsupplements.nl\/wp-content\/uploads\/2021\/05\/tabletteren-300x224.jpg 300w, https:\/\/skelsupplements.nl\/wp-content\/uploads\/2021\/05\/tabletteren-768x573.jpg 768w, https:\/\/skelsupplements.nl\/wp-content\/uploads\/2021\/05\/tabletteren-600x448.jpg 600w, https:\/\/skelsupplements.nl\/wp-content\/uploads\/2021\/05\/tabletteren-200x149.jpg 200w\" sizes=\"(max-width: 600px) 100vw, 600px\" \/><\/p><p><span style=\"font-weight: 400;\">Vous souhaitez <\/span><b>produire des compl\u00e9ments nutritionnels sous forme\u00a0<\/b><span style=\"font-weight: 400;\">de comprim\u00e9s? Chez SKEL Supplements, les comprim\u00e9s peuvent <\/span><span style=\"font-weight: 400;\">\u00eatre produits enti\u00e8rement selon vos souhaits. Les possibilit\u00e9s sont infinies:\u00a0 des comprim\u00e9s <\/span><b>vierges <\/b><span style=\"font-weight: 400;\">aux diff\u00e9rentes formes et diam\u00e8tres. Nous travaillons avec des suppl\u00e9ments pour les humains et les animaux.<\/span><\/p><p><span style=\"font-weight: 400;\">SKEL Supplements n&rsquo;est pas seulement sp\u00e9cialis\u00e9 dans la production, le conditionnement et l&rsquo;enrobage de comprim\u00e9s. Nous sommes heureux de vous aider tout au long du processus de production : de l&rsquo;\u00e9laboration de votre recette au blister de vos comprim\u00e9s. Vous souhaitez d\u00e9velopper votre propre suppl\u00e9ment? Ensuite, nous serions heureux de discuter des possibilit\u00e9s avec vous.<\/span><\/p><p><span style=\"font-weight: 400;\">Comment travaillons-nous et pourquoi devriez-vous choisir de prendre vos suppl\u00e9ments en comprim\u00e9s?<\/span><\/p><h2>Avantages de la tablette<\/h2><p><span style=\"font-weight: 400;\">Il existe diff\u00e9rentes options pour transformer vos poudres de suppl\u00e9ments en comprim\u00e9s \u00e0 avaler. <\/span><b>Production de comprim\u00e9s<\/b><span style=\"font-weight: 400;\"> n&rsquo;est que l&rsquo;un d&rsquo;entre eux. Par exemple, vous pouvez \u00e9galement prendre votre suppl\u00e9ment <\/span><span style=\"font-weight: 400;\">encapsuler<\/span><span style=\"font-weight: 400;\">. Nous sommes heureux de vous expliquer pourquoi les clients choisissent la mise en comprim\u00e9s au lieu de l&rsquo;encapsulation.<\/span><\/p><h3>Ajouter un rev\u00eatement<\/h3><p><span style=\"font-weight: 400;\">En appliquant une couche externe plus dure, il est possible de prot\u00e9ger les comprim\u00e9s des influences ext\u00e9rieures et de rendre le comprim\u00e9 moins vuln\u00e9rable. Cela ajoutera un <\/span><span style=\"font-weight: 400;\">enrobage<\/span><span style=\"font-weight: 400;\"> Nomm\u00e9.<\/span><\/p><h3>Ajouter une fente de fraction<\/h3><p><span style=\"font-weight: 400;\">Vous souhaitez \u00e9galement administrer des demi-comprim\u00e9s? Ensuite, le choix est vite fait. Les comprim\u00e9s peuvent \u00eatre marqu\u00e9s. En cons\u00e9quence, le consommateur casse facilement le comprim\u00e9 en deux.\u00a0<\/span><\/p><h3>Facile \u00e0 utiliser pour les enfants<\/h3><p><span style=\"font-weight: 400;\">Cet avantage est un peu li\u00e9 au pr\u00e9c\u00e9dent. La prise des comprim\u00e9s est souvent plus difficile pour les enfants et casser le comprim\u00e9 peut dans certains cas apporter un avantage lors de sa prise.\u00a0<\/span><\/p><h3>Les consommateurs trouvent les comprim\u00e9s plus faciles \u00e0 prendre<\/h3><p><span style=\"font-weight: 400;\">Avaler des comprim\u00e9s n\u2019est pas facile pour tout le monde. Les comprim\u00e9s sont souvent per\u00e7us comme plus agr\u00e9ables que les g\u00e9lules. La tablette est-elle un peu grosse? Vous pourrez ensuite le casser ou le mordre en morceaux (si le go\u00fbt le permet).\u00a0<\/span><\/p><p><img decoding=\"async\" class=\"alignleft wp-image-2179\" src=\"https:\/\/skelsupplements.nl\/new\/wp-content\/uploads\/2021\/05\/tabletten-produceren.jpg\" alt=\"produire des comprim\u00e9s\" width=\"340\" height=\"590\" srcset=\"https:\/\/skelsupplements.nl\/wp-content\/uploads\/2021\/05\/tabletten-produceren.jpg 461w, https:\/\/skelsupplements.nl\/wp-content\/uploads\/2021\/05\/tabletten-produceren-173x300.jpg 173w, https:\/\/skelsupplements.nl\/wp-content\/uploads\/2021\/05\/tabletten-produceren-200x347.jpg 200w\" sizes=\"(max-width: 340px) 100vw, 340px\" \/><\/p><h2>Produire des comprim\u00e9s? Externaliser l&rsquo;ensemble du processus de production<\/h2><p><span style=\"font-weight: 400;\">Avez-vous une id\u00e9e de comprim\u00e9 de suppl\u00e9ment, mais le d\u00e9veloppement ne d\u00e9marre pas ? SKEL Supplements vous accompagne \u00e0 chaque \u00e9tape du processus de production. Ensemble, nous discutons des options qui correspondent \u00e0 vos besoins. Par exemple, nous r\u00e9fl\u00e9chissons avec vous lors de l&rsquo;\u00e9laboration de votre recette. Nous transformons ensuite votre compl\u00e9ment final en poudre.<\/span><\/p><p><span style=\"font-weight: 400;\">La granulation des substances souhait\u00e9es, ce qui est n\u00e9cessaire pou<strong>r<\/strong><\/span> <b>produire des comprim\u00e9s<\/b><span style=\"font-weight: 400;\">, est g\u00e9n\u00e9ralement tout \u00e0 fait possible. Contactez <\/span><span style=\"font-weight: 400;\">nous<\/span><span style=\"font-weight: 400;\"> si vous avez des questions sp\u00e9cifiques \u00e0 ce sujet.<\/span><\/p><p><span style=\"font-weight: 400;\">Apr\u00e8s la granulation, nous comprim\u00e9s les suppl\u00e9ments dans la forme, la taille et l&rsquo;\u00e9dition dont vous avez besoin. D\u00e8s que les comprim\u00e9s sont pr\u00eats, nous pouvons apporter un <\/span><b>enrobage des comprim\u00e9s <\/b><span style=\"font-weight: 400;\">au. Vous pouvez en savoir plus \u00e0 ce sujet ci-dessous. SKEL est \u00e9galement heureux de vous aider avec l&#8217;emballage des comprim\u00e9s. Penses-y <\/span><span style=\"font-weight: 400;\">remplir<\/span><span style=\"font-weight: 400;\"> de vos pots de suppl\u00e9ments avec des comprim\u00e9s ou traitez les comprim\u00e9s dans un<\/span><span style=\"font-weight: 400;\"> blister<\/span><span style=\"font-weight: 400;\">. La marque et les couleurs sont possibles pour les deux options.<\/span><\/p><h2>Pelliculage des comprim\u00e9s : avantages et options<\/h2><p><span style=\"font-weight: 400;\">Il est possible d&rsquo;enrober <\/span><b>vos comprim\u00e9s<\/b><span style=\"font-weight: 400;\">. L&rsquo;enrobage des comprim\u00e9s a plusieurs fonctions. Par exemple, l&rsquo;inconv\u00e9nient d&rsquo;un comprim\u00e9 non enrob\u00e9 est le go\u00fbt, l&rsquo;odeur et l&rsquo;exposition ouverte \u00e0 l&rsquo;humidit\u00e9. Un bon enrobage masque les go\u00fbts et les odeurs et prot\u00e8ge mieux le suppl\u00e9ment contre les influences ext\u00e9rieures. Cela se traduit par moins d&rsquo;oxydation. Ainsi, les comprim\u00e9s restent bons plus longtemps.<\/span><\/p><p><span style=\"font-weight: 400;\">Suppl\u00e9mentaire fait un<\/span><b> enrobage des comprim\u00e9s<\/b><span style=\"font-weight: 400;\"> votre suppl\u00e9ment plus facile \u00e0 avaler en raison d&rsquo;une surface moins rugueuse. Vous cherchez quelque chose de sp\u00e9cial? Ensuite, un rev\u00eatement de couleur est \u00e9galement une option. Cela donne \u00e0 vos comprim\u00e9s une couleur diff\u00e9rente, les rendant plus reconnaissables pour le consommateur.<\/span><\/p><h2>Comprim\u00e9s de petits \u00e0 grands tirages<\/h2><p><span style=\"font-weight: 400;\">L&rsquo;int\u00e9gration du processus de production en un seul site et la possibilit\u00e9 d&rsquo;une augmentation rapide de la production permettent \u00e0 SKEL Supplements de produire \u00e9galement \u00e0 plus petite \u00e9chelle. Cela se traduit notamment par une diminution des investissements au d\u00e9marrage et \u00e0 l&rsquo;introduction sur le march\u00e9 d&rsquo;un nouveau produit. Nous avons tenu compte de ce souhait d\u00e8s le tout premier d\u00e9veloppement du suppl\u00e9ment. Mais de grands tirages sont \u00e9galement possibles. Vous souhaitez faire produire des tablettes? Alors vous \u00eates au bon endroit chez SKEL Supplements.\u00a0<\/span><\/p><h3>Toutes les formes et tailles possibles sont n\u00e9gociables<img decoding=\"async\" class=\"alignright wp-image-2211 size-medium\" src=\"https:\/\/skelsupplements.nl\/new\/wp-content\/uploads\/2021\/05\/Coaten-tabletten-coating-tablet-300x217.jpg\" alt=\"Comprim\u00e9s d'enrobage Comprim\u00e9 d'enrobage\" width=\"300\" height=\"217\" srcset=\"https:\/\/skelsupplements.nl\/wp-content\/uploads\/2021\/05\/Coaten-tabletten-coating-tablet-300x217.jpg 300w, https:\/\/skelsupplements.nl\/wp-content\/uploads\/2021\/05\/Coaten-tabletten-coating-tablet-768x556.jpg 768w, https:\/\/skelsupplements.nl\/wp-content\/uploads\/2021\/05\/Coaten-tabletten-coating-tablet-600x434.jpg 600w, https:\/\/skelsupplements.nl\/wp-content\/uploads\/2021\/05\/Coaten-tabletten-coating-tablet-200x145.jpg 200w, https:\/\/skelsupplements.nl\/wp-content\/uploads\/2021\/05\/Coaten-tabletten-coating-tablet.jpg 800w\" sizes=\"(max-width: 300px) 100vw, 300px\" \/><\/h3><p><span style=\"font-weight: 400;\">Avez-vous une taille ou une forme sp\u00e9cifique en t\u00eate pour vos tablettes? Nous r\u00e9pondons presque toujours \u00e0 vos souhaits et sommes heureux de discuter des options avec vous. Diff\u00e9rentes options de couleur sont \u00e9galement n\u00e9gociables au moyen d&rsquo;un rev\u00eatement de comprim\u00e9. Pour plus d&rsquo;informations sur les formes, les tailles et les couleurs <\/span><span style=\"font-weight: 400;\">contacter<\/span><span style=\"font-weight: 400;\"> avec nous.<\/span><\/p><h2>Nos sp\u00e9cialistes se feront un plaisir de vous aider<\/h2><p><span style=\"font-weight: 400;\">Les possibilit\u00e9s et les options de comprim\u00e9s de vos suppl\u00e9ments d\u00e9pendent de vos souhaits et des substances sp\u00e9cifiques de votre suppl\u00e9ment. Vous souhaitez produire des comprim\u00e9s? Alors prenez-le sans engagement <\/span><span style=\"font-weight: 400;\">Contactez<\/span><span style=\"font-weight: 400;\"> nos sp\u00e9cialistes pour pr\u00e9senter votre situation unique. Nous sommes heureux de vous conseiller!<\/span><\/p>\t\t\t\t\t\t\t\t<\/div>\n\t\t\t\t<\/div>\n\t\t\t\t<div class=\"elementor-element elementor-element-b7afba5 elementor-widget elementor-widget-spacer\" data-id=\"b7afba5\" data-element_type=\"widget\" data-e-type=\"widget\" data-widget_type=\"spacer.default\">\n\t\t\t\t<div class=\"elementor-widget-container\">\n\t\t\t\t\t\t\t<div class=\"elementor-spacer\">\n\t\t\t<div class=\"elementor-spacer-inner\"><\/div>\n\t\t<\/div>\n\t\t\t\t\t\t<\/div>\n\t\t\t\t<\/div>\n\t\t\t\t\t<\/div>\n\t\t<\/div>\n\t\t\t\t\t<\/div>\n\t\t<\/section>\n\t\t\t\t<\/div>\n\t\t","protected":false},"excerpt":{"rendered":"<p>Production de comprim\u00e9s Vous souhaitez produire des compl\u00e9ments nutritionnels sous forme\u00a0de comprim\u00e9s? Chez SKEL Supplements, les comprim\u00e9s peuvent \u00eatre produits enti\u00e8rement selon vos souhaits. Les possibilit\u00e9s sont infinies:\u00a0 des comprim\u00e9s&#8230;<\/p>\n","protected":false},"author":1,"featured_media":3337,"parent":0,"menu_order":0,"comment_status":"closed","ping_status":"closed","template":"","meta":{"footnotes":""},"class_list":["post-3764","page","type-page","status-publish","has-post-thumbnail"],"yoast_head":"<!-- This site is optimized with the Yoast SEO plugin v27.5 - https:\/\/yoast.com\/product\/yoast-seo-wordpress\/ -->\n<title>Production et conditionnement | SKEL Supplements<\/title>\n<meta name=\"description\" content=\"Production et conditionnement de comprim\u00e9s | SKEL Supplements | de la recette de suppl\u00e9ment aux comprim\u00e9s d&#039;emballage | Diff\u00e9rentes tailles &amp; rev\u00eatement possible \u2705\" \/>\n<meta name=\"robots\" content=\"index, follow, max-snippet:-1, max-image-preview:large, max-video-preview:-1\" \/>\n<link rel=\"canonical\" href=\"https:\/\/skelsupplements.nl\/fr\/comprimes\/\" \/>\n<meta property=\"og:locale\" content=\"fr_FR\" \/>\n<meta property=\"og:type\" content=\"article\" \/>\n<meta property=\"og:title\" content=\"Production et conditionnement | SKEL Supplements\" \/>\n<meta property=\"og:description\" content=\"Production et conditionnement de comprim\u00e9s | SKEL Supplements | de la recette de suppl\u00e9ment aux comprim\u00e9s d&#039;emballage | Diff\u00e9rentes tailles &amp; rev\u00eatement possible \u2705\" \/>\n<meta property=\"og:url\" content=\"https:\/\/skelsupplements.nl\/fr\/comprimes\/\" \/>\n<meta property=\"og:site_name\" content=\"SKEL Supplements\" \/>\n<meta property=\"article:modified_time\" content=\"2024-03-07T15:25:15+00:00\" \/>\n<meta property=\"og:image\" content=\"https:\/\/skelsupplements.nl\/wp-content\/uploads\/2021\/05\/tabletteren.jpg\" \/>\n<meta name=\"twitter:card\" content=\"summary_large_image\" \/>\n<meta name=\"twitter:label1\" content=\"Dur\u00e9e de lecture estim\u00e9e\" \/>\n\t<meta name=\"twitter:data1\" content=\"5 minutes\" \/>\n<script type=\"application\/ld+json\" class=\"yoast-schema-graph\">{\"@context\":\"https:\\\/\\\/schema.org\",\"@graph\":[{\"@type\":\"WebPage\",\"@id\":\"https:\\\/\\\/skelsupplements.nl\\\/fr\\\/comprimes\\\/\",\"url\":\"https:\\\/\\\/skelsupplements.nl\\\/fr\\\/comprimes\\\/\",\"name\":\"Production et conditionnement | SKEL Supplements\",\"isPartOf\":{\"@id\":\"https:\\\/\\\/skelsupplements.nl\\\/fr\\\/#website\"},\"primaryImageOfPage\":{\"@id\":\"https:\\\/\\\/skelsupplements.nl\\\/fr\\\/comprimes\\\/#primaryimage\"},\"image\":{\"@id\":\"https:\\\/\\\/skelsupplements.nl\\\/fr\\\/comprimes\\\/#primaryimage\"},\"thumbnailUrl\":\"https:\\\/\\\/skelsupplements.nl\\\/wp-content\\\/uploads\\\/2021\\\/05\\\/tabletteren.jpg\",\"datePublished\":\"2021-07-11T15:27:00+00:00\",\"dateModified\":\"2024-03-07T15:25:15+00:00\",\"description\":\"Production et conditionnement de comprim\u00e9s | SKEL Supplements | de la recette de suppl\u00e9ment aux comprim\u00e9s d'emballage | Diff\u00e9rentes tailles & rev\u00eatement possible \u2705\",\"breadcrumb\":{\"@id\":\"https:\\\/\\\/skelsupplements.nl\\\/fr\\\/comprimes\\\/#breadcrumb\"},\"inLanguage\":\"fr-FR\",\"potentialAction\":[{\"@type\":\"ReadAction\",\"target\":[\"https:\\\/\\\/skelsupplements.nl\\\/fr\\\/comprimes\\\/\"]}]},{\"@type\":\"ImageObject\",\"inLanguage\":\"fr-FR\",\"@id\":\"https:\\\/\\\/skelsupplements.nl\\\/fr\\\/comprimes\\\/#primaryimage\",\"url\":\"https:\\\/\\\/skelsupplements.nl\\\/wp-content\\\/uploads\\\/2021\\\/05\\\/tabletteren.jpg\",\"contentUrl\":\"https:\\\/\\\/skelsupplements.nl\\\/wp-content\\\/uploads\\\/2021\\\/05\\\/tabletteren.jpg\",\"width\":800,\"height\":597,\"caption\":\"tablette\"},{\"@type\":\"BreadcrumbList\",\"@id\":\"https:\\\/\\\/skelsupplements.nl\\\/fr\\\/comprimes\\\/#breadcrumb\",\"itemListElement\":[{\"@type\":\"ListItem\",\"position\":1,\"name\":\"Home\",\"item\":\"https:\\\/\\\/skelsupplements.nl\\\/fr\\\/domicile\\\/\"},{\"@type\":\"ListItem\",\"position\":2,\"name\":\"Production de comprim\u00e9s\"}]},{\"@type\":\"WebSite\",\"@id\":\"https:\\\/\\\/skelsupplements.nl\\\/fr\\\/#website\",\"url\":\"https:\\\/\\\/skelsupplements.nl\\\/fr\\\/\",\"name\":\"SKEL Supplements | Private label supplementen producent\",\"description\":\"Verpakken van supplementen\",\"publisher\":{\"@id\":\"https:\\\/\\\/skelsupplements.nl\\\/fr\\\/#organization\"},\"potentialAction\":[{\"@type\":\"SearchAction\",\"target\":{\"@type\":\"EntryPoint\",\"urlTemplate\":\"https:\\\/\\\/skelsupplements.nl\\\/fr\\\/?s={search_term_string}\"},\"query-input\":{\"@type\":\"PropertyValueSpecification\",\"valueRequired\":true,\"valueName\":\"search_term_string\"}}],\"inLanguage\":\"fr-FR\"},{\"@type\":\"Organization\",\"@id\":\"https:\\\/\\\/skelsupplements.nl\\\/fr\\\/#organization\",\"name\":\"SKEL Supplements\",\"url\":\"https:\\\/\\\/skelsupplements.nl\\\/fr\\\/\",\"logo\":{\"@type\":\"ImageObject\",\"inLanguage\":\"fr-FR\",\"@id\":\"https:\\\/\\\/skelsupplements.nl\\\/fr\\\/#\\\/schema\\\/logo\\\/image\\\/\",\"url\":\"\",\"contentUrl\":\"\",\"caption\":\"SKEL Supplements\"},\"image\":{\"@id\":\"https:\\\/\\\/skelsupplements.nl\\\/fr\\\/#\\\/schema\\\/logo\\\/image\\\/\"}}]}<\/script>\n<!-- \/ Yoast SEO plugin. -->","yoast_head_json":{"title":"Production et conditionnement | SKEL Supplements","description":"Production et conditionnement de comprim\u00e9s | SKEL Supplements | de la recette de suppl\u00e9ment aux comprim\u00e9s d'emballage | Diff\u00e9rentes tailles & rev\u00eatement possible \u2705","robots":{"index":"index","follow":"follow","max-snippet":"max-snippet:-1","max-image-preview":"max-image-preview:large","max-video-preview":"max-video-preview:-1"},"canonical":"https:\/\/skelsupplements.nl\/fr\/comprimes\/","og_locale":"fr_FR","og_type":"article","og_title":"Production et conditionnement | SKEL Supplements","og_description":"Production et conditionnement de comprim\u00e9s | SKEL Supplements | de la recette de suppl\u00e9ment aux comprim\u00e9s d'emballage | Diff\u00e9rentes tailles & rev\u00eatement possible \u2705","og_url":"https:\/\/skelsupplements.nl\/fr\/comprimes\/","og_site_name":"SKEL Supplements","article_modified_time":"2024-03-07T15:25:15+00:00","og_image":[{"url":"https:\/\/skelsupplements.nl\/wp-content\/uploads\/2021\/05\/tabletteren.jpg","type":"","width":"","height":""}],"twitter_card":"summary_large_image","twitter_misc":{"Dur\u00e9e de lecture estim\u00e9e":"5 minutes"},"schema":{"@context":"https:\/\/schema.org","@graph":[{"@type":"WebPage","@id":"https:\/\/skelsupplements.nl\/fr\/comprimes\/","url":"https:\/\/skelsupplements.nl\/fr\/comprimes\/","name":"Production et conditionnement | SKEL Supplements","isPartOf":{"@id":"https:\/\/skelsupplements.nl\/fr\/#website"},"primaryImageOfPage":{"@id":"https:\/\/skelsupplements.nl\/fr\/comprimes\/#primaryimage"},"image":{"@id":"https:\/\/skelsupplements.nl\/fr\/comprimes\/#primaryimage"},"thumbnailUrl":"https:\/\/skelsupplements.nl\/wp-content\/uploads\/2021\/05\/tabletteren.jpg","datePublished":"2021-07-11T15:27:00+00:00","dateModified":"2024-03-07T15:25:15+00:00","description":"Production et conditionnement de comprim\u00e9s | SKEL Supplements | de la recette de suppl\u00e9ment aux comprim\u00e9s d'emballage | Diff\u00e9rentes tailles & rev\u00eatement possible \u2705","breadcrumb":{"@id":"https:\/\/skelsupplements.nl\/fr\/comprimes\/#breadcrumb"},"inLanguage":"fr-FR","potentialAction":[{"@type":"ReadAction","target":["https:\/\/skelsupplements.nl\/fr\/comprimes\/"]}]},{"@type":"ImageObject","inLanguage":"fr-FR","@id":"https:\/\/skelsupplements.nl\/fr\/comprimes\/#primaryimage","url":"https:\/\/skelsupplements.nl\/wp-content\/uploads\/2021\/05\/tabletteren.jpg","contentUrl":"https:\/\/skelsupplements.nl\/wp-content\/uploads\/2021\/05\/tabletteren.jpg","width":800,"height":597,"caption":"tablette"},{"@type":"BreadcrumbList","@id":"https:\/\/skelsupplements.nl\/fr\/comprimes\/#breadcrumb","itemListElement":[{"@type":"ListItem","position":1,"name":"Home","item":"https:\/\/skelsupplements.nl\/fr\/domicile\/"},{"@type":"ListItem","position":2,"name":"Production de comprim\u00e9s"}]},{"@type":"WebSite","@id":"https:\/\/skelsupplements.nl\/fr\/#website","url":"https:\/\/skelsupplements.nl\/fr\/","name":"SKEL Supplements | Private label supplementen producent","description":"Verpakken van supplementen","publisher":{"@id":"https:\/\/skelsupplements.nl\/fr\/#organization"},"potentialAction":[{"@type":"SearchAction","target":{"@type":"EntryPoint","urlTemplate":"https:\/\/skelsupplements.nl\/fr\/?s={search_term_string}"},"query-input":{"@type":"PropertyValueSpecification","valueRequired":true,"valueName":"search_term_string"}}],"inLanguage":"fr-FR"},{"@type":"Organization","@id":"https:\/\/skelsupplements.nl\/fr\/#organization","name":"SKEL Supplements","url":"https:\/\/skelsupplements.nl\/fr\/","logo":{"@type":"ImageObject","inLanguage":"fr-FR","@id":"https:\/\/skelsupplements.nl\/fr\/#\/schema\/logo\/image\/","url":"","contentUrl":"","caption":"SKEL Supplements"},"image":{"@id":"https:\/\/skelsupplements.nl\/fr\/#\/schema\/logo\/image\/"}}]}},"_links":{"self":[{"href":"https:\/\/skelsupplements.nl\/fr\/wp-json\/wp\/v2\/pages\/3764","targetHints":{"allow":["GET"]}}],"collection":[{"href":"https:\/\/skelsupplements.nl\/fr\/wp-json\/wp\/v2\/pages"}],"about":[{"href":"https:\/\/skelsupplements.nl\/fr\/wp-json\/wp\/v2\/types\/page"}],"author":[{"embeddable":true,"href":"https:\/\/skelsupplements.nl\/fr\/wp-json\/wp\/v2\/users\/1"}],"replies":[{"embeddable":true,"href":"https:\/\/skelsupplements.nl\/fr\/wp-json\/wp\/v2\/comments?post=3764"}],"version-history":[{"count":0,"href":"https:\/\/skelsupplements.nl\/fr\/wp-json\/wp\/v2\/pages\/3764\/revisions"}],"wp:featuredmedia":[{"embeddable":true,"href":"https:\/\/skelsupplements.nl\/fr\/wp-json\/wp\/v2\/media\/3337"}],"wp:attachment":[{"href":"https:\/\/skelsupplements.nl\/fr\/wp-json\/wp\/v2\/media?parent=3764"}],"curies":[{"name":"wp","href":"https:\/\/api.w.org\/{rel}","templated":true}]}}