{"id":3797,"date":"2021-07-11T17:27:33","date_gmt":"2021-07-11T15:27:33","guid":{"rendered":"https:\/\/skelsupplements.nl\/distribution\/"},"modified":"2024-03-10T16:35:04","modified_gmt":"2024-03-10T15:35:04","slug":"distribution","status":"publish","type":"page","link":"https:\/\/skelsupplements.nl\/fr\/distribution\/","title":{"rendered":"Distribution"},"content":{"rendered":"\t\t<div data-elementor-type=\"wp-post\" data-elementor-id=\"3797\" class=\"elementor elementor-3797 elementor-2280\" data-elementor-post-type=\"page\">\n\t\t\t\t\t\t<section class=\"elementor-section elementor-top-section elementor-element elementor-element-69d6e8b2 elementor-section-full_width elementor-section-height-min-height elementor-section-stretched elementor-section-height-default elementor-section-items-middle\" data-id=\"69d6e8b2\" data-element_type=\"section\" data-e-type=\"section\" data-settings=\"{&quot;stretch_section&quot;:&quot;section-stretched&quot;,&quot;background_background&quot;:&quot;classic&quot;,&quot;background_motion_fx_motion_fx_scrolling&quot;:&quot;yes&quot;,&quot;background_motion_fx_translateY_effect&quot;:&quot;yes&quot;,&quot;background_motion_fx_translateY_direction&quot;:&quot;negative&quot;,&quot;background_motion_fx_translateY_speed&quot;:{&quot;unit&quot;:&quot;px&quot;,&quot;size&quot;:4,&quot;sizes&quot;:[]},&quot;background_motion_fx_translateY_affectedRange&quot;:{&quot;unit&quot;:&quot;%&quot;,&quot;size&quot;:&quot;&quot;,&quot;sizes&quot;:{&quot;start&quot;:0,&quot;end&quot;:100}},&quot;background_motion_fx_devices&quot;:[&quot;desktop&quot;,&quot;tablet&quot;,&quot;mobile&quot;]}\">\n\t\t\t\t\t\t<div class=\"elementor-container elementor-column-gap-default\">\n\t\t\t\t\t<div class=\"elementor-column elementor-col-100 elementor-top-column elementor-element elementor-element-74bbc0a6\" data-id=\"74bbc0a6\" data-element_type=\"column\" data-e-type=\"column\">\n\t\t\t<div class=\"elementor-widget-wrap\">\n\t\t\t\t\t\t\t<\/div>\n\t\t<\/div>\n\t\t\t\t\t<\/div>\n\t\t<\/section>\n\t\t\t\t<section class=\"elementor-section elementor-top-section elementor-element elementor-element-073012a elementor-section-stretched elementor-section-boxed elementor-section-height-default elementor-section-height-default\" data-id=\"073012a\" data-element_type=\"section\" data-e-type=\"section\" data-settings=\"{&quot;stretch_section&quot;:&quot;section-stretched&quot;,&quot;background_background&quot;:&quot;classic&quot;}\">\n\t\t\t\t\t\t<div class=\"elementor-container elementor-column-gap-extended\">\n\t\t\t\t\t<div class=\"elementor-column elementor-col-100 elementor-top-column elementor-element elementor-element-b33df8d\" data-id=\"b33df8d\" data-element_type=\"column\" data-e-type=\"column\">\n\t\t\t<div class=\"elementor-widget-wrap elementor-element-populated\">\n\t\t\t\t\t\t<div class=\"elementor-element elementor-element-eaac391 elementor-widget elementor-widget-heading\" data-id=\"eaac391\" data-element_type=\"widget\" data-e-type=\"widget\" data-widget_type=\"heading.default\">\n\t\t\t\t<div class=\"elementor-widget-container\">\n\t\t\t\t\t<h1 class=\"elementor-heading-title elementor-size-large\">Distribution<\/h1>\t\t\t\t<\/div>\n\t\t\t\t<\/div>\n\t\t\t\t\t<\/div>\n\t\t<\/div>\n\t\t\t\t\t<\/div>\n\t\t<\/section>\n\t\t\t\t<section class=\"elementor-section elementor-top-section elementor-element elementor-element-2de4f4f elementor-section-stretched elementor-section-boxed elementor-section-height-default elementor-section-height-default\" data-id=\"2de4f4f\" data-element_type=\"section\" data-e-type=\"section\" data-settings=\"{&quot;stretch_section&quot;:&quot;section-stretched&quot;,&quot;background_background&quot;:&quot;classic&quot;}\">\n\t\t\t\t\t\t<div class=\"elementor-container elementor-column-gap-extended\">\n\t\t\t\t\t<div class=\"elementor-column elementor-col-100 elementor-top-column elementor-element elementor-element-08df4fa\" data-id=\"08df4fa\" data-element_type=\"column\" data-e-type=\"column\">\n\t\t\t<div class=\"elementor-widget-wrap elementor-element-populated\">\n\t\t\t\t\t\t<div class=\"elementor-element elementor-element-a9aadaa elementor-widget elementor-widget-breadcrumbs\" data-id=\"a9aadaa\" data-element_type=\"widget\" data-e-type=\"widget\" data-widget_type=\"breadcrumbs.default\">\n\t\t\t\t<div class=\"elementor-widget-container\">\n\t\t\t\t\t<p id=\"breadcrumbs\"><span><span><a href=\"https:\/\/skelsupplements.nl\/fr\/domicile\/\">Home<\/a><\/span><\/span><\/p>\t\t\t\t<\/div>\n\t\t\t\t<\/div>\n\t\t\t\t<div class=\"elementor-element elementor-element-981c7a5 elementor-widget elementor-widget-spacer\" data-id=\"981c7a5\" data-element_type=\"widget\" data-e-type=\"widget\" data-widget_type=\"spacer.default\">\n\t\t\t\t<div class=\"elementor-widget-container\">\n\t\t\t\t\t\t\t<div class=\"elementor-spacer\">\n\t\t\t<div class=\"elementor-spacer-inner\"><\/div>\n\t\t<\/div>\n\t\t\t\t\t\t<\/div>\n\t\t\t\t<\/div>\n\t\t\t\t\t<\/div>\n\t\t<\/div>\n\t\t\t\t\t<\/div>\n\t\t<\/section>\n\t\t\t\t<section class=\"elementor-section elementor-top-section elementor-element elementor-element-6503adf elementor-section-stretched elementor-section-boxed elementor-section-height-default elementor-section-height-default\" data-id=\"6503adf\" data-element_type=\"section\" data-e-type=\"section\" data-settings=\"{&quot;stretch_section&quot;:&quot;section-stretched&quot;,&quot;background_background&quot;:&quot;classic&quot;}\">\n\t\t\t\t\t\t<div class=\"elementor-container elementor-column-gap-extended\">\n\t\t\t\t\t<div class=\"elementor-column elementor-col-100 elementor-top-column elementor-element elementor-element-94133c2\" data-id=\"94133c2\" data-element_type=\"column\" data-e-type=\"column\" data-settings=\"{&quot;animation&quot;:&quot;none&quot;}\">\n\t\t\t<div class=\"elementor-widget-wrap elementor-element-populated\">\n\t\t\t\t\t\t<div class=\"elementor-element elementor-element-5afcd70 elementor-widget elementor-widget-text-editor\" data-id=\"5afcd70\" data-element_type=\"widget\" data-e-type=\"widget\" data-widget_type=\"text-editor.default\">\n\t\t\t\t<div class=\"elementor-widget-container\">\n\t\t\t\t\t\t\t\t\t<p><span style=\"font-weight: 400;\"><img fetchpriority=\"high\" decoding=\"async\" class=\"alignright wp-image-2285\" src=\"https:\/\/skelsupplements.nl\/new\/wp-content\/uploads\/2021\/06\/distributie-supplementen.jpg\" alt=\"suppl\u00e9ments de distribution\" width=\"600\" height=\"367\" srcset=\"https:\/\/skelsupplements.nl\/wp-content\/uploads\/2021\/06\/distributie-supplementen.jpg 800w, https:\/\/skelsupplements.nl\/wp-content\/uploads\/2021\/06\/distributie-supplementen-300x183.jpg 300w, https:\/\/skelsupplements.nl\/wp-content\/uploads\/2021\/06\/distributie-supplementen-768x469.jpg 768w, https:\/\/skelsupplements.nl\/wp-content\/uploads\/2021\/06\/distributie-supplementen-600x367.jpg 600w, https:\/\/skelsupplements.nl\/wp-content\/uploads\/2021\/06\/distributie-supplementen-200x122.jpg 200w\" sizes=\"(max-width: 600px) 100vw, 600px\" \/>Vos compl\u00e9ments alimentaires (animaux) sont-ils pr\u00eats \u00e0 \u00eatre livr\u00e9s? SKEL Supplements est \u00e9galement heureux de vous aider. Nous offrons des options pour le stockage, la gestion des stocks et <\/span><strong>distribution<\/strong><span style=\"font-weight: 400;\">. Cela vous permet d&rsquo;\u00e9conomiser beaucoup de temps et de d\u00e9fis logistiques.<\/span><\/p>\n<p><span style=\"font-weight: 400;\">Nous livrons vos compl\u00e9ments nutritionnels en votre nom \u00e0 votre utilisateur final ou client professionnel. Notre <\/span>employ\u00e9s exp\u00e9riment\u00e9s<span style=\"font-weight: 400;\"> traitez vos produits avec le plus grand soin. Si vous le souhaitez, nous prenons \u00e9galement en charge l&rsquo;ensemble du processus de production.<\/span><\/p>\n<p><span style=\"font-weight: 400;\">Bien entendu, vous d\u00e9terminez le groupe cible, les sp\u00e9cifications du produit et, par exemple, la disposition de vos emballages et \u00e9tiquettes. SKEL Supplements est sp\u00e9cialis\u00e9 dans les suppl\u00e9ments de marque priv\u00e9e. Les possibilit\u00e9s en termes d&rsquo;\u00e9tiquetage, de couleurs et de types d&#8217;emballage sont infinies. <\/span><\/p>\n<p><span style=\"font-weight: 400;\">Par exemple, nous distribuons vos pots de granul\u00e9s, comprim\u00e9s et g\u00e9lules remplis, mais nous fabriquons et fournissons \u00e9galement des blisters. Si vous le souhaitez, SKEL Supplements fabrique votre produit et votre emballage <\/span>enti\u00e8rement personnalis\u00e9<span style=\"font-weight: 400;\"> .<\/span><\/p>\n<p><span style=\"font-weight: 400;\"> <\/span><\/p>\n<h2>Dropshipping suppl\u00e9ments nutritionnels<\/h2>\n<p><span style=\"font-weight: 400;\">La distribution de vos compl\u00e9ments nutritionnels est possible chez nous via <strong>dropshipment<\/strong> <strong>Dropshipping<\/strong>, aussi appel\u00e9e &lsquo;revente directe&rsquo;, signifie que nous traitons les commandes de vos clients. Nous, le producteur de vos suppl\u00e9ments, livrons ensuite vos produits directement \u00e0 votre client en votre nom. Nous vous facturons et vous facturez cela au client final.<\/span><\/p>\n<p><i><span style=\"font-weight: 400;\">Livraison directe<\/span><\/i><span style=\"font-weight: 400;\"> est surtout une m\u00e9thode id\u00e9ale pour d\u00e9marrer des entrepreneurs. Lorsque SKEL Supplements dispose d&rsquo;un espace de stockage suffisant, les d\u00e9butants n&rsquo;ont souvent pas un grand espace de stockage ou des opportunit\u00e9s d&rsquo;investissement. Dans ce cas, mais aussi pour les entreprises existantes, l&rsquo;externalisation de la distribution apporte de grands avantages. SKEL Supplements g\u00e8re vos produits et vos exp\u00e9ditions <\/span>avec grand soin<span style=\"font-weight: 400;\"> .<\/span><\/p>\n<p><span style=\"font-weight: 400;\"> <\/span><\/p>\n<h2>Avantages de la livraison directe<\/h2>\n<p><span style=\"font-weight: 400;\">Pourquoi la distribution de votre<\/span><i><span style=\"font-weight: 400;\"> compl\u00e9ments alimentaires<\/span><\/i><span style=\"font-weight: 400;\"> fais le toi-m\u00eame? Il y a plusieurs avantages associ\u00e9s \u00e0 la livraison directe. Si vous nous confiez tous les processus de production, de stockage et de distribution, <\/span>cela vous fera \u00e9conomiser beaucoup de temps et d&rsquo;argent<span style=\"font-weight: 400;\">. Ci-dessous, nous \u00e9num\u00e9rons quelques avantages du dropshipping de <\/span><span style=\"font-weight: 400;\">compl\u00e9ments alimentaires.<\/span><\/p>\n<h3><img decoding=\"async\" class=\"alignleft wp-image-2289 size-medium\" src=\"https:\/\/skelsupplements.nl\/new\/wp-content\/uploads\/2021\/06\/dropshipping-supplementen-300x225.jpg\" alt=\"suppl\u00e9ments de dropshipping\" width=\"300\" height=\"225\" srcset=\"https:\/\/skelsupplements.nl\/wp-content\/uploads\/2021\/06\/dropshipping-supplementen-300x225.jpg 300w, https:\/\/skelsupplements.nl\/wp-content\/uploads\/2021\/06\/dropshipping-supplementen-768x575.jpg 768w, https:\/\/skelsupplements.nl\/wp-content\/uploads\/2021\/06\/dropshipping-supplementen-600x449.jpg 600w, https:\/\/skelsupplements.nl\/wp-content\/uploads\/2021\/06\/dropshipping-supplementen-200x150.jpg 200w, https:\/\/skelsupplements.nl\/wp-content\/uploads\/2021\/06\/dropshipping-supplementen.jpg 800w\" sizes=\"(max-width: 300px) 100vw, 300px\" \/><\/h3>\n<p><span style=\"font-weight: 400;\"> <\/span><\/p>\n<h3>\u00c9conomisez sur les frais de transport<\/h3>\n<p><span style=\"font-weight: 400;\">Avec<strong> livraison<\/strong> vous \u00e9conomisez rapidement sur les frais de transport. Externalisez-vous l&rsquo;ensemble du processus de production? Le transport de votre produit vers un centre de distribution n&rsquo;est alors plus n\u00e9cessaire. Vous commandez des produits directement aupr\u00e8s de SKEL Supplements, qui sont fabriqu\u00e9s, stock\u00e9s et livr\u00e9s par nos soins \u00e0 votre client final.<\/span><\/p>\n<p><span style=\"font-weight: 400;\"> <\/span><\/p>\n<h3>Concentrez-vous sur la partie amusante de votre domaine<\/h3>\n<p><span style=\"font-weight: 400;\">Vous voulez commercialiser de bons compl\u00e9ments nutritionnels qui profitent r\u00e9ellement aux clients. Vous voulez probablement aussi transmettre un certain message avec cela. Plus vous consacrez de temps \u00e0 l&rsquo;administration, \u00e0 l&rsquo;inventaire et \u00e0 la logistique, moins vous disposez d&rsquo;espace pour votre mission commerciale et vos activit\u00e9s de vente. <\/span><\/p>\n<p><span style=\"font-weight: 400;\">Le dropshipping est une solution ici. Cela vous permet non seulement d&rsquo;\u00e9conomiser du temps, mais \u00e9galement des co\u00fbts en termes d&rsquo;espace, d&rsquo;inventaire, de logistique et de personnel. Plus de soucis pour la livraison de vos compl\u00e9ments alimentaires : ils parviendront \u00e0 vos clients proprement et \u00e0 temps.<\/span><\/p>\n<p><span style=\"font-weight: 400;\"> <\/span><\/p>\n<h2>De la mati\u00e8re premi\u00e8re \u00e0 la distribution<\/h2>\n<p><span style=\"font-weight: 400;\">Beaucoup est impliqu\u00e9 dans la composition et la distribution de vos compl\u00e9ments alimentaires. Le groupe cible est choisi, l&#8217;emballage et l&rsquo;\u00e9tiquette sont produits et la pr\u00e9paration des commandes doit \u00eatre effectu\u00e9e correctement. Et ce n&rsquo;est qu&rsquo;une petite partie des processus \u00e0 suivre.<\/span><\/p>\n<p><span style=\"font-weight: 400;\">Dans le cas du dropshipping, vous ne rencontrerez plus cela. Nous sommes heureux de prendre en charge l&rsquo;ensemble de votre processus : de la mati\u00e8re premi\u00e8re \u00e0 la distribution. SKEL Supplements n&rsquo;a besoin que de votre groupe cible, de la composition ou de l&rsquo;objectif du suppl\u00e9ment et de vos souhaits suppl\u00e9mentaires. \u00c0 partir de l\u00e0, nous \u00e9laborons, avec vous, un compl\u00e9ment sur mesure. <\/span><\/p>\n<p><span style=\"font-weight: 400;\">Nous conditionnons ensuite vos compl\u00e9ments alimentaires selon l&rsquo;une de nos m\u00e9thodes sp\u00e9cialis\u00e9es. Nous traitons vos m\u00e9langes de suppl\u00e9ments pour <\/span><span style=\"font-weight: 400;\">comprim\u00e9s<\/span><span style=\"font-weight: 400;\"> ou alors<\/span><span style=\"font-weight: 400;\"> g\u00e9lules<\/span><span style=\"font-weight: 400;\"> , ou alors<\/span><span style=\"font-weight: 400;\"> remplissez vos poudres imm\u00e9diatement<\/span><span style=\"font-weight: 400;\"> dans l&#8217;emballage souhait\u00e9. Il existe \u00e9galement des possibilit\u00e9s de <\/span><span style=\"font-weight: 400;\">Paquets de pansements<\/span><span style=\"font-weight: 400;\"> .<\/span><\/p>\n<h3><span style=\"font-weight: 400;\">Stockage des suppl\u00e9ments<\/span><\/h3>\n<p><span style=\"font-weight: 400;\">Apr\u00e8s le d\u00e9veloppement et l&#8217;emballage du suppl\u00e9ment, nous fournissons<\/span><span style=\"font-weight: 400;\"> options de stockage<\/span><span style=\"font-weight: 400;\">. La totalit\u00e9 de votre production peut souvent \u00eatre laiss\u00e9e chez nous. Nous fournissons \u00e0 votre emballage une \u00e9tiquette et un num\u00e9ro de lot. Vous avez une nouvelle commande en cours? Ensuite, vous n&rsquo;avez plus rien \u00e0 faire avec \u00e7a. <\/span><\/p>\n<p><span style=\"font-weight: 400;\">Assurez-vous que vos commandes nous sont transmises imm\u00e9diatement, et nous pouvons les traiter. Votre client final recevra dans un court d\u00e9lai les compl\u00e9ments nutritionnels appropri\u00e9s \u00e0 l&rsquo;adresse de livraison indiqu\u00e9e. Avec cela, nous vous d\u00e9chargeons \u00e9galement de la gestion de vos stocks.<\/span><\/p>\n<p><span style=\"font-weight: 400;\"> <\/span><\/p>\n<h2>Externalisez la distribution de vos compl\u00e9ments nutritionnels<\/h2>\n<p><span style=\"font-weight: 400;\">Voulez-vous utiliser nos options de livraison directe ou simplement notre<strong> service de distribution<\/strong> pour vos compl\u00e9ments alimentaires? Les deux sont possibles. C&rsquo;est \u00e0 vous de d\u00e9cider dans quelle mesure vous souhaitez externaliser ces processus. Nos employ\u00e9s qualifi\u00e9s r\u00e9pondent aux exigences \u00e9lev\u00e9es de votre produit. Nous g\u00e9rons vos compl\u00e9ments nutritionnels avec une extr\u00eame pr\u00e9cision.<\/span><\/p>\n<p><span style=\"font-weight: 400;\"> <\/span><\/p>\n<p><span style=\"font-weight: 400;\">Vous avez des questions sp\u00e9cifiques sur les options de distribution de vos compl\u00e9ments alimentaires ? Pour plus d&rsquo;informations contactez nous<\/span><span style=\"font-weight: 400;\">. M\u00eame si vous souhaitez nous sous-traiter l&rsquo;ensemble du processus de production, nous sommes heureux de r\u00e9fl\u00e9chir avec vous.<\/span><\/p>\n\t\t\t\t\t\t\t\t<\/div>\n\t\t\t\t<\/div>\n\t\t\t\t<div class=\"elementor-element elementor-element-b7afba5 elementor-widget elementor-widget-spacer\" data-id=\"b7afba5\" data-element_type=\"widget\" data-e-type=\"widget\" data-widget_type=\"spacer.default\">\n\t\t\t\t<div class=\"elementor-widget-container\">\n\t\t\t\t\t\t\t<div class=\"elementor-spacer\">\n\t\t\t<div class=\"elementor-spacer-inner\"><\/div>\n\t\t<\/div>\n\t\t\t\t\t\t<\/div>\n\t\t\t\t<\/div>\n\t\t\t\t\t<\/div>\n\t\t<\/div>\n\t\t\t\t\t<\/div>\n\t\t<\/section>\n\t\t\t\t<\/div>\n\t\t","protected":false},"excerpt":{"rendered":"<p>Distribution Vos compl\u00e9ments alimentaires (animaux) sont-ils pr\u00eats \u00e0 \u00eatre livr\u00e9s? SKEL Supplements est \u00e9galement heureux de vous aider. Nous offrons des options pour le stockage, la gestion des stocks et&#8230;<\/p>\n","protected":false},"author":1,"featured_media":3367,"parent":0,"menu_order":0,"comment_status":"closed","ping_status":"closed","template":"","meta":{"footnotes":""},"class_list":["post-3797","page","type-page","status-publish","has-post-thumbnail"],"yoast_head":"<!-- This site is optimized with the Yoast SEO plugin v27.3 - https:\/\/yoast.com\/product\/yoast-seo-wordpress\/ -->\n<title>Distribution &amp; Dropshipping de Compl\u00e9ments Alimentaires | SKEL Suppl\u00e9ments<\/title>\n<meta name=\"description\" content=\"Dropshipping suppl\u00e9ments nutritionnels | Distribution en dropshipping par SKEL Supplements | Gain de temps et d&#039;argent \u2705 Externalisez l&#039;int\u00e9gralit\u00e9 du processus \u2705\" \/>\n<meta name=\"robots\" content=\"index, follow, max-snippet:-1, max-image-preview:large, max-video-preview:-1\" \/>\n<link rel=\"canonical\" href=\"https:\/\/skelsupplements.nl\/fr\/distribution\/\" \/>\n<meta property=\"og:locale\" content=\"fr_FR\" \/>\n<meta property=\"og:type\" content=\"article\" \/>\n<meta property=\"og:title\" content=\"Distribution &amp; Dropshipping de Compl\u00e9ments Alimentaires | SKEL Suppl\u00e9ments\" \/>\n<meta property=\"og:description\" content=\"Dropshipping suppl\u00e9ments nutritionnels | Distribution en dropshipping par SKEL Supplements | Gain de temps et d&#039;argent \u2705 Externalisez l&#039;int\u00e9gralit\u00e9 du processus \u2705\" \/>\n<meta property=\"og:url\" content=\"https:\/\/skelsupplements.nl\/fr\/distribution\/\" \/>\n<meta property=\"og:site_name\" content=\"SKEL Supplements\" \/>\n<meta property=\"article:modified_time\" content=\"2024-03-10T15:35:04+00:00\" \/>\n<meta property=\"og:image\" content=\"https:\/\/skelsupplements.nl\/wp-content\/uploads\/2021\/06\/distributie-supplementen.jpg\" \/>\n<meta name=\"twitter:card\" content=\"summary_large_image\" \/>\n<meta name=\"twitter:label1\" content=\"Dur\u00e9e de lecture estim\u00e9e\" \/>\n\t<meta name=\"twitter:data1\" content=\"5 minutes\" \/>\n<script type=\"application\/ld+json\" class=\"yoast-schema-graph\">{\"@context\":\"https:\\\/\\\/schema.org\",\"@graph\":[{\"@type\":\"WebPage\",\"@id\":\"https:\\\/\\\/skelsupplements.nl\\\/fr\\\/distribution\\\/\",\"url\":\"https:\\\/\\\/skelsupplements.nl\\\/fr\\\/distribution\\\/\",\"name\":\"Distribution & Dropshipping de Compl\u00e9ments Alimentaires | SKEL Suppl\u00e9ments\",\"isPartOf\":{\"@id\":\"https:\\\/\\\/skelsupplements.nl\\\/fr\\\/#website\"},\"primaryImageOfPage\":{\"@id\":\"https:\\\/\\\/skelsupplements.nl\\\/fr\\\/distribution\\\/#primaryimage\"},\"image\":{\"@id\":\"https:\\\/\\\/skelsupplements.nl\\\/fr\\\/distribution\\\/#primaryimage\"},\"thumbnailUrl\":\"https:\\\/\\\/skelsupplements.nl\\\/wp-content\\\/uploads\\\/2021\\\/06\\\/distributie-supplementen.jpg\",\"datePublished\":\"2021-07-11T15:27:33+00:00\",\"dateModified\":\"2024-03-10T15:35:04+00:00\",\"description\":\"Dropshipping suppl\u00e9ments nutritionnels | Distribution en dropshipping par SKEL Supplements | Gain de temps et d'argent \u2705 Externalisez l'int\u00e9gralit\u00e9 du processus \u2705\",\"breadcrumb\":{\"@id\":\"https:\\\/\\\/skelsupplements.nl\\\/fr\\\/distribution\\\/#breadcrumb\"},\"inLanguage\":\"fr-FR\",\"potentialAction\":[{\"@type\":\"ReadAction\",\"target\":[\"https:\\\/\\\/skelsupplements.nl\\\/fr\\\/distribution\\\/\"]}]},{\"@type\":\"ImageObject\",\"inLanguage\":\"fr-FR\",\"@id\":\"https:\\\/\\\/skelsupplements.nl\\\/fr\\\/distribution\\\/#primaryimage\",\"url\":\"https:\\\/\\\/skelsupplements.nl\\\/wp-content\\\/uploads\\\/2021\\\/06\\\/distributie-supplementen.jpg\",\"contentUrl\":\"https:\\\/\\\/skelsupplements.nl\\\/wp-content\\\/uploads\\\/2021\\\/06\\\/distributie-supplementen.jpg\",\"width\":800,\"height\":489,\"caption\":\"suppl\u00e9ments de distribution\"},{\"@type\":\"BreadcrumbList\",\"@id\":\"https:\\\/\\\/skelsupplements.nl\\\/fr\\\/distribution\\\/#breadcrumb\",\"itemListElement\":[{\"@type\":\"ListItem\",\"position\":1,\"name\":\"Home\",\"item\":\"https:\\\/\\\/skelsupplements.nl\\\/fr\\\/domicile\\\/\"},{\"@type\":\"ListItem\",\"position\":2,\"name\":\"Distribution\"}]},{\"@type\":\"WebSite\",\"@id\":\"https:\\\/\\\/skelsupplements.nl\\\/fr\\\/#website\",\"url\":\"https:\\\/\\\/skelsupplements.nl\\\/fr\\\/\",\"name\":\"SKEL Supplements | Private label supplementen producent\",\"description\":\"Verpakken van supplementen\",\"publisher\":{\"@id\":\"https:\\\/\\\/skelsupplements.nl\\\/fr\\\/#organization\"},\"potentialAction\":[{\"@type\":\"SearchAction\",\"target\":{\"@type\":\"EntryPoint\",\"urlTemplate\":\"https:\\\/\\\/skelsupplements.nl\\\/fr\\\/?s={search_term_string}\"},\"query-input\":{\"@type\":\"PropertyValueSpecification\",\"valueRequired\":true,\"valueName\":\"search_term_string\"}}],\"inLanguage\":\"fr-FR\"},{\"@type\":\"Organization\",\"@id\":\"https:\\\/\\\/skelsupplements.nl\\\/fr\\\/#organization\",\"name\":\"SKEL Supplements\",\"url\":\"https:\\\/\\\/skelsupplements.nl\\\/fr\\\/\",\"logo\":{\"@type\":\"ImageObject\",\"inLanguage\":\"fr-FR\",\"@id\":\"https:\\\/\\\/skelsupplements.nl\\\/fr\\\/#\\\/schema\\\/logo\\\/image\\\/\",\"url\":\"\",\"contentUrl\":\"\",\"caption\":\"SKEL Supplements\"},\"image\":{\"@id\":\"https:\\\/\\\/skelsupplements.nl\\\/fr\\\/#\\\/schema\\\/logo\\\/image\\\/\"}}]}<\/script>\n<!-- \/ Yoast SEO plugin. -->","yoast_head_json":{"title":"Distribution & Dropshipping de Compl\u00e9ments Alimentaires | SKEL Suppl\u00e9ments","description":"Dropshipping suppl\u00e9ments nutritionnels | Distribution en dropshipping par SKEL Supplements | Gain de temps et d'argent \u2705 Externalisez l'int\u00e9gralit\u00e9 du processus \u2705","robots":{"index":"index","follow":"follow","max-snippet":"max-snippet:-1","max-image-preview":"max-image-preview:large","max-video-preview":"max-video-preview:-1"},"canonical":"https:\/\/skelsupplements.nl\/fr\/distribution\/","og_locale":"fr_FR","og_type":"article","og_title":"Distribution & Dropshipping de Compl\u00e9ments Alimentaires | SKEL Suppl\u00e9ments","og_description":"Dropshipping suppl\u00e9ments nutritionnels | Distribution en dropshipping par SKEL Supplements | Gain de temps et d'argent \u2705 Externalisez l'int\u00e9gralit\u00e9 du processus \u2705","og_url":"https:\/\/skelsupplements.nl\/fr\/distribution\/","og_site_name":"SKEL Supplements","article_modified_time":"2024-03-10T15:35:04+00:00","og_image":[{"url":"https:\/\/skelsupplements.nl\/wp-content\/uploads\/2021\/06\/distributie-supplementen.jpg","type":"","width":"","height":""}],"twitter_card":"summary_large_image","twitter_misc":{"Dur\u00e9e de lecture estim\u00e9e":"5 minutes"},"schema":{"@context":"https:\/\/schema.org","@graph":[{"@type":"WebPage","@id":"https:\/\/skelsupplements.nl\/fr\/distribution\/","url":"https:\/\/skelsupplements.nl\/fr\/distribution\/","name":"Distribution & Dropshipping de Compl\u00e9ments Alimentaires | SKEL Suppl\u00e9ments","isPartOf":{"@id":"https:\/\/skelsupplements.nl\/fr\/#website"},"primaryImageOfPage":{"@id":"https:\/\/skelsupplements.nl\/fr\/distribution\/#primaryimage"},"image":{"@id":"https:\/\/skelsupplements.nl\/fr\/distribution\/#primaryimage"},"thumbnailUrl":"https:\/\/skelsupplements.nl\/wp-content\/uploads\/2021\/06\/distributie-supplementen.jpg","datePublished":"2021-07-11T15:27:33+00:00","dateModified":"2024-03-10T15:35:04+00:00","description":"Dropshipping suppl\u00e9ments nutritionnels | Distribution en dropshipping par SKEL Supplements | Gain de temps et d'argent \u2705 Externalisez l'int\u00e9gralit\u00e9 du processus \u2705","breadcrumb":{"@id":"https:\/\/skelsupplements.nl\/fr\/distribution\/#breadcrumb"},"inLanguage":"fr-FR","potentialAction":[{"@type":"ReadAction","target":["https:\/\/skelsupplements.nl\/fr\/distribution\/"]}]},{"@type":"ImageObject","inLanguage":"fr-FR","@id":"https:\/\/skelsupplements.nl\/fr\/distribution\/#primaryimage","url":"https:\/\/skelsupplements.nl\/wp-content\/uploads\/2021\/06\/distributie-supplementen.jpg","contentUrl":"https:\/\/skelsupplements.nl\/wp-content\/uploads\/2021\/06\/distributie-supplementen.jpg","width":800,"height":489,"caption":"suppl\u00e9ments de distribution"},{"@type":"BreadcrumbList","@id":"https:\/\/skelsupplements.nl\/fr\/distribution\/#breadcrumb","itemListElement":[{"@type":"ListItem","position":1,"name":"Home","item":"https:\/\/skelsupplements.nl\/fr\/domicile\/"},{"@type":"ListItem","position":2,"name":"Distribution"}]},{"@type":"WebSite","@id":"https:\/\/skelsupplements.nl\/fr\/#website","url":"https:\/\/skelsupplements.nl\/fr\/","name":"SKEL Supplements | Private label supplementen producent","description":"Verpakken van supplementen","publisher":{"@id":"https:\/\/skelsupplements.nl\/fr\/#organization"},"potentialAction":[{"@type":"SearchAction","target":{"@type":"EntryPoint","urlTemplate":"https:\/\/skelsupplements.nl\/fr\/?s={search_term_string}"},"query-input":{"@type":"PropertyValueSpecification","valueRequired":true,"valueName":"search_term_string"}}],"inLanguage":"fr-FR"},{"@type":"Organization","@id":"https:\/\/skelsupplements.nl\/fr\/#organization","name":"SKEL Supplements","url":"https:\/\/skelsupplements.nl\/fr\/","logo":{"@type":"ImageObject","inLanguage":"fr-FR","@id":"https:\/\/skelsupplements.nl\/fr\/#\/schema\/logo\/image\/","url":"","contentUrl":"","caption":"SKEL Supplements"},"image":{"@id":"https:\/\/skelsupplements.nl\/fr\/#\/schema\/logo\/image\/"}}]}},"_links":{"self":[{"href":"https:\/\/skelsupplements.nl\/fr\/wp-json\/wp\/v2\/pages\/3797","targetHints":{"allow":["GET"]}}],"collection":[{"href":"https:\/\/skelsupplements.nl\/fr\/wp-json\/wp\/v2\/pages"}],"about":[{"href":"https:\/\/skelsupplements.nl\/fr\/wp-json\/wp\/v2\/types\/page"}],"author":[{"embeddable":true,"href":"https:\/\/skelsupplements.nl\/fr\/wp-json\/wp\/v2\/users\/1"}],"replies":[{"embeddable":true,"href":"https:\/\/skelsupplements.nl\/fr\/wp-json\/wp\/v2\/comments?post=3797"}],"version-history":[{"count":0,"href":"https:\/\/skelsupplements.nl\/fr\/wp-json\/wp\/v2\/pages\/3797\/revisions"}],"wp:featuredmedia":[{"embeddable":true,"href":"https:\/\/skelsupplements.nl\/fr\/wp-json\/wp\/v2\/media\/3367"}],"wp:attachment":[{"href":"https:\/\/skelsupplements.nl\/fr\/wp-json\/wp\/v2\/media?parent=3797"}],"curies":[{"name":"wp","href":"https:\/\/api.w.org\/{rel}","templated":true}]}}