{"id":3805,"date":"2021-07-11T17:27:34","date_gmt":"2021-07-11T15:27:34","guid":{"rendered":"https:\/\/skelsupplements.nl\/supplements-de-stockage\/"},"modified":"2024-03-10T16:30:14","modified_gmt":"2024-03-10T15:30:14","slug":"supplements-de-stockage","status":"publish","type":"page","link":"https:\/\/skelsupplements.nl\/fr\/supplements-de-stockage\/","title":{"rendered":"Suppl\u00e9ments de stockage"},"content":{"rendered":"\t\t<div data-elementor-type=\"wp-post\" data-elementor-id=\"3805\" class=\"elementor elementor-3805 elementor-2298\" data-elementor-post-type=\"page\">\n\t\t\t\t\t\t<section class=\"elementor-section elementor-top-section elementor-element elementor-element-222d26e2 elementor-section-full_width elementor-section-height-min-height elementor-section-stretched elementor-section-height-default elementor-section-items-middle\" data-id=\"222d26e2\" data-element_type=\"section\" data-e-type=\"section\" data-settings=\"{&quot;stretch_section&quot;:&quot;section-stretched&quot;,&quot;background_background&quot;:&quot;classic&quot;,&quot;background_motion_fx_motion_fx_scrolling&quot;:&quot;yes&quot;,&quot;background_motion_fx_translateY_effect&quot;:&quot;yes&quot;,&quot;background_motion_fx_translateY_direction&quot;:&quot;negative&quot;,&quot;background_motion_fx_translateY_speed&quot;:{&quot;unit&quot;:&quot;px&quot;,&quot;size&quot;:4,&quot;sizes&quot;:[]},&quot;background_motion_fx_translateY_affectedRange&quot;:{&quot;unit&quot;:&quot;%&quot;,&quot;size&quot;:&quot;&quot;,&quot;sizes&quot;:{&quot;start&quot;:0,&quot;end&quot;:100}},&quot;background_motion_fx_devices&quot;:[&quot;desktop&quot;,&quot;tablet&quot;,&quot;mobile&quot;]}\">\n\t\t\t\t\t\t<div class=\"elementor-container elementor-column-gap-default\">\n\t\t\t\t\t<div class=\"elementor-column elementor-col-100 elementor-top-column elementor-element elementor-element-48e5b04b\" data-id=\"48e5b04b\" data-element_type=\"column\" data-e-type=\"column\">\n\t\t\t<div class=\"elementor-widget-wrap\">\n\t\t\t\t\t\t\t<\/div>\n\t\t<\/div>\n\t\t\t\t\t<\/div>\n\t\t<\/section>\n\t\t\t\t<section class=\"elementor-section elementor-top-section elementor-element elementor-element-073012a elementor-section-stretched elementor-section-boxed elementor-section-height-default elementor-section-height-default\" data-id=\"073012a\" data-element_type=\"section\" data-e-type=\"section\" data-settings=\"{&quot;stretch_section&quot;:&quot;section-stretched&quot;,&quot;background_background&quot;:&quot;classic&quot;}\">\n\t\t\t\t\t\t<div class=\"elementor-container elementor-column-gap-extended\">\n\t\t\t\t\t<div class=\"elementor-column elementor-col-100 elementor-top-column elementor-element elementor-element-b33df8d\" data-id=\"b33df8d\" data-element_type=\"column\" data-e-type=\"column\">\n\t\t\t<div class=\"elementor-widget-wrap elementor-element-populated\">\n\t\t\t\t\t\t<div class=\"elementor-element elementor-element-eaac391 elementor-widget elementor-widget-heading\" data-id=\"eaac391\" data-element_type=\"widget\" data-e-type=\"widget\" data-widget_type=\"heading.default\">\n\t\t\t\t<div class=\"elementor-widget-container\">\n\t\t\t\t\t<h1 class=\"elementor-heading-title elementor-size-large\">Stockage et gestion<\/h1>\t\t\t\t<\/div>\n\t\t\t\t<\/div>\n\t\t\t\t\t<\/div>\n\t\t<\/div>\n\t\t\t\t\t<\/div>\n\t\t<\/section>\n\t\t\t\t<section class=\"elementor-section elementor-top-section elementor-element elementor-element-2de4f4f elementor-section-stretched elementor-section-boxed elementor-section-height-default elementor-section-height-default\" data-id=\"2de4f4f\" data-element_type=\"section\" data-e-type=\"section\" data-settings=\"{&quot;stretch_section&quot;:&quot;section-stretched&quot;,&quot;background_background&quot;:&quot;classic&quot;}\">\n\t\t\t\t\t\t<div class=\"elementor-container elementor-column-gap-extended\">\n\t\t\t\t\t<div class=\"elementor-column elementor-col-100 elementor-top-column elementor-element elementor-element-08df4fa\" data-id=\"08df4fa\" data-element_type=\"column\" data-e-type=\"column\">\n\t\t\t<div class=\"elementor-widget-wrap elementor-element-populated\">\n\t\t\t\t\t\t<div class=\"elementor-element elementor-element-a9aadaa elementor-widget elementor-widget-breadcrumbs\" data-id=\"a9aadaa\" data-element_type=\"widget\" data-e-type=\"widget\" data-widget_type=\"breadcrumbs.default\">\n\t\t\t\t<div class=\"elementor-widget-container\">\n\t\t\t\t\t<p id=\"breadcrumbs\"><span><span><a href=\"https:\/\/skelsupplements.nl\/fr\/domicile\/\">Home<\/a><\/span><\/span><\/p>\t\t\t\t<\/div>\n\t\t\t\t<\/div>\n\t\t\t\t<div class=\"elementor-element elementor-element-981c7a5 elementor-widget elementor-widget-spacer\" data-id=\"981c7a5\" data-element_type=\"widget\" data-e-type=\"widget\" data-widget_type=\"spacer.default\">\n\t\t\t\t<div class=\"elementor-widget-container\">\n\t\t\t\t\t\t\t<div class=\"elementor-spacer\">\n\t\t\t<div class=\"elementor-spacer-inner\"><\/div>\n\t\t<\/div>\n\t\t\t\t\t\t<\/div>\n\t\t\t\t<\/div>\n\t\t\t\t\t<\/div>\n\t\t<\/div>\n\t\t\t\t\t<\/div>\n\t\t<\/section>\n\t\t\t\t<section class=\"elementor-section elementor-top-section elementor-element elementor-element-6503adf elementor-section-stretched elementor-section-boxed elementor-section-height-default elementor-section-height-default\" data-id=\"6503adf\" data-element_type=\"section\" data-e-type=\"section\" data-settings=\"{&quot;stretch_section&quot;:&quot;section-stretched&quot;,&quot;background_background&quot;:&quot;classic&quot;}\">\n\t\t\t\t\t\t<div class=\"elementor-container elementor-column-gap-extended\">\n\t\t\t\t\t<div class=\"elementor-column elementor-col-100 elementor-top-column elementor-element elementor-element-94133c2\" data-id=\"94133c2\" data-element_type=\"column\" data-e-type=\"column\" data-settings=\"{&quot;animation&quot;:&quot;none&quot;}\">\n\t\t\t<div class=\"elementor-widget-wrap elementor-element-populated\">\n\t\t\t\t\t\t<div class=\"elementor-element elementor-element-5afcd70 elementor-widget elementor-widget-text-editor\" data-id=\"5afcd70\" data-element_type=\"widget\" data-e-type=\"widget\" data-widget_type=\"text-editor.default\">\n\t\t\t\t<div class=\"elementor-widget-container\">\n\t\t\t\t\t\t\t\t\t<p><span style=\"font-weight: 400;\"><img fetchpriority=\"high\" decoding=\"async\" class=\"alignright wp-image-2304\" src=\"https:\/\/skelsupplements.nl\/new\/wp-content\/uploads\/2021\/06\/opslag-supplementen.jpg\" alt=\"suppl\u00e9ments de stockage\" width=\"600\" height=\"400\" srcset=\"https:\/\/skelsupplements.nl\/wp-content\/uploads\/2021\/06\/opslag-supplementen.jpg 800w, https:\/\/skelsupplements.nl\/wp-content\/uploads\/2021\/06\/opslag-supplementen-300x200.jpg 300w, https:\/\/skelsupplements.nl\/wp-content\/uploads\/2021\/06\/opslag-supplementen-768x512.jpg 768w, https:\/\/skelsupplements.nl\/wp-content\/uploads\/2021\/06\/opslag-supplementen-600x400.jpg 600w, https:\/\/skelsupplements.nl\/wp-content\/uploads\/2021\/06\/opslag-supplementen-200x133.jpg 200w, https:\/\/skelsupplements.nl\/wp-content\/uploads\/2021\/06\/opslag-supplementen-728x485.jpg 728w\" sizes=\"(max-width: 600px) 100vw, 600px\" \/>Avez-vous des stocks de compl\u00e9ments nutritionnels, ou de mati\u00e8res premi\u00e8res pour ceux-ci, que vous souhaitez en toute s\u00e9curit\u00e9<strong> sauvegarder<\/strong>? SKEL Supplements dispose d&rsquo;un<strong> entrep\u00f4t<\/strong> . Nous sommes heureux de stocker vos produits ici. De cette fa\u00e7on, vous pouvez \u00eatre s\u00fbr qu&rsquo;ils sont avec nous <\/span>en s\u00e9curit\u00e9 dans<strong> la gestion<\/strong><span style=\"font-weight: 400;\"> \u00eatre. L&rsquo;achat et le maintien d&rsquo;un<strong> zone de stockage<\/strong> n&rsquo;est alors plus n\u00e9cessaire.<\/span><\/p>\n<p><span style=\"font-weight: 400;\">\u00cates-vous int\u00e9ress\u00e9 par notre<\/span><i><span style=\"font-weight: 400;\"><strong> stockage conditionn\u00e9<\/strong><\/span><\/i><span style=\"font-weight: 400;\">? Ensuite, notre emplacement de stockage est tr\u00e8s appropri\u00e9. Allez-y doucement <\/span><span style=\"font-weight: 400;\">contacter <\/span><span style=\"font-weight: 400;\">pour plus d&rsquo;informations. En plus d&rsquo;externaliser le stockage et la gestion de vos compl\u00e9ments nutritionnels, <\/span><b>nous nous occupons \u00e9galement du processus de production pour de nombreux clients<\/b><span style=\"font-weight: 400;\"> .<\/span><\/p>\n<p><span style=\"font-weight: 400;\">Vous d\u00e9cidez de nous faire fabriquer des compl\u00e9ments nutritionnels? Dans ce cas, il est certainement judicieux d&rsquo;utiliser nos options de stockage. Cela nous donne un acc\u00e8s direct aux mati\u00e8res premi\u00e8res n\u00e9cessaires \u00e0 la production dont vous avez besoin. Votre production est-elle pr\u00eate? M\u00eame alors, le stockage et <\/span>r\u00e9partition uniforme<span style=\"font-weight: 400;\"> possible par SKEL Supplements.<\/span><\/p>\n<p><span style=\"font-weight: 400;\"> <\/span><\/p>\n<h2>Stockage conditionn\u00e9 pour vos mati\u00e8res premi\u00e8res<\/h2>\n<p><span style=\"font-weight: 400;\">Il est essentiel que vos mati\u00e8res premi\u00e8res et suppl\u00e9ments soient correctement stock\u00e9s. En hiver, vous voulez \u00e9viter le gel et en \u00e9t\u00e9, il ne devrait pas faire trop chaud. Une temp\u00e9rature constante est donc n\u00e9cessaire pour une conservation plus longue de vos produits. Stocker vos mati\u00e8res premi\u00e8res dans un espace de stockage conditionn\u00e9 est donc id\u00e9al.<\/span><\/p>\n<p><span style=\"font-weight: 400;\"> <\/span><\/p>\n<p><span style=\"font-weight: 400;\">SKEL Supplements a un tel<\/span><i><span style=\"font-weight: 400;\"> stockage conditionn\u00e9<\/span><\/i><span style=\"font-weight: 400;\">. Dans cet espace, la temp\u00e9rature ne sera ni inf\u00e9rieure \u00e0 15 ni sup\u00e9rieure \u00e0 25 degr\u00e9s Celsius. Un tel environnement est le mieux adapt\u00e9 \u00e0 la <\/span><b>stockez en toute s\u00e9curit\u00e9 vos mati\u00e8res premi\u00e8res et produits finis<\/b><span style=\"font-weight: 400;\">.<\/span><\/p>\n<p><span style=\"font-weight: 400;\"> <\/span><\/p>\n<p><span style=\"font-weight: 400;\">Nous stockons toutes les mati\u00e8res premi\u00e8res et produits finis usuels dans notre industrie. Pensez aux mati\u00e8res premi\u00e8res, aux excipients, aux m\u00e9langes \u00e0 base de plantes, aux plaquettes thermoform\u00e9es et aux g\u00e9lules ou comprim\u00e9s de granul\u00e9s avec des compl\u00e9ments alimentaires. <\/span><\/p>\n<p><span style=\"font-weight: 400;\">Nous sommes heureux de r\u00e9fl\u00e9chir avec vous \u00e0 cet \u00e9gard. Alors n&rsquo;h\u00e9sitez pas \u00e0 nous contacter pour vous renseigner sur le <\/span><i><span style=\"font-weight: 400;\">options de stockage pour vos mati\u00e8res premi\u00e8res, emballages et compl\u00e9ments<\/span><\/i><span style=\"font-weight: 400;\"> .<\/span><\/p>\n<p><span style=\"font-weight: 400;\"> <\/span><\/p>\n<h2>Stockage et production en un<\/h2>\n<h2><img decoding=\"async\" class=\"alignleft wp-image-2311 size-medium\" src=\"https:\/\/skelsupplements.nl\/new\/wp-content\/uploads\/2021\/06\/Geconditioneerde-opslag-brabant-zeeland-300x236.jpg\" alt=\"Stockage conditionn\u00e9 Brabant Zeeland\" width=\"300\" height=\"236\" srcset=\"https:\/\/skelsupplements.nl\/wp-content\/uploads\/2021\/06\/Geconditioneerde-opslag-brabant-zeeland-300x236.jpg 300w, https:\/\/skelsupplements.nl\/wp-content\/uploads\/2021\/06\/Geconditioneerde-opslag-brabant-zeeland-768x604.jpg 768w, https:\/\/skelsupplements.nl\/wp-content\/uploads\/2021\/06\/Geconditioneerde-opslag-brabant-zeeland-600x472.jpg 600w, https:\/\/skelsupplements.nl\/wp-content\/uploads\/2021\/06\/Geconditioneerde-opslag-brabant-zeeland-200x157.jpg 200w, https:\/\/skelsupplements.nl\/wp-content\/uploads\/2021\/06\/Geconditioneerde-opslag-brabant-zeeland.jpg 800w\" sizes=\"(max-width: 300px) 100vw, 300px\" \/><\/h2>\n<p><span style=\"font-weight: 400;\">SKEL Supplements propose des options pour prendre en charge l&rsquo;ensemble du processus de production de vos compl\u00e9ments alimentaires (animaux). Si vous le souhaitez, nous composons votre suppl\u00e9ment, le conditionnons et fournissons le <\/span><span style=\"font-weight: 400;\">emballage<\/span><span style=\"font-weight: 400;\"> de<\/span><span style=\"font-weight: 400;\"> \u00c9tiquettes<\/span><span style=\"font-weight: 400;\">. \u00c9galement <\/span><span style=\"font-weight: 400;\">Distribution<\/span><span style=\"font-weight: 400;\"> nous pouvons nous occuper de votre suppl\u00e9ment pour vous. Souhaitez-vous que nous produisions des suppl\u00e9ments de marque priv\u00e9e? Nous nous occupons du stockage de vos mati\u00e8res premi\u00e8res, emballages et \u00e9tiquettes et cela <\/span>simplifie grandement le processus<span style=\"font-weight: 400;\"> .<\/span><\/p>\n<p><span style=\"font-weight: 400;\"> <\/span><\/p>\n<p><span style=\"font-weight: 400;\">En stockant vos marchandises chez nous, elles restent en s\u00e9curit\u00e9 et nous avons un acc\u00e8s direct aux mati\u00e8res premi\u00e8res n\u00e9cessaires. Cela contribue \u00e0 moins de manipulations et, en fin de compte, \u00e0 un processus de production efficace.<\/span><\/p>\n<p><span style=\"font-weight: 400;\"> <\/span><\/p>\n<p><span style=\"font-weight: 400;\">Avez-vous \u00e9galement besoin de stockage et de gestion des compl\u00e9ments nutritionnels produits et conditionn\u00e9s? Ce n&rsquo;est bien s\u00fbr pas un probl\u00e8me du tout. Apr\u00e8s avoir \u00e9tiquet\u00e9 vos produits, nous les stockons dans nos entrep\u00f4ts. Nous g\u00e9rons votre stock et nous occupons \u00e9ventuellement de la distribution. <\/span><\/p>\n<p><span style=\"font-weight: 400;\">Vous d\u00e9cidez quelles parties de vos processus de production et\/ou de stockage vous sous-traitez.<\/span><\/p>\n<p><span style=\"font-weight: 400;\"> <\/span><\/p>\n<h2>Stockage temporaire de compl\u00e9ments alimentaires<\/h2>\n<p><span style=\"font-weight: 400;\">M\u00eame si nous g\u00e9rons votre stock, vous poss\u00e9dez toujours vos propres compl\u00e9ments nutritionnels. Il est donc toujours possible de stocker vos compl\u00e9ments alimentaires ailleurs. Vous n&rsquo;avez besoin que d&rsquo;un espace de stockage temporaire ? Nous pouvons \u00e9galement nous en occuper.<\/span><\/p>\n<p><span style=\"font-weight: 400;\"> <\/span><\/p>\n<p><span style=\"font-weight: 400;\">SKEL Supplements se fera un plaisir de discuter avec vous des conditions et des options suppl\u00e9mentaires de stockage et de gestion. Prends pour \u00e7a <\/span><span style=\"font-weight: 400;\">contactez<\/span><span style=\"font-weight: 400;\"> avec nous. Nous enregistrons toujours les conditions avec pr\u00e9cision, afin que les attentes soient claires pour vous et pour nous-m\u00eames.<\/span><\/p>\n<p><span style=\"font-weight: 400;\"> <\/span><\/p>\n<h3>Nos experts se feront un plaisir de vous conseiller sur le bon stockage<\/h3>\n<p><span style=\"font-weight: 400;\">Certains clients ont besoin d&rsquo;une assistance suppl\u00e9mentaire pour le stockage et la gestion des mati\u00e8res premi\u00e8res ou des compl\u00e9ments nutritionnels. C&rsquo;est compr\u00e9hensible, car de combien avez-vous besoin par mati\u00e8re premi\u00e8re et quelle est la m\u00e9thode et le terme appropri\u00e9s pour stocker certains ingr\u00e9dients? Comment le contr\u00f4le d&rsquo;entr\u00e9e est-il organis\u00e9 et toutes les substances sont-elles munies d&rsquo;un certificat d&rsquo;origine?<\/span><\/p>\n<p><span style=\"font-weight: 400;\">SKEL Supplements poss\u00e8de de nombreuses ann\u00e9es d&rsquo;exp\u00e9rience dans la production et la distribution de divers types de compl\u00e9ments alimentaires et de m\u00e9langes \u00e0 base de plantes v\u00e9t\u00e9rinaires et humanitaires. Ainsi, nous savons exactement quelles sont les bonnes quantit\u00e9s et les bonnes m\u00e9thodes pour acheter et stocker diff\u00e9rentes mati\u00e8res premi\u00e8res. De plus, nous disposons d&rsquo;un stock important de mati\u00e8res premi\u00e8res et nous fabriquons divers produits semi-finis sous notre propre gestion. Vous pouvez \u00e9galement \u00eatre assur\u00e9 \u00e0 ce sujet <\/span><span style=\"font-weight: 400;\">contacter<\/span><span style=\"font-weight: 400;\"> avec nous.<\/span><\/p>\n\t\t\t\t\t\t\t\t<\/div>\n\t\t\t\t<\/div>\n\t\t\t\t<div class=\"elementor-element elementor-element-b7afba5 elementor-widget elementor-widget-spacer\" data-id=\"b7afba5\" data-element_type=\"widget\" data-e-type=\"widget\" data-widget_type=\"spacer.default\">\n\t\t\t\t<div class=\"elementor-widget-container\">\n\t\t\t\t\t\t\t<div class=\"elementor-spacer\">\n\t\t\t<div class=\"elementor-spacer-inner\"><\/div>\n\t\t<\/div>\n\t\t\t\t\t\t<\/div>\n\t\t\t\t<\/div>\n\t\t\t\t\t<\/div>\n\t\t<\/div>\n\t\t\t\t\t<\/div>\n\t\t<\/section>\n\t\t\t\t<\/div>\n\t\t","protected":false},"excerpt":{"rendered":"<p>Stockage et gestion Avez-vous des stocks de compl\u00e9ments nutritionnels, ou de mati\u00e8res premi\u00e8res pour ceux-ci, que vous souhaitez en toute s\u00e9curit\u00e9 sauvegarder? SKEL Supplements dispose d&rsquo;un entrep\u00f4t . Nous sommes&#8230;<\/p>\n","protected":false},"author":1,"featured_media":3376,"parent":0,"menu_order":0,"comment_status":"closed","ping_status":"closed","template":"","meta":{"footnotes":""},"class_list":["post-3805","page","type-page","status-publish","has-post-thumbnail"],"yoast_head":"<!-- This site is optimized with the Yoast SEO plugin v27.3 - https:\/\/yoast.com\/product\/yoast-seo-wordpress\/ -->\n<title>Stockage des suppl\u00e9ments | Mati\u00e8res premi\u00e8res et produit fini | Conditionn\u00e9<\/title>\n<meta name=\"description\" content=\"Stockage conditionn\u00e9 pour vos mati\u00e8res premi\u00e8res | Compl\u00e9ments alimentaires \u2705 SKEL Supplements produit, conditionne et distribue vos compl\u00e9ments \u2705\" \/>\n<meta name=\"robots\" content=\"index, follow, max-snippet:-1, max-image-preview:large, max-video-preview:-1\" \/>\n<link rel=\"canonical\" href=\"https:\/\/skelsupplements.nl\/fr\/supplements-de-stockage\/\" \/>\n<meta property=\"og:locale\" content=\"fr_FR\" \/>\n<meta property=\"og:type\" content=\"article\" \/>\n<meta property=\"og:title\" content=\"Stockage des suppl\u00e9ments | Mati\u00e8res premi\u00e8res et produit fini | Conditionn\u00e9\" \/>\n<meta property=\"og:description\" content=\"Stockage conditionn\u00e9 pour vos mati\u00e8res premi\u00e8res | Compl\u00e9ments alimentaires \u2705 SKEL Supplements produit, conditionne et distribue vos compl\u00e9ments \u2705\" \/>\n<meta property=\"og:url\" content=\"https:\/\/skelsupplements.nl\/fr\/supplements-de-stockage\/\" \/>\n<meta property=\"og:site_name\" content=\"SKEL Supplements\" \/>\n<meta property=\"article:modified_time\" content=\"2024-03-10T15:30:14+00:00\" \/>\n<meta property=\"og:image\" content=\"https:\/\/skelsupplements.nl\/wp-content\/uploads\/2021\/06\/Geconditioneerde-opslag-brabant-zeeland.jpg\" \/>\n<meta name=\"twitter:card\" content=\"summary_large_image\" \/>\n<meta name=\"twitter:label1\" content=\"Dur\u00e9e de lecture estim\u00e9e\" \/>\n\t<meta name=\"twitter:data1\" content=\"4 minutes\" \/>\n<script type=\"application\/ld+json\" class=\"yoast-schema-graph\">{\"@context\":\"https:\\\/\\\/schema.org\",\"@graph\":[{\"@type\":\"WebPage\",\"@id\":\"https:\\\/\\\/skelsupplements.nl\\\/fr\\\/supplements-de-stockage\\\/\",\"url\":\"https:\\\/\\\/skelsupplements.nl\\\/fr\\\/supplements-de-stockage\\\/\",\"name\":\"Stockage des suppl\u00e9ments | Mati\u00e8res premi\u00e8res et produit fini | Conditionn\u00e9\",\"isPartOf\":{\"@id\":\"https:\\\/\\\/skelsupplements.nl\\\/fr\\\/#website\"},\"primaryImageOfPage\":{\"@id\":\"https:\\\/\\\/skelsupplements.nl\\\/fr\\\/supplements-de-stockage\\\/#primaryimage\"},\"image\":{\"@id\":\"https:\\\/\\\/skelsupplements.nl\\\/fr\\\/supplements-de-stockage\\\/#primaryimage\"},\"thumbnailUrl\":\"https:\\\/\\\/skelsupplements.nl\\\/wp-content\\\/uploads\\\/2021\\\/06\\\/Geconditioneerde-opslag-brabant-zeeland.jpg\",\"datePublished\":\"2021-07-11T15:27:34+00:00\",\"dateModified\":\"2024-03-10T15:30:14+00:00\",\"description\":\"Stockage conditionn\u00e9 pour vos mati\u00e8res premi\u00e8res | Compl\u00e9ments alimentaires \u2705 SKEL Supplements produit, conditionne et distribue vos compl\u00e9ments \u2705\",\"breadcrumb\":{\"@id\":\"https:\\\/\\\/skelsupplements.nl\\\/fr\\\/supplements-de-stockage\\\/#breadcrumb\"},\"inLanguage\":\"fr-FR\",\"potentialAction\":[{\"@type\":\"ReadAction\",\"target\":[\"https:\\\/\\\/skelsupplements.nl\\\/fr\\\/supplements-de-stockage\\\/\"]}]},{\"@type\":\"ImageObject\",\"inLanguage\":\"fr-FR\",\"@id\":\"https:\\\/\\\/skelsupplements.nl\\\/fr\\\/supplements-de-stockage\\\/#primaryimage\",\"url\":\"https:\\\/\\\/skelsupplements.nl\\\/wp-content\\\/uploads\\\/2021\\\/06\\\/Geconditioneerde-opslag-brabant-zeeland.jpg\",\"contentUrl\":\"https:\\\/\\\/skelsupplements.nl\\\/wp-content\\\/uploads\\\/2021\\\/06\\\/Geconditioneerde-opslag-brabant-zeeland.jpg\",\"width\":800,\"height\":629,\"caption\":\"Stockage conditionn\u00e9 Brabant Zeeland\"},{\"@type\":\"BreadcrumbList\",\"@id\":\"https:\\\/\\\/skelsupplements.nl\\\/fr\\\/supplements-de-stockage\\\/#breadcrumb\",\"itemListElement\":[{\"@type\":\"ListItem\",\"position\":1,\"name\":\"Home\",\"item\":\"https:\\\/\\\/skelsupplements.nl\\\/fr\\\/domicile\\\/\"},{\"@type\":\"ListItem\",\"position\":2,\"name\":\"Suppl\u00e9ments de stockage\"}]},{\"@type\":\"WebSite\",\"@id\":\"https:\\\/\\\/skelsupplements.nl\\\/fr\\\/#website\",\"url\":\"https:\\\/\\\/skelsupplements.nl\\\/fr\\\/\",\"name\":\"SKEL Supplements | Private label supplementen producent\",\"description\":\"Verpakken van supplementen\",\"publisher\":{\"@id\":\"https:\\\/\\\/skelsupplements.nl\\\/fr\\\/#organization\"},\"potentialAction\":[{\"@type\":\"SearchAction\",\"target\":{\"@type\":\"EntryPoint\",\"urlTemplate\":\"https:\\\/\\\/skelsupplements.nl\\\/fr\\\/?s={search_term_string}\"},\"query-input\":{\"@type\":\"PropertyValueSpecification\",\"valueRequired\":true,\"valueName\":\"search_term_string\"}}],\"inLanguage\":\"fr-FR\"},{\"@type\":\"Organization\",\"@id\":\"https:\\\/\\\/skelsupplements.nl\\\/fr\\\/#organization\",\"name\":\"SKEL Supplements\",\"url\":\"https:\\\/\\\/skelsupplements.nl\\\/fr\\\/\",\"logo\":{\"@type\":\"ImageObject\",\"inLanguage\":\"fr-FR\",\"@id\":\"https:\\\/\\\/skelsupplements.nl\\\/fr\\\/#\\\/schema\\\/logo\\\/image\\\/\",\"url\":\"\",\"contentUrl\":\"\",\"caption\":\"SKEL Supplements\"},\"image\":{\"@id\":\"https:\\\/\\\/skelsupplements.nl\\\/fr\\\/#\\\/schema\\\/logo\\\/image\\\/\"}}]}<\/script>\n<!-- \/ Yoast SEO plugin. -->","yoast_head_json":{"title":"Stockage des suppl\u00e9ments | Mati\u00e8res premi\u00e8res et produit fini | Conditionn\u00e9","description":"Stockage conditionn\u00e9 pour vos mati\u00e8res premi\u00e8res | Compl\u00e9ments alimentaires \u2705 SKEL Supplements produit, conditionne et distribue vos compl\u00e9ments \u2705","robots":{"index":"index","follow":"follow","max-snippet":"max-snippet:-1","max-image-preview":"max-image-preview:large","max-video-preview":"max-video-preview:-1"},"canonical":"https:\/\/skelsupplements.nl\/fr\/supplements-de-stockage\/","og_locale":"fr_FR","og_type":"article","og_title":"Stockage des suppl\u00e9ments | Mati\u00e8res premi\u00e8res et produit fini | Conditionn\u00e9","og_description":"Stockage conditionn\u00e9 pour vos mati\u00e8res premi\u00e8res | Compl\u00e9ments alimentaires \u2705 SKEL Supplements produit, conditionne et distribue vos compl\u00e9ments \u2705","og_url":"https:\/\/skelsupplements.nl\/fr\/supplements-de-stockage\/","og_site_name":"SKEL Supplements","article_modified_time":"2024-03-10T15:30:14+00:00","og_image":[{"url":"https:\/\/skelsupplements.nl\/wp-content\/uploads\/2021\/06\/Geconditioneerde-opslag-brabant-zeeland.jpg","type":"","width":"","height":""}],"twitter_card":"summary_large_image","twitter_misc":{"Dur\u00e9e de lecture estim\u00e9e":"4 minutes"},"schema":{"@context":"https:\/\/schema.org","@graph":[{"@type":"WebPage","@id":"https:\/\/skelsupplements.nl\/fr\/supplements-de-stockage\/","url":"https:\/\/skelsupplements.nl\/fr\/supplements-de-stockage\/","name":"Stockage des suppl\u00e9ments | Mati\u00e8res premi\u00e8res et produit fini | Conditionn\u00e9","isPartOf":{"@id":"https:\/\/skelsupplements.nl\/fr\/#website"},"primaryImageOfPage":{"@id":"https:\/\/skelsupplements.nl\/fr\/supplements-de-stockage\/#primaryimage"},"image":{"@id":"https:\/\/skelsupplements.nl\/fr\/supplements-de-stockage\/#primaryimage"},"thumbnailUrl":"https:\/\/skelsupplements.nl\/wp-content\/uploads\/2021\/06\/Geconditioneerde-opslag-brabant-zeeland.jpg","datePublished":"2021-07-11T15:27:34+00:00","dateModified":"2024-03-10T15:30:14+00:00","description":"Stockage conditionn\u00e9 pour vos mati\u00e8res premi\u00e8res | Compl\u00e9ments alimentaires \u2705 SKEL Supplements produit, conditionne et distribue vos compl\u00e9ments \u2705","breadcrumb":{"@id":"https:\/\/skelsupplements.nl\/fr\/supplements-de-stockage\/#breadcrumb"},"inLanguage":"fr-FR","potentialAction":[{"@type":"ReadAction","target":["https:\/\/skelsupplements.nl\/fr\/supplements-de-stockage\/"]}]},{"@type":"ImageObject","inLanguage":"fr-FR","@id":"https:\/\/skelsupplements.nl\/fr\/supplements-de-stockage\/#primaryimage","url":"https:\/\/skelsupplements.nl\/wp-content\/uploads\/2021\/06\/Geconditioneerde-opslag-brabant-zeeland.jpg","contentUrl":"https:\/\/skelsupplements.nl\/wp-content\/uploads\/2021\/06\/Geconditioneerde-opslag-brabant-zeeland.jpg","width":800,"height":629,"caption":"Stockage conditionn\u00e9 Brabant Zeeland"},{"@type":"BreadcrumbList","@id":"https:\/\/skelsupplements.nl\/fr\/supplements-de-stockage\/#breadcrumb","itemListElement":[{"@type":"ListItem","position":1,"name":"Home","item":"https:\/\/skelsupplements.nl\/fr\/domicile\/"},{"@type":"ListItem","position":2,"name":"Suppl\u00e9ments de stockage"}]},{"@type":"WebSite","@id":"https:\/\/skelsupplements.nl\/fr\/#website","url":"https:\/\/skelsupplements.nl\/fr\/","name":"SKEL Supplements | Private label supplementen producent","description":"Verpakken van supplementen","publisher":{"@id":"https:\/\/skelsupplements.nl\/fr\/#organization"},"potentialAction":[{"@type":"SearchAction","target":{"@type":"EntryPoint","urlTemplate":"https:\/\/skelsupplements.nl\/fr\/?s={search_term_string}"},"query-input":{"@type":"PropertyValueSpecification","valueRequired":true,"valueName":"search_term_string"}}],"inLanguage":"fr-FR"},{"@type":"Organization","@id":"https:\/\/skelsupplements.nl\/fr\/#organization","name":"SKEL Supplements","url":"https:\/\/skelsupplements.nl\/fr\/","logo":{"@type":"ImageObject","inLanguage":"fr-FR","@id":"https:\/\/skelsupplements.nl\/fr\/#\/schema\/logo\/image\/","url":"","contentUrl":"","caption":"SKEL Supplements"},"image":{"@id":"https:\/\/skelsupplements.nl\/fr\/#\/schema\/logo\/image\/"}}]}},"_links":{"self":[{"href":"https:\/\/skelsupplements.nl\/fr\/wp-json\/wp\/v2\/pages\/3805","targetHints":{"allow":["GET"]}}],"collection":[{"href":"https:\/\/skelsupplements.nl\/fr\/wp-json\/wp\/v2\/pages"}],"about":[{"href":"https:\/\/skelsupplements.nl\/fr\/wp-json\/wp\/v2\/types\/page"}],"author":[{"embeddable":true,"href":"https:\/\/skelsupplements.nl\/fr\/wp-json\/wp\/v2\/users\/1"}],"replies":[{"embeddable":true,"href":"https:\/\/skelsupplements.nl\/fr\/wp-json\/wp\/v2\/comments?post=3805"}],"version-history":[{"count":0,"href":"https:\/\/skelsupplements.nl\/fr\/wp-json\/wp\/v2\/pages\/3805\/revisions"}],"wp:featuredmedia":[{"embeddable":true,"href":"https:\/\/skelsupplements.nl\/fr\/wp-json\/wp\/v2\/media\/3376"}],"wp:attachment":[{"href":"https:\/\/skelsupplements.nl\/fr\/wp-json\/wp\/v2\/media?parent=3805"}],"curies":[{"name":"wp","href":"https:\/\/api.w.org\/{rel}","templated":true}]}}