{"id":3845,"date":"2021-07-11T17:28:05","date_gmt":"2021-07-11T15:28:05","guid":{"rendered":"https:\/\/skelsupplements.nl\/supplements-de-co-emballage\/codage\/"},"modified":"2024-03-10T23:54:33","modified_gmt":"2024-03-10T22:54:33","slug":"codage","status":"publish","type":"page","link":"https:\/\/skelsupplements.nl\/fr\/supplements-de-co-emballage\/codage\/","title":{"rendered":"Codage"},"content":{"rendered":"\t\t<div data-elementor-type=\"wp-post\" data-elementor-id=\"3845\" class=\"elementor elementor-3845 elementor-2379\" data-elementor-post-type=\"page\">\n\t\t\t\t\t\t<section class=\"elementor-section elementor-top-section elementor-element elementor-element-5360c4ed elementor-section-full_width elementor-section-height-min-height elementor-section-stretched elementor-section-height-default elementor-section-items-middle\" data-id=\"5360c4ed\" data-element_type=\"section\" data-e-type=\"section\" data-settings=\"{&quot;stretch_section&quot;:&quot;section-stretched&quot;,&quot;background_background&quot;:&quot;classic&quot;,&quot;background_motion_fx_motion_fx_scrolling&quot;:&quot;yes&quot;,&quot;background_motion_fx_translateY_effect&quot;:&quot;yes&quot;,&quot;background_motion_fx_translateY_direction&quot;:&quot;negative&quot;,&quot;background_motion_fx_translateY_speed&quot;:{&quot;unit&quot;:&quot;px&quot;,&quot;size&quot;:4,&quot;sizes&quot;:[]},&quot;background_motion_fx_translateY_affectedRange&quot;:{&quot;unit&quot;:&quot;%&quot;,&quot;size&quot;:&quot;&quot;,&quot;sizes&quot;:{&quot;start&quot;:0,&quot;end&quot;:100}},&quot;background_motion_fx_devices&quot;:[&quot;desktop&quot;,&quot;tablet&quot;,&quot;mobile&quot;]}\">\n\t\t\t\t\t\t<div class=\"elementor-container elementor-column-gap-default\">\n\t\t\t\t\t<div class=\"elementor-column elementor-col-100 elementor-top-column elementor-element elementor-element-31c8b42\" data-id=\"31c8b42\" data-element_type=\"column\" data-e-type=\"column\">\n\t\t\t<div class=\"elementor-widget-wrap\">\n\t\t\t\t\t\t\t<\/div>\n\t\t<\/div>\n\t\t\t\t\t<\/div>\n\t\t<\/section>\n\t\t\t\t<section class=\"elementor-section elementor-top-section elementor-element elementor-element-073012a elementor-section-stretched elementor-section-boxed elementor-section-height-default elementor-section-height-default\" data-id=\"073012a\" data-element_type=\"section\" data-e-type=\"section\" data-settings=\"{&quot;stretch_section&quot;:&quot;section-stretched&quot;,&quot;background_background&quot;:&quot;classic&quot;}\">\n\t\t\t\t\t\t<div class=\"elementor-container elementor-column-gap-extended\">\n\t\t\t\t\t<div class=\"elementor-column elementor-col-100 elementor-top-column elementor-element elementor-element-b33df8d\" data-id=\"b33df8d\" data-element_type=\"column\" data-e-type=\"column\">\n\t\t\t<div class=\"elementor-widget-wrap elementor-element-populated\">\n\t\t\t\t\t\t<div class=\"elementor-element elementor-element-eaac391 elementor-widget elementor-widget-heading\" data-id=\"eaac391\" data-element_type=\"widget\" data-e-type=\"widget\" data-widget_type=\"heading.default\">\n\t\t\t\t<div class=\"elementor-widget-container\">\n\t\t\t\t\t<h1 class=\"elementor-heading-title elementor-size-large\">Codage<\/h1>\t\t\t\t<\/div>\n\t\t\t\t<\/div>\n\t\t\t\t\t<\/div>\n\t\t<\/div>\n\t\t\t\t\t<\/div>\n\t\t<\/section>\n\t\t\t\t<section class=\"elementor-section elementor-top-section elementor-element elementor-element-2de4f4f elementor-section-stretched elementor-section-boxed elementor-section-height-default elementor-section-height-default\" data-id=\"2de4f4f\" data-element_type=\"section\" data-e-type=\"section\" data-settings=\"{&quot;stretch_section&quot;:&quot;section-stretched&quot;,&quot;background_background&quot;:&quot;classic&quot;}\">\n\t\t\t\t\t\t<div class=\"elementor-container elementor-column-gap-extended\">\n\t\t\t\t\t<div class=\"elementor-column elementor-col-100 elementor-top-column elementor-element elementor-element-08df4fa\" data-id=\"08df4fa\" data-element_type=\"column\" data-e-type=\"column\">\n\t\t\t<div class=\"elementor-widget-wrap elementor-element-populated\">\n\t\t\t\t\t\t<div class=\"elementor-element elementor-element-a9aadaa elementor-widget elementor-widget-breadcrumbs\" data-id=\"a9aadaa\" data-element_type=\"widget\" data-e-type=\"widget\" data-widget_type=\"breadcrumbs.default\">\n\t\t\t\t<div class=\"elementor-widget-container\">\n\t\t\t\t\t<p id=\"breadcrumbs\"><span><span><a href=\"https:\/\/skelsupplements.nl\/fr\/domicile\/\">Home<\/a><\/span><\/span><\/p>\t\t\t\t<\/div>\n\t\t\t\t<\/div>\n\t\t\t\t<div class=\"elementor-element elementor-element-981c7a5 elementor-widget elementor-widget-spacer\" data-id=\"981c7a5\" data-element_type=\"widget\" data-e-type=\"widget\" data-widget_type=\"spacer.default\">\n\t\t\t\t<div class=\"elementor-widget-container\">\n\t\t\t\t\t\t\t<div class=\"elementor-spacer\">\n\t\t\t<div class=\"elementor-spacer-inner\"><\/div>\n\t\t<\/div>\n\t\t\t\t\t\t<\/div>\n\t\t\t\t<\/div>\n\t\t\t\t\t<\/div>\n\t\t<\/div>\n\t\t\t\t\t<\/div>\n\t\t<\/section>\n\t\t\t\t<section class=\"elementor-section elementor-top-section elementor-element elementor-element-6503adf elementor-section-stretched elementor-section-boxed elementor-section-height-default elementor-section-height-default\" data-id=\"6503adf\" data-element_type=\"section\" data-e-type=\"section\" data-settings=\"{&quot;stretch_section&quot;:&quot;section-stretched&quot;,&quot;background_background&quot;:&quot;classic&quot;}\">\n\t\t\t\t\t\t<div class=\"elementor-container elementor-column-gap-extended\">\n\t\t\t\t\t<div class=\"elementor-column elementor-col-100 elementor-top-column elementor-element elementor-element-94133c2\" data-id=\"94133c2\" data-element_type=\"column\" data-e-type=\"column\" data-settings=\"{&quot;animation&quot;:&quot;none&quot;}\">\n\t\t\t<div class=\"elementor-widget-wrap elementor-element-populated\">\n\t\t\t\t\t\t<div class=\"elementor-element elementor-element-5afcd70 elementor-widget elementor-widget-text-editor\" data-id=\"5afcd70\" data-element_type=\"widget\" data-e-type=\"widget\" data-widget_type=\"text-editor.default\">\n\t\t\t\t<div class=\"elementor-widget-container\">\n\t\t\t\t\t\t\t\t\t<p><span style=\"font-weight: 400;\"><img fetchpriority=\"high\" decoding=\"async\" class=\"alignright wp-image-2382\" src=\"https:\/\/skelsupplements.nl\/new\/wp-content\/uploads\/2021\/06\/coderen-voedingssupplementen.jpg\" alt=\"encoder des compl\u00e9ments alimentaires\" width=\"600\" height=\"475\" srcset=\"https:\/\/skelsupplements.nl\/wp-content\/uploads\/2021\/06\/coderen-voedingssupplementen.jpg 800w, https:\/\/skelsupplements.nl\/wp-content\/uploads\/2021\/06\/coderen-voedingssupplementen-300x237.jpg 300w, https:\/\/skelsupplements.nl\/wp-content\/uploads\/2021\/06\/coderen-voedingssupplementen-768x608.jpg 768w, https:\/\/skelsupplements.nl\/wp-content\/uploads\/2021\/06\/coderen-voedingssupplementen-600x475.jpg 600w, https:\/\/skelsupplements.nl\/wp-content\/uploads\/2021\/06\/coderen-voedingssupplementen-200x158.jpg 200w\" sizes=\"(max-width: 600px) 100vw, 600px\" \/>Il<\/span><strong> encoder<\/strong><i><span style=\"font-weight: 400;\"> de l&#8217;emballage de votre produit<\/span><\/i><span style=\"font-weight: 400;\"> pr\u00e9sente plusieurs avantages. Un num\u00e9ro de lot unique sur chaque emballage rend vos compl\u00e9ments alimentaires <\/span><b>plus facile \u00e0 tracer<\/b><span style=\"font-weight: 400;\">. Il apporte \u00e9galement de nouvelles possibilit\u00e9s.<\/span><\/p>\n<p><span style=\"font-weight: 400;\"> <\/span><\/p>\n<p><span style=\"font-weight: 400;\">Chacun de vos emballages peut avoir un<strong> QR Code<\/strong> porter. Cela offre des opportunit\u00e9s pour divers <\/span><b>je<\/b> promotions int\u00e9ressantes ou affichage d&rsquo;informations suppl\u00e9mentaires sur un site Web auquel le code fait r\u00e9f\u00e9rence<span style=\"font-weight: 400;\">. De nos jours, toute personne disposant d&rsquo;un smartphone ou d&rsquo;une tablette peut consulter ces informations. Suppl\u00e9mentaire est un <\/span><b>num\u00e9ro de lot<\/b><span style=\"font-weight: 400;\"> ou alors<\/span><b> THT<\/b><span style=\"font-weight: 400;\"> \/<\/span><b> date d&rsquo;expiration<\/b> <span style=\"font-weight: 400;\">bien s\u00fbr toujours utile. Non seulement pour vous, mais aussi pour votre consommateur.<\/span><\/p>\n<p><span style=\"font-weight: 400;\"> <\/span><\/p>\n<p><span style=\"font-weight: 400;\">Voulez-vous votre<\/span><i><span style=\"font-weight: 400;\"> faire coder le produit final<\/span><\/i><span style=\"font-weight: 400;\">? SKEL Supplements ne s&rsquo;occupe pas seulement de la production et de l&#8217;emballage de vos suppl\u00e9ments, nous pouvons \u00e9galement coder des \u00e9tiquettes ou imprimer des codes promotionnels.<\/span><\/p>\n<p><span style=\"font-weight: 400;\"> <\/span><\/p>\n<h2>Codes-barres sur vos emballages<\/h2>\n<p><span style=\"font-weight: 400;\">Emballage<\/span><b> encodage avec codes-barres<\/b> est tr\u00e8s utile<span style=\"font-weight: 400;\">, principalement dans les magasins. Besoin de codes-barres pour vos compl\u00e9ments alimentaires ? Ensuite, vous avez \u00e9galement un num\u00e9ro d&rsquo;article europ\u00e9en (<strong> EAN<\/strong> ) n\u00e9cessaire. Il s&rsquo;agit du num\u00e9ro qui se trouve normalement sous le code-barres. Cela donne \u00e0 chaque produit unique sa propre identification. Nous sommes heureux de vous aider et de vous conseiller sur les \u00e9tapes n\u00e9cessaires vers un EAN.<\/span><\/p>\n<p><span style=\"font-weight: 400;\"> <\/span><\/p>\n<p><img decoding=\"async\" class=\"alignleft wp-image-2383 size-medium\" src=\"https:\/\/skelsupplements.nl\/new\/wp-content\/uploads\/2021\/06\/batchnummer-houdbaarheidsdatum-coderen-300x300.jpg\" alt=\"batchnummer houdbaarheidsdatum coderen\" width=\"300\" height=\"300\" srcset=\"https:\/\/skelsupplements.nl\/wp-content\/uploads\/2021\/06\/batchnummer-houdbaarheidsdatum-coderen-300x300.jpg 300w, https:\/\/skelsupplements.nl\/wp-content\/uploads\/2021\/06\/batchnummer-houdbaarheidsdatum-coderen-150x150.jpg 150w, https:\/\/skelsupplements.nl\/wp-content\/uploads\/2021\/06\/batchnummer-houdbaarheidsdatum-coderen-768x768.jpg 768w, https:\/\/skelsupplements.nl\/wp-content\/uploads\/2021\/06\/batchnummer-houdbaarheidsdatum-coderen-600x600.jpg 600w, https:\/\/skelsupplements.nl\/wp-content\/uploads\/2021\/06\/batchnummer-houdbaarheidsdatum-coderen-200x200.jpg 200w, https:\/\/skelsupplements.nl\/wp-content\/uploads\/2021\/06\/batchnummer-houdbaarheidsdatum-coderen-50x50.jpg 50w, https:\/\/skelsupplements.nl\/wp-content\/uploads\/2021\/06\/batchnummer-houdbaarheidsdatum-coderen-100x100.jpg 100w, https:\/\/skelsupplements.nl\/wp-content\/uploads\/2021\/06\/batchnummer-houdbaarheidsdatum-coderen.jpg 800w\" sizes=\"(max-width: 300px) 100vw, 300px\" \/><\/p>\n<h2>Encoder des \u00e9tiquettes avec des num\u00e9ros de lot<\/h2>\n<p><span style=\"font-weight: 400;\">Avec un num\u00e9ro de lot, vous pouvez suivre toutes les \u00e9tapes du processus de production, y compris les mat\u00e9riaux et mati\u00e8res premi\u00e8res utilis\u00e9s et les conditions de stockage. Ceci est extr\u00eamement utile, surtout lorsqu&rsquo;un probl\u00e8me s&rsquo;av\u00e8re finalement \u00eatre erron\u00e9 et que le produit doit \u00eatre rappel\u00e9. Lequel <\/span><b>\u00e9conomise beaucoup de temps et des co\u00fbts inutiles<\/b><span style=\"font-weight: 400;\"> et offre la s\u00e9curit\u00e9 n\u00e9cessaire. Les num\u00e9ros de lot vont souvent de pair avec une date d&rsquo;expiration. Gr\u00e2ce \u00e0 une d\u00e9claration de date de p\u00e9remption, le consommateur et vous savez exactement quand la dur\u00e9e de conservation est sur le point d&rsquo;expirer et que le produit n&rsquo;est finalement plus bon.<\/span><\/p>\n<p><span style=\"font-weight: 400;\"> <\/span><\/p>\n<h3>Codage des emballages avec codes promotionnels<\/h3>\n<p><span style=\"font-weight: 400;\">Connaissez-vous les codes promotionnels bien connus sur les emballages des supermarch\u00e9s par exemple ? Les consommateurs entrent un code en ligne et voient imm\u00e9diatement s&rsquo;ils ont gagn\u00e9. Un joli cadeau <\/span><b>rend votre emballage unique<\/b><span style=\"font-weight: 400;\"> et augmente souvent les ventes, car les consommateurs ont une raison suppl\u00e9mentaire d&rsquo;acheter votre produit.<\/span><\/p>\n<p><span style=\"font-weight: 400;\"> <\/span><\/p>\n<h2>Les compl\u00e9ments alimentaires ont-ils cod\u00e9 ?<\/h2>\n<p><span style=\"font-weight: 400;\">SKEL Supplements g\u00e8re l&rsquo;ensemble de votre processus de production, y compris le m\u00e9lange de vos ingr\u00e9dients, le<\/span><span style=\"font-weight: 400;\"> tablette<\/span><span style=\"font-weight: 400;\"> ou alors<\/span><span style=\"font-weight: 400;\"> encapsuler<\/span><span style=\"font-weight: 400;\"> de vos suppl\u00e9ments, ainsi que l&#8217;emballage et la distribution de votre produit final. Nous codons votre emballage m\u00e9caniquement pendant le processus d&#8217;emballage avec une date de p\u00e9remption (meilleur avant), un num\u00e9ro de lot ou un autre code. Cela vous int\u00e9resse ou vous \u00eates curieux de conna\u00eetre les possibilit\u00e9s? Vous pouvez r\u00e9pondre \u00e0 toutes vos questions <\/span><span style=\"font-weight: 400;\">Contacter<\/span><span style=\"font-weight: 400;\"> contactez nos sp\u00e9cialistes.<\/span><i><span style=\"font-weight: 400;\"> Imprimer les codes<\/span><\/i><span style=\"font-weight: 400;\"> est en principe possible pour tout emballage.<\/span><\/p>\n\t\t\t\t\t\t\t\t<\/div>\n\t\t\t\t<\/div>\n\t\t\t\t<div class=\"elementor-element elementor-element-b7afba5 elementor-widget elementor-widget-spacer\" data-id=\"b7afba5\" data-element_type=\"widget\" data-e-type=\"widget\" data-widget_type=\"spacer.default\">\n\t\t\t\t<div class=\"elementor-widget-container\">\n\t\t\t\t\t\t\t<div class=\"elementor-spacer\">\n\t\t\t<div class=\"elementor-spacer-inner\"><\/div>\n\t\t<\/div>\n\t\t\t\t\t\t<\/div>\n\t\t\t\t<\/div>\n\t\t\t\t\t<\/div>\n\t\t<\/div>\n\t\t\t\t\t<\/div>\n\t\t<\/section>\n\t\t\t\t<\/div>\n\t\t","protected":false},"excerpt":{"rendered":"<p>Codage Il encoder de l&#8217;emballage de votre produit pr\u00e9sente plusieurs avantages. Un num\u00e9ro de lot unique sur chaque emballage rend vos compl\u00e9ments alimentaires plus facile \u00e0 tracer. Il apporte \u00e9galement&#8230;<\/p>\n","protected":false},"author":1,"featured_media":3400,"parent":3838,"menu_order":0,"comment_status":"closed","ping_status":"closed","template":"","meta":{"footnotes":""},"class_list":["post-3845","page","type-page","status-publish","has-post-thumbnail"],"yoast_head":"<!-- This site is optimized with the Yoast SEO plugin v27.4 - https:\/\/yoast.com\/product\/yoast-seo-wordpress\/ -->\n<title>Codage batch &amp; THT sur les compl\u00e9ments alimentaires | Suppl\u00e9ments SKEL<\/title>\n<meta name=\"description\" content=\"Avez-vous des \u00e9tiquettes ou des emballages cod\u00e9s\u00a0? SKEL Supplements est heureux de vous aider | Codes-barres \u2705 Codes QR \u2705 Num\u00e9ros de lot \u2705 Date d&#039;expiration\/Date de p\u00e9remption.\" \/>\n<meta name=\"robots\" content=\"index, follow, max-snippet:-1, max-image-preview:large, max-video-preview:-1\" \/>\n<link rel=\"canonical\" href=\"https:\/\/skelsupplements.nl\/fr\/supplements-de-co-emballage\/codage\/\" \/>\n<meta property=\"og:locale\" content=\"fr_FR\" \/>\n<meta property=\"og:type\" content=\"article\" \/>\n<meta property=\"og:title\" content=\"Codage batch &amp; THT sur les compl\u00e9ments alimentaires | Suppl\u00e9ments SKEL\" \/>\n<meta property=\"og:description\" content=\"Avez-vous des \u00e9tiquettes ou des emballages cod\u00e9s\u00a0? SKEL Supplements est heureux de vous aider | Codes-barres \u2705 Codes QR \u2705 Num\u00e9ros de lot \u2705 Date d&#039;expiration\/Date de p\u00e9remption.\" \/>\n<meta property=\"og:url\" content=\"https:\/\/skelsupplements.nl\/fr\/supplements-de-co-emballage\/codage\/\" \/>\n<meta property=\"og:site_name\" content=\"SKEL Supplements\" \/>\n<meta property=\"article:modified_time\" content=\"2024-03-10T22:54:33+00:00\" \/>\n<meta property=\"og:image\" content=\"https:\/\/skelsupplements.nl\/wp-content\/uploads\/2021\/06\/coderen-voedingssupplementen.jpg\" \/>\n<meta name=\"twitter:card\" content=\"summary_large_image\" \/>\n<meta name=\"twitter:label1\" content=\"Dur\u00e9e de lecture estim\u00e9e\" \/>\n\t<meta name=\"twitter:data1\" content=\"3 minutes\" \/>\n<script type=\"application\/ld+json\" class=\"yoast-schema-graph\">{\"@context\":\"https:\\\/\\\/schema.org\",\"@graph\":[{\"@type\":\"WebPage\",\"@id\":\"https:\\\/\\\/skelsupplements.nl\\\/fr\\\/supplements-de-co-emballage\\\/codage\\\/\",\"url\":\"https:\\\/\\\/skelsupplements.nl\\\/fr\\\/supplements-de-co-emballage\\\/codage\\\/\",\"name\":\"Codage batch & THT sur les compl\u00e9ments alimentaires | Suppl\u00e9ments SKEL\",\"isPartOf\":{\"@id\":\"https:\\\/\\\/skelsupplements.nl\\\/fr\\\/#website\"},\"primaryImageOfPage\":{\"@id\":\"https:\\\/\\\/skelsupplements.nl\\\/fr\\\/supplements-de-co-emballage\\\/codage\\\/#primaryimage\"},\"image\":{\"@id\":\"https:\\\/\\\/skelsupplements.nl\\\/fr\\\/supplements-de-co-emballage\\\/codage\\\/#primaryimage\"},\"thumbnailUrl\":\"https:\\\/\\\/skelsupplements.nl\\\/wp-content\\\/uploads\\\/2021\\\/06\\\/coderen-voedingssupplementen.jpg\",\"datePublished\":\"2021-07-11T15:28:05+00:00\",\"dateModified\":\"2024-03-10T22:54:33+00:00\",\"description\":\"Avez-vous des \u00e9tiquettes ou des emballages cod\u00e9s\u00a0? SKEL Supplements est heureux de vous aider | Codes-barres \u2705 Codes QR \u2705 Num\u00e9ros de lot \u2705 Date d'expiration\\\/Date de p\u00e9remption.\",\"breadcrumb\":{\"@id\":\"https:\\\/\\\/skelsupplements.nl\\\/fr\\\/supplements-de-co-emballage\\\/codage\\\/#breadcrumb\"},\"inLanguage\":\"fr-FR\",\"potentialAction\":[{\"@type\":\"ReadAction\",\"target\":[\"https:\\\/\\\/skelsupplements.nl\\\/fr\\\/supplements-de-co-emballage\\\/codage\\\/\"]}]},{\"@type\":\"ImageObject\",\"inLanguage\":\"fr-FR\",\"@id\":\"https:\\\/\\\/skelsupplements.nl\\\/fr\\\/supplements-de-co-emballage\\\/codage\\\/#primaryimage\",\"url\":\"https:\\\/\\\/skelsupplements.nl\\\/wp-content\\\/uploads\\\/2021\\\/06\\\/coderen-voedingssupplementen.jpg\",\"contentUrl\":\"https:\\\/\\\/skelsupplements.nl\\\/wp-content\\\/uploads\\\/2021\\\/06\\\/coderen-voedingssupplementen.jpg\",\"width\":800,\"height\":633,\"caption\":\"encoder des compl\u00e9ments alimentaires\"},{\"@type\":\"BreadcrumbList\",\"@id\":\"https:\\\/\\\/skelsupplements.nl\\\/fr\\\/supplements-de-co-emballage\\\/codage\\\/#breadcrumb\",\"itemListElement\":[{\"@type\":\"ListItem\",\"position\":1,\"name\":\"Home\",\"item\":\"https:\\\/\\\/skelsupplements.nl\\\/fr\\\/domicile\\\/\"},{\"@type\":\"ListItem\",\"position\":2,\"name\":\"Suppl\u00e9ments de co-emballage\",\"item\":\"https:\\\/\\\/skelsupplements.nl\\\/fr\\\/co-packing-supplementen\\\/\"},{\"@type\":\"ListItem\",\"position\":3,\"name\":\"Codage\"}]},{\"@type\":\"WebSite\",\"@id\":\"https:\\\/\\\/skelsupplements.nl\\\/fr\\\/#website\",\"url\":\"https:\\\/\\\/skelsupplements.nl\\\/fr\\\/\",\"name\":\"SKEL Supplements | Private label supplementen producent\",\"description\":\"Verpakken van supplementen\",\"publisher\":{\"@id\":\"https:\\\/\\\/skelsupplements.nl\\\/fr\\\/#organization\"},\"potentialAction\":[{\"@type\":\"SearchAction\",\"target\":{\"@type\":\"EntryPoint\",\"urlTemplate\":\"https:\\\/\\\/skelsupplements.nl\\\/fr\\\/?s={search_term_string}\"},\"query-input\":{\"@type\":\"PropertyValueSpecification\",\"valueRequired\":true,\"valueName\":\"search_term_string\"}}],\"inLanguage\":\"fr-FR\"},{\"@type\":\"Organization\",\"@id\":\"https:\\\/\\\/skelsupplements.nl\\\/fr\\\/#organization\",\"name\":\"SKEL Supplements\",\"url\":\"https:\\\/\\\/skelsupplements.nl\\\/fr\\\/\",\"logo\":{\"@type\":\"ImageObject\",\"inLanguage\":\"fr-FR\",\"@id\":\"https:\\\/\\\/skelsupplements.nl\\\/fr\\\/#\\\/schema\\\/logo\\\/image\\\/\",\"url\":\"\",\"contentUrl\":\"\",\"caption\":\"SKEL Supplements\"},\"image\":{\"@id\":\"https:\\\/\\\/skelsupplements.nl\\\/fr\\\/#\\\/schema\\\/logo\\\/image\\\/\"}}]}<\/script>\n<!-- \/ Yoast SEO plugin. -->","yoast_head_json":{"title":"Codage batch & THT sur les compl\u00e9ments alimentaires | Suppl\u00e9ments SKEL","description":"Avez-vous des \u00e9tiquettes ou des emballages cod\u00e9s\u00a0? SKEL Supplements est heureux de vous aider | Codes-barres \u2705 Codes QR \u2705 Num\u00e9ros de lot \u2705 Date d'expiration\/Date de p\u00e9remption.","robots":{"index":"index","follow":"follow","max-snippet":"max-snippet:-1","max-image-preview":"max-image-preview:large","max-video-preview":"max-video-preview:-1"},"canonical":"https:\/\/skelsupplements.nl\/fr\/supplements-de-co-emballage\/codage\/","og_locale":"fr_FR","og_type":"article","og_title":"Codage batch & THT sur les compl\u00e9ments alimentaires | Suppl\u00e9ments SKEL","og_description":"Avez-vous des \u00e9tiquettes ou des emballages cod\u00e9s\u00a0? SKEL Supplements est heureux de vous aider | Codes-barres \u2705 Codes QR \u2705 Num\u00e9ros de lot \u2705 Date d'expiration\/Date de p\u00e9remption.","og_url":"https:\/\/skelsupplements.nl\/fr\/supplements-de-co-emballage\/codage\/","og_site_name":"SKEL Supplements","article_modified_time":"2024-03-10T22:54:33+00:00","og_image":[{"url":"https:\/\/skelsupplements.nl\/wp-content\/uploads\/2021\/06\/coderen-voedingssupplementen.jpg","type":"","width":"","height":""}],"twitter_card":"summary_large_image","twitter_misc":{"Dur\u00e9e de lecture estim\u00e9e":"3 minutes"},"schema":{"@context":"https:\/\/schema.org","@graph":[{"@type":"WebPage","@id":"https:\/\/skelsupplements.nl\/fr\/supplements-de-co-emballage\/codage\/","url":"https:\/\/skelsupplements.nl\/fr\/supplements-de-co-emballage\/codage\/","name":"Codage batch & THT sur les compl\u00e9ments alimentaires | Suppl\u00e9ments SKEL","isPartOf":{"@id":"https:\/\/skelsupplements.nl\/fr\/#website"},"primaryImageOfPage":{"@id":"https:\/\/skelsupplements.nl\/fr\/supplements-de-co-emballage\/codage\/#primaryimage"},"image":{"@id":"https:\/\/skelsupplements.nl\/fr\/supplements-de-co-emballage\/codage\/#primaryimage"},"thumbnailUrl":"https:\/\/skelsupplements.nl\/wp-content\/uploads\/2021\/06\/coderen-voedingssupplementen.jpg","datePublished":"2021-07-11T15:28:05+00:00","dateModified":"2024-03-10T22:54:33+00:00","description":"Avez-vous des \u00e9tiquettes ou des emballages cod\u00e9s\u00a0? SKEL Supplements est heureux de vous aider | Codes-barres \u2705 Codes QR \u2705 Num\u00e9ros de lot \u2705 Date d'expiration\/Date de p\u00e9remption.","breadcrumb":{"@id":"https:\/\/skelsupplements.nl\/fr\/supplements-de-co-emballage\/codage\/#breadcrumb"},"inLanguage":"fr-FR","potentialAction":[{"@type":"ReadAction","target":["https:\/\/skelsupplements.nl\/fr\/supplements-de-co-emballage\/codage\/"]}]},{"@type":"ImageObject","inLanguage":"fr-FR","@id":"https:\/\/skelsupplements.nl\/fr\/supplements-de-co-emballage\/codage\/#primaryimage","url":"https:\/\/skelsupplements.nl\/wp-content\/uploads\/2021\/06\/coderen-voedingssupplementen.jpg","contentUrl":"https:\/\/skelsupplements.nl\/wp-content\/uploads\/2021\/06\/coderen-voedingssupplementen.jpg","width":800,"height":633,"caption":"encoder des compl\u00e9ments alimentaires"},{"@type":"BreadcrumbList","@id":"https:\/\/skelsupplements.nl\/fr\/supplements-de-co-emballage\/codage\/#breadcrumb","itemListElement":[{"@type":"ListItem","position":1,"name":"Home","item":"https:\/\/skelsupplements.nl\/fr\/domicile\/"},{"@type":"ListItem","position":2,"name":"Suppl\u00e9ments de co-emballage","item":"https:\/\/skelsupplements.nl\/fr\/co-packing-supplementen\/"},{"@type":"ListItem","position":3,"name":"Codage"}]},{"@type":"WebSite","@id":"https:\/\/skelsupplements.nl\/fr\/#website","url":"https:\/\/skelsupplements.nl\/fr\/","name":"SKEL Supplements | Private label supplementen producent","description":"Verpakken van supplementen","publisher":{"@id":"https:\/\/skelsupplements.nl\/fr\/#organization"},"potentialAction":[{"@type":"SearchAction","target":{"@type":"EntryPoint","urlTemplate":"https:\/\/skelsupplements.nl\/fr\/?s={search_term_string}"},"query-input":{"@type":"PropertyValueSpecification","valueRequired":true,"valueName":"search_term_string"}}],"inLanguage":"fr-FR"},{"@type":"Organization","@id":"https:\/\/skelsupplements.nl\/fr\/#organization","name":"SKEL Supplements","url":"https:\/\/skelsupplements.nl\/fr\/","logo":{"@type":"ImageObject","inLanguage":"fr-FR","@id":"https:\/\/skelsupplements.nl\/fr\/#\/schema\/logo\/image\/","url":"","contentUrl":"","caption":"SKEL Supplements"},"image":{"@id":"https:\/\/skelsupplements.nl\/fr\/#\/schema\/logo\/image\/"}}]}},"_links":{"self":[{"href":"https:\/\/skelsupplements.nl\/fr\/wp-json\/wp\/v2\/pages\/3845","targetHints":{"allow":["GET"]}}],"collection":[{"href":"https:\/\/skelsupplements.nl\/fr\/wp-json\/wp\/v2\/pages"}],"about":[{"href":"https:\/\/skelsupplements.nl\/fr\/wp-json\/wp\/v2\/types\/page"}],"author":[{"embeddable":true,"href":"https:\/\/skelsupplements.nl\/fr\/wp-json\/wp\/v2\/users\/1"}],"replies":[{"embeddable":true,"href":"https:\/\/skelsupplements.nl\/fr\/wp-json\/wp\/v2\/comments?post=3845"}],"version-history":[{"count":0,"href":"https:\/\/skelsupplements.nl\/fr\/wp-json\/wp\/v2\/pages\/3845\/revisions"}],"up":[{"embeddable":true,"href":"https:\/\/skelsupplements.nl\/fr\/wp-json\/wp\/v2\/pages\/3838"}],"wp:featuredmedia":[{"embeddable":true,"href":"https:\/\/skelsupplements.nl\/fr\/wp-json\/wp\/v2\/media\/3400"}],"wp:attachment":[{"href":"https:\/\/skelsupplements.nl\/fr\/wp-json\/wp\/v2\/media?parent=3845"}],"curies":[{"name":"wp","href":"https:\/\/api.w.org\/{rel}","templated":true}]}}